{"id":132034,"date":"2023-04-18T22:42:40","date_gmt":"2023-04-18T20:42:40","guid":{"rendered":"https:\/\/endormoonstore.com\/ultimate-ash-the-evil-dead-40th-anniversary-scale-action-figure\/"},"modified":"2023-04-18T22:43:20","modified_gmt":"2023-04-18T20:43:20","slug":"ultimate-ash-the-evil-dead-40th-anniversary-scale-action-figure","status":"publish","type":"product","link":"https:\/\/endormoonstore.com\/en\/ultimate-ash-the-evil-dead-40th-anniversary-scale-action-figure\/","title":{"rendered":"Ultimate Ash The Evil Dead 40th Anniversary Scale Action Figure"},"content":{"rendered":"<p class=\"p1\"><strong>Ultimate Ash The Evil Dead 40th Anniversary Scale Action Figure<\/strong><\/p>\n<ul>\n<li class=\"p1\">Para celebrar el 40.\u00ba aniversario de la ic\u00f3nica pel\u00edcula cl\u00e1sica de culto The Evil Dead, NECA se complace en lanzar una figura de acci\u00f3n especial a escala Ultimate Ash de 18 cm.<\/li>\n<li class=\"p1\">Ash presenta la imagen del \u00fanico Bruce Campbell, y viene con tres cabezas intercambiables, motosierra, hacha, escopeta, linterna, reproductor de cintas y m\u00e1s.<\/li>\n<li class=\"p1\">Viene en una caja con ventana del 40 aniversario con solapa que se abre con el estilo del lanzamiento cl\u00e1sico de VHS.<\/li>\n<\/ul>\n","protected":false},"excerpt":{"rendered":"<p class=\"p1\"><strong>Ultimate Ash The Evil Dead 40th Anniversary Scale Action Figure<\/strong><\/p>\n<p class=\"p1\">Para celebrar el 40.\u00ba aniversario de la ic\u00f3nica pel\u00edcula cl\u00e1sica de culto The Evil Dead, NECA se complace en lanzar una figura de acci\u00f3n especial a escala Ultimate Ash de 18 cm.<\/p>\n","protected":false},"featured_media":131987,"template":"","meta":{"_acf_changed":false,"_kad_blocks_custom_css":"","_kad_blocks_head_custom_js":"","_kad_blocks_body_custom_js":"","_kad_blocks_footer_custom_js":""},"product_cat":[1390,13511],"product_tag":[],"class_list":{"0":"post-132034","1":"product","2":"type-product","3":"status-publish","4":"has-post-thumbnail","6":"product_cat-figures","7":"product_cat-new-arrivals","8":"pa_brand-neca-en","9":"pa_character-ash-en","10":"pa_license-the-evil-dead-en","11":"pa_product-type-figure","12":"pa_theme-scale-action-figure-en","14":"first","15":"instock","16":"taxable","17":"shipping-taxable","18":"purchasable","19":"product-type-simple"},"acf":[],"yoast_head":"<!-- This site is optimized with the Yoast SEO plugin v26.1.1 - https:\/\/yoast.com\/wordpress\/plugins\/seo\/ -->\n<title>Ultimate Ash The Evil Dead 40th Anniversary Scale Action Figure - EndormoonStore<\/title>\n<meta name=\"robots\" content=\"index, follow, max-snippet:-1, max-image-preview:large, max-video-preview:-1\" \/>\n<link rel=\"canonical\" href=\"https:\/\/endormoonstore.com\/ultimate-ash-the-evil-dead-40th-anniversary-scale-action-figure\/\" \/>\n<meta property=\"og:locale\" content=\"en_US\" \/>\n<meta property=\"og:type\" content=\"article\" \/>\n<meta property=\"og:title\" content=\"Ultimate Ash The Evil Dead 40th Anniversary Scale Action Figure - EndormoonStore\" \/>\n<meta property=\"og:description\" content=\"Ultimate Ash The Evil Dead 40th Anniversary Scale Action Figure Para celebrar el 40.\u00ba aniversario de la ic\u00f3nica pel\u00edcula cl\u00e1sica de culto The Evil Dead, NECA se complace en lanzar una figura de acci\u00f3n especial a escala Ultimate Ash de 18 cm.\" \/>\n<meta property=\"og:url\" content=\"https:\/\/endormoonstore.com\/ultimate-ash-the-evil-dead-40th-anniversary-scale-action-figure\/\" \/>\n<meta property=\"og:site_name\" content=\"EndormoonStore\" \/>\n<meta property=\"article:modified_time\" content=\"2023-04-18T20:43:20+00:00\" \/>\n<meta property=\"og:image\" content=\"https:\/\/endormoonstore.com\/wp-content\/uploads\/2022\/05\/Ultimate-Ash-The-Evil-Dead-40th-Anniversary-Scale-Action-Figure-1.jpg\" \/>\n\t<meta property=\"og:image:width\" content=\"1000\" \/>\n\t<meta property=\"og:image:height\" content=\"1250\" \/>\n\t<meta property=\"og:image:type\" content=\"image\/jpeg\" \/>\n<meta name=\"twitter:card\" content=\"summary_large_image\" \/>\n<meta name=\"twitter:label1\" content=\"Est. reading time\" \/>\n\t<meta name=\"twitter:data1\" content=\"1 minute\" \/>\n<script type=\"application\/ld+json\" class=\"yoast-schema-graph\">{\"@context\":\"https:\/\/schema.org\",\"@graph\":[{\"@type\":\"WebPage\",\"@id\":\"https:\/\/endormoonstore.com\/ultimate-ash-the-evil-dead-40th-anniversary-scale-action-figure\/\",\"url\":\"https:\/\/endormoonstore.com\/ultimate-ash-the-evil-dead-40th-anniversary-scale-action-figure\/\",\"name\":\"Ultimate Ash The Evil Dead 40th Anniversary Scale Action Figure - EndormoonStore\",\"isPartOf\":{\"@id\":\"https:\/\/endormoonstore.com\/#website\"},\"primaryImageOfPage\":{\"@id\":\"https:\/\/endormoonstore.com\/ultimate-ash-the-evil-dead-40th-anniversary-scale-action-figure\/#primaryimage\"},\"image\":{\"@id\":\"https:\/\/endormoonstore.com\/ultimate-ash-the-evil-dead-40th-anniversary-scale-action-figure\/#primaryimage\"},\"thumbnailUrl\":\"https:\/\/endormoonstore.com\/wp-content\/uploads\/2022\/05\/Ultimate-Ash-The-Evil-Dead-40th-Anniversary-Scale-Action-Figure-1.jpg\",\"datePublished\":\"2023-04-18T20:42:40+00:00\",\"dateModified\":\"2023-04-18T20:43:20+00:00\",\"breadcrumb\":{\"@id\":\"https:\/\/endormoonstore.com\/ultimate-ash-the-evil-dead-40th-anniversary-scale-action-figure\/#breadcrumb\"},\"inLanguage\":\"en-US\",\"potentialAction\":[{\"@type\":\"ReadAction\",\"target\":[\"https:\/\/endormoonstore.com\/ultimate-ash-the-evil-dead-40th-anniversary-scale-action-figure\/\"]}]},{\"@type\":\"ImageObject\",\"inLanguage\":\"en-US\",\"@id\":\"https:\/\/endormoonstore.com\/ultimate-ash-the-evil-dead-40th-anniversary-scale-action-figure\/#primaryimage\",\"url\":\"https:\/\/endormoonstore.com\/wp-content\/uploads\/2022\/05\/Ultimate-Ash-The-Evil-Dead-40th-Anniversary-Scale-Action-Figure-1.jpg\",\"contentUrl\":\"https:\/\/endormoonstore.com\/wp-content\/uploads\/2022\/05\/Ultimate-Ash-The-Evil-Dead-40th-Anniversary-Scale-Action-Figure-1.jpg\",\"width\":1000,\"height\":1250},{\"@type\":\"BreadcrumbList\",\"@id\":\"https:\/\/endormoonstore.com\/ultimate-ash-the-evil-dead-40th-anniversary-scale-action-figure\/#breadcrumb\",\"itemListElement\":[{\"@type\":\"ListItem\",\"position\":1,\"name\":\"Shop\",\"item\":\"https:\/\/endormoonstore.com\/en\/shop\/\"},{\"@type\":\"ListItem\",\"position\":2,\"name\":\"Ultimate Ash The Evil Dead 40th Anniversary Scale Action Figure\"}]},{\"@type\":\"WebSite\",\"@id\":\"https:\/\/endormoonstore.com\/#website\",\"url\":\"https:\/\/endormoonstore.com\/\",\"name\":\"EndormoonStore\",\"description\":\"\",\"potentialAction\":[{\"@type\":\"SearchAction\",\"target\":{\"@type\":\"EntryPoint\",\"urlTemplate\":\"https:\/\/endormoonstore.com\/?s={search_term_string}\"},\"query-input\":{\"@type\":\"PropertyValueSpecification\",\"valueRequired\":true,\"valueName\":\"search_term_string\"}}],\"inLanguage\":\"en-US\"}]}<\/script>\n<!-- \/ Yoast SEO plugin. -->","yoast_head_json":{"title":"Ultimate Ash The Evil Dead 40th Anniversary Scale Action Figure - EndormoonStore","robots":{"index":"index","follow":"follow","max-snippet":"max-snippet:-1","max-image-preview":"max-image-preview:large","max-video-preview":"max-video-preview:-1"},"canonical":"https:\/\/endormoonstore.com\/ultimate-ash-the-evil-dead-40th-anniversary-scale-action-figure\/","og_locale":"en_US","og_type":"article","og_title":"Ultimate Ash The Evil Dead 40th Anniversary Scale Action Figure - EndormoonStore","og_description":"Ultimate Ash The Evil Dead 40th Anniversary Scale Action Figure Para celebrar el 40.\u00ba aniversario de la ic\u00f3nica pel\u00edcula cl\u00e1sica de culto The Evil Dead, NECA se complace en lanzar una figura de acci\u00f3n especial a escala Ultimate Ash de 18 cm.","og_url":"https:\/\/endormoonstore.com\/ultimate-ash-the-evil-dead-40th-anniversary-scale-action-figure\/","og_site_name":"EndormoonStore","article_modified_time":"2023-04-18T20:43:20+00:00","og_image":[{"width":1000,"height":1250,"url":"https:\/\/endormoonstore.com\/wp-content\/uploads\/2022\/05\/Ultimate-Ash-The-Evil-Dead-40th-Anniversary-Scale-Action-Figure-1.jpg","type":"image\/jpeg"}],"twitter_card":"summary_large_image","twitter_misc":{"Est. reading time":"1 minute"},"schema":{"@context":"https:\/\/schema.org","@graph":[{"@type":"WebPage","@id":"https:\/\/endormoonstore.com\/ultimate-ash-the-evil-dead-40th-anniversary-scale-action-figure\/","url":"https:\/\/endormoonstore.com\/ultimate-ash-the-evil-dead-40th-anniversary-scale-action-figure\/","name":"Ultimate Ash The Evil Dead 40th Anniversary Scale Action Figure - EndormoonStore","isPartOf":{"@id":"https:\/\/endormoonstore.com\/#website"},"primaryImageOfPage":{"@id":"https:\/\/endormoonstore.com\/ultimate-ash-the-evil-dead-40th-anniversary-scale-action-figure\/#primaryimage"},"image":{"@id":"https:\/\/endormoonstore.com\/ultimate-ash-the-evil-dead-40th-anniversary-scale-action-figure\/#primaryimage"},"thumbnailUrl":"https:\/\/endormoonstore.com\/wp-content\/uploads\/2022\/05\/Ultimate-Ash-The-Evil-Dead-40th-Anniversary-Scale-Action-Figure-1.jpg","datePublished":"2023-04-18T20:42:40+00:00","dateModified":"2023-04-18T20:43:20+00:00","breadcrumb":{"@id":"https:\/\/endormoonstore.com\/ultimate-ash-the-evil-dead-40th-anniversary-scale-action-figure\/#breadcrumb"},"inLanguage":"en-US","potentialAction":[{"@type":"ReadAction","target":["https:\/\/endormoonstore.com\/ultimate-ash-the-evil-dead-40th-anniversary-scale-action-figure\/"]}]},{"@type":"ImageObject","inLanguage":"en-US","@id":"https:\/\/endormoonstore.com\/ultimate-ash-the-evil-dead-40th-anniversary-scale-action-figure\/#primaryimage","url":"https:\/\/endormoonstore.com\/wp-content\/uploads\/2022\/05\/Ultimate-Ash-The-Evil-Dead-40th-Anniversary-Scale-Action-Figure-1.jpg","contentUrl":"https:\/\/endormoonstore.com\/wp-content\/uploads\/2022\/05\/Ultimate-Ash-The-Evil-Dead-40th-Anniversary-Scale-Action-Figure-1.jpg","width":1000,"height":1250},{"@type":"BreadcrumbList","@id":"https:\/\/endormoonstore.com\/ultimate-ash-the-evil-dead-40th-anniversary-scale-action-figure\/#breadcrumb","itemListElement":[{"@type":"ListItem","position":1,"name":"Shop","item":"https:\/\/endormoonstore.com\/en\/shop\/"},{"@type":"ListItem","position":2,"name":"Ultimate Ash The Evil Dead 40th Anniversary Scale Action Figure"}]},{"@type":"WebSite","@id":"https:\/\/endormoonstore.com\/#website","url":"https:\/\/endormoonstore.com\/","name":"EndormoonStore","description":"","potentialAction":[{"@type":"SearchAction","target":{"@type":"EntryPoint","urlTemplate":"https:\/\/endormoonstore.com\/?s={search_term_string}"},"query-input":{"@type":"PropertyValueSpecification","valueRequired":true,"valueName":"search_term_string"}}],"inLanguage":"en-US"}]}},"taxonomy_info":{"product_cat":[{"value":1390,"label":"Figures"},{"value":13511,"label":"New Arrivals"}],"pa_brand":[{"value":2090,"label":"Neca"}],"pa_character":[{"value":12590,"label":"Ash"}],"pa_license":[{"value":12596,"label":"The Evil Dead"}],"pa_product-type":[{"value":2387,"label":"Figure"}],"pa_theme":[{"value":2864,"label":"Scale Action Figure"}]},"featured_image_src_large":["https:\/\/endormoonstore.com\/wp-content\/uploads\/2022\/05\/Ultimate-Ash-The-Evil-Dead-40th-Anniversary-Scale-Action-Figure-1.jpg",1000,1250,false],"author_info":[],"comment_info":"","_links":{"self":[{"href":"https:\/\/endormoonstore.com\/en\/wp-json\/wp\/v2\/product\/132034","targetHints":{"allow":["GET"]}}],"collection":[{"href":"https:\/\/endormoonstore.com\/en\/wp-json\/wp\/v2\/product"}],"about":[{"href":"https:\/\/endormoonstore.com\/en\/wp-json\/wp\/v2\/types\/product"}],"wp:featuredmedia":[{"embeddable":true,"href":"https:\/\/endormoonstore.com\/en\/wp-json\/wp\/v2\/media\/131987"}],"wp:attachment":[{"href":"https:\/\/endormoonstore.com\/en\/wp-json\/wp\/v2\/media?parent=132034"}],"wp:term":[{"taxonomy":"product_cat","embeddable":true,"href":"https:\/\/endormoonstore.com\/en\/wp-json\/wp\/v2\/product_cat?post=132034"},{"taxonomy":"product_tag","embeddable":true,"href":"https:\/\/endormoonstore.com\/en\/wp-json\/wp\/v2\/product_tag?post=132034"}],"curies":[{"name":"wp","href":"https:\/\/api.w.org\/{rel}","templated":true}]}}