{"id":131760,"date":"2022-05-23T22:25:31","date_gmt":"2022-05-23T20:25:31","guid":{"rendered":"https:\/\/endormoonstore.com\/johnny-lawrence-vhs-action-figure-sdcc-2022-exclusive\/"},"modified":"2022-07-12T23:42:05","modified_gmt":"2022-07-12T21:42:05","slug":"johnny-lawrence-vhs-action-figure-sdcc-2022-exclusive","status":"publish","type":"product","link":"https:\/\/endormoonstore.com\/en\/johnny-lawrence-vhs-action-figure-sdcc-2022-exclusive\/","title":{"rendered":"Johnny Lawrence (VHS) Action Figure SDCC 2022 Exclusive"},"content":{"rendered":"<p><strong>Johnny Lawrence (VHS) Action Figure SDCC 2022 Exclusive<\/strong><\/p>\n<ul>\n<li>A todo el mundo le encanta la serie Cobra Kai de Netflix, \u00a1pero nosotros la preferimos en VHS!<\/li>\n<li>Esta figura totalmente articulada de unos 18 cm de alto de Johnny Lawrence lo representa tal como aparece en la serie de secuelas Karate Kid favorita de los fan\u00e1ticos e incluye una base de exhibici\u00f3n, todo en un estuche plegable estilo VHS<\/li>\n<li>\u00a1Con m\u00e1s de 16 puntos de articulaci\u00f3n, esta figura se llevar\u00e1 a casa el t\u00edtulo en cualquier torneo de de artes marciales!<\/li>\n<\/ul>\n","protected":false},"excerpt":{"rendered":"<p><strong>Johnny Lawrence (VHS) Action Figure SDCC 2022 Exclusive<\/strong><\/p>\n<p>A todo el mundo le encanta la serie Cobra Kai de Netflix, \u00a1pero nosotros la preferimos en VHS!<\/p>\n","protected":false},"featured_media":131757,"template":"","meta":{"_acf_changed":false,"_kad_blocks_custom_css":"","_kad_blocks_head_custom_js":"","_kad_blocks_body_custom_js":"","_kad_blocks_footer_custom_js":""},"product_cat":[1390],"product_tag":[],"class_list":{"0":"post-131760","1":"product","2":"type-product","3":"status-publish","4":"has-post-thumbnail","6":"product_cat-figures","7":"pa_brand-diamond-select-toys-en","8":"pa_character-johnny-lawrence-en","9":"pa_license-cobra-kai-en","10":"pa_product-type-figure","11":"pa_theme-action-figures-en","13":"first","14":"outofstock","15":"taxable","16":"shipping-taxable","17":"purchasable","18":"product-type-simple"},"acf":[],"yoast_head":"<!-- This site is optimized with the Yoast SEO plugin v26.1.1 - https:\/\/yoast.com\/wordpress\/plugins\/seo\/ -->\n<title>Johnny Lawrence (VHS) Action Figure SDCC 2022 Exclusive - EndormoonStore<\/title>\n<meta name=\"robots\" content=\"index, follow, max-snippet:-1, max-image-preview:large, max-video-preview:-1\" \/>\n<link rel=\"canonical\" href=\"https:\/\/endormoonstore.com\/johnny-lawrence-vhs-action-figure-sdcc-2022-exclusive\/\" \/>\n<meta property=\"og:locale\" content=\"en_US\" \/>\n<meta property=\"og:type\" content=\"article\" \/>\n<meta property=\"og:title\" content=\"Johnny Lawrence (VHS) Action Figure SDCC 2022 Exclusive - EndormoonStore\" \/>\n<meta property=\"og:description\" content=\"Johnny Lawrence (VHS) Action Figure SDCC 2022 Exclusive  A todo el mundo le encanta la serie Cobra Kai de Netflix, \u00a1pero nosotros la preferimos en VHS!\" \/>\n<meta property=\"og:url\" content=\"https:\/\/endormoonstore.com\/johnny-lawrence-vhs-action-figure-sdcc-2022-exclusive\/\" \/>\n<meta property=\"og:site_name\" content=\"EndormoonStore\" \/>\n<meta property=\"article:modified_time\" content=\"2022-07-12T21:42:05+00:00\" \/>\n<meta property=\"og:image\" content=\"https:\/\/endormoonstore.com\/wp-content\/uploads\/2022\/05\/Johnny-Lawrence-VHS-Action-Figure-2.jpg\" \/>\n\t<meta property=\"og:image:width\" content=\"1000\" \/>\n\t<meta property=\"og:image:height\" content=\"1000\" \/>\n\t<meta property=\"og:image:type\" content=\"image\/jpeg\" \/>\n<meta name=\"twitter:card\" content=\"summary_large_image\" \/>\n<meta name=\"twitter:label1\" content=\"Est. reading time\" \/>\n\t<meta name=\"twitter:data1\" content=\"1 minute\" \/>\n<script type=\"application\/ld+json\" class=\"yoast-schema-graph\">{\"@context\":\"https:\/\/schema.org\",\"@graph\":[{\"@type\":\"WebPage\",\"@id\":\"https:\/\/endormoonstore.com\/johnny-lawrence-vhs-action-figure-sdcc-2022-exclusive\/\",\"url\":\"https:\/\/endormoonstore.com\/johnny-lawrence-vhs-action-figure-sdcc-2022-exclusive\/\",\"name\":\"Johnny Lawrence (VHS) Action Figure SDCC 2022 Exclusive - EndormoonStore\",\"isPartOf\":{\"@id\":\"https:\/\/endormoonstore.com\/#website\"},\"primaryImageOfPage\":{\"@id\":\"https:\/\/endormoonstore.com\/johnny-lawrence-vhs-action-figure-sdcc-2022-exclusive\/#primaryimage\"},\"image\":{\"@id\":\"https:\/\/endormoonstore.com\/johnny-lawrence-vhs-action-figure-sdcc-2022-exclusive\/#primaryimage\"},\"thumbnailUrl\":\"https:\/\/endormoonstore.com\/wp-content\/uploads\/2022\/05\/Johnny-Lawrence-VHS-Action-Figure-2.jpg\",\"datePublished\":\"2022-05-23T20:25:31+00:00\",\"dateModified\":\"2022-07-12T21:42:05+00:00\",\"breadcrumb\":{\"@id\":\"https:\/\/endormoonstore.com\/johnny-lawrence-vhs-action-figure-sdcc-2022-exclusive\/#breadcrumb\"},\"inLanguage\":\"en-US\",\"potentialAction\":[{\"@type\":\"ReadAction\",\"target\":[\"https:\/\/endormoonstore.com\/johnny-lawrence-vhs-action-figure-sdcc-2022-exclusive\/\"]}]},{\"@type\":\"ImageObject\",\"inLanguage\":\"en-US\",\"@id\":\"https:\/\/endormoonstore.com\/johnny-lawrence-vhs-action-figure-sdcc-2022-exclusive\/#primaryimage\",\"url\":\"https:\/\/endormoonstore.com\/wp-content\/uploads\/2022\/05\/Johnny-Lawrence-VHS-Action-Figure-2.jpg\",\"contentUrl\":\"https:\/\/endormoonstore.com\/wp-content\/uploads\/2022\/05\/Johnny-Lawrence-VHS-Action-Figure-2.jpg\",\"width\":1000,\"height\":1000},{\"@type\":\"BreadcrumbList\",\"@id\":\"https:\/\/endormoonstore.com\/johnny-lawrence-vhs-action-figure-sdcc-2022-exclusive\/#breadcrumb\",\"itemListElement\":[{\"@type\":\"ListItem\",\"position\":1,\"name\":\"Shop\",\"item\":\"https:\/\/endormoonstore.com\/en\/shop\/\"},{\"@type\":\"ListItem\",\"position\":2,\"name\":\"Johnny Lawrence (VHS) Action Figure SDCC 2022 Exclusive\"}]},{\"@type\":\"WebSite\",\"@id\":\"https:\/\/endormoonstore.com\/#website\",\"url\":\"https:\/\/endormoonstore.com\/\",\"name\":\"EndormoonStore\",\"description\":\"\",\"potentialAction\":[{\"@type\":\"SearchAction\",\"target\":{\"@type\":\"EntryPoint\",\"urlTemplate\":\"https:\/\/endormoonstore.com\/?s={search_term_string}\"},\"query-input\":{\"@type\":\"PropertyValueSpecification\",\"valueRequired\":true,\"valueName\":\"search_term_string\"}}],\"inLanguage\":\"en-US\"}]}<\/script>\n<!-- \/ Yoast SEO plugin. -->","yoast_head_json":{"title":"Johnny Lawrence (VHS) Action Figure SDCC 2022 Exclusive - EndormoonStore","robots":{"index":"index","follow":"follow","max-snippet":"max-snippet:-1","max-image-preview":"max-image-preview:large","max-video-preview":"max-video-preview:-1"},"canonical":"https:\/\/endormoonstore.com\/johnny-lawrence-vhs-action-figure-sdcc-2022-exclusive\/","og_locale":"en_US","og_type":"article","og_title":"Johnny Lawrence (VHS) Action Figure SDCC 2022 Exclusive - EndormoonStore","og_description":"Johnny Lawrence (VHS) Action Figure SDCC 2022 Exclusive  A todo el mundo le encanta la serie Cobra Kai de Netflix, \u00a1pero nosotros la preferimos en VHS!","og_url":"https:\/\/endormoonstore.com\/johnny-lawrence-vhs-action-figure-sdcc-2022-exclusive\/","og_site_name":"EndormoonStore","article_modified_time":"2022-07-12T21:42:05+00:00","og_image":[{"width":1000,"height":1000,"url":"https:\/\/endormoonstore.com\/wp-content\/uploads\/2022\/05\/Johnny-Lawrence-VHS-Action-Figure-2.jpg","type":"image\/jpeg"}],"twitter_card":"summary_large_image","twitter_misc":{"Est. reading time":"1 minute"},"schema":{"@context":"https:\/\/schema.org","@graph":[{"@type":"WebPage","@id":"https:\/\/endormoonstore.com\/johnny-lawrence-vhs-action-figure-sdcc-2022-exclusive\/","url":"https:\/\/endormoonstore.com\/johnny-lawrence-vhs-action-figure-sdcc-2022-exclusive\/","name":"Johnny Lawrence (VHS) Action Figure SDCC 2022 Exclusive - EndormoonStore","isPartOf":{"@id":"https:\/\/endormoonstore.com\/#website"},"primaryImageOfPage":{"@id":"https:\/\/endormoonstore.com\/johnny-lawrence-vhs-action-figure-sdcc-2022-exclusive\/#primaryimage"},"image":{"@id":"https:\/\/endormoonstore.com\/johnny-lawrence-vhs-action-figure-sdcc-2022-exclusive\/#primaryimage"},"thumbnailUrl":"https:\/\/endormoonstore.com\/wp-content\/uploads\/2022\/05\/Johnny-Lawrence-VHS-Action-Figure-2.jpg","datePublished":"2022-05-23T20:25:31+00:00","dateModified":"2022-07-12T21:42:05+00:00","breadcrumb":{"@id":"https:\/\/endormoonstore.com\/johnny-lawrence-vhs-action-figure-sdcc-2022-exclusive\/#breadcrumb"},"inLanguage":"en-US","potentialAction":[{"@type":"ReadAction","target":["https:\/\/endormoonstore.com\/johnny-lawrence-vhs-action-figure-sdcc-2022-exclusive\/"]}]},{"@type":"ImageObject","inLanguage":"en-US","@id":"https:\/\/endormoonstore.com\/johnny-lawrence-vhs-action-figure-sdcc-2022-exclusive\/#primaryimage","url":"https:\/\/endormoonstore.com\/wp-content\/uploads\/2022\/05\/Johnny-Lawrence-VHS-Action-Figure-2.jpg","contentUrl":"https:\/\/endormoonstore.com\/wp-content\/uploads\/2022\/05\/Johnny-Lawrence-VHS-Action-Figure-2.jpg","width":1000,"height":1000},{"@type":"BreadcrumbList","@id":"https:\/\/endormoonstore.com\/johnny-lawrence-vhs-action-figure-sdcc-2022-exclusive\/#breadcrumb","itemListElement":[{"@type":"ListItem","position":1,"name":"Shop","item":"https:\/\/endormoonstore.com\/en\/shop\/"},{"@type":"ListItem","position":2,"name":"Johnny Lawrence (VHS) Action Figure SDCC 2022 Exclusive"}]},{"@type":"WebSite","@id":"https:\/\/endormoonstore.com\/#website","url":"https:\/\/endormoonstore.com\/","name":"EndormoonStore","description":"","potentialAction":[{"@type":"SearchAction","target":{"@type":"EntryPoint","urlTemplate":"https:\/\/endormoonstore.com\/?s={search_term_string}"},"query-input":{"@type":"PropertyValueSpecification","valueRequired":true,"valueName":"search_term_string"}}],"inLanguage":"en-US"}]}},"taxonomy_info":{"product_cat":[{"value":1390,"label":"Figures"}],"pa_brand":[{"value":1632,"label":"Diamond Select Toys"}],"pa_character":[{"value":9127,"label":"Johnny Lawrence"}],"pa_license":[{"value":9133,"label":"Cobra Kai"}],"pa_product-type":[{"value":2387,"label":"Figure"}],"pa_theme":[{"value":9892,"label":"Action Figures"}]},"featured_image_src_large":["https:\/\/endormoonstore.com\/wp-content\/uploads\/2022\/05\/Johnny-Lawrence-VHS-Action-Figure-2.jpg",1000,1000,false],"author_info":[],"comment_info":"","_links":{"self":[{"href":"https:\/\/endormoonstore.com\/en\/wp-json\/wp\/v2\/product\/131760","targetHints":{"allow":["GET"]}}],"collection":[{"href":"https:\/\/endormoonstore.com\/en\/wp-json\/wp\/v2\/product"}],"about":[{"href":"https:\/\/endormoonstore.com\/en\/wp-json\/wp\/v2\/types\/product"}],"wp:featuredmedia":[{"embeddable":true,"href":"https:\/\/endormoonstore.com\/en\/wp-json\/wp\/v2\/media\/131757"}],"wp:attachment":[{"href":"https:\/\/endormoonstore.com\/en\/wp-json\/wp\/v2\/media?parent=131760"}],"wp:term":[{"taxonomy":"product_cat","embeddable":true,"href":"https:\/\/endormoonstore.com\/en\/wp-json\/wp\/v2\/product_cat?post=131760"},{"taxonomy":"product_tag","embeddable":true,"href":"https:\/\/endormoonstore.com\/en\/wp-json\/wp\/v2\/product_tag?post=131760"}],"curies":[{"name":"wp","href":"https:\/\/api.w.org\/{rel}","templated":true}]}}