{"id":131647,"date":"2022-05-22T20:22:51","date_gmt":"2022-05-22T18:22:51","guid":{"rendered":"https:\/\/endormoonstore.com\/star-wars-the-black-series-sergeant-kreel\/"},"modified":"2022-07-09T00:37:27","modified_gmt":"2022-07-08T22:37:27","slug":"star-wars-the-black-series-sergeant-kreel","status":"publish","type":"product","link":"https:\/\/endormoonstore.com\/en\/star-wars-the-black-series-sergeant-kreel\/","title":{"rendered":"Star Wars The Black Series Sergeant Kreel"},"content":{"rendered":"<p class=\"p1\"><b>Star Wars The Black Series Sergeant Kreel Figura 15 cm<\/b><\/p>\n<ul>\n<li>Hasbro presenta dentro de su colecci\u00f3n Black Series, la figura inspirada en el Sargento Kreel, ex agente encubierto 5241, que sirve como l\u00edder de un equipo de elite de stormtroopers, la Fuerza Operativa 99, mejor conocido como el Escuadr\u00f3n SCAR, bajo las \u00f3rdenes de Darth Vader<\/li>\n<li>Se trata de una figura articulada de unos 15 cm hecha en PVC.<\/li>\n<li>Incluye un blasters y un sable de luz<\/li>\n<\/ul>\n","protected":false},"excerpt":{"rendered":"<p class=\"p1\"><b>Star Wars The Black Series Sergeant Kreel Figura 15 cm<\/b><\/p>\n<p class=\"p1\">Hasbro presenta dentro de su colecci\u00f3n Black Series, la figura inspirada en el Sargento Kreel, ex agente encubierto 5241, que sirve como l\u00edder de un equipo de elite de stormtroopers, la Fuerza Operativa 99, mejor conocido como el Escuadr\u00f3n SCAR, bajo las \u00f3rdenes de Darth Vader<\/p>\n","protected":false},"featured_media":131632,"template":"","meta":{"_acf_changed":false,"_kad_blocks_custom_css":"","_kad_blocks_head_custom_js":"","_kad_blocks_body_custom_js":"","_kad_blocks_footer_custom_js":""},"product_cat":[1390],"product_tag":[],"class_list":{"0":"post-131647","1":"product","2":"type-product","3":"status-publish","4":"has-post-thumbnail","6":"product_cat-figures","7":"pa_brand-hasbro-en","8":"pa_character-sergeant-kreel-en","9":"pa_license-star-wars-en","10":"pa_product-type-figure","11":"pa_theme-the-black-series-en","13":"first","14":"instock","15":"taxable","16":"shipping-taxable","17":"purchasable","18":"product-type-simple"},"acf":[],"yoast_head":"<!-- This site is optimized with the Yoast SEO plugin v26.1.1 - https:\/\/yoast.com\/wordpress\/plugins\/seo\/ -->\n<title>Star Wars The Black Series Sergeant Kreel - EndormoonStore<\/title>\n<meta name=\"robots\" content=\"index, follow, max-snippet:-1, max-image-preview:large, max-video-preview:-1\" \/>\n<link rel=\"canonical\" href=\"https:\/\/endormoonstore.com\/en\/star-wars-the-black-series-sergeant-kreel\/\" \/>\n<meta property=\"og:locale\" content=\"en_US\" \/>\n<meta property=\"og:type\" content=\"article\" \/>\n<meta property=\"og:title\" content=\"Star Wars The Black Series Sergeant Kreel - EndormoonStore\" \/>\n<meta property=\"og:description\" content=\"Star Wars The Black Series Sergeant Kreel Figura 15 cm Hasbro presenta dentro de su colecci\u00f3n Black Series, la figura inspirada en el Sargento Kreel, ex agente encubierto 5241, que sirve como l\u00edder de un equipo de elite de stormtroopers, la Fuerza Operativa 99, mejor conocido como el Escuadr\u00f3n SCAR, bajo las \u00f3rdenes de Darth Vader\" \/>\n<meta property=\"og:url\" content=\"https:\/\/endormoonstore.com\/en\/star-wars-the-black-series-sergeant-kreel\/\" \/>\n<meta property=\"og:site_name\" content=\"EndormoonStore\" \/>\n<meta property=\"article:modified_time\" content=\"2022-07-08T22:37:27+00:00\" \/>\n<meta property=\"og:image\" content=\"https:\/\/endormoonstore.com\/wp-content\/uploads\/2022\/05\/Star-Wars-The-Black-Series-Sergeant-Kreel-1.jpg\" \/>\n\t<meta property=\"og:image:width\" content=\"1000\" \/>\n\t<meta property=\"og:image:height\" content=\"1000\" \/>\n\t<meta property=\"og:image:type\" content=\"image\/jpeg\" \/>\n<meta name=\"twitter:card\" content=\"summary_large_image\" \/>\n<meta name=\"twitter:label1\" content=\"Est. reading time\" \/>\n\t<meta name=\"twitter:data1\" content=\"1 minute\" \/>\n<script type=\"application\/ld+json\" class=\"yoast-schema-graph\">{\"@context\":\"https:\/\/schema.org\",\"@graph\":[{\"@type\":\"WebPage\",\"@id\":\"https:\/\/endormoonstore.com\/en\/star-wars-the-black-series-sergeant-kreel\/\",\"url\":\"https:\/\/endormoonstore.com\/en\/star-wars-the-black-series-sergeant-kreel\/\",\"name\":\"Star Wars The Black Series Sergeant Kreel - EndormoonStore\",\"isPartOf\":{\"@id\":\"https:\/\/endormoonstore.com\/#website\"},\"primaryImageOfPage\":{\"@id\":\"https:\/\/endormoonstore.com\/en\/star-wars-the-black-series-sergeant-kreel\/#primaryimage\"},\"image\":{\"@id\":\"https:\/\/endormoonstore.com\/en\/star-wars-the-black-series-sergeant-kreel\/#primaryimage\"},\"thumbnailUrl\":\"https:\/\/endormoonstore.com\/wp-content\/uploads\/2022\/05\/Star-Wars-The-Black-Series-Sergeant-Kreel-1.jpg\",\"datePublished\":\"2022-05-22T18:22:51+00:00\",\"dateModified\":\"2022-07-08T22:37:27+00:00\",\"breadcrumb\":{\"@id\":\"https:\/\/endormoonstore.com\/en\/star-wars-the-black-series-sergeant-kreel\/#breadcrumb\"},\"inLanguage\":\"en-US\",\"potentialAction\":[{\"@type\":\"ReadAction\",\"target\":[\"https:\/\/endormoonstore.com\/en\/star-wars-the-black-series-sergeant-kreel\/\"]}]},{\"@type\":\"ImageObject\",\"inLanguage\":\"en-US\",\"@id\":\"https:\/\/endormoonstore.com\/en\/star-wars-the-black-series-sergeant-kreel\/#primaryimage\",\"url\":\"https:\/\/endormoonstore.com\/wp-content\/uploads\/2022\/05\/Star-Wars-The-Black-Series-Sergeant-Kreel-1.jpg\",\"contentUrl\":\"https:\/\/endormoonstore.com\/wp-content\/uploads\/2022\/05\/Star-Wars-The-Black-Series-Sergeant-Kreel-1.jpg\",\"width\":1000,\"height\":1000},{\"@type\":\"BreadcrumbList\",\"@id\":\"https:\/\/endormoonstore.com\/en\/star-wars-the-black-series-sergeant-kreel\/#breadcrumb\",\"itemListElement\":[{\"@type\":\"ListItem\",\"position\":1,\"name\":\"Shop\",\"item\":\"https:\/\/endormoonstore.com\/en\/shop\/\"},{\"@type\":\"ListItem\",\"position\":2,\"name\":\"Star Wars The Black Series Sergeant Kreel\"}]},{\"@type\":\"WebSite\",\"@id\":\"https:\/\/endormoonstore.com\/#website\",\"url\":\"https:\/\/endormoonstore.com\/\",\"name\":\"EndormoonStore\",\"description\":\"\",\"potentialAction\":[{\"@type\":\"SearchAction\",\"target\":{\"@type\":\"EntryPoint\",\"urlTemplate\":\"https:\/\/endormoonstore.com\/?s={search_term_string}\"},\"query-input\":{\"@type\":\"PropertyValueSpecification\",\"valueRequired\":true,\"valueName\":\"search_term_string\"}}],\"inLanguage\":\"en-US\"}]}<\/script>\n<!-- \/ Yoast SEO plugin. -->","yoast_head_json":{"title":"Star Wars The Black Series Sergeant Kreel - EndormoonStore","robots":{"index":"index","follow":"follow","max-snippet":"max-snippet:-1","max-image-preview":"max-image-preview:large","max-video-preview":"max-video-preview:-1"},"canonical":"https:\/\/endormoonstore.com\/en\/star-wars-the-black-series-sergeant-kreel\/","og_locale":"en_US","og_type":"article","og_title":"Star Wars The Black Series Sergeant Kreel - EndormoonStore","og_description":"Star Wars The Black Series Sergeant Kreel Figura 15 cm Hasbro presenta dentro de su colecci\u00f3n Black Series, la figura inspirada en el Sargento Kreel, ex agente encubierto 5241, que sirve como l\u00edder de un equipo de elite de stormtroopers, la Fuerza Operativa 99, mejor conocido como el Escuadr\u00f3n SCAR, bajo las \u00f3rdenes de Darth Vader","og_url":"https:\/\/endormoonstore.com\/en\/star-wars-the-black-series-sergeant-kreel\/","og_site_name":"EndormoonStore","article_modified_time":"2022-07-08T22:37:27+00:00","og_image":[{"width":1000,"height":1000,"url":"https:\/\/endormoonstore.com\/wp-content\/uploads\/2022\/05\/Star-Wars-The-Black-Series-Sergeant-Kreel-1.jpg","type":"image\/jpeg"}],"twitter_card":"summary_large_image","twitter_misc":{"Est. reading time":"1 minute"},"schema":{"@context":"https:\/\/schema.org","@graph":[{"@type":"WebPage","@id":"https:\/\/endormoonstore.com\/en\/star-wars-the-black-series-sergeant-kreel\/","url":"https:\/\/endormoonstore.com\/en\/star-wars-the-black-series-sergeant-kreel\/","name":"Star Wars The Black Series Sergeant Kreel - EndormoonStore","isPartOf":{"@id":"https:\/\/endormoonstore.com\/#website"},"primaryImageOfPage":{"@id":"https:\/\/endormoonstore.com\/en\/star-wars-the-black-series-sergeant-kreel\/#primaryimage"},"image":{"@id":"https:\/\/endormoonstore.com\/en\/star-wars-the-black-series-sergeant-kreel\/#primaryimage"},"thumbnailUrl":"https:\/\/endormoonstore.com\/wp-content\/uploads\/2022\/05\/Star-Wars-The-Black-Series-Sergeant-Kreel-1.jpg","datePublished":"2022-05-22T18:22:51+00:00","dateModified":"2022-07-08T22:37:27+00:00","breadcrumb":{"@id":"https:\/\/endormoonstore.com\/en\/star-wars-the-black-series-sergeant-kreel\/#breadcrumb"},"inLanguage":"en-US","potentialAction":[{"@type":"ReadAction","target":["https:\/\/endormoonstore.com\/en\/star-wars-the-black-series-sergeant-kreel\/"]}]},{"@type":"ImageObject","inLanguage":"en-US","@id":"https:\/\/endormoonstore.com\/en\/star-wars-the-black-series-sergeant-kreel\/#primaryimage","url":"https:\/\/endormoonstore.com\/wp-content\/uploads\/2022\/05\/Star-Wars-The-Black-Series-Sergeant-Kreel-1.jpg","contentUrl":"https:\/\/endormoonstore.com\/wp-content\/uploads\/2022\/05\/Star-Wars-The-Black-Series-Sergeant-Kreel-1.jpg","width":1000,"height":1000},{"@type":"BreadcrumbList","@id":"https:\/\/endormoonstore.com\/en\/star-wars-the-black-series-sergeant-kreel\/#breadcrumb","itemListElement":[{"@type":"ListItem","position":1,"name":"Shop","item":"https:\/\/endormoonstore.com\/en\/shop\/"},{"@type":"ListItem","position":2,"name":"Star Wars The Black Series Sergeant Kreel"}]},{"@type":"WebSite","@id":"https:\/\/endormoonstore.com\/#website","url":"https:\/\/endormoonstore.com\/","name":"EndormoonStore","description":"","potentialAction":[{"@type":"SearchAction","target":{"@type":"EntryPoint","urlTemplate":"https:\/\/endormoonstore.com\/?s={search_term_string}"},"query-input":{"@type":"PropertyValueSpecification","valueRequired":true,"valueName":"search_term_string"}}],"inLanguage":"en-US"}]}},"taxonomy_info":{"product_cat":[{"value":1390,"label":"Figures"}],"pa_brand":[{"value":2084,"label":"Hasbro"}],"pa_character":[{"value":12549,"label":"Sergeant Kreel"}],"pa_license":[{"value":1644,"label":"Star Wars"}],"pa_product-type":[{"value":2387,"label":"Figure"}],"pa_theme":[{"value":2552,"label":"The Black Series"}]},"featured_image_src_large":["https:\/\/endormoonstore.com\/wp-content\/uploads\/2022\/05\/Star-Wars-The-Black-Series-Sergeant-Kreel-1.jpg",1000,1000,false],"author_info":[],"comment_info":"","_links":{"self":[{"href":"https:\/\/endormoonstore.com\/en\/wp-json\/wp\/v2\/product\/131647","targetHints":{"allow":["GET"]}}],"collection":[{"href":"https:\/\/endormoonstore.com\/en\/wp-json\/wp\/v2\/product"}],"about":[{"href":"https:\/\/endormoonstore.com\/en\/wp-json\/wp\/v2\/types\/product"}],"wp:featuredmedia":[{"embeddable":true,"href":"https:\/\/endormoonstore.com\/en\/wp-json\/wp\/v2\/media\/131632"}],"wp:attachment":[{"href":"https:\/\/endormoonstore.com\/en\/wp-json\/wp\/v2\/media?parent=131647"}],"wp:term":[{"taxonomy":"product_cat","embeddable":true,"href":"https:\/\/endormoonstore.com\/en\/wp-json\/wp\/v2\/product_cat?post=131647"},{"taxonomy":"product_tag","embeddable":true,"href":"https:\/\/endormoonstore.com\/en\/wp-json\/wp\/v2\/product_tag?post=131647"}],"curies":[{"name":"wp","href":"https:\/\/api.w.org\/{rel}","templated":true}]}}