{"id":131535,"date":"2022-05-21T22:53:12","date_gmt":"2022-05-21T20:53:12","guid":{"rendered":"https:\/\/endormoonstore.com\/star-wars-retro-collection-chewbacca-prototype-edition\/"},"modified":"2022-06-06T11:07:01","modified_gmt":"2022-06-06T09:07:01","slug":"star-wars-retro-collection-chewbacca-prototype-edition","status":"publish","type":"product","link":"https:\/\/endormoonstore.com\/en\/star-wars-retro-collection-chewbacca-prototype-edition\/","title":{"rendered":"Star Wars Retro Collection Chewbacca Prototype Edition"},"content":{"rendered":"<p class=\"p1\"><strong>Star Wars Retro Collection Chewbacca Prototype Edition Figura 9,5 cm<\/strong><\/p>\n<ul>\n<li>Hasbro presenta dentro de su colecci\u00f3n Vintage Collection la figura de Chewbacca en su edicion prototipo. Inspirada en las figuras de acci\u00f3n de Star Wars originales de Kenner de la d\u00e9cada de 1970.<\/li>\n<li>Chewbacca, un legendario guerrero wookiee y copiloto de Han Solo desde hace mucho tiempo, contin\u00faa sirviendo como fiel primer oficial detr\u00e1s de los controles del Halc\u00f3n Milenario.<\/li>\n<li>Se trata de una figura articulada hecha en PVC que mide 9,5 cm con cinco puntos de articulaci\u00f3n con dise\u00f1o premium<\/li>\n<li>Incluye figura y un blaster.<\/li>\n<\/ul>\n","protected":false},"excerpt":{"rendered":"<p class=\"p1\"><strong>Star Wars Retro Collection Chewbacca Prototype Edition Figura 9,5 cm<\/strong><\/p>\n<p class=\"p1\">Hasbro presenta dentro de su colecci\u00f3n Vintage Collection la figura de Chewbacca en su edicion prototipo. Inspirada en las figuras de acci\u00f3n de Star Wars originales de Kenner de la d\u00e9cada de 1970.<\/p>\n","protected":false},"featured_media":131534,"template":"","meta":{"_acf_changed":false,"_kad_blocks_custom_css":"","_kad_blocks_head_custom_js":"","_kad_blocks_body_custom_js":"","_kad_blocks_footer_custom_js":""},"product_cat":[1390],"product_tag":[],"class_list":{"0":"post-131535","1":"product","2":"type-product","3":"status-publish","4":"has-post-thumbnail","6":"product_cat-figures","7":"pa_brand-hasbro-en","8":"pa_character-chewbacca-en","9":"pa_license-star-wars-en","10":"pa_product-type-figure","11":"pa_theme-the-vintage-collection-en","13":"first","14":"instock","15":"taxable","16":"shipping-taxable","17":"purchasable","18":"product-type-simple"},"acf":[],"yoast_head":"<!-- This site is optimized with the Yoast SEO plugin v26.1.1 - https:\/\/yoast.com\/wordpress\/plugins\/seo\/ -->\n<title>Star Wars Retro Collection Chewbacca Prototype Edition - EndormoonStore<\/title>\n<meta name=\"robots\" content=\"index, follow, max-snippet:-1, max-image-preview:large, max-video-preview:-1\" \/>\n<link rel=\"canonical\" href=\"https:\/\/endormoonstore.com\/en\/star-wars-retro-collection-chewbacca-prototype-edition\/\" \/>\n<meta property=\"og:locale\" content=\"en_US\" \/>\n<meta property=\"og:type\" content=\"article\" \/>\n<meta property=\"og:title\" content=\"Star Wars Retro Collection Chewbacca Prototype Edition - EndormoonStore\" \/>\n<meta property=\"og:description\" content=\"Star Wars Retro Collection Chewbacca Prototype Edition Figura 9,5 cm Hasbro presenta dentro de su colecci\u00f3n Vintage Collection la figura de Chewbacca en su edicion prototipo. Inspirada en las figuras de acci\u00f3n de Star Wars originales de Kenner de la d\u00e9cada de 1970.\" \/>\n<meta property=\"og:url\" content=\"https:\/\/endormoonstore.com\/en\/star-wars-retro-collection-chewbacca-prototype-edition\/\" \/>\n<meta property=\"og:site_name\" content=\"EndormoonStore\" \/>\n<meta property=\"article:modified_time\" content=\"2022-06-06T09:07:01+00:00\" \/>\n<meta property=\"og:image\" content=\"https:\/\/endormoonstore.com\/wp-content\/uploads\/2022\/05\/Star-Wars-Retro-Collection-Chewbacca-Prototype-Edition-11.jpg\" \/>\n\t<meta property=\"og:image:width\" content=\"1000\" \/>\n\t<meta property=\"og:image:height\" content=\"1000\" \/>\n\t<meta property=\"og:image:type\" content=\"image\/jpeg\" \/>\n<meta name=\"twitter:card\" content=\"summary_large_image\" \/>\n<meta name=\"twitter:label1\" content=\"Est. reading time\" \/>\n\t<meta name=\"twitter:data1\" content=\"1 minute\" \/>\n<script type=\"application\/ld+json\" class=\"yoast-schema-graph\">{\"@context\":\"https:\/\/schema.org\",\"@graph\":[{\"@type\":\"WebPage\",\"@id\":\"https:\/\/endormoonstore.com\/en\/star-wars-retro-collection-chewbacca-prototype-edition\/\",\"url\":\"https:\/\/endormoonstore.com\/en\/star-wars-retro-collection-chewbacca-prototype-edition\/\",\"name\":\"Star Wars Retro Collection Chewbacca Prototype Edition - EndormoonStore\",\"isPartOf\":{\"@id\":\"https:\/\/endormoonstore.com\/#website\"},\"primaryImageOfPage\":{\"@id\":\"https:\/\/endormoonstore.com\/en\/star-wars-retro-collection-chewbacca-prototype-edition\/#primaryimage\"},\"image\":{\"@id\":\"https:\/\/endormoonstore.com\/en\/star-wars-retro-collection-chewbacca-prototype-edition\/#primaryimage\"},\"thumbnailUrl\":\"https:\/\/endormoonstore.com\/wp-content\/uploads\/2022\/05\/Star-Wars-Retro-Collection-Chewbacca-Prototype-Edition-11.jpg\",\"datePublished\":\"2022-05-21T20:53:12+00:00\",\"dateModified\":\"2022-06-06T09:07:01+00:00\",\"breadcrumb\":{\"@id\":\"https:\/\/endormoonstore.com\/en\/star-wars-retro-collection-chewbacca-prototype-edition\/#breadcrumb\"},\"inLanguage\":\"en-US\",\"potentialAction\":[{\"@type\":\"ReadAction\",\"target\":[\"https:\/\/endormoonstore.com\/en\/star-wars-retro-collection-chewbacca-prototype-edition\/\"]}]},{\"@type\":\"ImageObject\",\"inLanguage\":\"en-US\",\"@id\":\"https:\/\/endormoonstore.com\/en\/star-wars-retro-collection-chewbacca-prototype-edition\/#primaryimage\",\"url\":\"https:\/\/endormoonstore.com\/wp-content\/uploads\/2022\/05\/Star-Wars-Retro-Collection-Chewbacca-Prototype-Edition-11.jpg\",\"contentUrl\":\"https:\/\/endormoonstore.com\/wp-content\/uploads\/2022\/05\/Star-Wars-Retro-Collection-Chewbacca-Prototype-Edition-11.jpg\",\"width\":1000,\"height\":1000},{\"@type\":\"BreadcrumbList\",\"@id\":\"https:\/\/endormoonstore.com\/en\/star-wars-retro-collection-chewbacca-prototype-edition\/#breadcrumb\",\"itemListElement\":[{\"@type\":\"ListItem\",\"position\":1,\"name\":\"Shop\",\"item\":\"https:\/\/endormoonstore.com\/en\/shop\/\"},{\"@type\":\"ListItem\",\"position\":2,\"name\":\"Star Wars Retro Collection Chewbacca Prototype Edition\"}]},{\"@type\":\"WebSite\",\"@id\":\"https:\/\/endormoonstore.com\/#website\",\"url\":\"https:\/\/endormoonstore.com\/\",\"name\":\"EndormoonStore\",\"description\":\"\",\"potentialAction\":[{\"@type\":\"SearchAction\",\"target\":{\"@type\":\"EntryPoint\",\"urlTemplate\":\"https:\/\/endormoonstore.com\/?s={search_term_string}\"},\"query-input\":{\"@type\":\"PropertyValueSpecification\",\"valueRequired\":true,\"valueName\":\"search_term_string\"}}],\"inLanguage\":\"en-US\"}]}<\/script>\n<!-- \/ Yoast SEO plugin. -->","yoast_head_json":{"title":"Star Wars Retro Collection Chewbacca Prototype Edition - EndormoonStore","robots":{"index":"index","follow":"follow","max-snippet":"max-snippet:-1","max-image-preview":"max-image-preview:large","max-video-preview":"max-video-preview:-1"},"canonical":"https:\/\/endormoonstore.com\/en\/star-wars-retro-collection-chewbacca-prototype-edition\/","og_locale":"en_US","og_type":"article","og_title":"Star Wars Retro Collection Chewbacca Prototype Edition - EndormoonStore","og_description":"Star Wars Retro Collection Chewbacca Prototype Edition Figura 9,5 cm Hasbro presenta dentro de su colecci\u00f3n Vintage Collection la figura de Chewbacca en su edicion prototipo. Inspirada en las figuras de acci\u00f3n de Star Wars originales de Kenner de la d\u00e9cada de 1970.","og_url":"https:\/\/endormoonstore.com\/en\/star-wars-retro-collection-chewbacca-prototype-edition\/","og_site_name":"EndormoonStore","article_modified_time":"2022-06-06T09:07:01+00:00","og_image":[{"width":1000,"height":1000,"url":"https:\/\/endormoonstore.com\/wp-content\/uploads\/2022\/05\/Star-Wars-Retro-Collection-Chewbacca-Prototype-Edition-11.jpg","type":"image\/jpeg"}],"twitter_card":"summary_large_image","twitter_misc":{"Est. reading time":"1 minute"},"schema":{"@context":"https:\/\/schema.org","@graph":[{"@type":"WebPage","@id":"https:\/\/endormoonstore.com\/en\/star-wars-retro-collection-chewbacca-prototype-edition\/","url":"https:\/\/endormoonstore.com\/en\/star-wars-retro-collection-chewbacca-prototype-edition\/","name":"Star Wars Retro Collection Chewbacca Prototype Edition - EndormoonStore","isPartOf":{"@id":"https:\/\/endormoonstore.com\/#website"},"primaryImageOfPage":{"@id":"https:\/\/endormoonstore.com\/en\/star-wars-retro-collection-chewbacca-prototype-edition\/#primaryimage"},"image":{"@id":"https:\/\/endormoonstore.com\/en\/star-wars-retro-collection-chewbacca-prototype-edition\/#primaryimage"},"thumbnailUrl":"https:\/\/endormoonstore.com\/wp-content\/uploads\/2022\/05\/Star-Wars-Retro-Collection-Chewbacca-Prototype-Edition-11.jpg","datePublished":"2022-05-21T20:53:12+00:00","dateModified":"2022-06-06T09:07:01+00:00","breadcrumb":{"@id":"https:\/\/endormoonstore.com\/en\/star-wars-retro-collection-chewbacca-prototype-edition\/#breadcrumb"},"inLanguage":"en-US","potentialAction":[{"@type":"ReadAction","target":["https:\/\/endormoonstore.com\/en\/star-wars-retro-collection-chewbacca-prototype-edition\/"]}]},{"@type":"ImageObject","inLanguage":"en-US","@id":"https:\/\/endormoonstore.com\/en\/star-wars-retro-collection-chewbacca-prototype-edition\/#primaryimage","url":"https:\/\/endormoonstore.com\/wp-content\/uploads\/2022\/05\/Star-Wars-Retro-Collection-Chewbacca-Prototype-Edition-11.jpg","contentUrl":"https:\/\/endormoonstore.com\/wp-content\/uploads\/2022\/05\/Star-Wars-Retro-Collection-Chewbacca-Prototype-Edition-11.jpg","width":1000,"height":1000},{"@type":"BreadcrumbList","@id":"https:\/\/endormoonstore.com\/en\/star-wars-retro-collection-chewbacca-prototype-edition\/#breadcrumb","itemListElement":[{"@type":"ListItem","position":1,"name":"Shop","item":"https:\/\/endormoonstore.com\/en\/shop\/"},{"@type":"ListItem","position":2,"name":"Star Wars Retro Collection Chewbacca Prototype Edition"}]},{"@type":"WebSite","@id":"https:\/\/endormoonstore.com\/#website","url":"https:\/\/endormoonstore.com\/","name":"EndormoonStore","description":"","potentialAction":[{"@type":"SearchAction","target":{"@type":"EntryPoint","urlTemplate":"https:\/\/endormoonstore.com\/?s={search_term_string}"},"query-input":{"@type":"PropertyValueSpecification","valueRequired":true,"valueName":"search_term_string"}}],"inLanguage":"en-US"}]}},"taxonomy_info":{"product_cat":[{"value":1390,"label":"Figures"}],"pa_brand":[{"value":2084,"label":"Hasbro"}],"pa_character":[{"value":4331,"label":"Chewbacca"}],"pa_license":[{"value":1644,"label":"Star Wars"}],"pa_product-type":[{"value":2387,"label":"Figure"}],"pa_theme":[{"value":1660,"label":"The Vintage Collection"}]},"featured_image_src_large":["https:\/\/endormoonstore.com\/wp-content\/uploads\/2022\/05\/Star-Wars-Retro-Collection-Chewbacca-Prototype-Edition-11.jpg",1000,1000,false],"author_info":[],"comment_info":"","_links":{"self":[{"href":"https:\/\/endormoonstore.com\/en\/wp-json\/wp\/v2\/product\/131535","targetHints":{"allow":["GET"]}}],"collection":[{"href":"https:\/\/endormoonstore.com\/en\/wp-json\/wp\/v2\/product"}],"about":[{"href":"https:\/\/endormoonstore.com\/en\/wp-json\/wp\/v2\/types\/product"}],"wp:featuredmedia":[{"embeddable":true,"href":"https:\/\/endormoonstore.com\/en\/wp-json\/wp\/v2\/media\/131534"}],"wp:attachment":[{"href":"https:\/\/endormoonstore.com\/en\/wp-json\/wp\/v2\/media?parent=131535"}],"wp:term":[{"taxonomy":"product_cat","embeddable":true,"href":"https:\/\/endormoonstore.com\/en\/wp-json\/wp\/v2\/product_cat?post=131535"},{"taxonomy":"product_tag","embeddable":true,"href":"https:\/\/endormoonstore.com\/en\/wp-json\/wp\/v2\/product_tag?post=131535"}],"curies":[{"name":"wp","href":"https:\/\/api.w.org\/{rel}","templated":true}]}}