{"id":131044,"date":"2022-05-15T21:51:13","date_gmt":"2022-05-15T19:51:13","guid":{"rendered":"https:\/\/endormoonstore.com\/krillin-battle-clothes-dragon-ball-z-s-h-figuarts\/"},"modified":"2023-01-09T22:49:26","modified_gmt":"2023-01-09T21:49:26","slug":"krillin-battle-clothes-dragon-ball-z-s-h-figuarts","status":"publish","type":"product","link":"https:\/\/endormoonstore.com\/en\/krillin-battle-clothes-dragon-ball-z-s-h-figuarts\/","title":{"rendered":"Krillin Battle Clothes Dragon Ball Z S.H Figuarts"},"content":{"rendered":"<p class=\"p1\"><b>Krillin Battle Clothes Dragon Ball Z S.H.Figuarts Figura 11 cm<\/b><\/p>\n<ul class=\"ul1\">\n<li class=\"li1\">Tamashii Nations presenta esta figura de Krilin, uno de los mejores amigos de Goku y su m\u00e1s leal aliado cuando llega el momento de luchar, para la linea S.h Figuarts.<\/li>\n<li class=\"li1\">Esta vez vestido con ropa de batalla. Incluye cuatro expresiones opcionales: mueca, grito, lesionado, rostro serio.<\/li>\n<li class=\"li1\">\u00dasalos con el est\u00f3mago y las partes de la espalda opcionales para recrear el da\u00f1o dram\u00e1tico de su pelea con la segunda forma de Freezer!<\/li>\n<li class=\"li1\">La figura mide unos 11 cm y tambi\u00e9n incluye una parte trasera opcional, Glowing Namekian Dragon Ball (una estrella) y la base para su exposici\u00f3n.<\/li>\n<li class=\"li1\">NOTA: Figura de Gohan se vende aparte.<\/li>\n<\/ul>\n","protected":false},"excerpt":{"rendered":"<p><strong>Krillin Battle Clothes Dragon Ball Z S.H.Figuarts Figura 11 cm<\/strong><\/p>\n<p>Tamashii Nations presenta esta figura de Krilin, uno de los mejores amigos de Goku y su m\u00e1s leal aliado cuando llega el momento de luchar, para la linea S.h Figuarts.<\/p>\n","protected":false},"featured_media":131029,"template":"","meta":{"_acf_changed":false,"_kad_blocks_custom_css":"","_kad_blocks_head_custom_js":"","_kad_blocks_body_custom_js":"","_kad_blocks_footer_custom_js":""},"product_cat":[1390],"product_tag":[],"class_list":{"0":"post-131044","1":"product","2":"type-product","3":"status-publish","4":"has-post-thumbnail","6":"product_cat-figures","7":"pa_brand-tamashii-nations-en","8":"pa_character-krillin-en","9":"pa_license-dragon-ball-en","10":"pa_product-type-figure","11":"pa_theme-s-h-figuarts-en","13":"first","14":"instock","15":"taxable","16":"shipping-taxable","17":"purchasable","18":"product-type-simple"},"acf":[],"yoast_head":"<!-- This site is optimized with the Yoast SEO plugin v26.1.1 - https:\/\/yoast.com\/wordpress\/plugins\/seo\/ -->\n<title>Krillin Battle Clothes Dragon Ball Z S.H Figuarts - EndormoonStore<\/title>\n<meta name=\"robots\" content=\"index, follow, max-snippet:-1, max-image-preview:large, max-video-preview:-1\" \/>\n<link rel=\"canonical\" href=\"https:\/\/endormoonstore.com\/en\/krillin-battle-clothes-dragon-ball-z-s-h-figuarts\/\" \/>\n<meta property=\"og:locale\" content=\"en_US\" \/>\n<meta property=\"og:type\" content=\"article\" \/>\n<meta property=\"og:title\" content=\"Krillin Battle Clothes Dragon Ball Z S.H Figuarts - EndormoonStore\" \/>\n<meta property=\"og:description\" content=\"Krillin Battle Clothes Dragon Ball Z S.H.Figuarts Figura 11 cm  Tamashii Nations presenta esta figura de Krilin, uno de los mejores amigos de Goku y su m\u00e1s leal aliado cuando llega el momento de luchar, para la linea S.h Figuarts.\" \/>\n<meta property=\"og:url\" content=\"https:\/\/endormoonstore.com\/en\/krillin-battle-clothes-dragon-ball-z-s-h-figuarts\/\" \/>\n<meta property=\"og:site_name\" content=\"EndormoonStore\" \/>\n<meta property=\"article:modified_time\" content=\"2023-01-09T21:49:26+00:00\" \/>\n<meta property=\"og:image\" content=\"https:\/\/endormoonstore.com\/wp-content\/uploads\/2022\/05\/Krillin-Battle-Clothes-Dragon-Ball-Z-S.H.Figuarts-1.jpg\" \/>\n\t<meta property=\"og:image:width\" content=\"800\" \/>\n\t<meta property=\"og:image:height\" content=\"1000\" \/>\n\t<meta property=\"og:image:type\" content=\"image\/jpeg\" \/>\n<meta name=\"twitter:card\" content=\"summary_large_image\" \/>\n<meta name=\"twitter:label1\" content=\"Est. reading time\" \/>\n\t<meta name=\"twitter:data1\" content=\"1 minute\" \/>\n<script type=\"application\/ld+json\" class=\"yoast-schema-graph\">{\"@context\":\"https:\/\/schema.org\",\"@graph\":[{\"@type\":\"WebPage\",\"@id\":\"https:\/\/endormoonstore.com\/en\/krillin-battle-clothes-dragon-ball-z-s-h-figuarts\/\",\"url\":\"https:\/\/endormoonstore.com\/en\/krillin-battle-clothes-dragon-ball-z-s-h-figuarts\/\",\"name\":\"Krillin Battle Clothes Dragon Ball Z S.H Figuarts - EndormoonStore\",\"isPartOf\":{\"@id\":\"https:\/\/endormoonstore.com\/#website\"},\"primaryImageOfPage\":{\"@id\":\"https:\/\/endormoonstore.com\/en\/krillin-battle-clothes-dragon-ball-z-s-h-figuarts\/#primaryimage\"},\"image\":{\"@id\":\"https:\/\/endormoonstore.com\/en\/krillin-battle-clothes-dragon-ball-z-s-h-figuarts\/#primaryimage\"},\"thumbnailUrl\":\"https:\/\/endormoonstore.com\/wp-content\/uploads\/2022\/05\/Krillin-Battle-Clothes-Dragon-Ball-Z-S.H.Figuarts-1.jpg\",\"datePublished\":\"2022-05-15T19:51:13+00:00\",\"dateModified\":\"2023-01-09T21:49:26+00:00\",\"breadcrumb\":{\"@id\":\"https:\/\/endormoonstore.com\/en\/krillin-battle-clothes-dragon-ball-z-s-h-figuarts\/#breadcrumb\"},\"inLanguage\":\"en-US\",\"potentialAction\":[{\"@type\":\"ReadAction\",\"target\":[\"https:\/\/endormoonstore.com\/en\/krillin-battle-clothes-dragon-ball-z-s-h-figuarts\/\"]}]},{\"@type\":\"ImageObject\",\"inLanguage\":\"en-US\",\"@id\":\"https:\/\/endormoonstore.com\/en\/krillin-battle-clothes-dragon-ball-z-s-h-figuarts\/#primaryimage\",\"url\":\"https:\/\/endormoonstore.com\/wp-content\/uploads\/2022\/05\/Krillin-Battle-Clothes-Dragon-Ball-Z-S.H.Figuarts-1.jpg\",\"contentUrl\":\"https:\/\/endormoonstore.com\/wp-content\/uploads\/2022\/05\/Krillin-Battle-Clothes-Dragon-Ball-Z-S.H.Figuarts-1.jpg\",\"width\":800,\"height\":1000},{\"@type\":\"BreadcrumbList\",\"@id\":\"https:\/\/endormoonstore.com\/en\/krillin-battle-clothes-dragon-ball-z-s-h-figuarts\/#breadcrumb\",\"itemListElement\":[{\"@type\":\"ListItem\",\"position\":1,\"name\":\"Shop\",\"item\":\"https:\/\/endormoonstore.com\/en\/shop\/\"},{\"@type\":\"ListItem\",\"position\":2,\"name\":\"Krillin Battle Clothes Dragon Ball Z S.H Figuarts\"}]},{\"@type\":\"WebSite\",\"@id\":\"https:\/\/endormoonstore.com\/#website\",\"url\":\"https:\/\/endormoonstore.com\/\",\"name\":\"EndormoonStore\",\"description\":\"\",\"potentialAction\":[{\"@type\":\"SearchAction\",\"target\":{\"@type\":\"EntryPoint\",\"urlTemplate\":\"https:\/\/endormoonstore.com\/?s={search_term_string}\"},\"query-input\":{\"@type\":\"PropertyValueSpecification\",\"valueRequired\":true,\"valueName\":\"search_term_string\"}}],\"inLanguage\":\"en-US\"}]}<\/script>\n<!-- \/ Yoast SEO plugin. -->","yoast_head_json":{"title":"Krillin Battle Clothes Dragon Ball Z S.H Figuarts - EndormoonStore","robots":{"index":"index","follow":"follow","max-snippet":"max-snippet:-1","max-image-preview":"max-image-preview:large","max-video-preview":"max-video-preview:-1"},"canonical":"https:\/\/endormoonstore.com\/en\/krillin-battle-clothes-dragon-ball-z-s-h-figuarts\/","og_locale":"en_US","og_type":"article","og_title":"Krillin Battle Clothes Dragon Ball Z S.H Figuarts - EndormoonStore","og_description":"Krillin Battle Clothes Dragon Ball Z S.H.Figuarts Figura 11 cm  Tamashii Nations presenta esta figura de Krilin, uno de los mejores amigos de Goku y su m\u00e1s leal aliado cuando llega el momento de luchar, para la linea S.h Figuarts.","og_url":"https:\/\/endormoonstore.com\/en\/krillin-battle-clothes-dragon-ball-z-s-h-figuarts\/","og_site_name":"EndormoonStore","article_modified_time":"2023-01-09T21:49:26+00:00","og_image":[{"width":800,"height":1000,"url":"https:\/\/endormoonstore.com\/wp-content\/uploads\/2022\/05\/Krillin-Battle-Clothes-Dragon-Ball-Z-S.H.Figuarts-1.jpg","type":"image\/jpeg"}],"twitter_card":"summary_large_image","twitter_misc":{"Est. reading time":"1 minute"},"schema":{"@context":"https:\/\/schema.org","@graph":[{"@type":"WebPage","@id":"https:\/\/endormoonstore.com\/en\/krillin-battle-clothes-dragon-ball-z-s-h-figuarts\/","url":"https:\/\/endormoonstore.com\/en\/krillin-battle-clothes-dragon-ball-z-s-h-figuarts\/","name":"Krillin Battle Clothes Dragon Ball Z S.H Figuarts - EndormoonStore","isPartOf":{"@id":"https:\/\/endormoonstore.com\/#website"},"primaryImageOfPage":{"@id":"https:\/\/endormoonstore.com\/en\/krillin-battle-clothes-dragon-ball-z-s-h-figuarts\/#primaryimage"},"image":{"@id":"https:\/\/endormoonstore.com\/en\/krillin-battle-clothes-dragon-ball-z-s-h-figuarts\/#primaryimage"},"thumbnailUrl":"https:\/\/endormoonstore.com\/wp-content\/uploads\/2022\/05\/Krillin-Battle-Clothes-Dragon-Ball-Z-S.H.Figuarts-1.jpg","datePublished":"2022-05-15T19:51:13+00:00","dateModified":"2023-01-09T21:49:26+00:00","breadcrumb":{"@id":"https:\/\/endormoonstore.com\/en\/krillin-battle-clothes-dragon-ball-z-s-h-figuarts\/#breadcrumb"},"inLanguage":"en-US","potentialAction":[{"@type":"ReadAction","target":["https:\/\/endormoonstore.com\/en\/krillin-battle-clothes-dragon-ball-z-s-h-figuarts\/"]}]},{"@type":"ImageObject","inLanguage":"en-US","@id":"https:\/\/endormoonstore.com\/en\/krillin-battle-clothes-dragon-ball-z-s-h-figuarts\/#primaryimage","url":"https:\/\/endormoonstore.com\/wp-content\/uploads\/2022\/05\/Krillin-Battle-Clothes-Dragon-Ball-Z-S.H.Figuarts-1.jpg","contentUrl":"https:\/\/endormoonstore.com\/wp-content\/uploads\/2022\/05\/Krillin-Battle-Clothes-Dragon-Ball-Z-S.H.Figuarts-1.jpg","width":800,"height":1000},{"@type":"BreadcrumbList","@id":"https:\/\/endormoonstore.com\/en\/krillin-battle-clothes-dragon-ball-z-s-h-figuarts\/#breadcrumb","itemListElement":[{"@type":"ListItem","position":1,"name":"Shop","item":"https:\/\/endormoonstore.com\/en\/shop\/"},{"@type":"ListItem","position":2,"name":"Krillin Battle Clothes Dragon Ball Z S.H Figuarts"}]},{"@type":"WebSite","@id":"https:\/\/endormoonstore.com\/#website","url":"https:\/\/endormoonstore.com\/","name":"EndormoonStore","description":"","potentialAction":[{"@type":"SearchAction","target":{"@type":"EntryPoint","urlTemplate":"https:\/\/endormoonstore.com\/?s={search_term_string}"},"query-input":{"@type":"PropertyValueSpecification","valueRequired":true,"valueName":"search_term_string"}}],"inLanguage":"en-US"}]}},"taxonomy_info":{"product_cat":[{"value":1390,"label":"Figures"}],"pa_brand":[{"value":2096,"label":"Tamashii Nations"}],"pa_character":[{"value":9042,"label":"Krillin"}],"pa_license":[{"value":2240,"label":"Dragon Ball"}],"pa_product-type":[{"value":2387,"label":"Figure"}],"pa_theme":[{"value":1813,"label":"S.H. Figuarts"}]},"featured_image_src_large":["https:\/\/endormoonstore.com\/wp-content\/uploads\/2022\/05\/Krillin-Battle-Clothes-Dragon-Ball-Z-S.H.Figuarts-1.jpg",800,1000,false],"author_info":[],"comment_info":"","_links":{"self":[{"href":"https:\/\/endormoonstore.com\/en\/wp-json\/wp\/v2\/product\/131044","targetHints":{"allow":["GET"]}}],"collection":[{"href":"https:\/\/endormoonstore.com\/en\/wp-json\/wp\/v2\/product"}],"about":[{"href":"https:\/\/endormoonstore.com\/en\/wp-json\/wp\/v2\/types\/product"}],"wp:featuredmedia":[{"embeddable":true,"href":"https:\/\/endormoonstore.com\/en\/wp-json\/wp\/v2\/media\/131029"}],"wp:attachment":[{"href":"https:\/\/endormoonstore.com\/en\/wp-json\/wp\/v2\/media?parent=131044"}],"wp:term":[{"taxonomy":"product_cat","embeddable":true,"href":"https:\/\/endormoonstore.com\/en\/wp-json\/wp\/v2\/product_cat?post=131044"},{"taxonomy":"product_tag","embeddable":true,"href":"https:\/\/endormoonstore.com\/en\/wp-json\/wp\/v2\/product_tag?post=131044"}],"curies":[{"name":"wp","href":"https:\/\/api.w.org\/{rel}","templated":true}]}}