{"id":130619,"date":"2022-05-08T22:57:28","date_gmt":"2022-05-08T20:57:28","guid":{"rendered":"https:\/\/endormoonstore.com\/defenders-of-the-earth-mandrake-series-2\/"},"modified":"2023-02-25T21:39:47","modified_gmt":"2023-02-25T20:39:47","slug":"defenders-of-the-earth-mandrake-series-2","status":"publish","type":"product","link":"https:\/\/endormoonstore.com\/en\/defenders-of-the-earth-mandrake-series-2\/","title":{"rendered":"Defenders of the Earth Mandrake Series 2"},"content":{"rendered":"<p><strong>Defenders of the Earth King Features Mandrake Series 2 Figura 18 cm<\/strong><\/p>\n<ul>\n<li>Basado en los personajes de la amada caricatura de la d\u00e9cada de 1980, Defenders of the Earth, que reuni\u00f3 a Flash Gordon, Mandrake the Magician y The Phantom para luchar contra el malvado supervillano Ming the Merciless.<\/li>\n<li>Para celebrar el 35\u00ba aniversario de la cl\u00e1sica l\u00ednea de dibujos animados y juguetes.<\/li>\n<li>Neca se enorgullece de presentar esta segunda serie de figuras de acci\u00f3n de unos 18 cm de altura.<\/li>\n<li>Mandrake presenta una capa de art\u00edculos blandos y viene con un bast\u00f3n, un blaster, dos efectos de explosi\u00f3n acoplables y manos intercambiables.<\/li>\n<li>Las otras figuras de Lothar y Garax se venden por separado<\/li>\n<\/ul>\n","protected":false},"excerpt":{"rendered":"<p><strong>Defenders of the Earth King Features Mandrake Series 2 Figura 18 cm<\/strong><\/p>\n<p>Basado en los personajes de la amada caricatura de la d\u00e9cada de 1980, Defenders of the Earth, que reuni\u00f3 a Flash Gordon, Mandrake the Magician y The Phantom para luchar contra el malvado supervillano Ming the Merciless.<\/p>\n","protected":false},"featured_media":130602,"template":"","meta":{"_acf_changed":false,"_kad_blocks_custom_css":"","_kad_blocks_head_custom_js":"","_kad_blocks_body_custom_js":"","_kad_blocks_footer_custom_js":""},"product_cat":[1390],"product_tag":[],"class_list":{"0":"post-130619","1":"product","2":"type-product","3":"status-publish","4":"has-post-thumbnail","6":"product_cat-figures","7":"pa_brand-neca-en","8":"pa_character-mandrake-en","9":"pa_license-defenders-of-the-earth-en","10":"pa_product-type-figure","11":"pa_theme-scale-action-figure-en","13":"first","14":"outofstock","15":"taxable","16":"shipping-taxable","17":"purchasable","18":"product-type-simple"},"acf":[],"yoast_head":"<!-- This site is optimized with the Yoast SEO plugin v26.1.1 - https:\/\/yoast.com\/wordpress\/plugins\/seo\/ -->\n<title>Defenders of the Earth Mandrake Series 2 - EndormoonStore<\/title>\n<meta name=\"robots\" content=\"index, follow, max-snippet:-1, max-image-preview:large, max-video-preview:-1\" \/>\n<link rel=\"canonical\" href=\"https:\/\/endormoonstore.com\/en\/defenders-of-the-earth-mandrake-series-2\/\" \/>\n<meta property=\"og:locale\" content=\"en_US\" \/>\n<meta property=\"og:type\" content=\"article\" \/>\n<meta property=\"og:title\" content=\"Defenders of the Earth Mandrake Series 2 - EndormoonStore\" \/>\n<meta property=\"og:description\" content=\"Defenders of the Earth King Features Mandrake Series 2 Figura 18 cm  Basado en los personajes de la amada caricatura de la d\u00e9cada de 1980, Defenders of the Earth, que reuni\u00f3 a Flash Gordon, Mandrake the Magician y The Phantom para luchar contra el malvado supervillano Ming the Merciless.\" \/>\n<meta property=\"og:url\" content=\"https:\/\/endormoonstore.com\/en\/defenders-of-the-earth-mandrake-series-2\/\" \/>\n<meta property=\"og:site_name\" content=\"EndormoonStore\" \/>\n<meta property=\"article:modified_time\" content=\"2023-02-25T20:39:47+00:00\" \/>\n<meta property=\"og:image\" content=\"https:\/\/endormoonstore.com\/wp-content\/uploads\/2022\/05\/Defenders-of-the-Earth-Mandrake-Series-2-1.jpg\" \/>\n\t<meta property=\"og:image:width\" content=\"1000\" \/>\n\t<meta property=\"og:image:height\" content=\"1250\" \/>\n\t<meta property=\"og:image:type\" content=\"image\/jpeg\" \/>\n<meta name=\"twitter:card\" content=\"summary_large_image\" \/>\n<meta name=\"twitter:label1\" content=\"Est. reading time\" \/>\n\t<meta name=\"twitter:data1\" content=\"1 minute\" \/>\n<script type=\"application\/ld+json\" class=\"yoast-schema-graph\">{\"@context\":\"https:\/\/schema.org\",\"@graph\":[{\"@type\":\"WebPage\",\"@id\":\"https:\/\/endormoonstore.com\/en\/defenders-of-the-earth-mandrake-series-2\/\",\"url\":\"https:\/\/endormoonstore.com\/en\/defenders-of-the-earth-mandrake-series-2\/\",\"name\":\"Defenders of the Earth Mandrake Series 2 - EndormoonStore\",\"isPartOf\":{\"@id\":\"https:\/\/endormoonstore.com\/#website\"},\"primaryImageOfPage\":{\"@id\":\"https:\/\/endormoonstore.com\/en\/defenders-of-the-earth-mandrake-series-2\/#primaryimage\"},\"image\":{\"@id\":\"https:\/\/endormoonstore.com\/en\/defenders-of-the-earth-mandrake-series-2\/#primaryimage\"},\"thumbnailUrl\":\"https:\/\/endormoonstore.com\/wp-content\/uploads\/2022\/05\/Defenders-of-the-Earth-Mandrake-Series-2-1.jpg\",\"datePublished\":\"2022-05-08T20:57:28+00:00\",\"dateModified\":\"2023-02-25T20:39:47+00:00\",\"breadcrumb\":{\"@id\":\"https:\/\/endormoonstore.com\/en\/defenders-of-the-earth-mandrake-series-2\/#breadcrumb\"},\"inLanguage\":\"en-US\",\"potentialAction\":[{\"@type\":\"ReadAction\",\"target\":[\"https:\/\/endormoonstore.com\/en\/defenders-of-the-earth-mandrake-series-2\/\"]}]},{\"@type\":\"ImageObject\",\"inLanguage\":\"en-US\",\"@id\":\"https:\/\/endormoonstore.com\/en\/defenders-of-the-earth-mandrake-series-2\/#primaryimage\",\"url\":\"https:\/\/endormoonstore.com\/wp-content\/uploads\/2022\/05\/Defenders-of-the-Earth-Mandrake-Series-2-1.jpg\",\"contentUrl\":\"https:\/\/endormoonstore.com\/wp-content\/uploads\/2022\/05\/Defenders-of-the-Earth-Mandrake-Series-2-1.jpg\",\"width\":1000,\"height\":1250},{\"@type\":\"BreadcrumbList\",\"@id\":\"https:\/\/endormoonstore.com\/en\/defenders-of-the-earth-mandrake-series-2\/#breadcrumb\",\"itemListElement\":[{\"@type\":\"ListItem\",\"position\":1,\"name\":\"Shop\",\"item\":\"https:\/\/endormoonstore.com\/en\/shop\/\"},{\"@type\":\"ListItem\",\"position\":2,\"name\":\"Defenders of the Earth Mandrake Series 2\"}]},{\"@type\":\"WebSite\",\"@id\":\"https:\/\/endormoonstore.com\/#website\",\"url\":\"https:\/\/endormoonstore.com\/\",\"name\":\"EndormoonStore\",\"description\":\"\",\"potentialAction\":[{\"@type\":\"SearchAction\",\"target\":{\"@type\":\"EntryPoint\",\"urlTemplate\":\"https:\/\/endormoonstore.com\/?s={search_term_string}\"},\"query-input\":{\"@type\":\"PropertyValueSpecification\",\"valueRequired\":true,\"valueName\":\"search_term_string\"}}],\"inLanguage\":\"en-US\"}]}<\/script>\n<!-- \/ Yoast SEO plugin. -->","yoast_head_json":{"title":"Defenders of the Earth Mandrake Series 2 - EndormoonStore","robots":{"index":"index","follow":"follow","max-snippet":"max-snippet:-1","max-image-preview":"max-image-preview:large","max-video-preview":"max-video-preview:-1"},"canonical":"https:\/\/endormoonstore.com\/en\/defenders-of-the-earth-mandrake-series-2\/","og_locale":"en_US","og_type":"article","og_title":"Defenders of the Earth Mandrake Series 2 - EndormoonStore","og_description":"Defenders of the Earth King Features Mandrake Series 2 Figura 18 cm  Basado en los personajes de la amada caricatura de la d\u00e9cada de 1980, Defenders of the Earth, que reuni\u00f3 a Flash Gordon, Mandrake the Magician y The Phantom para luchar contra el malvado supervillano Ming the Merciless.","og_url":"https:\/\/endormoonstore.com\/en\/defenders-of-the-earth-mandrake-series-2\/","og_site_name":"EndormoonStore","article_modified_time":"2023-02-25T20:39:47+00:00","og_image":[{"width":1000,"height":1250,"url":"https:\/\/endormoonstore.com\/wp-content\/uploads\/2022\/05\/Defenders-of-the-Earth-Mandrake-Series-2-1.jpg","type":"image\/jpeg"}],"twitter_card":"summary_large_image","twitter_misc":{"Est. reading time":"1 minute"},"schema":{"@context":"https:\/\/schema.org","@graph":[{"@type":"WebPage","@id":"https:\/\/endormoonstore.com\/en\/defenders-of-the-earth-mandrake-series-2\/","url":"https:\/\/endormoonstore.com\/en\/defenders-of-the-earth-mandrake-series-2\/","name":"Defenders of the Earth Mandrake Series 2 - EndormoonStore","isPartOf":{"@id":"https:\/\/endormoonstore.com\/#website"},"primaryImageOfPage":{"@id":"https:\/\/endormoonstore.com\/en\/defenders-of-the-earth-mandrake-series-2\/#primaryimage"},"image":{"@id":"https:\/\/endormoonstore.com\/en\/defenders-of-the-earth-mandrake-series-2\/#primaryimage"},"thumbnailUrl":"https:\/\/endormoonstore.com\/wp-content\/uploads\/2022\/05\/Defenders-of-the-Earth-Mandrake-Series-2-1.jpg","datePublished":"2022-05-08T20:57:28+00:00","dateModified":"2023-02-25T20:39:47+00:00","breadcrumb":{"@id":"https:\/\/endormoonstore.com\/en\/defenders-of-the-earth-mandrake-series-2\/#breadcrumb"},"inLanguage":"en-US","potentialAction":[{"@type":"ReadAction","target":["https:\/\/endormoonstore.com\/en\/defenders-of-the-earth-mandrake-series-2\/"]}]},{"@type":"ImageObject","inLanguage":"en-US","@id":"https:\/\/endormoonstore.com\/en\/defenders-of-the-earth-mandrake-series-2\/#primaryimage","url":"https:\/\/endormoonstore.com\/wp-content\/uploads\/2022\/05\/Defenders-of-the-Earth-Mandrake-Series-2-1.jpg","contentUrl":"https:\/\/endormoonstore.com\/wp-content\/uploads\/2022\/05\/Defenders-of-the-Earth-Mandrake-Series-2-1.jpg","width":1000,"height":1250},{"@type":"BreadcrumbList","@id":"https:\/\/endormoonstore.com\/en\/defenders-of-the-earth-mandrake-series-2\/#breadcrumb","itemListElement":[{"@type":"ListItem","position":1,"name":"Shop","item":"https:\/\/endormoonstore.com\/en\/shop\/"},{"@type":"ListItem","position":2,"name":"Defenders of the Earth Mandrake Series 2"}]},{"@type":"WebSite","@id":"https:\/\/endormoonstore.com\/#website","url":"https:\/\/endormoonstore.com\/","name":"EndormoonStore","description":"","potentialAction":[{"@type":"SearchAction","target":{"@type":"EntryPoint","urlTemplate":"https:\/\/endormoonstore.com\/?s={search_term_string}"},"query-input":{"@type":"PropertyValueSpecification","valueRequired":true,"valueName":"search_term_string"}}],"inLanguage":"en-US"}]}},"taxonomy_info":{"product_cat":[{"value":1390,"label":"Figures"}],"pa_brand":[{"value":2090,"label":"Neca"}],"pa_character":[{"value":12387,"label":"Mandrake"}],"pa_license":[{"value":6996,"label":"Defenders of the Earth"}],"pa_product-type":[{"value":2387,"label":"Figure"}],"pa_theme":[{"value":2864,"label":"Scale Action Figure"}]},"featured_image_src_large":["https:\/\/endormoonstore.com\/wp-content\/uploads\/2022\/05\/Defenders-of-the-Earth-Mandrake-Series-2-1.jpg",1000,1250,false],"author_info":[],"comment_info":"","_links":{"self":[{"href":"https:\/\/endormoonstore.com\/en\/wp-json\/wp\/v2\/product\/130619","targetHints":{"allow":["GET"]}}],"collection":[{"href":"https:\/\/endormoonstore.com\/en\/wp-json\/wp\/v2\/product"}],"about":[{"href":"https:\/\/endormoonstore.com\/en\/wp-json\/wp\/v2\/types\/product"}],"wp:featuredmedia":[{"embeddable":true,"href":"https:\/\/endormoonstore.com\/en\/wp-json\/wp\/v2\/media\/130602"}],"wp:attachment":[{"href":"https:\/\/endormoonstore.com\/en\/wp-json\/wp\/v2\/media?parent=130619"}],"wp:term":[{"taxonomy":"product_cat","embeddable":true,"href":"https:\/\/endormoonstore.com\/en\/wp-json\/wp\/v2\/product_cat?post=130619"},{"taxonomy":"product_tag","embeddable":true,"href":"https:\/\/endormoonstore.com\/en\/wp-json\/wp\/v2\/product_tag?post=130619"}],"curies":[{"name":"wp","href":"https:\/\/api.w.org\/{rel}","templated":true}]}}