{"id":129987,"date":"2022-04-30T18:33:45","date_gmt":"2022-04-30T16:33:45","guid":{"rendered":"https:\/\/endormoonstore.com\/power-rangers-mighty-morphin-thunder-megazord\/"},"modified":"2022-04-30T18:42:50","modified_gmt":"2022-04-30T16:42:50","slug":"power-rangers-mighty-morphin-thunder-megazord","status":"publish","type":"product","link":"https:\/\/endormoonstore.com\/en\/power-rangers-mighty-morphin-thunder-megazord\/","title":{"rendered":"Power Rangers Mighty Morphin Thunder Megazord"},"content":{"rendered":"<p><strong>Power Rangers Mighty Morphin Thunder Megazord Figure 15 cm<\/strong><\/p>\n<ul>\n<li>Desde Dino Fury hasta los Mighty Morphin Power Rangers originales, los Power Rangers trabajando en equipo, la acci\u00f3n y la aventura a generaciones de fan de todo el mundo<\/li>\n<li>La figura de Rangers Mighty Morphin Thunder Megazord inspirado en el programa de televisi\u00f3n de la d\u00e9cada de 1990, tiene un dise\u00f1o fant\u00e1stico e incluye un accesorio inspirado en el personaje.<\/li>\n<li>Go Go Power Ranger. Esta figura mide unos 15 cm de alto es articulada y fabricada en PVC viene con una espada.<\/li>\n<li>Hasbro a cuidado mucho el embalaje de esta figura inspirado en las viejas cintas de video VHS de los a\u00f1os 90.<\/li>\n<li>Recuerda los d\u00edas en los que grababas tus episodios favoritos y los mirabas una y otra vez.<\/li>\n<\/ul>\n","protected":false},"excerpt":{"rendered":"<p><strong>Power Rangers Mighty Morphin Dino Megazord Figure 15 cm<\/strong><\/p>\n<p>Desde Dino Fury hasta los Mighty Morphin Power Rangers originales, los Power Rangers trabajando en equipo, la acci\u00f3n y la aventura a generaciones de fan de todo el mundo<\/p>\n","protected":false},"featured_media":129976,"template":"","meta":{"_acf_changed":false,"_kad_blocks_custom_css":"","_kad_blocks_head_custom_js":"","_kad_blocks_body_custom_js":"","_kad_blocks_footer_custom_js":""},"product_cat":[1390],"product_tag":[],"class_list":{"0":"post-129987","1":"product","2":"type-product","3":"status-publish","4":"has-post-thumbnail","6":"product_cat-figures","7":"pa_brand-hasbro-en","8":"pa_character-thunder-megazord-en","9":"pa_license-power-rangers-en","10":"pa_product-type-figure","11":"pa_theme-mighty-morphin-en","13":"first","14":"instock","15":"taxable","16":"shipping-taxable","17":"purchasable","18":"product-type-simple"},"acf":[],"yoast_head":"<!-- This site is optimized with the Yoast SEO plugin v26.1.1 - https:\/\/yoast.com\/wordpress\/plugins\/seo\/ -->\n<title>Power Rangers Mighty Morphin Thunder Megazord - EndormoonStore<\/title>\n<meta name=\"robots\" content=\"index, follow, max-snippet:-1, max-image-preview:large, max-video-preview:-1\" \/>\n<link rel=\"canonical\" href=\"https:\/\/endormoonstore.com\/en\/power-rangers-mighty-morphin-thunder-megazord\/\" \/>\n<meta property=\"og:locale\" content=\"en_US\" \/>\n<meta property=\"og:type\" content=\"article\" \/>\n<meta property=\"og:title\" content=\"Power Rangers Mighty Morphin Thunder Megazord - EndormoonStore\" \/>\n<meta property=\"og:description\" content=\"Power Rangers Mighty Morphin Dino Megazord Figure 15 cm  Desde Dino Fury hasta los Mighty Morphin Power Rangers originales, los Power Rangers trabajando en equipo, la acci\u00f3n y la aventura a generaciones de fan de todo el mundo\" \/>\n<meta property=\"og:url\" content=\"https:\/\/endormoonstore.com\/en\/power-rangers-mighty-morphin-thunder-megazord\/\" \/>\n<meta property=\"og:site_name\" content=\"EndormoonStore\" \/>\n<meta property=\"article:modified_time\" content=\"2022-04-30T16:42:50+00:00\" \/>\n<meta property=\"og:image\" content=\"https:\/\/endormoonstore.com\/wp-content\/uploads\/2022\/04\/Power-Rangers-Mighty-Morphin-Thunder-Megazord-1.jpg\" \/>\n\t<meta property=\"og:image:width\" content=\"1000\" \/>\n\t<meta property=\"og:image:height\" content=\"1000\" \/>\n\t<meta property=\"og:image:type\" content=\"image\/jpeg\" \/>\n<meta name=\"twitter:card\" content=\"summary_large_image\" \/>\n<meta name=\"twitter:label1\" content=\"Est. reading time\" \/>\n\t<meta name=\"twitter:data1\" content=\"1 minute\" \/>\n<script type=\"application\/ld+json\" class=\"yoast-schema-graph\">{\"@context\":\"https:\/\/schema.org\",\"@graph\":[{\"@type\":\"WebPage\",\"@id\":\"https:\/\/endormoonstore.com\/en\/power-rangers-mighty-morphin-thunder-megazord\/\",\"url\":\"https:\/\/endormoonstore.com\/en\/power-rangers-mighty-morphin-thunder-megazord\/\",\"name\":\"Power Rangers Mighty Morphin Thunder Megazord - EndormoonStore\",\"isPartOf\":{\"@id\":\"https:\/\/endormoonstore.com\/#website\"},\"primaryImageOfPage\":{\"@id\":\"https:\/\/endormoonstore.com\/en\/power-rangers-mighty-morphin-thunder-megazord\/#primaryimage\"},\"image\":{\"@id\":\"https:\/\/endormoonstore.com\/en\/power-rangers-mighty-morphin-thunder-megazord\/#primaryimage\"},\"thumbnailUrl\":\"https:\/\/endormoonstore.com\/wp-content\/uploads\/2022\/04\/Power-Rangers-Mighty-Morphin-Thunder-Megazord-1.jpg\",\"datePublished\":\"2022-04-30T16:33:45+00:00\",\"dateModified\":\"2022-04-30T16:42:50+00:00\",\"breadcrumb\":{\"@id\":\"https:\/\/endormoonstore.com\/en\/power-rangers-mighty-morphin-thunder-megazord\/#breadcrumb\"},\"inLanguage\":\"en-US\",\"potentialAction\":[{\"@type\":\"ReadAction\",\"target\":[\"https:\/\/endormoonstore.com\/en\/power-rangers-mighty-morphin-thunder-megazord\/\"]}]},{\"@type\":\"ImageObject\",\"inLanguage\":\"en-US\",\"@id\":\"https:\/\/endormoonstore.com\/en\/power-rangers-mighty-morphin-thunder-megazord\/#primaryimage\",\"url\":\"https:\/\/endormoonstore.com\/wp-content\/uploads\/2022\/04\/Power-Rangers-Mighty-Morphin-Thunder-Megazord-1.jpg\",\"contentUrl\":\"https:\/\/endormoonstore.com\/wp-content\/uploads\/2022\/04\/Power-Rangers-Mighty-Morphin-Thunder-Megazord-1.jpg\",\"width\":1000,\"height\":1000},{\"@type\":\"BreadcrumbList\",\"@id\":\"https:\/\/endormoonstore.com\/en\/power-rangers-mighty-morphin-thunder-megazord\/#breadcrumb\",\"itemListElement\":[{\"@type\":\"ListItem\",\"position\":1,\"name\":\"Shop\",\"item\":\"https:\/\/endormoonstore.com\/en\/shop\/\"},{\"@type\":\"ListItem\",\"position\":2,\"name\":\"Power Rangers Mighty Morphin Thunder Megazord\"}]},{\"@type\":\"WebSite\",\"@id\":\"https:\/\/endormoonstore.com\/#website\",\"url\":\"https:\/\/endormoonstore.com\/\",\"name\":\"EndormoonStore\",\"description\":\"\",\"potentialAction\":[{\"@type\":\"SearchAction\",\"target\":{\"@type\":\"EntryPoint\",\"urlTemplate\":\"https:\/\/endormoonstore.com\/?s={search_term_string}\"},\"query-input\":{\"@type\":\"PropertyValueSpecification\",\"valueRequired\":true,\"valueName\":\"search_term_string\"}}],\"inLanguage\":\"en-US\"}]}<\/script>\n<!-- \/ Yoast SEO plugin. -->","yoast_head_json":{"title":"Power Rangers Mighty Morphin Thunder Megazord - EndormoonStore","robots":{"index":"index","follow":"follow","max-snippet":"max-snippet:-1","max-image-preview":"max-image-preview:large","max-video-preview":"max-video-preview:-1"},"canonical":"https:\/\/endormoonstore.com\/en\/power-rangers-mighty-morphin-thunder-megazord\/","og_locale":"en_US","og_type":"article","og_title":"Power Rangers Mighty Morphin Thunder Megazord - EndormoonStore","og_description":"Power Rangers Mighty Morphin Dino Megazord Figure 15 cm  Desde Dino Fury hasta los Mighty Morphin Power Rangers originales, los Power Rangers trabajando en equipo, la acci\u00f3n y la aventura a generaciones de fan de todo el mundo","og_url":"https:\/\/endormoonstore.com\/en\/power-rangers-mighty-morphin-thunder-megazord\/","og_site_name":"EndormoonStore","article_modified_time":"2022-04-30T16:42:50+00:00","og_image":[{"width":1000,"height":1000,"url":"https:\/\/endormoonstore.com\/wp-content\/uploads\/2022\/04\/Power-Rangers-Mighty-Morphin-Thunder-Megazord-1.jpg","type":"image\/jpeg"}],"twitter_card":"summary_large_image","twitter_misc":{"Est. reading time":"1 minute"},"schema":{"@context":"https:\/\/schema.org","@graph":[{"@type":"WebPage","@id":"https:\/\/endormoonstore.com\/en\/power-rangers-mighty-morphin-thunder-megazord\/","url":"https:\/\/endormoonstore.com\/en\/power-rangers-mighty-morphin-thunder-megazord\/","name":"Power Rangers Mighty Morphin Thunder Megazord - EndormoonStore","isPartOf":{"@id":"https:\/\/endormoonstore.com\/#website"},"primaryImageOfPage":{"@id":"https:\/\/endormoonstore.com\/en\/power-rangers-mighty-morphin-thunder-megazord\/#primaryimage"},"image":{"@id":"https:\/\/endormoonstore.com\/en\/power-rangers-mighty-morphin-thunder-megazord\/#primaryimage"},"thumbnailUrl":"https:\/\/endormoonstore.com\/wp-content\/uploads\/2022\/04\/Power-Rangers-Mighty-Morphin-Thunder-Megazord-1.jpg","datePublished":"2022-04-30T16:33:45+00:00","dateModified":"2022-04-30T16:42:50+00:00","breadcrumb":{"@id":"https:\/\/endormoonstore.com\/en\/power-rangers-mighty-morphin-thunder-megazord\/#breadcrumb"},"inLanguage":"en-US","potentialAction":[{"@type":"ReadAction","target":["https:\/\/endormoonstore.com\/en\/power-rangers-mighty-morphin-thunder-megazord\/"]}]},{"@type":"ImageObject","inLanguage":"en-US","@id":"https:\/\/endormoonstore.com\/en\/power-rangers-mighty-morphin-thunder-megazord\/#primaryimage","url":"https:\/\/endormoonstore.com\/wp-content\/uploads\/2022\/04\/Power-Rangers-Mighty-Morphin-Thunder-Megazord-1.jpg","contentUrl":"https:\/\/endormoonstore.com\/wp-content\/uploads\/2022\/04\/Power-Rangers-Mighty-Morphin-Thunder-Megazord-1.jpg","width":1000,"height":1000},{"@type":"BreadcrumbList","@id":"https:\/\/endormoonstore.com\/en\/power-rangers-mighty-morphin-thunder-megazord\/#breadcrumb","itemListElement":[{"@type":"ListItem","position":1,"name":"Shop","item":"https:\/\/endormoonstore.com\/en\/shop\/"},{"@type":"ListItem","position":2,"name":"Power Rangers Mighty Morphin Thunder Megazord"}]},{"@type":"WebSite","@id":"https:\/\/endormoonstore.com\/#website","url":"https:\/\/endormoonstore.com\/","name":"EndormoonStore","description":"","potentialAction":[{"@type":"SearchAction","target":{"@type":"EntryPoint","urlTemplate":"https:\/\/endormoonstore.com\/?s={search_term_string}"},"query-input":{"@type":"PropertyValueSpecification","valueRequired":true,"valueName":"search_term_string"}}],"inLanguage":"en-US"}]}},"taxonomy_info":{"product_cat":[{"value":1390,"label":"Figures"}],"pa_brand":[{"value":2084,"label":"Hasbro"}],"pa_character":[{"value":12267,"label":"Thunder Megazord"}],"pa_license":[{"value":6783,"label":"Power Rangers"}],"pa_product-type":[{"value":2387,"label":"Figure"}],"pa_theme":[{"value":12261,"label":"Mighty Morphin"}]},"featured_image_src_large":["https:\/\/endormoonstore.com\/wp-content\/uploads\/2022\/04\/Power-Rangers-Mighty-Morphin-Thunder-Megazord-1.jpg",1000,1000,false],"author_info":[],"comment_info":"","_links":{"self":[{"href":"https:\/\/endormoonstore.com\/en\/wp-json\/wp\/v2\/product\/129987","targetHints":{"allow":["GET"]}}],"collection":[{"href":"https:\/\/endormoonstore.com\/en\/wp-json\/wp\/v2\/product"}],"about":[{"href":"https:\/\/endormoonstore.com\/en\/wp-json\/wp\/v2\/types\/product"}],"wp:featuredmedia":[{"embeddable":true,"href":"https:\/\/endormoonstore.com\/en\/wp-json\/wp\/v2\/media\/129976"}],"wp:attachment":[{"href":"https:\/\/endormoonstore.com\/en\/wp-json\/wp\/v2\/media?parent=129987"}],"wp:term":[{"taxonomy":"product_cat","embeddable":true,"href":"https:\/\/endormoonstore.com\/en\/wp-json\/wp\/v2\/product_cat?post=129987"},{"taxonomy":"product_tag","embeddable":true,"href":"https:\/\/endormoonstore.com\/en\/wp-json\/wp\/v2\/product_tag?post=129987"}],"curies":[{"name":"wp","href":"https:\/\/api.w.org\/{rel}","templated":true}]}}