{"id":128829,"date":"2022-04-18T21:39:05","date_gmt":"2022-04-18T19:39:05","guid":{"rendered":"https:\/\/endormoonstore.com\/trick-or-treaters-3-pack-toony-terrors-halloween-iii-season-of-the-witch\/"},"modified":"2023-02-24T13:34:01","modified_gmt":"2023-02-24T12:34:01","slug":"trick-or-treaters-3-pack-toony-terrors-halloween-iii-season-of-the-witch","status":"publish","type":"product","link":"https:\/\/endormoonstore.com\/en\/trick-or-treaters-3-pack-toony-terrors-halloween-iii-season-of-the-witch\/","title":{"rendered":"Trick or Treaters 3-pack Toony Terrors Halloween III: Season of the Witch"},"content":{"rendered":"<p><strong>Trick or Treaters 3-pack Toony Terrors Halloween III: Season of the Witch Figura 15 cm<\/strong><\/p>\n<ul>\n<li>\u201c\u00a1Ya casi es hora, ni\u00f1os!\u00a0\u00a1El reloj est\u00e1 corriendo!&#8221; \u00a1La l\u00ednea adorablemente espeluznante Toony Terrors de NECA da la bienvenida a\u00a0<em>Halloween 3: Season of the Witch<\/em>\u00a0!<\/li>\n<li>Lleve la diversi\u00f3n de los dibujos animados de los s\u00e1bados por la ma\u00f1ana a su colecci\u00f3n con este paquete de 3 figuras de acci\u00f3n estilizadas.<\/li>\n<li>\u00a0Contiene versiones a escala de unos 15 cm de alto del ic\u00f3nico truco o trato de la pel\u00edcula de terror de 1982.<\/li>\n<li>Viene en una caja con ventana con un fondo adicional recortado.<\/li>\n<\/ul>\n<p>&nbsp;<\/p>\n","protected":false},"excerpt":{"rendered":"<p><strong>Trick or Treaters 3-pack Toony Terrors Halloween III: Season of the Witch Figura 15 cm<\/strong><\/p>\n<p>\u201c\u00a1Ya casi es hora, ni\u00f1os!\u00a0\u00a1El reloj est\u00e1 corriendo!&#8221; \u00a1La l\u00ednea adorablemente espeluznante Toony Terrors de NECA da la bienvenida a\u00a0<em>Halloween 3: Season of the Witch<\/em>\u00a0!<\/p>\n","protected":false},"featured_media":128826,"template":"","meta":{"_acf_changed":false,"_kad_blocks_custom_css":"","_kad_blocks_head_custom_js":"","_kad_blocks_body_custom_js":"","_kad_blocks_footer_custom_js":""},"product_cat":[1390],"product_tag":[],"class_list":{"0":"post-128829","1":"product","2":"type-product","3":"status-publish","4":"has-post-thumbnail","6":"product_cat-figures","7":"pa_brand-neca-en","8":"pa_character-trick-or-treaters-en","9":"pa_license-halloween-iii-season-of-the-witch-en","10":"pa_product-type-figure","11":"pa_theme-toony-terrors-en","13":"first","14":"instock","15":"taxable","16":"shipping-taxable","17":"purchasable","18":"product-type-simple"},"acf":[],"yoast_head":"<!-- This site is optimized with the Yoast SEO plugin v26.1.1 - https:\/\/yoast.com\/wordpress\/plugins\/seo\/ -->\n<title>Trick or Treaters 3-pack Toony Terrors Halloween III: Season of the Witch - EndormoonStore<\/title>\n<meta name=\"robots\" content=\"index, follow, max-snippet:-1, max-image-preview:large, max-video-preview:-1\" \/>\n<link rel=\"canonical\" href=\"https:\/\/endormoonstore.com\/en\/trick-or-treaters-3-pack-toony-terrors-halloween-iii-season-of-the-witch\/\" \/>\n<meta property=\"og:locale\" content=\"en_US\" \/>\n<meta property=\"og:type\" content=\"article\" \/>\n<meta property=\"og:title\" content=\"Trick or Treaters 3-pack Toony Terrors Halloween III: Season of the Witch - EndormoonStore\" \/>\n<meta property=\"og:description\" content=\"Trick or Treaters 3-pack Toony Terrors Halloween III: Season of the Witch Figura 15 cm  \u201c\u00a1Ya casi es hora, ni\u00f1os!\u00a0\u00a1El reloj est\u00e1 corriendo!&quot; \u00a1La l\u00ednea adorablemente espeluznante Toony Terrors de NECA da la bienvenida a\u00a0Halloween 3: Season of the Witch\u00a0!\" \/>\n<meta property=\"og:url\" content=\"https:\/\/endormoonstore.com\/en\/trick-or-treaters-3-pack-toony-terrors-halloween-iii-season-of-the-witch\/\" \/>\n<meta property=\"og:site_name\" content=\"EndormoonStore\" \/>\n<meta property=\"article:modified_time\" content=\"2023-02-24T12:34:01+00:00\" \/>\n<meta property=\"og:image\" content=\"https:\/\/endormoonstore.com\/wp-content\/uploads\/2022\/04\/Trick-or-Treaters-3-pack-Toony-Terrors-Halloween-III-Season-of-the-Witch-9.jpg\" \/>\n\t<meta property=\"og:image:width\" content=\"1000\" \/>\n\t<meta property=\"og:image:height\" content=\"1250\" \/>\n\t<meta property=\"og:image:type\" content=\"image\/jpeg\" \/>\n<meta name=\"twitter:card\" content=\"summary_large_image\" \/>\n<meta name=\"twitter:label1\" content=\"Est. reading time\" \/>\n\t<meta name=\"twitter:data1\" content=\"1 minute\" \/>\n<script type=\"application\/ld+json\" class=\"yoast-schema-graph\">{\"@context\":\"https:\/\/schema.org\",\"@graph\":[{\"@type\":\"WebPage\",\"@id\":\"https:\/\/endormoonstore.com\/en\/trick-or-treaters-3-pack-toony-terrors-halloween-iii-season-of-the-witch\/\",\"url\":\"https:\/\/endormoonstore.com\/en\/trick-or-treaters-3-pack-toony-terrors-halloween-iii-season-of-the-witch\/\",\"name\":\"Trick or Treaters 3-pack Toony Terrors Halloween III: Season of the Witch - EndormoonStore\",\"isPartOf\":{\"@id\":\"https:\/\/endormoonstore.com\/#website\"},\"primaryImageOfPage\":{\"@id\":\"https:\/\/endormoonstore.com\/en\/trick-or-treaters-3-pack-toony-terrors-halloween-iii-season-of-the-witch\/#primaryimage\"},\"image\":{\"@id\":\"https:\/\/endormoonstore.com\/en\/trick-or-treaters-3-pack-toony-terrors-halloween-iii-season-of-the-witch\/#primaryimage\"},\"thumbnailUrl\":\"https:\/\/endormoonstore.com\/wp-content\/uploads\/2022\/04\/Trick-or-Treaters-3-pack-Toony-Terrors-Halloween-III-Season-of-the-Witch-9.jpg\",\"datePublished\":\"2022-04-18T19:39:05+00:00\",\"dateModified\":\"2023-02-24T12:34:01+00:00\",\"breadcrumb\":{\"@id\":\"https:\/\/endormoonstore.com\/en\/trick-or-treaters-3-pack-toony-terrors-halloween-iii-season-of-the-witch\/#breadcrumb\"},\"inLanguage\":\"en-US\",\"potentialAction\":[{\"@type\":\"ReadAction\",\"target\":[\"https:\/\/endormoonstore.com\/en\/trick-or-treaters-3-pack-toony-terrors-halloween-iii-season-of-the-witch\/\"]}]},{\"@type\":\"ImageObject\",\"inLanguage\":\"en-US\",\"@id\":\"https:\/\/endormoonstore.com\/en\/trick-or-treaters-3-pack-toony-terrors-halloween-iii-season-of-the-witch\/#primaryimage\",\"url\":\"https:\/\/endormoonstore.com\/wp-content\/uploads\/2022\/04\/Trick-or-Treaters-3-pack-Toony-Terrors-Halloween-III-Season-of-the-Witch-9.jpg\",\"contentUrl\":\"https:\/\/endormoonstore.com\/wp-content\/uploads\/2022\/04\/Trick-or-Treaters-3-pack-Toony-Terrors-Halloween-III-Season-of-the-Witch-9.jpg\",\"width\":1000,\"height\":1250},{\"@type\":\"BreadcrumbList\",\"@id\":\"https:\/\/endormoonstore.com\/en\/trick-or-treaters-3-pack-toony-terrors-halloween-iii-season-of-the-witch\/#breadcrumb\",\"itemListElement\":[{\"@type\":\"ListItem\",\"position\":1,\"name\":\"Shop\",\"item\":\"https:\/\/endormoonstore.com\/en\/shop\/\"},{\"@type\":\"ListItem\",\"position\":2,\"name\":\"Trick or Treaters 3-pack Toony Terrors Halloween III: Season of the Witch\"}]},{\"@type\":\"WebSite\",\"@id\":\"https:\/\/endormoonstore.com\/#website\",\"url\":\"https:\/\/endormoonstore.com\/\",\"name\":\"EndormoonStore\",\"description\":\"\",\"potentialAction\":[{\"@type\":\"SearchAction\",\"target\":{\"@type\":\"EntryPoint\",\"urlTemplate\":\"https:\/\/endormoonstore.com\/?s={search_term_string}\"},\"query-input\":{\"@type\":\"PropertyValueSpecification\",\"valueRequired\":true,\"valueName\":\"search_term_string\"}}],\"inLanguage\":\"en-US\"}]}<\/script>\n<!-- \/ Yoast SEO plugin. -->","yoast_head_json":{"title":"Trick or Treaters 3-pack Toony Terrors Halloween III: Season of the Witch - EndormoonStore","robots":{"index":"index","follow":"follow","max-snippet":"max-snippet:-1","max-image-preview":"max-image-preview:large","max-video-preview":"max-video-preview:-1"},"canonical":"https:\/\/endormoonstore.com\/en\/trick-or-treaters-3-pack-toony-terrors-halloween-iii-season-of-the-witch\/","og_locale":"en_US","og_type":"article","og_title":"Trick or Treaters 3-pack Toony Terrors Halloween III: Season of the Witch - EndormoonStore","og_description":"Trick or Treaters 3-pack Toony Terrors Halloween III: Season of the Witch Figura 15 cm  \u201c\u00a1Ya casi es hora, ni\u00f1os!\u00a0\u00a1El reloj est\u00e1 corriendo!\" \u00a1La l\u00ednea adorablemente espeluznante Toony Terrors de NECA da la bienvenida a\u00a0Halloween 3: Season of the Witch\u00a0!","og_url":"https:\/\/endormoonstore.com\/en\/trick-or-treaters-3-pack-toony-terrors-halloween-iii-season-of-the-witch\/","og_site_name":"EndormoonStore","article_modified_time":"2023-02-24T12:34:01+00:00","og_image":[{"width":1000,"height":1250,"url":"https:\/\/endormoonstore.com\/wp-content\/uploads\/2022\/04\/Trick-or-Treaters-3-pack-Toony-Terrors-Halloween-III-Season-of-the-Witch-9.jpg","type":"image\/jpeg"}],"twitter_card":"summary_large_image","twitter_misc":{"Est. reading time":"1 minute"},"schema":{"@context":"https:\/\/schema.org","@graph":[{"@type":"WebPage","@id":"https:\/\/endormoonstore.com\/en\/trick-or-treaters-3-pack-toony-terrors-halloween-iii-season-of-the-witch\/","url":"https:\/\/endormoonstore.com\/en\/trick-or-treaters-3-pack-toony-terrors-halloween-iii-season-of-the-witch\/","name":"Trick or Treaters 3-pack Toony Terrors Halloween III: Season of the Witch - EndormoonStore","isPartOf":{"@id":"https:\/\/endormoonstore.com\/#website"},"primaryImageOfPage":{"@id":"https:\/\/endormoonstore.com\/en\/trick-or-treaters-3-pack-toony-terrors-halloween-iii-season-of-the-witch\/#primaryimage"},"image":{"@id":"https:\/\/endormoonstore.com\/en\/trick-or-treaters-3-pack-toony-terrors-halloween-iii-season-of-the-witch\/#primaryimage"},"thumbnailUrl":"https:\/\/endormoonstore.com\/wp-content\/uploads\/2022\/04\/Trick-or-Treaters-3-pack-Toony-Terrors-Halloween-III-Season-of-the-Witch-9.jpg","datePublished":"2022-04-18T19:39:05+00:00","dateModified":"2023-02-24T12:34:01+00:00","breadcrumb":{"@id":"https:\/\/endormoonstore.com\/en\/trick-or-treaters-3-pack-toony-terrors-halloween-iii-season-of-the-witch\/#breadcrumb"},"inLanguage":"en-US","potentialAction":[{"@type":"ReadAction","target":["https:\/\/endormoonstore.com\/en\/trick-or-treaters-3-pack-toony-terrors-halloween-iii-season-of-the-witch\/"]}]},{"@type":"ImageObject","inLanguage":"en-US","@id":"https:\/\/endormoonstore.com\/en\/trick-or-treaters-3-pack-toony-terrors-halloween-iii-season-of-the-witch\/#primaryimage","url":"https:\/\/endormoonstore.com\/wp-content\/uploads\/2022\/04\/Trick-or-Treaters-3-pack-Toony-Terrors-Halloween-III-Season-of-the-Witch-9.jpg","contentUrl":"https:\/\/endormoonstore.com\/wp-content\/uploads\/2022\/04\/Trick-or-Treaters-3-pack-Toony-Terrors-Halloween-III-Season-of-the-Witch-9.jpg","width":1000,"height":1250},{"@type":"BreadcrumbList","@id":"https:\/\/endormoonstore.com\/en\/trick-or-treaters-3-pack-toony-terrors-halloween-iii-season-of-the-witch\/#breadcrumb","itemListElement":[{"@type":"ListItem","position":1,"name":"Shop","item":"https:\/\/endormoonstore.com\/en\/shop\/"},{"@type":"ListItem","position":2,"name":"Trick or Treaters 3-pack Toony Terrors Halloween III: Season of the Witch"}]},{"@type":"WebSite","@id":"https:\/\/endormoonstore.com\/#website","url":"https:\/\/endormoonstore.com\/","name":"EndormoonStore","description":"","potentialAction":[{"@type":"SearchAction","target":{"@type":"EntryPoint","urlTemplate":"https:\/\/endormoonstore.com\/?s={search_term_string}"},"query-input":{"@type":"PropertyValueSpecification","valueRequired":true,"valueName":"search_term_string"}}],"inLanguage":"en-US"}]}},"taxonomy_info":{"product_cat":[{"value":1390,"label":"Figures"}],"pa_brand":[{"value":2090,"label":"Neca"}],"pa_character":[{"value":12008,"label":"Trick or Treaters"}],"pa_license":[{"value":12002,"label":"Halloween III: Season of the Witch"}],"pa_product-type":[{"value":2387,"label":"Figure"}],"pa_theme":[{"value":7008,"label":"Toony Terrors"}]},"featured_image_src_large":["https:\/\/endormoonstore.com\/wp-content\/uploads\/2022\/04\/Trick-or-Treaters-3-pack-Toony-Terrors-Halloween-III-Season-of-the-Witch-9.jpg",1000,1250,false],"author_info":[],"comment_info":"","_links":{"self":[{"href":"https:\/\/endormoonstore.com\/en\/wp-json\/wp\/v2\/product\/128829","targetHints":{"allow":["GET"]}}],"collection":[{"href":"https:\/\/endormoonstore.com\/en\/wp-json\/wp\/v2\/product"}],"about":[{"href":"https:\/\/endormoonstore.com\/en\/wp-json\/wp\/v2\/types\/product"}],"wp:featuredmedia":[{"embeddable":true,"href":"https:\/\/endormoonstore.com\/en\/wp-json\/wp\/v2\/media\/128826"}],"wp:attachment":[{"href":"https:\/\/endormoonstore.com\/en\/wp-json\/wp\/v2\/media?parent=128829"}],"wp:term":[{"taxonomy":"product_cat","embeddable":true,"href":"https:\/\/endormoonstore.com\/en\/wp-json\/wp\/v2\/product_cat?post=128829"},{"taxonomy":"product_tag","embeddable":true,"href":"https:\/\/endormoonstore.com\/en\/wp-json\/wp\/v2\/product_tag?post=128829"}],"curies":[{"name":"wp","href":"https:\/\/api.w.org\/{rel}","templated":true}]}}