{"id":128529,"date":"2022-04-17T00:02:49","date_gmt":"2022-04-16T22:02:49","guid":{"rendered":"https:\/\/endormoonstore.com\/nathan-drake-deluxe-action-figure-uncharted\/"},"modified":"2023-01-07T21:30:19","modified_gmt":"2023-01-07T20:30:19","slug":"nathan-drake-deluxe-action-figure-uncharted","status":"publish","type":"product","link":"https:\/\/endormoonstore.com\/en\/nathan-drake-deluxe-action-figure-uncharted\/","title":{"rendered":"Nathan Drake Deluxe Action Figure Uncharted"},"content":{"rendered":"<p><strong>Nathan Drake Deluxe Action Figure Uncharted Figura 18 cm<\/strong><\/p>\n<ul>\n<li>\u00a1Prep\u00e1rate para la aventura de tu vida!\u00a0El h\u00e9roe de los videojuegos, Nathan Drake, lleg\u00f3 a la pantalla grande con la pel\u00edcula Uncharted, \u00a1y ahora el cazador de tesoros es una figura de acci\u00f3n de lujo de DST!<\/li>\n<li>Con 16 puntos de articulaci\u00f3n, apariencia de pel\u00edcula y una variedad de piezas y accesorios intercambiables, esta figura mide aproximadamente unos 18 cm de alto y viene en una caja con ventana a todo color.<\/li>\n<li>\u00a1Dise\u00f1ado por Yuri Timg, esculpido por Gentle Giant Studios!<\/li>\n<\/ul>\n<p>&nbsp;<\/p>\n<p>&nbsp;<\/p>\n","protected":false},"excerpt":{"rendered":"<p><strong>Nathan Drake Deluxe Action Figure Uncharted Figura 18 cm<\/strong><\/p>\n<p>\u00a1Prep\u00e1rate para la aventura de tu vida!\u00a0El h\u00e9roe de los videojuegos, Nathan Drake, lleg\u00f3 a la pantalla grande con la pel\u00edcula Uncharted, \u00a1y ahora el cazador de tesoros es una figura de acci\u00f3n de lujo de DST!<\/p>\n","protected":false},"featured_media":128526,"template":"","meta":{"_acf_changed":false,"_kad_blocks_custom_css":"","_kad_blocks_head_custom_js":"","_kad_blocks_body_custom_js":"","_kad_blocks_footer_custom_js":""},"product_cat":[1390],"product_tag":[],"class_list":{"0":"post-128529","1":"product","2":"type-product","3":"status-publish","4":"has-post-thumbnail","6":"product_cat-figures","7":"pa_brand-diamond-select-toys-en","8":"pa_character-nathan-drake-en","9":"pa_license-uncharted-en","10":"pa_product-type-figure","11":"pa_theme-deluxe-action-figure-en","13":"first","14":"outofstock","15":"taxable","16":"shipping-taxable","17":"purchasable","18":"product-type-simple"},"acf":[],"yoast_head":"<!-- This site is optimized with the Yoast SEO plugin v26.1.1 - https:\/\/yoast.com\/wordpress\/plugins\/seo\/ -->\n<title>Nathan Drake Deluxe Action Figure Uncharted - EndormoonStore<\/title>\n<meta name=\"robots\" content=\"index, follow, max-snippet:-1, max-image-preview:large, max-video-preview:-1\" \/>\n<link rel=\"canonical\" href=\"https:\/\/endormoonstore.com\/en\/nathan-drake-deluxe-action-figure-uncharted\/\" \/>\n<meta property=\"og:locale\" content=\"en_US\" \/>\n<meta property=\"og:type\" content=\"article\" \/>\n<meta property=\"og:title\" content=\"Nathan Drake Deluxe Action Figure Uncharted - EndormoonStore\" \/>\n<meta property=\"og:description\" content=\"Nathan Drake Deluxe Action Figure Uncharted Figura 18 cm  \u00a1Prep\u00e1rate para la aventura de tu vida!\u00a0El h\u00e9roe de los videojuegos, Nathan Drake, lleg\u00f3 a la pantalla grande con la pel\u00edcula Uncharted, \u00a1y ahora el cazador de tesoros es una figura de acci\u00f3n de lujo de DST!\" \/>\n<meta property=\"og:url\" content=\"https:\/\/endormoonstore.com\/en\/nathan-drake-deluxe-action-figure-uncharted\/\" \/>\n<meta property=\"og:site_name\" content=\"EndormoonStore\" \/>\n<meta property=\"article:modified_time\" content=\"2023-01-07T20:30:19+00:00\" \/>\n<meta property=\"og:image\" content=\"https:\/\/endormoonstore.com\/wp-content\/uploads\/2022\/04\/Nathan-Drake-Deluxe-Action-Figure-Uncharted-1.jpg\" \/>\n\t<meta property=\"og:image:width\" content=\"500\" \/>\n\t<meta property=\"og:image:height\" content=\"1000\" \/>\n\t<meta property=\"og:image:type\" content=\"image\/jpeg\" \/>\n<meta name=\"twitter:card\" content=\"summary_large_image\" \/>\n<meta name=\"twitter:label1\" content=\"Est. reading time\" \/>\n\t<meta name=\"twitter:data1\" content=\"1 minute\" \/>\n<script type=\"application\/ld+json\" class=\"yoast-schema-graph\">{\"@context\":\"https:\/\/schema.org\",\"@graph\":[{\"@type\":\"WebPage\",\"@id\":\"https:\/\/endormoonstore.com\/en\/nathan-drake-deluxe-action-figure-uncharted\/\",\"url\":\"https:\/\/endormoonstore.com\/en\/nathan-drake-deluxe-action-figure-uncharted\/\",\"name\":\"Nathan Drake Deluxe Action Figure Uncharted - EndormoonStore\",\"isPartOf\":{\"@id\":\"https:\/\/endormoonstore.com\/#website\"},\"primaryImageOfPage\":{\"@id\":\"https:\/\/endormoonstore.com\/en\/nathan-drake-deluxe-action-figure-uncharted\/#primaryimage\"},\"image\":{\"@id\":\"https:\/\/endormoonstore.com\/en\/nathan-drake-deluxe-action-figure-uncharted\/#primaryimage\"},\"thumbnailUrl\":\"https:\/\/endormoonstore.com\/wp-content\/uploads\/2022\/04\/Nathan-Drake-Deluxe-Action-Figure-Uncharted-1.jpg\",\"datePublished\":\"2022-04-16T22:02:49+00:00\",\"dateModified\":\"2023-01-07T20:30:19+00:00\",\"breadcrumb\":{\"@id\":\"https:\/\/endormoonstore.com\/en\/nathan-drake-deluxe-action-figure-uncharted\/#breadcrumb\"},\"inLanguage\":\"en-US\",\"potentialAction\":[{\"@type\":\"ReadAction\",\"target\":[\"https:\/\/endormoonstore.com\/en\/nathan-drake-deluxe-action-figure-uncharted\/\"]}]},{\"@type\":\"ImageObject\",\"inLanguage\":\"en-US\",\"@id\":\"https:\/\/endormoonstore.com\/en\/nathan-drake-deluxe-action-figure-uncharted\/#primaryimage\",\"url\":\"https:\/\/endormoonstore.com\/wp-content\/uploads\/2022\/04\/Nathan-Drake-Deluxe-Action-Figure-Uncharted-1.jpg\",\"contentUrl\":\"https:\/\/endormoonstore.com\/wp-content\/uploads\/2022\/04\/Nathan-Drake-Deluxe-Action-Figure-Uncharted-1.jpg\",\"width\":500,\"height\":1000},{\"@type\":\"BreadcrumbList\",\"@id\":\"https:\/\/endormoonstore.com\/en\/nathan-drake-deluxe-action-figure-uncharted\/#breadcrumb\",\"itemListElement\":[{\"@type\":\"ListItem\",\"position\":1,\"name\":\"Shop\",\"item\":\"https:\/\/endormoonstore.com\/en\/shop\/\"},{\"@type\":\"ListItem\",\"position\":2,\"name\":\"Nathan Drake Deluxe Action Figure Uncharted\"}]},{\"@type\":\"WebSite\",\"@id\":\"https:\/\/endormoonstore.com\/#website\",\"url\":\"https:\/\/endormoonstore.com\/\",\"name\":\"EndormoonStore\",\"description\":\"\",\"potentialAction\":[{\"@type\":\"SearchAction\",\"target\":{\"@type\":\"EntryPoint\",\"urlTemplate\":\"https:\/\/endormoonstore.com\/?s={search_term_string}\"},\"query-input\":{\"@type\":\"PropertyValueSpecification\",\"valueRequired\":true,\"valueName\":\"search_term_string\"}}],\"inLanguage\":\"en-US\"}]}<\/script>\n<!-- \/ Yoast SEO plugin. -->","yoast_head_json":{"title":"Nathan Drake Deluxe Action Figure Uncharted - EndormoonStore","robots":{"index":"index","follow":"follow","max-snippet":"max-snippet:-1","max-image-preview":"max-image-preview:large","max-video-preview":"max-video-preview:-1"},"canonical":"https:\/\/endormoonstore.com\/en\/nathan-drake-deluxe-action-figure-uncharted\/","og_locale":"en_US","og_type":"article","og_title":"Nathan Drake Deluxe Action Figure Uncharted - EndormoonStore","og_description":"Nathan Drake Deluxe Action Figure Uncharted Figura 18 cm  \u00a1Prep\u00e1rate para la aventura de tu vida!\u00a0El h\u00e9roe de los videojuegos, Nathan Drake, lleg\u00f3 a la pantalla grande con la pel\u00edcula Uncharted, \u00a1y ahora el cazador de tesoros es una figura de acci\u00f3n de lujo de DST!","og_url":"https:\/\/endormoonstore.com\/en\/nathan-drake-deluxe-action-figure-uncharted\/","og_site_name":"EndormoonStore","article_modified_time":"2023-01-07T20:30:19+00:00","og_image":[{"width":500,"height":1000,"url":"https:\/\/endormoonstore.com\/wp-content\/uploads\/2022\/04\/Nathan-Drake-Deluxe-Action-Figure-Uncharted-1.jpg","type":"image\/jpeg"}],"twitter_card":"summary_large_image","twitter_misc":{"Est. reading time":"1 minute"},"schema":{"@context":"https:\/\/schema.org","@graph":[{"@type":"WebPage","@id":"https:\/\/endormoonstore.com\/en\/nathan-drake-deluxe-action-figure-uncharted\/","url":"https:\/\/endormoonstore.com\/en\/nathan-drake-deluxe-action-figure-uncharted\/","name":"Nathan Drake Deluxe Action Figure Uncharted - EndormoonStore","isPartOf":{"@id":"https:\/\/endormoonstore.com\/#website"},"primaryImageOfPage":{"@id":"https:\/\/endormoonstore.com\/en\/nathan-drake-deluxe-action-figure-uncharted\/#primaryimage"},"image":{"@id":"https:\/\/endormoonstore.com\/en\/nathan-drake-deluxe-action-figure-uncharted\/#primaryimage"},"thumbnailUrl":"https:\/\/endormoonstore.com\/wp-content\/uploads\/2022\/04\/Nathan-Drake-Deluxe-Action-Figure-Uncharted-1.jpg","datePublished":"2022-04-16T22:02:49+00:00","dateModified":"2023-01-07T20:30:19+00:00","breadcrumb":{"@id":"https:\/\/endormoonstore.com\/en\/nathan-drake-deluxe-action-figure-uncharted\/#breadcrumb"},"inLanguage":"en-US","potentialAction":[{"@type":"ReadAction","target":["https:\/\/endormoonstore.com\/en\/nathan-drake-deluxe-action-figure-uncharted\/"]}]},{"@type":"ImageObject","inLanguage":"en-US","@id":"https:\/\/endormoonstore.com\/en\/nathan-drake-deluxe-action-figure-uncharted\/#primaryimage","url":"https:\/\/endormoonstore.com\/wp-content\/uploads\/2022\/04\/Nathan-Drake-Deluxe-Action-Figure-Uncharted-1.jpg","contentUrl":"https:\/\/endormoonstore.com\/wp-content\/uploads\/2022\/04\/Nathan-Drake-Deluxe-Action-Figure-Uncharted-1.jpg","width":500,"height":1000},{"@type":"BreadcrumbList","@id":"https:\/\/endormoonstore.com\/en\/nathan-drake-deluxe-action-figure-uncharted\/#breadcrumb","itemListElement":[{"@type":"ListItem","position":1,"name":"Shop","item":"https:\/\/endormoonstore.com\/en\/shop\/"},{"@type":"ListItem","position":2,"name":"Nathan Drake Deluxe Action Figure Uncharted"}]},{"@type":"WebSite","@id":"https:\/\/endormoonstore.com\/#website","url":"https:\/\/endormoonstore.com\/","name":"EndormoonStore","description":"","potentialAction":[{"@type":"SearchAction","target":{"@type":"EntryPoint","urlTemplate":"https:\/\/endormoonstore.com\/?s={search_term_string}"},"query-input":{"@type":"PropertyValueSpecification","valueRequired":true,"valueName":"search_term_string"}}],"inLanguage":"en-US"}]}},"taxonomy_info":{"product_cat":[{"value":1390,"label":"Figures"}],"pa_brand":[{"value":1632,"label":"Diamond Select Toys"}],"pa_character":[{"value":11909,"label":"Nathan Drake"}],"pa_license":[{"value":11915,"label":"Uncharted"}],"pa_product-type":[{"value":2387,"label":"Figure"}],"pa_theme":[{"value":3761,"label":"Deluxe Action Figure"}]},"featured_image_src_large":["https:\/\/endormoonstore.com\/wp-content\/uploads\/2022\/04\/Nathan-Drake-Deluxe-Action-Figure-Uncharted-1.jpg",500,1000,false],"author_info":[],"comment_info":"","_links":{"self":[{"href":"https:\/\/endormoonstore.com\/en\/wp-json\/wp\/v2\/product\/128529","targetHints":{"allow":["GET"]}}],"collection":[{"href":"https:\/\/endormoonstore.com\/en\/wp-json\/wp\/v2\/product"}],"about":[{"href":"https:\/\/endormoonstore.com\/en\/wp-json\/wp\/v2\/types\/product"}],"wp:featuredmedia":[{"embeddable":true,"href":"https:\/\/endormoonstore.com\/en\/wp-json\/wp\/v2\/media\/128526"}],"wp:attachment":[{"href":"https:\/\/endormoonstore.com\/en\/wp-json\/wp\/v2\/media?parent=128529"}],"wp:term":[{"taxonomy":"product_cat","embeddable":true,"href":"https:\/\/endormoonstore.com\/en\/wp-json\/wp\/v2\/product_cat?post=128529"},{"taxonomy":"product_tag","embeddable":true,"href":"https:\/\/endormoonstore.com\/en\/wp-json\/wp\/v2\/product_tag?post=128529"}],"curies":[{"name":"wp","href":"https:\/\/api.w.org\/{rel}","templated":true}]}}