{"id":128338,"date":"2024-08-25T00:50:03","date_gmt":"2024-08-24T22:50:03","guid":{"rendered":"https:\/\/endormoonstore.com\/the-batman-one12-collective\/"},"modified":"2024-09-09T12:08:36","modified_gmt":"2024-09-09T10:08:36","slug":"the-batman-one12-collective","status":"publish","type":"product","link":"https:\/\/endormoonstore.com\/en\/the-batman-one12-collective\/","title":{"rendered":"The Batman One:12 Collective"},"content":{"rendered":"<p class=\"p1\"><b>The Batman One:12 Collective Figura 17 cm<\/b><\/p>\n<ul>\n<li>\u201cCuando esa luz ilumina el cielo, no es solo una llamada. Es una advertencia\u201d.\u00a1Vengeance se une al colectivo One:12!<\/li>\n<li>Batman est\u00e1 equipado con un traje de Batman con armadura que imita la pantalla y tiene una insignia en el pecho. El traje incluye un alambre para posar integrado en la capa, un cintur\u00f3n multiusos, una bolsa en el muslo y dos brazaletes. Batman viene con cuatro retratos de cabeza, incluido un retrato de Bruce Wayne sin m\u00e1scara, todos con la imagen del actor Robert Pattinson.<\/li>\n<li>Equipado con m\u00faltiples Batarangs, bombas adhesivas, esposas, lanzacohetes y bombas de humo, Batman lucha contra el crimen en las calles h\u00famedas y sucias de Gotham.<\/li>\n<li>Un joven Bruce Wayne lucha por equilibrar la ira con la rectitud mientras un s\u00e1dico Riddler deja tras de s\u00ed un rastro de pistas cr\u00edpticas. Como Batman, Wayne se aventura en el submundo de Gotham para desenmascarar al culpable y hacer justicia por el abuso de poder y la corrupci\u00f3n que ha plagado su ciudad durante mucho tiempo.<\/li>\n<li>\u00a0Cada figura de Batman de One:12 Collective est\u00e1 empaquetada en una caja ideal para coleccionistas, dise\u00f1ada pensando en ellos.<\/li>\n<\/ul>\n<h4>CARACTER\u00cdSTICAS:<\/h4>\n<ul>\n<li>One:12 Cuerpo colectivo con m\u00e1s de 30 puntos de articulaci\u00f3n<\/li>\n<li>Cuatro retratos de cabeza<\/li>\n<li>Detalles aut\u00e9nticos pintados a mano.<\/li>\n<li>Aproximadamente 17 cm de alto<\/li>\n<li>Trece manos intercambiables\n<ul>\n<li>Un par de pu\u00f1os (izq. y der.)<\/li>\n<li>Un par de manos que agarran (I y D)<\/li>\n<li>Un par de lanzadores de bombas adhesivas tomados de la mano (izq. y der.)<\/li>\n<li>Un par de Batarang tomados de la mano (izq. y der.)<\/li>\n<li>Un par de personas posando tomadas de la mano (de izquierda a derecha)<\/li>\n<li>Una mano taser (R)<\/li>\n<\/ul>\n<\/li>\n<\/ul>\n<h4>ROPA:<\/h4>\n<ul>\n<li>Capa con alambre para posar integrado<\/li>\n<li>Traje de alas (desmontable)<\/li>\n<li>Traje de murci\u00e9lago blindado con insignia en el pecho<\/li>\n<li>Brazales<\/li>\n<li>Cintur\u00f3n utilitario<\/li>\n<li>Bolsa para el muslo<\/li>\n<li>Botas de combate<\/li>\n<\/ul>\n<h4>ARMAS Y ACCESORIOS:<\/h4>\n<ul>\n<li>Un lanzador de bombas adhesivas<\/li>\n<li>Un cartucho de bomba adhesiva<\/li>\n<li>Una bengala<\/li>\n<li>Una capucha (se puede sujetar)<\/li>\n<li>Una luz ultravioleta<\/li>\n<li>Un par de esposas<\/li>\n<li>Un lanzador de garra retra\u00eddo<\/li>\n<li>Un lanzador de garra extendida<\/li>\n<li>Un lanzador de gancho extendido con gancho retra\u00eddo (el lanzador encaja en el brazalete)<\/li>\n<li>Un lanzador de gancho extendido con gancho extendido y alambre para posar (el lanzador encaja en el brazalete)<\/li>\n<li>Dos bol\u00edgrafos de adrenalina<\/li>\n<li>Tres bombas de humo<\/li>\n<li>Cuatro batarangs<\/li>\n<li>Unabase de exhibici\u00f3n colectiva One:12 impresa digitalmente con el logotipo de la pel\u00edcula<\/li>\n<li>Un poste de exhibici\u00f3n ajustable transparente One:12 Collective<\/li>\n<\/ul>\n","protected":false},"excerpt":{"rendered":"<p class=\"p1\"><b>The Batman One:12 Collective Figura 17 cm<\/b><\/p>\n<p class=\"p1\">\u201cCuando esa luz ilumina el cielo, no es solo una llamada. Es una advertencia\u201d.\u00a1Vengeance se une al colectivo One:12!<\/p>\n","protected":false},"featured_media":128305,"template":"","meta":{"_acf_changed":false,"_kad_blocks_custom_css":"","_kad_blocks_head_custom_js":"","_kad_blocks_body_custom_js":"","_kad_blocks_footer_custom_js":""},"product_cat":[1390,13511],"product_tag":[],"class_list":{"0":"post-128338","1":"product","2":"type-product","3":"status-publish","4":"has-post-thumbnail","6":"product_cat-figures","7":"product_cat-new-arrivals","8":"pa_brand-mezco-toyz-en","9":"pa_character-batman-en","10":"pa_license-dc-universe-en","11":"pa_product-type-figure","12":"pa_theme-one12-collective-en","14":"first","15":"outofstock","16":"taxable","17":"shipping-taxable","18":"purchasable","19":"product-type-simple"},"acf":[],"yoast_head":"<!-- This site is optimized with the Yoast SEO plugin v26.1.1 - https:\/\/yoast.com\/wordpress\/plugins\/seo\/ -->\n<title>The Batman One:12 Collective - EndormoonStore<\/title>\n<meta name=\"robots\" content=\"index, follow, max-snippet:-1, max-image-preview:large, max-video-preview:-1\" \/>\n<link rel=\"canonical\" href=\"https:\/\/endormoonstore.com\/en\/the-batman-one12-collective\/\" \/>\n<meta property=\"og:locale\" content=\"en_US\" \/>\n<meta property=\"og:type\" content=\"article\" \/>\n<meta property=\"og:title\" content=\"The Batman One:12 Collective - EndormoonStore\" \/>\n<meta property=\"og:description\" content=\"The Batman One:12 Collective Figura 17 cm \u201cCuando esa luz ilumina el cielo, no es solo una llamada. Es una advertencia\u201d.\u00a1Vengeance se une al colectivo One:12!\" \/>\n<meta property=\"og:url\" content=\"https:\/\/endormoonstore.com\/en\/the-batman-one12-collective\/\" \/>\n<meta property=\"og:site_name\" content=\"EndormoonStore\" \/>\n<meta property=\"article:modified_time\" content=\"2024-09-09T10:08:36+00:00\" \/>\n<meta property=\"og:image\" content=\"https:\/\/endormoonstore.com\/wp-content\/uploads\/2022\/04\/The-Batman-One12-Collectibe-1.jpeg\" \/>\n\t<meta property=\"og:image:width\" content=\"800\" \/>\n\t<meta property=\"og:image:height\" content=\"800\" \/>\n\t<meta property=\"og:image:type\" content=\"image\/jpeg\" \/>\n<meta name=\"twitter:card\" content=\"summary_large_image\" \/>\n<meta name=\"twitter:label1\" content=\"Est. reading time\" \/>\n\t<meta name=\"twitter:data1\" content=\"3 minutes\" \/>\n<script type=\"application\/ld+json\" class=\"yoast-schema-graph\">{\"@context\":\"https:\/\/schema.org\",\"@graph\":[{\"@type\":\"WebPage\",\"@id\":\"https:\/\/endormoonstore.com\/en\/the-batman-one12-collective\/\",\"url\":\"https:\/\/endormoonstore.com\/en\/the-batman-one12-collective\/\",\"name\":\"The Batman One:12 Collective - EndormoonStore\",\"isPartOf\":{\"@id\":\"https:\/\/endormoonstore.com\/#website\"},\"primaryImageOfPage\":{\"@id\":\"https:\/\/endormoonstore.com\/en\/the-batman-one12-collective\/#primaryimage\"},\"image\":{\"@id\":\"https:\/\/endormoonstore.com\/en\/the-batman-one12-collective\/#primaryimage\"},\"thumbnailUrl\":\"https:\/\/endormoonstore.com\/wp-content\/uploads\/2022\/04\/The-Batman-One12-Collectibe-1.jpeg\",\"datePublished\":\"2024-08-24T22:50:03+00:00\",\"dateModified\":\"2024-09-09T10:08:36+00:00\",\"breadcrumb\":{\"@id\":\"https:\/\/endormoonstore.com\/en\/the-batman-one12-collective\/#breadcrumb\"},\"inLanguage\":\"en-US\",\"potentialAction\":[{\"@type\":\"ReadAction\",\"target\":[\"https:\/\/endormoonstore.com\/en\/the-batman-one12-collective\/\"]}]},{\"@type\":\"ImageObject\",\"inLanguage\":\"en-US\",\"@id\":\"https:\/\/endormoonstore.com\/en\/the-batman-one12-collective\/#primaryimage\",\"url\":\"https:\/\/endormoonstore.com\/wp-content\/uploads\/2022\/04\/The-Batman-One12-Collectibe-1.jpeg\",\"contentUrl\":\"https:\/\/endormoonstore.com\/wp-content\/uploads\/2022\/04\/The-Batman-One12-Collectibe-1.jpeg\",\"width\":800,\"height\":800},{\"@type\":\"BreadcrumbList\",\"@id\":\"https:\/\/endormoonstore.com\/en\/the-batman-one12-collective\/#breadcrumb\",\"itemListElement\":[{\"@type\":\"ListItem\",\"position\":1,\"name\":\"Shop\",\"item\":\"https:\/\/endormoonstore.com\/en\/shop\/\"},{\"@type\":\"ListItem\",\"position\":2,\"name\":\"The Batman One:12 Collective\"}]},{\"@type\":\"WebSite\",\"@id\":\"https:\/\/endormoonstore.com\/#website\",\"url\":\"https:\/\/endormoonstore.com\/\",\"name\":\"EndormoonStore\",\"description\":\"\",\"potentialAction\":[{\"@type\":\"SearchAction\",\"target\":{\"@type\":\"EntryPoint\",\"urlTemplate\":\"https:\/\/endormoonstore.com\/?s={search_term_string}\"},\"query-input\":{\"@type\":\"PropertyValueSpecification\",\"valueRequired\":true,\"valueName\":\"search_term_string\"}}],\"inLanguage\":\"en-US\"}]}<\/script>\n<!-- \/ Yoast SEO plugin. -->","yoast_head_json":{"title":"The Batman One:12 Collective - EndormoonStore","robots":{"index":"index","follow":"follow","max-snippet":"max-snippet:-1","max-image-preview":"max-image-preview:large","max-video-preview":"max-video-preview:-1"},"canonical":"https:\/\/endormoonstore.com\/en\/the-batman-one12-collective\/","og_locale":"en_US","og_type":"article","og_title":"The Batman One:12 Collective - EndormoonStore","og_description":"The Batman One:12 Collective Figura 17 cm \u201cCuando esa luz ilumina el cielo, no es solo una llamada. Es una advertencia\u201d.\u00a1Vengeance se une al colectivo One:12!","og_url":"https:\/\/endormoonstore.com\/en\/the-batman-one12-collective\/","og_site_name":"EndormoonStore","article_modified_time":"2024-09-09T10:08:36+00:00","og_image":[{"width":800,"height":800,"url":"https:\/\/endormoonstore.com\/wp-content\/uploads\/2022\/04\/The-Batman-One12-Collectibe-1.jpeg","type":"image\/jpeg"}],"twitter_card":"summary_large_image","twitter_misc":{"Est. reading time":"3 minutes"},"schema":{"@context":"https:\/\/schema.org","@graph":[{"@type":"WebPage","@id":"https:\/\/endormoonstore.com\/en\/the-batman-one12-collective\/","url":"https:\/\/endormoonstore.com\/en\/the-batman-one12-collective\/","name":"The Batman One:12 Collective - EndormoonStore","isPartOf":{"@id":"https:\/\/endormoonstore.com\/#website"},"primaryImageOfPage":{"@id":"https:\/\/endormoonstore.com\/en\/the-batman-one12-collective\/#primaryimage"},"image":{"@id":"https:\/\/endormoonstore.com\/en\/the-batman-one12-collective\/#primaryimage"},"thumbnailUrl":"https:\/\/endormoonstore.com\/wp-content\/uploads\/2022\/04\/The-Batman-One12-Collectibe-1.jpeg","datePublished":"2024-08-24T22:50:03+00:00","dateModified":"2024-09-09T10:08:36+00:00","breadcrumb":{"@id":"https:\/\/endormoonstore.com\/en\/the-batman-one12-collective\/#breadcrumb"},"inLanguage":"en-US","potentialAction":[{"@type":"ReadAction","target":["https:\/\/endormoonstore.com\/en\/the-batman-one12-collective\/"]}]},{"@type":"ImageObject","inLanguage":"en-US","@id":"https:\/\/endormoonstore.com\/en\/the-batman-one12-collective\/#primaryimage","url":"https:\/\/endormoonstore.com\/wp-content\/uploads\/2022\/04\/The-Batman-One12-Collectibe-1.jpeg","contentUrl":"https:\/\/endormoonstore.com\/wp-content\/uploads\/2022\/04\/The-Batman-One12-Collectibe-1.jpeg","width":800,"height":800},{"@type":"BreadcrumbList","@id":"https:\/\/endormoonstore.com\/en\/the-batman-one12-collective\/#breadcrumb","itemListElement":[{"@type":"ListItem","position":1,"name":"Shop","item":"https:\/\/endormoonstore.com\/en\/shop\/"},{"@type":"ListItem","position":2,"name":"The Batman One:12 Collective"}]},{"@type":"WebSite","@id":"https:\/\/endormoonstore.com\/#website","url":"https:\/\/endormoonstore.com\/","name":"EndormoonStore","description":"","potentialAction":[{"@type":"SearchAction","target":{"@type":"EntryPoint","urlTemplate":"https:\/\/endormoonstore.com\/?s={search_term_string}"},"query-input":{"@type":"PropertyValueSpecification","valueRequired":true,"valueName":"search_term_string"}}],"inLanguage":"en-US"}]}},"taxonomy_info":{"product_cat":[{"value":1390,"label":"Figures"},{"value":13511,"label":"New Arrivals"}],"pa_brand":[{"value":1638,"label":"Mezco Toyz"}],"pa_character":[{"value":3566,"label":"Batman"}],"pa_license":[{"value":3086,"label":"Dc Universe"}],"pa_product-type":[{"value":2387,"label":"Figure"}],"pa_theme":[{"value":1885,"label":"One:12 Collective"}]},"featured_image_src_large":["https:\/\/endormoonstore.com\/wp-content\/uploads\/2022\/04\/The-Batman-One12-Collectibe-1.jpeg",800,800,false],"author_info":[],"comment_info":"","_links":{"self":[{"href":"https:\/\/endormoonstore.com\/en\/wp-json\/wp\/v2\/product\/128338","targetHints":{"allow":["GET"]}}],"collection":[{"href":"https:\/\/endormoonstore.com\/en\/wp-json\/wp\/v2\/product"}],"about":[{"href":"https:\/\/endormoonstore.com\/en\/wp-json\/wp\/v2\/types\/product"}],"wp:featuredmedia":[{"embeddable":true,"href":"https:\/\/endormoonstore.com\/en\/wp-json\/wp\/v2\/media\/128305"}],"wp:attachment":[{"href":"https:\/\/endormoonstore.com\/en\/wp-json\/wp\/v2\/media?parent=128338"}],"wp:term":[{"taxonomy":"product_cat","embeddable":true,"href":"https:\/\/endormoonstore.com\/en\/wp-json\/wp\/v2\/product_cat?post=128338"},{"taxonomy":"product_tag","embeddable":true,"href":"https:\/\/endormoonstore.com\/en\/wp-json\/wp\/v2\/product_tag?post=128338"}],"curies":[{"name":"wp","href":"https:\/\/api.w.org\/{rel}","templated":true}]}}