{"id":128264,"date":"2022-04-15T23:35:33","date_gmt":"2022-04-15T21:35:33","guid":{"rendered":"https:\/\/endormoonstore.com\/metal-skin-panic-madox-01-model-kit-moderoid\/"},"modified":"2023-01-27T12:44:34","modified_gmt":"2023-01-27T11:44:34","slug":"metal-skin-panic-madox-01-model-kit-moderoid","status":"publish","type":"product","link":"https:\/\/endormoonstore.com\/en\/metal-skin-panic-madox-01-model-kit-moderoid\/","title":{"rendered":"Metal Skin Panic MADOX-01 Model Kit Moderoid"},"content":{"rendered":"<p><strong>Metal Skin Panic MADOX-01 Model Kit Moderoid 12 Cm<\/strong><\/p>\n<ul>\n<li>\n<div class=\"product-title\">Un tan esperado kit de modelo de pl\u00e1stico de MADOX-01!<\/div>\n<\/li>\n<li>\n<div class=\"product-title\">\u00a1De &#8220;Metal Skin Panic MADOX-01&#8221; llega el primer modelo de pl\u00e1stico del Slave Trooper MADOX-01!<\/div>\n<\/li>\n<li>\n<div class=\"product-title\">La escotilla de cabeza y la unidad trasera se pueden abrir y cerrar.<\/div>\n<\/li>\n<li>\n<div class=\"product-title\">Se pueden equipar misiles antitanque y un ca\u00f1\u00f3n de 12,7 mm en el brazo derecho. Se pueden utilizar partes de la mano tanto en forma de garra como de dedo.<\/div>\n<\/li>\n<li>\n<div class=\"product-title\">La protecci\u00f3n de los nudillos se ha recreado fielmente.<\/div>\n<\/li>\n<li>\n<div class=\"product-title\">Se incluyen un ca\u00f1\u00f3n autom\u00e1tico de 35 mm y una ametralladora Gatling. El cintur\u00f3n de municiones est\u00e1 fabricado con materiales suaves y flexibles.<\/div>\n<\/li>\n<li>\n<div class=\"product-title\">Su modo flotante se puede recrear con el uso de piezas intercambiables.<\/div>\n<\/li>\n<li>\n<div class=\"product-title\">Las partes de la armadura y las uniones est\u00e1n separadas por color en diferentes corredores, lo que permite que el mecha se vea genial cuando simplemente se ensambla.<\/div>\n<\/li>\n<li>\n<div class=\"product-title\">Se han utilizado piezas transl\u00facidas para crear la visera de la cabeza.<\/div>\n<\/li>\n<li>Est\u00e1 pre pintada y necesita montaje.<\/li>\n<\/ul>\n<p>&nbsp;<\/p>\n","protected":false},"excerpt":{"rendered":"<p><strong>Metal Skin Panic MADOX-01 Model Kit Moderoid 12 Cm<\/strong><\/p>\n<p>Un tan esperado kit de modelo de pl\u00e1stico de MADOX-01!<\/p>\n","protected":false},"featured_media":128243,"template":"","meta":{"_acf_changed":false,"_kad_blocks_custom_css":"","_kad_blocks_head_custom_js":"","_kad_blocks_body_custom_js":"","_kad_blocks_footer_custom_js":""},"product_cat":[1390],"product_tag":[],"class_list":{"0":"post-128264","1":"product","2":"type-product","3":"status-publish","4":"has-post-thumbnail","6":"product_cat-figures","7":"pa_brand-good-smile-company-en","8":"pa_character-madox-01-en","9":"pa_license-metal-skin-panic-madox-01-en","10":"pa_product-type-figure","11":"pa_product-type-model-kit-en","12":"pa_theme-moderoid-en","14":"first","15":"outofstock","16":"taxable","17":"shipping-taxable","18":"purchasable","19":"product-type-simple"},"acf":[],"yoast_head":"<!-- This site is optimized with the Yoast SEO plugin v26.1.1 - https:\/\/yoast.com\/wordpress\/plugins\/seo\/ -->\n<title>Metal Skin Panic MADOX-01 Model Kit Moderoid - EndormoonStore<\/title>\n<meta name=\"robots\" content=\"index, follow, max-snippet:-1, max-image-preview:large, max-video-preview:-1\" \/>\n<link rel=\"canonical\" href=\"https:\/\/endormoonstore.com\/en\/metal-skin-panic-madox-01-model-kit-moderoid\/\" \/>\n<meta property=\"og:locale\" content=\"en_US\" \/>\n<meta property=\"og:type\" content=\"article\" \/>\n<meta property=\"og:title\" content=\"Metal Skin Panic MADOX-01 Model Kit Moderoid - EndormoonStore\" \/>\n<meta property=\"og:description\" content=\"Metal Skin Panic MADOX-01 Model Kit Moderoid 12 Cm  Un tan esperado kit de modelo de pl\u00e1stico de MADOX-01!\" \/>\n<meta property=\"og:url\" content=\"https:\/\/endormoonstore.com\/en\/metal-skin-panic-madox-01-model-kit-moderoid\/\" \/>\n<meta property=\"og:site_name\" content=\"EndormoonStore\" \/>\n<meta property=\"article:modified_time\" content=\"2023-01-27T11:44:34+00:00\" \/>\n<meta property=\"og:image\" content=\"https:\/\/endormoonstore.com\/wp-content\/uploads\/2022\/04\/Metal-Skin-Panic-MADOX-01-Model-Kit-Moderoid-1.jpeg\" \/>\n\t<meta property=\"og:image:width\" content=\"730\" \/>\n\t<meta property=\"og:image:height\" content=\"900\" \/>\n\t<meta property=\"og:image:type\" content=\"image\/jpeg\" \/>\n<meta name=\"twitter:card\" content=\"summary_large_image\" \/>\n<meta name=\"twitter:label1\" content=\"Est. reading time\" \/>\n\t<meta name=\"twitter:data1\" content=\"1 minute\" \/>\n<script type=\"application\/ld+json\" class=\"yoast-schema-graph\">{\"@context\":\"https:\/\/schema.org\",\"@graph\":[{\"@type\":\"WebPage\",\"@id\":\"https:\/\/endormoonstore.com\/en\/metal-skin-panic-madox-01-model-kit-moderoid\/\",\"url\":\"https:\/\/endormoonstore.com\/en\/metal-skin-panic-madox-01-model-kit-moderoid\/\",\"name\":\"Metal Skin Panic MADOX-01 Model Kit Moderoid - EndormoonStore\",\"isPartOf\":{\"@id\":\"https:\/\/endormoonstore.com\/#website\"},\"primaryImageOfPage\":{\"@id\":\"https:\/\/endormoonstore.com\/en\/metal-skin-panic-madox-01-model-kit-moderoid\/#primaryimage\"},\"image\":{\"@id\":\"https:\/\/endormoonstore.com\/en\/metal-skin-panic-madox-01-model-kit-moderoid\/#primaryimage\"},\"thumbnailUrl\":\"https:\/\/endormoonstore.com\/wp-content\/uploads\/2022\/04\/Metal-Skin-Panic-MADOX-01-Model-Kit-Moderoid-1.jpeg\",\"datePublished\":\"2022-04-15T21:35:33+00:00\",\"dateModified\":\"2023-01-27T11:44:34+00:00\",\"breadcrumb\":{\"@id\":\"https:\/\/endormoonstore.com\/en\/metal-skin-panic-madox-01-model-kit-moderoid\/#breadcrumb\"},\"inLanguage\":\"en-US\",\"potentialAction\":[{\"@type\":\"ReadAction\",\"target\":[\"https:\/\/endormoonstore.com\/en\/metal-skin-panic-madox-01-model-kit-moderoid\/\"]}]},{\"@type\":\"ImageObject\",\"inLanguage\":\"en-US\",\"@id\":\"https:\/\/endormoonstore.com\/en\/metal-skin-panic-madox-01-model-kit-moderoid\/#primaryimage\",\"url\":\"https:\/\/endormoonstore.com\/wp-content\/uploads\/2022\/04\/Metal-Skin-Panic-MADOX-01-Model-Kit-Moderoid-1.jpeg\",\"contentUrl\":\"https:\/\/endormoonstore.com\/wp-content\/uploads\/2022\/04\/Metal-Skin-Panic-MADOX-01-Model-Kit-Moderoid-1.jpeg\",\"width\":730,\"height\":900},{\"@type\":\"BreadcrumbList\",\"@id\":\"https:\/\/endormoonstore.com\/en\/metal-skin-panic-madox-01-model-kit-moderoid\/#breadcrumb\",\"itemListElement\":[{\"@type\":\"ListItem\",\"position\":1,\"name\":\"Shop\",\"item\":\"https:\/\/endormoonstore.com\/en\/shop\/\"},{\"@type\":\"ListItem\",\"position\":2,\"name\":\"Metal Skin Panic MADOX-01 Model Kit Moderoid\"}]},{\"@type\":\"WebSite\",\"@id\":\"https:\/\/endormoonstore.com\/#website\",\"url\":\"https:\/\/endormoonstore.com\/\",\"name\":\"EndormoonStore\",\"description\":\"\",\"potentialAction\":[{\"@type\":\"SearchAction\",\"target\":{\"@type\":\"EntryPoint\",\"urlTemplate\":\"https:\/\/endormoonstore.com\/?s={search_term_string}\"},\"query-input\":{\"@type\":\"PropertyValueSpecification\",\"valueRequired\":true,\"valueName\":\"search_term_string\"}}],\"inLanguage\":\"en-US\"}]}<\/script>\n<!-- \/ Yoast SEO plugin. -->","yoast_head_json":{"title":"Metal Skin Panic MADOX-01 Model Kit Moderoid - EndormoonStore","robots":{"index":"index","follow":"follow","max-snippet":"max-snippet:-1","max-image-preview":"max-image-preview:large","max-video-preview":"max-video-preview:-1"},"canonical":"https:\/\/endormoonstore.com\/en\/metal-skin-panic-madox-01-model-kit-moderoid\/","og_locale":"en_US","og_type":"article","og_title":"Metal Skin Panic MADOX-01 Model Kit Moderoid - EndormoonStore","og_description":"Metal Skin Panic MADOX-01 Model Kit Moderoid 12 Cm  Un tan esperado kit de modelo de pl\u00e1stico de MADOX-01!","og_url":"https:\/\/endormoonstore.com\/en\/metal-skin-panic-madox-01-model-kit-moderoid\/","og_site_name":"EndormoonStore","article_modified_time":"2023-01-27T11:44:34+00:00","og_image":[{"width":730,"height":900,"url":"https:\/\/endormoonstore.com\/wp-content\/uploads\/2022\/04\/Metal-Skin-Panic-MADOX-01-Model-Kit-Moderoid-1.jpeg","type":"image\/jpeg"}],"twitter_card":"summary_large_image","twitter_misc":{"Est. reading time":"1 minute"},"schema":{"@context":"https:\/\/schema.org","@graph":[{"@type":"WebPage","@id":"https:\/\/endormoonstore.com\/en\/metal-skin-panic-madox-01-model-kit-moderoid\/","url":"https:\/\/endormoonstore.com\/en\/metal-skin-panic-madox-01-model-kit-moderoid\/","name":"Metal Skin Panic MADOX-01 Model Kit Moderoid - EndormoonStore","isPartOf":{"@id":"https:\/\/endormoonstore.com\/#website"},"primaryImageOfPage":{"@id":"https:\/\/endormoonstore.com\/en\/metal-skin-panic-madox-01-model-kit-moderoid\/#primaryimage"},"image":{"@id":"https:\/\/endormoonstore.com\/en\/metal-skin-panic-madox-01-model-kit-moderoid\/#primaryimage"},"thumbnailUrl":"https:\/\/endormoonstore.com\/wp-content\/uploads\/2022\/04\/Metal-Skin-Panic-MADOX-01-Model-Kit-Moderoid-1.jpeg","datePublished":"2022-04-15T21:35:33+00:00","dateModified":"2023-01-27T11:44:34+00:00","breadcrumb":{"@id":"https:\/\/endormoonstore.com\/en\/metal-skin-panic-madox-01-model-kit-moderoid\/#breadcrumb"},"inLanguage":"en-US","potentialAction":[{"@type":"ReadAction","target":["https:\/\/endormoonstore.com\/en\/metal-skin-panic-madox-01-model-kit-moderoid\/"]}]},{"@type":"ImageObject","inLanguage":"en-US","@id":"https:\/\/endormoonstore.com\/en\/metal-skin-panic-madox-01-model-kit-moderoid\/#primaryimage","url":"https:\/\/endormoonstore.com\/wp-content\/uploads\/2022\/04\/Metal-Skin-Panic-MADOX-01-Model-Kit-Moderoid-1.jpeg","contentUrl":"https:\/\/endormoonstore.com\/wp-content\/uploads\/2022\/04\/Metal-Skin-Panic-MADOX-01-Model-Kit-Moderoid-1.jpeg","width":730,"height":900},{"@type":"BreadcrumbList","@id":"https:\/\/endormoonstore.com\/en\/metal-skin-panic-madox-01-model-kit-moderoid\/#breadcrumb","itemListElement":[{"@type":"ListItem","position":1,"name":"Shop","item":"https:\/\/endormoonstore.com\/en\/shop\/"},{"@type":"ListItem","position":2,"name":"Metal Skin Panic MADOX-01 Model Kit Moderoid"}]},{"@type":"WebSite","@id":"https:\/\/endormoonstore.com\/#website","url":"https:\/\/endormoonstore.com\/","name":"EndormoonStore","description":"","potentialAction":[{"@type":"SearchAction","target":{"@type":"EntryPoint","urlTemplate":"https:\/\/endormoonstore.com\/?s={search_term_string}"},"query-input":{"@type":"PropertyValueSpecification","valueRequired":true,"valueName":"search_term_string"}}],"inLanguage":"en-US"}]}},"taxonomy_info":{"product_cat":[{"value":1390,"label":"Figures"}],"pa_brand":[{"value":2081,"label":"Good Smile Company"}],"pa_character":[{"value":11858,"label":"MADOX-01"}],"pa_license":[{"value":11852,"label":"Metal Skin Panic MADOX -01"}],"pa_product-type":[{"value":2387,"label":"Figure"},{"value":7302,"label":"Model Kit"}],"pa_theme":[{"value":3926,"label":"Moderoid"}]},"featured_image_src_large":["https:\/\/endormoonstore.com\/wp-content\/uploads\/2022\/04\/Metal-Skin-Panic-MADOX-01-Model-Kit-Moderoid-1.jpeg",730,900,false],"author_info":[],"comment_info":"","_links":{"self":[{"href":"https:\/\/endormoonstore.com\/en\/wp-json\/wp\/v2\/product\/128264","targetHints":{"allow":["GET"]}}],"collection":[{"href":"https:\/\/endormoonstore.com\/en\/wp-json\/wp\/v2\/product"}],"about":[{"href":"https:\/\/endormoonstore.com\/en\/wp-json\/wp\/v2\/types\/product"}],"wp:featuredmedia":[{"embeddable":true,"href":"https:\/\/endormoonstore.com\/en\/wp-json\/wp\/v2\/media\/128243"}],"wp:attachment":[{"href":"https:\/\/endormoonstore.com\/en\/wp-json\/wp\/v2\/media?parent=128264"}],"wp:term":[{"taxonomy":"product_cat","embeddable":true,"href":"https:\/\/endormoonstore.com\/en\/wp-json\/wp\/v2\/product_cat?post=128264"},{"taxonomy":"product_tag","embeddable":true,"href":"https:\/\/endormoonstore.com\/en\/wp-json\/wp\/v2\/product_tag?post=128264"}],"curies":[{"name":"wp","href":"https:\/\/api.w.org\/{rel}","templated":true}]}}