{"id":128132,"date":"2022-04-15T22:14:50","date_gmt":"2022-04-15T20:14:50","guid":{"rendered":"https:\/\/endormoonstore.com\/hashibira-inosuke-normal-color-ver-demon-slayer-kimetsu-no-yaiba-toonize\/"},"modified":"2022-10-30T21:36:55","modified_gmt":"2022-10-30T20:36:55","slug":"hashibira-inosuke-normal-color-ver-demon-slayer-kimetsu-no-yaiba-toonize","status":"publish","type":"product","link":"https:\/\/endormoonstore.com\/en\/hashibira-inosuke-normal-color-ver-demon-slayer-kimetsu-no-yaiba-toonize\/","title":{"rendered":"Hashibira Inosuke Normal Color Ver. Demon Slayer Kimetsu no Yaiba Toonize"},"content":{"rendered":"<p><strong>Hashibira Inosuke Normal Color Ver. Demon Slayer Kimetsu no Yaiba Toonize Figura 13 cm<\/strong><\/p>\n<ul>\n<li>Good Smile Company, nos trae esta figura fabricada por Furyu de su linea Toonize, de figura de Hashibira Inosuke de &#8220;Demon Slayer:Kimetsu No Yaiba&#8221;.<\/li>\n<li>\u00a1\u00c9l est\u00e1 representado en un adorable estilo de dibujos animados y es una gran adici\u00f3n a cualquier colecci\u00f3n de Demon Slayer!<\/li>\n<li>Se trata de una figura de Pvc de unos 13 cm de alto y no articulada<\/li>\n<\/ul>\n","protected":false},"excerpt":{"rendered":"<p><strong>Hashibira Inosuke Normal Color Ver. Demon Slayer Kimetsu no Yaiba Toonize Figura 13 cm<\/strong><\/p>\n<p>Good Smile Company, nos trae esta figura fabricada por Furyu de su linea Toonize, de figura de Hashibira Inosuke de &#8220;Demon Slayer:Kimetsu No Yaiba&#8221;.<\/p>\n","protected":false},"featured_media":128127,"template":"","meta":{"_acf_changed":false,"_kad_blocks_custom_css":"","_kad_blocks_head_custom_js":"","_kad_blocks_body_custom_js":"","_kad_blocks_footer_custom_js":""},"product_cat":[1390],"product_tag":[],"class_list":{"0":"post-128132","1":"product","2":"type-product","3":"status-publish","4":"has-post-thumbnail","6":"product_cat-figures","7":"pa_brand-good-smile-company-en","8":"pa_character-inosuke-hashibira-en","9":"pa_license-kimetsu-no-yaiba-demon-slayer-en","10":"pa_product-type-figure","11":"pa_theme-toonize-en","13":"first","14":"outofstock","15":"taxable","16":"shipping-taxable","17":"purchasable","18":"product-type-simple"},"acf":[],"yoast_head":"<!-- This site is optimized with the Yoast SEO plugin v26.1.1 - https:\/\/yoast.com\/wordpress\/plugins\/seo\/ -->\n<title>Hashibira Inosuke Normal Color Ver. Demon Slayer Kimetsu no Yaiba Toonize - EndormoonStore<\/title>\n<meta name=\"robots\" content=\"index, follow, max-snippet:-1, max-image-preview:large, max-video-preview:-1\" \/>\n<link rel=\"canonical\" href=\"https:\/\/endormoonstore.com\/en\/hashibira-inosuke-normal-color-ver-demon-slayer-kimetsu-no-yaiba-toonize\/\" \/>\n<meta property=\"og:locale\" content=\"en_US\" \/>\n<meta property=\"og:type\" content=\"article\" \/>\n<meta property=\"og:title\" content=\"Hashibira Inosuke Normal Color Ver. Demon Slayer Kimetsu no Yaiba Toonize - EndormoonStore\" \/>\n<meta property=\"og:description\" content=\"Hashibira Inosuke Normal Color Ver. Demon Slayer Kimetsu no Yaiba Toonize Figura 13 cm  Good Smile Company, nos trae esta figura fabricada por Furyu de su linea Toonize, de figura de Hashibira Inosuke de &quot;Demon Slayer:Kimetsu No Yaiba&quot;.\" \/>\n<meta property=\"og:url\" content=\"https:\/\/endormoonstore.com\/en\/hashibira-inosuke-normal-color-ver-demon-slayer-kimetsu-no-yaiba-toonize\/\" \/>\n<meta property=\"og:site_name\" content=\"EndormoonStore\" \/>\n<meta property=\"article:modified_time\" content=\"2022-10-30T20:36:55+00:00\" \/>\n<meta property=\"og:image\" content=\"https:\/\/endormoonstore.com\/wp-content\/uploads\/2022\/04\/Hashibira-Inosuke-Normal-Color-Ver.-Demon-Slayer-Kimetsu-no-Yaiba-Toonize-1.jpeg\" \/>\n\t<meta property=\"og:image:width\" content=\"1000\" \/>\n\t<meta property=\"og:image:height\" content=\"1000\" \/>\n\t<meta property=\"og:image:type\" content=\"image\/jpeg\" \/>\n<meta name=\"twitter:card\" content=\"summary_large_image\" \/>\n<meta name=\"twitter:label1\" content=\"Est. reading time\" \/>\n\t<meta name=\"twitter:data1\" content=\"1 minute\" \/>\n<script type=\"application\/ld+json\" class=\"yoast-schema-graph\">{\"@context\":\"https:\/\/schema.org\",\"@graph\":[{\"@type\":\"WebPage\",\"@id\":\"https:\/\/endormoonstore.com\/en\/hashibira-inosuke-normal-color-ver-demon-slayer-kimetsu-no-yaiba-toonize\/\",\"url\":\"https:\/\/endormoonstore.com\/en\/hashibira-inosuke-normal-color-ver-demon-slayer-kimetsu-no-yaiba-toonize\/\",\"name\":\"Hashibira Inosuke Normal Color Ver. Demon Slayer Kimetsu no Yaiba Toonize - EndormoonStore\",\"isPartOf\":{\"@id\":\"https:\/\/endormoonstore.com\/#website\"},\"primaryImageOfPage\":{\"@id\":\"https:\/\/endormoonstore.com\/en\/hashibira-inosuke-normal-color-ver-demon-slayer-kimetsu-no-yaiba-toonize\/#primaryimage\"},\"image\":{\"@id\":\"https:\/\/endormoonstore.com\/en\/hashibira-inosuke-normal-color-ver-demon-slayer-kimetsu-no-yaiba-toonize\/#primaryimage\"},\"thumbnailUrl\":\"https:\/\/endormoonstore.com\/wp-content\/uploads\/2022\/04\/Hashibira-Inosuke-Normal-Color-Ver.-Demon-Slayer-Kimetsu-no-Yaiba-Toonize-1.jpeg\",\"datePublished\":\"2022-04-15T20:14:50+00:00\",\"dateModified\":\"2022-10-30T20:36:55+00:00\",\"breadcrumb\":{\"@id\":\"https:\/\/endormoonstore.com\/en\/hashibira-inosuke-normal-color-ver-demon-slayer-kimetsu-no-yaiba-toonize\/#breadcrumb\"},\"inLanguage\":\"en-US\",\"potentialAction\":[{\"@type\":\"ReadAction\",\"target\":[\"https:\/\/endormoonstore.com\/en\/hashibira-inosuke-normal-color-ver-demon-slayer-kimetsu-no-yaiba-toonize\/\"]}]},{\"@type\":\"ImageObject\",\"inLanguage\":\"en-US\",\"@id\":\"https:\/\/endormoonstore.com\/en\/hashibira-inosuke-normal-color-ver-demon-slayer-kimetsu-no-yaiba-toonize\/#primaryimage\",\"url\":\"https:\/\/endormoonstore.com\/wp-content\/uploads\/2022\/04\/Hashibira-Inosuke-Normal-Color-Ver.-Demon-Slayer-Kimetsu-no-Yaiba-Toonize-1.jpeg\",\"contentUrl\":\"https:\/\/endormoonstore.com\/wp-content\/uploads\/2022\/04\/Hashibira-Inosuke-Normal-Color-Ver.-Demon-Slayer-Kimetsu-no-Yaiba-Toonize-1.jpeg\",\"width\":1000,\"height\":1000},{\"@type\":\"BreadcrumbList\",\"@id\":\"https:\/\/endormoonstore.com\/en\/hashibira-inosuke-normal-color-ver-demon-slayer-kimetsu-no-yaiba-toonize\/#breadcrumb\",\"itemListElement\":[{\"@type\":\"ListItem\",\"position\":1,\"name\":\"Shop\",\"item\":\"https:\/\/endormoonstore.com\/en\/shop\/\"},{\"@type\":\"ListItem\",\"position\":2,\"name\":\"Hashibira Inosuke Normal Color Ver. Demon Slayer Kimetsu no Yaiba Toonize\"}]},{\"@type\":\"WebSite\",\"@id\":\"https:\/\/endormoonstore.com\/#website\",\"url\":\"https:\/\/endormoonstore.com\/\",\"name\":\"EndormoonStore\",\"description\":\"\",\"potentialAction\":[{\"@type\":\"SearchAction\",\"target\":{\"@type\":\"EntryPoint\",\"urlTemplate\":\"https:\/\/endormoonstore.com\/?s={search_term_string}\"},\"query-input\":{\"@type\":\"PropertyValueSpecification\",\"valueRequired\":true,\"valueName\":\"search_term_string\"}}],\"inLanguage\":\"en-US\"}]}<\/script>\n<!-- \/ Yoast SEO plugin. -->","yoast_head_json":{"title":"Hashibira Inosuke Normal Color Ver. Demon Slayer Kimetsu no Yaiba Toonize - EndormoonStore","robots":{"index":"index","follow":"follow","max-snippet":"max-snippet:-1","max-image-preview":"max-image-preview:large","max-video-preview":"max-video-preview:-1"},"canonical":"https:\/\/endormoonstore.com\/en\/hashibira-inosuke-normal-color-ver-demon-slayer-kimetsu-no-yaiba-toonize\/","og_locale":"en_US","og_type":"article","og_title":"Hashibira Inosuke Normal Color Ver. Demon Slayer Kimetsu no Yaiba Toonize - EndormoonStore","og_description":"Hashibira Inosuke Normal Color Ver. Demon Slayer Kimetsu no Yaiba Toonize Figura 13 cm  Good Smile Company, nos trae esta figura fabricada por Furyu de su linea Toonize, de figura de Hashibira Inosuke de \"Demon Slayer:Kimetsu No Yaiba\".","og_url":"https:\/\/endormoonstore.com\/en\/hashibira-inosuke-normal-color-ver-demon-slayer-kimetsu-no-yaiba-toonize\/","og_site_name":"EndormoonStore","article_modified_time":"2022-10-30T20:36:55+00:00","og_image":[{"width":1000,"height":1000,"url":"https:\/\/endormoonstore.com\/wp-content\/uploads\/2022\/04\/Hashibira-Inosuke-Normal-Color-Ver.-Demon-Slayer-Kimetsu-no-Yaiba-Toonize-1.jpeg","type":"image\/jpeg"}],"twitter_card":"summary_large_image","twitter_misc":{"Est. reading time":"1 minute"},"schema":{"@context":"https:\/\/schema.org","@graph":[{"@type":"WebPage","@id":"https:\/\/endormoonstore.com\/en\/hashibira-inosuke-normal-color-ver-demon-slayer-kimetsu-no-yaiba-toonize\/","url":"https:\/\/endormoonstore.com\/en\/hashibira-inosuke-normal-color-ver-demon-slayer-kimetsu-no-yaiba-toonize\/","name":"Hashibira Inosuke Normal Color Ver. Demon Slayer Kimetsu no Yaiba Toonize - EndormoonStore","isPartOf":{"@id":"https:\/\/endormoonstore.com\/#website"},"primaryImageOfPage":{"@id":"https:\/\/endormoonstore.com\/en\/hashibira-inosuke-normal-color-ver-demon-slayer-kimetsu-no-yaiba-toonize\/#primaryimage"},"image":{"@id":"https:\/\/endormoonstore.com\/en\/hashibira-inosuke-normal-color-ver-demon-slayer-kimetsu-no-yaiba-toonize\/#primaryimage"},"thumbnailUrl":"https:\/\/endormoonstore.com\/wp-content\/uploads\/2022\/04\/Hashibira-Inosuke-Normal-Color-Ver.-Demon-Slayer-Kimetsu-no-Yaiba-Toonize-1.jpeg","datePublished":"2022-04-15T20:14:50+00:00","dateModified":"2022-10-30T20:36:55+00:00","breadcrumb":{"@id":"https:\/\/endormoonstore.com\/en\/hashibira-inosuke-normal-color-ver-demon-slayer-kimetsu-no-yaiba-toonize\/#breadcrumb"},"inLanguage":"en-US","potentialAction":[{"@type":"ReadAction","target":["https:\/\/endormoonstore.com\/en\/hashibira-inosuke-normal-color-ver-demon-slayer-kimetsu-no-yaiba-toonize\/"]}]},{"@type":"ImageObject","inLanguage":"en-US","@id":"https:\/\/endormoonstore.com\/en\/hashibira-inosuke-normal-color-ver-demon-slayer-kimetsu-no-yaiba-toonize\/#primaryimage","url":"https:\/\/endormoonstore.com\/wp-content\/uploads\/2022\/04\/Hashibira-Inosuke-Normal-Color-Ver.-Demon-Slayer-Kimetsu-no-Yaiba-Toonize-1.jpeg","contentUrl":"https:\/\/endormoonstore.com\/wp-content\/uploads\/2022\/04\/Hashibira-Inosuke-Normal-Color-Ver.-Demon-Slayer-Kimetsu-no-Yaiba-Toonize-1.jpeg","width":1000,"height":1000},{"@type":"BreadcrumbList","@id":"https:\/\/endormoonstore.com\/en\/hashibira-inosuke-normal-color-ver-demon-slayer-kimetsu-no-yaiba-toonize\/#breadcrumb","itemListElement":[{"@type":"ListItem","position":1,"name":"Shop","item":"https:\/\/endormoonstore.com\/en\/shop\/"},{"@type":"ListItem","position":2,"name":"Hashibira Inosuke Normal Color Ver. Demon Slayer Kimetsu no Yaiba Toonize"}]},{"@type":"WebSite","@id":"https:\/\/endormoonstore.com\/#website","url":"https:\/\/endormoonstore.com\/","name":"EndormoonStore","description":"","potentialAction":[{"@type":"SearchAction","target":{"@type":"EntryPoint","urlTemplate":"https:\/\/endormoonstore.com\/?s={search_term_string}"},"query-input":{"@type":"PropertyValueSpecification","valueRequired":true,"valueName":"search_term_string"}}],"inLanguage":"en-US"}]}},"taxonomy_info":{"product_cat":[{"value":1390,"label":"Figures"}],"pa_brand":[{"value":2081,"label":"Good Smile Company"}],"pa_character":[{"value":11073,"label":"Inosuke Hashibira"}],"pa_license":[{"value":2609,"label":"Kimetsu no Yaiba: Demon Slayer"}],"pa_product-type":[{"value":2387,"label":"Figure"}],"pa_theme":[{"value":8618,"label":"Toonize"}]},"featured_image_src_large":["https:\/\/endormoonstore.com\/wp-content\/uploads\/2022\/04\/Hashibira-Inosuke-Normal-Color-Ver.-Demon-Slayer-Kimetsu-no-Yaiba-Toonize-1.jpeg",1000,1000,false],"author_info":[],"comment_info":"","_links":{"self":[{"href":"https:\/\/endormoonstore.com\/en\/wp-json\/wp\/v2\/product\/128132","targetHints":{"allow":["GET"]}}],"collection":[{"href":"https:\/\/endormoonstore.com\/en\/wp-json\/wp\/v2\/product"}],"about":[{"href":"https:\/\/endormoonstore.com\/en\/wp-json\/wp\/v2\/types\/product"}],"wp:featuredmedia":[{"embeddable":true,"href":"https:\/\/endormoonstore.com\/en\/wp-json\/wp\/v2\/media\/128127"}],"wp:attachment":[{"href":"https:\/\/endormoonstore.com\/en\/wp-json\/wp\/v2\/media?parent=128132"}],"wp:term":[{"taxonomy":"product_cat","embeddable":true,"href":"https:\/\/endormoonstore.com\/en\/wp-json\/wp\/v2\/product_cat?post=128132"},{"taxonomy":"product_tag","embeddable":true,"href":"https:\/\/endormoonstore.com\/en\/wp-json\/wp\/v2\/product_tag?post=128132"}],"curies":[{"name":"wp","href":"https:\/\/api.w.org\/{rel}","templated":true}]}}