{"id":128094,"date":"2022-04-15T14:42:30","date_gmt":"2022-04-15T12:42:30","guid":{"rendered":"https:\/\/endormoonstore.com\/transformers-collaborative-g-i-joe-mash-up-megatron-h-i-s-s-tank-and-baroness\/"},"modified":"2022-08-26T10:44:12","modified_gmt":"2022-08-26T08:44:12","slug":"transformers-collaborative-g-i-joe-mash-up-megatron-h-i-s-s-tank-and-baroness","status":"publish","type":"product","link":"https:\/\/endormoonstore.com\/en\/transformers-collaborative-g-i-joe-mash-up-megatron-h-i-s-s-tank-and-baroness\/","title":{"rendered":"Transformers Collaborative G.I. Joe Mash-Up, Megatron H.I.S.S. Tank and Baroness"},"content":{"rendered":"<p><strong>Transformers Collaborative G.I. Joe Mash-Up, Megatron H.I.S.S. Tank and Baroness<\/strong><\/p>\n<ul>\n<li>Los robots de Transformers siempre han sido, m\u00e1s de lo que parece, pero ahora, a trav\u00e9s de Transformers Collaborative, los fan\u00e1ticos pueden experimentar estos personajes m\u00e1s grandes que la vida mientras se unen, se mezclan y se encuentran con otros personajes, equipos y personas que comparten esta misma cualidad especial.<\/li>\n<li>\u00a1Los Decepticons y Cobra se unen para conquistar el mundo!\u00a0Baroness y Megatron, disfrazados de HISS Tank, planean el pr\u00f3ximo ataque Cobra.<\/li>\n<li>La figura Megatron HISS Tank se convierte del modo robot al modo tanque en 28 pasos y viene con la figura GI Joe Retro Baroness.<\/li>\n<li>Ambas figuras cuentan con decoraci\u00f3n y detalles basados \u200b\u200ben los mundos de Transformers y GI Joe.<\/li>\n<li>Incluye ca\u00f1\u00f3n de fusi\u00f3n, mochila y accesorios para armas.<\/li>\n<li>El veh\u00edculo HISS transformado en Megatron Hiss mide unos 26 cm de alto<\/li>\n<li>Muestra la figura de la baronesa en la torreta y en el modo de veh\u00edculo cisterna HISS.<\/li>\n<li>El Caja est\u00e1 inspirada en una mezcla de los juguetes cl\u00e1sicos de los 80 con obras de arte retro.<\/li>\n<li>El figura Baroness viene en un reverso de tarjeta con una tarjeta de archivo.<\/li>\n<\/ul>\n","protected":false},"excerpt":{"rendered":"<p><strong>Transformers Collaborative G.I. Joe Mash-Up, Megatron H.I.S.S. Tank and Baroness<\/strong><\/p>\n<p>Los robots de Transformers siempre han sido, m\u00e1s de lo que parece, pero ahora, a trav\u00e9s de Transformers Collaborative, los fan\u00e1ticos pueden experimentar estos personajes m\u00e1s grandes que la vida mientras se unen, se mezclan y se encuentran con otros personajes, equipos y personas que comparten esta misma cualidad especial.<\/p>\n","protected":false},"featured_media":128083,"template":"","meta":{"_acf_changed":false,"_kad_blocks_custom_css":"","_kad_blocks_head_custom_js":"","_kad_blocks_body_custom_js":"","_kad_blocks_footer_custom_js":""},"product_cat":[1390],"product_tag":[],"class_list":{"0":"post-128094","1":"product","2":"type-product","3":"status-publish","4":"has-post-thumbnail","6":"product_cat-figures","7":"pa_brand-hasbro-en","8":"pa_character-baroness-en","9":"pa_character-megatron-en","10":"pa_license-g-i-joe-en","11":"pa_license-transformers-en","12":"pa_product-type-figure","13":"pa_theme-transformers-collaborative-en","15":"first","16":"instock","17":"taxable","18":"shipping-taxable","19":"purchasable","20":"product-type-simple"},"acf":[],"yoast_head":"<!-- This site is optimized with the Yoast SEO plugin v26.1.1 - https:\/\/yoast.com\/wordpress\/plugins\/seo\/ -->\n<title>Transformers Collaborative G.I. Joe Mash-Up, Megatron H.I.S.S. Tank and Baroness - EndormoonStore<\/title>\n<meta name=\"robots\" content=\"index, follow, max-snippet:-1, max-image-preview:large, max-video-preview:-1\" \/>\n<link rel=\"canonical\" href=\"https:\/\/endormoonstore.com\/en\/transformers-collaborative-g-i-joe-mash-up-megatron-h-i-s-s-tank-and-baroness\/\" \/>\n<meta property=\"og:locale\" content=\"en_US\" \/>\n<meta property=\"og:type\" content=\"article\" \/>\n<meta property=\"og:title\" content=\"Transformers Collaborative G.I. Joe Mash-Up, Megatron H.I.S.S. Tank and Baroness - EndormoonStore\" \/>\n<meta property=\"og:description\" content=\"Transformers Collaborative G.I. Joe Mash-Up, Megatron H.I.S.S. Tank and Baroness  Los robots de Transformers siempre han sido, m\u00e1s de lo que parece, pero ahora, a trav\u00e9s de Transformers Collaborative, los fan\u00e1ticos pueden experimentar estos personajes m\u00e1s grandes que la vida mientras se unen, se mezclan y se encuentran con otros personajes, equipos y personas que comparten esta misma cualidad especial.\" \/>\n<meta property=\"og:url\" content=\"https:\/\/endormoonstore.com\/en\/transformers-collaborative-g-i-joe-mash-up-megatron-h-i-s-s-tank-and-baroness\/\" \/>\n<meta property=\"og:site_name\" content=\"EndormoonStore\" \/>\n<meta property=\"article:modified_time\" content=\"2022-08-26T08:44:12+00:00\" \/>\n<meta property=\"og:image\" content=\"https:\/\/endormoonstore.com\/wp-content\/uploads\/2022\/04\/Transformers-Collaborative-G.I.-Joe-Mash-Up-Megatron-H.I.S.S.-Tank-and-Baroness-1.jpg\" \/>\n\t<meta property=\"og:image:width\" content=\"1000\" \/>\n\t<meta property=\"og:image:height\" content=\"1000\" \/>\n\t<meta property=\"og:image:type\" content=\"image\/jpeg\" \/>\n<meta name=\"twitter:card\" content=\"summary_large_image\" \/>\n<meta name=\"twitter:label1\" content=\"Est. reading time\" \/>\n\t<meta name=\"twitter:data1\" content=\"1 minute\" \/>\n<script type=\"application\/ld+json\" class=\"yoast-schema-graph\">{\"@context\":\"https:\/\/schema.org\",\"@graph\":[{\"@type\":\"WebPage\",\"@id\":\"https:\/\/endormoonstore.com\/en\/transformers-collaborative-g-i-joe-mash-up-megatron-h-i-s-s-tank-and-baroness\/\",\"url\":\"https:\/\/endormoonstore.com\/en\/transformers-collaborative-g-i-joe-mash-up-megatron-h-i-s-s-tank-and-baroness\/\",\"name\":\"Transformers Collaborative G.I. Joe Mash-Up, Megatron H.I.S.S. Tank and Baroness - EndormoonStore\",\"isPartOf\":{\"@id\":\"https:\/\/endormoonstore.com\/#website\"},\"primaryImageOfPage\":{\"@id\":\"https:\/\/endormoonstore.com\/en\/transformers-collaborative-g-i-joe-mash-up-megatron-h-i-s-s-tank-and-baroness\/#primaryimage\"},\"image\":{\"@id\":\"https:\/\/endormoonstore.com\/en\/transformers-collaborative-g-i-joe-mash-up-megatron-h-i-s-s-tank-and-baroness\/#primaryimage\"},\"thumbnailUrl\":\"https:\/\/endormoonstore.com\/wp-content\/uploads\/2022\/04\/Transformers-Collaborative-G.I.-Joe-Mash-Up-Megatron-H.I.S.S.-Tank-and-Baroness-1.jpg\",\"datePublished\":\"2022-04-15T12:42:30+00:00\",\"dateModified\":\"2022-08-26T08:44:12+00:00\",\"breadcrumb\":{\"@id\":\"https:\/\/endormoonstore.com\/en\/transformers-collaborative-g-i-joe-mash-up-megatron-h-i-s-s-tank-and-baroness\/#breadcrumb\"},\"inLanguage\":\"en-US\",\"potentialAction\":[{\"@type\":\"ReadAction\",\"target\":[\"https:\/\/endormoonstore.com\/en\/transformers-collaborative-g-i-joe-mash-up-megatron-h-i-s-s-tank-and-baroness\/\"]}]},{\"@type\":\"ImageObject\",\"inLanguage\":\"en-US\",\"@id\":\"https:\/\/endormoonstore.com\/en\/transformers-collaborative-g-i-joe-mash-up-megatron-h-i-s-s-tank-and-baroness\/#primaryimage\",\"url\":\"https:\/\/endormoonstore.com\/wp-content\/uploads\/2022\/04\/Transformers-Collaborative-G.I.-Joe-Mash-Up-Megatron-H.I.S.S.-Tank-and-Baroness-1.jpg\",\"contentUrl\":\"https:\/\/endormoonstore.com\/wp-content\/uploads\/2022\/04\/Transformers-Collaborative-G.I.-Joe-Mash-Up-Megatron-H.I.S.S.-Tank-and-Baroness-1.jpg\",\"width\":1000,\"height\":1000},{\"@type\":\"BreadcrumbList\",\"@id\":\"https:\/\/endormoonstore.com\/en\/transformers-collaborative-g-i-joe-mash-up-megatron-h-i-s-s-tank-and-baroness\/#breadcrumb\",\"itemListElement\":[{\"@type\":\"ListItem\",\"position\":1,\"name\":\"Shop\",\"item\":\"https:\/\/endormoonstore.com\/en\/shop\/\"},{\"@type\":\"ListItem\",\"position\":2,\"name\":\"Transformers Collaborative G.I. Joe Mash-Up, Megatron H.I.S.S. Tank and Baroness\"}]},{\"@type\":\"WebSite\",\"@id\":\"https:\/\/endormoonstore.com\/#website\",\"url\":\"https:\/\/endormoonstore.com\/\",\"name\":\"EndormoonStore\",\"description\":\"\",\"potentialAction\":[{\"@type\":\"SearchAction\",\"target\":{\"@type\":\"EntryPoint\",\"urlTemplate\":\"https:\/\/endormoonstore.com\/?s={search_term_string}\"},\"query-input\":{\"@type\":\"PropertyValueSpecification\",\"valueRequired\":true,\"valueName\":\"search_term_string\"}}],\"inLanguage\":\"en-US\"}]}<\/script>\n<!-- \/ Yoast SEO plugin. -->","yoast_head_json":{"title":"Transformers Collaborative G.I. Joe Mash-Up, Megatron H.I.S.S. Tank and Baroness - EndormoonStore","robots":{"index":"index","follow":"follow","max-snippet":"max-snippet:-1","max-image-preview":"max-image-preview:large","max-video-preview":"max-video-preview:-1"},"canonical":"https:\/\/endormoonstore.com\/en\/transformers-collaborative-g-i-joe-mash-up-megatron-h-i-s-s-tank-and-baroness\/","og_locale":"en_US","og_type":"article","og_title":"Transformers Collaborative G.I. Joe Mash-Up, Megatron H.I.S.S. Tank and Baroness - EndormoonStore","og_description":"Transformers Collaborative G.I. Joe Mash-Up, Megatron H.I.S.S. Tank and Baroness  Los robots de Transformers siempre han sido, m\u00e1s de lo que parece, pero ahora, a trav\u00e9s de Transformers Collaborative, los fan\u00e1ticos pueden experimentar estos personajes m\u00e1s grandes que la vida mientras se unen, se mezclan y se encuentran con otros personajes, equipos y personas que comparten esta misma cualidad especial.","og_url":"https:\/\/endormoonstore.com\/en\/transformers-collaborative-g-i-joe-mash-up-megatron-h-i-s-s-tank-and-baroness\/","og_site_name":"EndormoonStore","article_modified_time":"2022-08-26T08:44:12+00:00","og_image":[{"width":1000,"height":1000,"url":"https:\/\/endormoonstore.com\/wp-content\/uploads\/2022\/04\/Transformers-Collaborative-G.I.-Joe-Mash-Up-Megatron-H.I.S.S.-Tank-and-Baroness-1.jpg","type":"image\/jpeg"}],"twitter_card":"summary_large_image","twitter_misc":{"Est. reading time":"1 minute"},"schema":{"@context":"https:\/\/schema.org","@graph":[{"@type":"WebPage","@id":"https:\/\/endormoonstore.com\/en\/transformers-collaborative-g-i-joe-mash-up-megatron-h-i-s-s-tank-and-baroness\/","url":"https:\/\/endormoonstore.com\/en\/transformers-collaborative-g-i-joe-mash-up-megatron-h-i-s-s-tank-and-baroness\/","name":"Transformers Collaborative G.I. Joe Mash-Up, Megatron H.I.S.S. Tank and Baroness - EndormoonStore","isPartOf":{"@id":"https:\/\/endormoonstore.com\/#website"},"primaryImageOfPage":{"@id":"https:\/\/endormoonstore.com\/en\/transformers-collaborative-g-i-joe-mash-up-megatron-h-i-s-s-tank-and-baroness\/#primaryimage"},"image":{"@id":"https:\/\/endormoonstore.com\/en\/transformers-collaborative-g-i-joe-mash-up-megatron-h-i-s-s-tank-and-baroness\/#primaryimage"},"thumbnailUrl":"https:\/\/endormoonstore.com\/wp-content\/uploads\/2022\/04\/Transformers-Collaborative-G.I.-Joe-Mash-Up-Megatron-H.I.S.S.-Tank-and-Baroness-1.jpg","datePublished":"2022-04-15T12:42:30+00:00","dateModified":"2022-08-26T08:44:12+00:00","breadcrumb":{"@id":"https:\/\/endormoonstore.com\/en\/transformers-collaborative-g-i-joe-mash-up-megatron-h-i-s-s-tank-and-baroness\/#breadcrumb"},"inLanguage":"en-US","potentialAction":[{"@type":"ReadAction","target":["https:\/\/endormoonstore.com\/en\/transformers-collaborative-g-i-joe-mash-up-megatron-h-i-s-s-tank-and-baroness\/"]}]},{"@type":"ImageObject","inLanguage":"en-US","@id":"https:\/\/endormoonstore.com\/en\/transformers-collaborative-g-i-joe-mash-up-megatron-h-i-s-s-tank-and-baroness\/#primaryimage","url":"https:\/\/endormoonstore.com\/wp-content\/uploads\/2022\/04\/Transformers-Collaborative-G.I.-Joe-Mash-Up-Megatron-H.I.S.S.-Tank-and-Baroness-1.jpg","contentUrl":"https:\/\/endormoonstore.com\/wp-content\/uploads\/2022\/04\/Transformers-Collaborative-G.I.-Joe-Mash-Up-Megatron-H.I.S.S.-Tank-and-Baroness-1.jpg","width":1000,"height":1000},{"@type":"BreadcrumbList","@id":"https:\/\/endormoonstore.com\/en\/transformers-collaborative-g-i-joe-mash-up-megatron-h-i-s-s-tank-and-baroness\/#breadcrumb","itemListElement":[{"@type":"ListItem","position":1,"name":"Shop","item":"https:\/\/endormoonstore.com\/en\/shop\/"},{"@type":"ListItem","position":2,"name":"Transformers Collaborative G.I. Joe Mash-Up, Megatron H.I.S.S. Tank and Baroness"}]},{"@type":"WebSite","@id":"https:\/\/endormoonstore.com\/#website","url":"https:\/\/endormoonstore.com\/","name":"EndormoonStore","description":"","potentialAction":[{"@type":"SearchAction","target":{"@type":"EntryPoint","urlTemplate":"https:\/\/endormoonstore.com\/?s={search_term_string}"},"query-input":{"@type":"PropertyValueSpecification","valueRequired":true,"valueName":"search_term_string"}}],"inLanguage":"en-US"}]}},"taxonomy_info":{"product_cat":[{"value":1390,"label":"Figures"}],"pa_brand":[{"value":2084,"label":"Hasbro"}],"pa_character":[{"value":4730,"label":"Baroness"},{"value":5372,"label":"Megatron"}],"pa_license":[{"value":3032,"label":"G.I.Joe"},{"value":1873,"label":"Transformers"}],"pa_product-type":[{"value":2387,"label":"Figure"}],"pa_theme":[{"value":4370,"label":"Transformers Collaborative"}]},"featured_image_src_large":["https:\/\/endormoonstore.com\/wp-content\/uploads\/2022\/04\/Transformers-Collaborative-G.I.-Joe-Mash-Up-Megatron-H.I.S.S.-Tank-and-Baroness-1.jpg",1000,1000,false],"author_info":[],"comment_info":"","_links":{"self":[{"href":"https:\/\/endormoonstore.com\/en\/wp-json\/wp\/v2\/product\/128094","targetHints":{"allow":["GET"]}}],"collection":[{"href":"https:\/\/endormoonstore.com\/en\/wp-json\/wp\/v2\/product"}],"about":[{"href":"https:\/\/endormoonstore.com\/en\/wp-json\/wp\/v2\/types\/product"}],"wp:featuredmedia":[{"embeddable":true,"href":"https:\/\/endormoonstore.com\/en\/wp-json\/wp\/v2\/media\/128083"}],"wp:attachment":[{"href":"https:\/\/endormoonstore.com\/en\/wp-json\/wp\/v2\/media?parent=128094"}],"wp:term":[{"taxonomy":"product_cat","embeddable":true,"href":"https:\/\/endormoonstore.com\/en\/wp-json\/wp\/v2\/product_cat?post=128094"},{"taxonomy":"product_tag","embeddable":true,"href":"https:\/\/endormoonstore.com\/en\/wp-json\/wp\/v2\/product_tag?post=128094"}],"curies":[{"name":"wp","href":"https:\/\/api.w.org\/{rel}","templated":true}]}}