{"id":128017,"date":"2022-04-15T13:16:30","date_gmt":"2022-04-15T11:16:30","guid":{"rendered":"https:\/\/endormoonstore.com\/g-i-joe-classified-series-lonzo-stalker-wilkinson-action-figure\/"},"modified":"2022-07-26T23:59:05","modified_gmt":"2022-07-26T21:59:05","slug":"g-i-joe-classified-series-lonzo-stalker-wilkinson-action-figure","status":"publish","type":"product","link":"https:\/\/endormoonstore.com\/en\/g-i-joe-classified-series-lonzo-stalker-wilkinson-action-figure\/","title":{"rendered":"G.I. Joe Classified Series Lonzo &#8220;Stalker&#8221; Wilkinson Action Figure"},"content":{"rendered":"<p><strong>G.I. Joe Classified Series Lonzo &#8220;Stalker&#8221; Wilkinson Action Figure 15 cm<\/strong><\/p>\n<ul>\n<li>Hasbro presenta dentro de la colecci\u00f3n Classified la figura de Lonzo &#8220;Stalker&#8221; Wilkinson basada en la popular serie de figuras G.I.Joe.<\/li>\n<li>Esta figura de Lonzo &#8220;Stalker&#8221; Wilkinson viene lista para la acci\u00f3n, con m\u00faltiples puntos de articulaci\u00f3n para una alta cantidad de poses.<\/li>\n<li>La figura de PVC mide unos 15 cm de alto viene con multiples accesorios inspirados en el personaje.<\/li>\n<li>Y con obras de arte personalizadas de Frank Morrison, el paquete GI Joe Classified Series Lonzo &#8220;Stalker&#8221; Wilkinson dejar\u00e1 una marca en los estantes.<\/li>\n<\/ul>\n<p>&nbsp;<\/p>\n<p>&nbsp;<\/p>\n","protected":false},"excerpt":{"rendered":"<p><strong>G.I. Joe Classified Series Lonzo &#8220;Stalker&#8221; Wilkinson Action Figure 15 cm<\/strong><\/p>\n<p>Hasbro presenta dentro de la colecci\u00f3n Classified la figura de Lonzo &#8220;Stalker&#8221; Wilkinson basada en la popular serie de figuras G.I.Joe.<\/p>\n","protected":false},"featured_media":128004,"template":"","meta":{"_acf_changed":false,"_kad_blocks_custom_css":"","_kad_blocks_head_custom_js":"","_kad_blocks_body_custom_js":"","_kad_blocks_footer_custom_js":""},"product_cat":[1390],"product_tag":[],"class_list":{"0":"post-128017","1":"product","2":"type-product","3":"status-publish","4":"has-post-thumbnail","6":"product_cat-figures","7":"pa_brand-hasbro-en","8":"pa_character-lonzo-stalker-wilkinson-en","9":"pa_license-g-i-joe-en","10":"pa_product-type-figure","11":"pa_theme-g-i-joe-classified-en","13":"first","14":"outofstock","15":"taxable","16":"shipping-taxable","17":"purchasable","18":"product-type-simple"},"acf":[],"yoast_head":"<!-- This site is optimized with the Yoast SEO plugin v26.1.1 - https:\/\/yoast.com\/wordpress\/plugins\/seo\/ -->\n<title>G.I. Joe Classified Series Lonzo &quot;Stalker&quot; Wilkinson Action Figure - EndormoonStore<\/title>\n<meta name=\"robots\" content=\"index, follow, max-snippet:-1, max-image-preview:large, max-video-preview:-1\" \/>\n<link rel=\"canonical\" href=\"https:\/\/endormoonstore.com\/en\/g-i-joe-classified-series-lonzo-stalker-wilkinson-action-figure\/\" \/>\n<meta property=\"og:locale\" content=\"en_US\" \/>\n<meta property=\"og:type\" content=\"article\" \/>\n<meta property=\"og:title\" content=\"G.I. Joe Classified Series Lonzo &quot;Stalker&quot; Wilkinson Action Figure - EndormoonStore\" \/>\n<meta property=\"og:description\" content=\"G.I. Joe Classified Series Lonzo &quot;Stalker&quot; Wilkinson Action Figure 15 cm  Hasbro presenta dentro de la colecci\u00f3n Classified la figura de Lonzo &quot;Stalker&quot; Wilkinson basada en la popular serie de figuras G.I.Joe.\" \/>\n<meta property=\"og:url\" content=\"https:\/\/endormoonstore.com\/en\/g-i-joe-classified-series-lonzo-stalker-wilkinson-action-figure\/\" \/>\n<meta property=\"og:site_name\" content=\"EndormoonStore\" \/>\n<meta property=\"article:modified_time\" content=\"2022-07-26T21:59:05+00:00\" \/>\n<meta property=\"og:image\" content=\"https:\/\/endormoonstore.com\/wp-content\/uploads\/2022\/04\/G.I.-Joe-Classified-Series-Lonzo-Stalker-Wilkinson-Action-Figure-1.jpg\" \/>\n\t<meta property=\"og:image:width\" content=\"1000\" \/>\n\t<meta property=\"og:image:height\" content=\"1000\" \/>\n\t<meta property=\"og:image:type\" content=\"image\/jpeg\" \/>\n<meta name=\"twitter:card\" content=\"summary_large_image\" \/>\n<meta name=\"twitter:label1\" content=\"Est. reading time\" \/>\n\t<meta name=\"twitter:data1\" content=\"1 minute\" \/>\n<script type=\"application\/ld+json\" class=\"yoast-schema-graph\">{\"@context\":\"https:\/\/schema.org\",\"@graph\":[{\"@type\":\"WebPage\",\"@id\":\"https:\/\/endormoonstore.com\/en\/g-i-joe-classified-series-lonzo-stalker-wilkinson-action-figure\/\",\"url\":\"https:\/\/endormoonstore.com\/en\/g-i-joe-classified-series-lonzo-stalker-wilkinson-action-figure\/\",\"name\":\"G.I. Joe Classified Series Lonzo \\\"Stalker\\\" Wilkinson Action Figure - EndormoonStore\",\"isPartOf\":{\"@id\":\"https:\/\/endormoonstore.com\/#website\"},\"primaryImageOfPage\":{\"@id\":\"https:\/\/endormoonstore.com\/en\/g-i-joe-classified-series-lonzo-stalker-wilkinson-action-figure\/#primaryimage\"},\"image\":{\"@id\":\"https:\/\/endormoonstore.com\/en\/g-i-joe-classified-series-lonzo-stalker-wilkinson-action-figure\/#primaryimage\"},\"thumbnailUrl\":\"https:\/\/endormoonstore.com\/wp-content\/uploads\/2022\/04\/G.I.-Joe-Classified-Series-Lonzo-Stalker-Wilkinson-Action-Figure-1.jpg\",\"datePublished\":\"2022-04-15T11:16:30+00:00\",\"dateModified\":\"2022-07-26T21:59:05+00:00\",\"breadcrumb\":{\"@id\":\"https:\/\/endormoonstore.com\/en\/g-i-joe-classified-series-lonzo-stalker-wilkinson-action-figure\/#breadcrumb\"},\"inLanguage\":\"en-US\",\"potentialAction\":[{\"@type\":\"ReadAction\",\"target\":[\"https:\/\/endormoonstore.com\/en\/g-i-joe-classified-series-lonzo-stalker-wilkinson-action-figure\/\"]}]},{\"@type\":\"ImageObject\",\"inLanguage\":\"en-US\",\"@id\":\"https:\/\/endormoonstore.com\/en\/g-i-joe-classified-series-lonzo-stalker-wilkinson-action-figure\/#primaryimage\",\"url\":\"https:\/\/endormoonstore.com\/wp-content\/uploads\/2022\/04\/G.I.-Joe-Classified-Series-Lonzo-Stalker-Wilkinson-Action-Figure-1.jpg\",\"contentUrl\":\"https:\/\/endormoonstore.com\/wp-content\/uploads\/2022\/04\/G.I.-Joe-Classified-Series-Lonzo-Stalker-Wilkinson-Action-Figure-1.jpg\",\"width\":1000,\"height\":1000},{\"@type\":\"BreadcrumbList\",\"@id\":\"https:\/\/endormoonstore.com\/en\/g-i-joe-classified-series-lonzo-stalker-wilkinson-action-figure\/#breadcrumb\",\"itemListElement\":[{\"@type\":\"ListItem\",\"position\":1,\"name\":\"Shop\",\"item\":\"https:\/\/endormoonstore.com\/en\/shop\/\"},{\"@type\":\"ListItem\",\"position\":2,\"name\":\"G.I. Joe Classified Series Lonzo &#8220;Stalker&#8221; Wilkinson Action Figure\"}]},{\"@type\":\"WebSite\",\"@id\":\"https:\/\/endormoonstore.com\/#website\",\"url\":\"https:\/\/endormoonstore.com\/\",\"name\":\"EndormoonStore\",\"description\":\"\",\"potentialAction\":[{\"@type\":\"SearchAction\",\"target\":{\"@type\":\"EntryPoint\",\"urlTemplate\":\"https:\/\/endormoonstore.com\/?s={search_term_string}\"},\"query-input\":{\"@type\":\"PropertyValueSpecification\",\"valueRequired\":true,\"valueName\":\"search_term_string\"}}],\"inLanguage\":\"en-US\"}]}<\/script>\n<!-- \/ Yoast SEO plugin. -->","yoast_head_json":{"title":"G.I. Joe Classified Series Lonzo \"Stalker\" Wilkinson Action Figure - EndormoonStore","robots":{"index":"index","follow":"follow","max-snippet":"max-snippet:-1","max-image-preview":"max-image-preview:large","max-video-preview":"max-video-preview:-1"},"canonical":"https:\/\/endormoonstore.com\/en\/g-i-joe-classified-series-lonzo-stalker-wilkinson-action-figure\/","og_locale":"en_US","og_type":"article","og_title":"G.I. Joe Classified Series Lonzo \"Stalker\" Wilkinson Action Figure - EndormoonStore","og_description":"G.I. Joe Classified Series Lonzo \"Stalker\" Wilkinson Action Figure 15 cm  Hasbro presenta dentro de la colecci\u00f3n Classified la figura de Lonzo \"Stalker\" Wilkinson basada en la popular serie de figuras G.I.Joe.","og_url":"https:\/\/endormoonstore.com\/en\/g-i-joe-classified-series-lonzo-stalker-wilkinson-action-figure\/","og_site_name":"EndormoonStore","article_modified_time":"2022-07-26T21:59:05+00:00","og_image":[{"width":1000,"height":1000,"url":"https:\/\/endormoonstore.com\/wp-content\/uploads\/2022\/04\/G.I.-Joe-Classified-Series-Lonzo-Stalker-Wilkinson-Action-Figure-1.jpg","type":"image\/jpeg"}],"twitter_card":"summary_large_image","twitter_misc":{"Est. reading time":"1 minute"},"schema":{"@context":"https:\/\/schema.org","@graph":[{"@type":"WebPage","@id":"https:\/\/endormoonstore.com\/en\/g-i-joe-classified-series-lonzo-stalker-wilkinson-action-figure\/","url":"https:\/\/endormoonstore.com\/en\/g-i-joe-classified-series-lonzo-stalker-wilkinson-action-figure\/","name":"G.I. Joe Classified Series Lonzo \"Stalker\" Wilkinson Action Figure - EndormoonStore","isPartOf":{"@id":"https:\/\/endormoonstore.com\/#website"},"primaryImageOfPage":{"@id":"https:\/\/endormoonstore.com\/en\/g-i-joe-classified-series-lonzo-stalker-wilkinson-action-figure\/#primaryimage"},"image":{"@id":"https:\/\/endormoonstore.com\/en\/g-i-joe-classified-series-lonzo-stalker-wilkinson-action-figure\/#primaryimage"},"thumbnailUrl":"https:\/\/endormoonstore.com\/wp-content\/uploads\/2022\/04\/G.I.-Joe-Classified-Series-Lonzo-Stalker-Wilkinson-Action-Figure-1.jpg","datePublished":"2022-04-15T11:16:30+00:00","dateModified":"2022-07-26T21:59:05+00:00","breadcrumb":{"@id":"https:\/\/endormoonstore.com\/en\/g-i-joe-classified-series-lonzo-stalker-wilkinson-action-figure\/#breadcrumb"},"inLanguage":"en-US","potentialAction":[{"@type":"ReadAction","target":["https:\/\/endormoonstore.com\/en\/g-i-joe-classified-series-lonzo-stalker-wilkinson-action-figure\/"]}]},{"@type":"ImageObject","inLanguage":"en-US","@id":"https:\/\/endormoonstore.com\/en\/g-i-joe-classified-series-lonzo-stalker-wilkinson-action-figure\/#primaryimage","url":"https:\/\/endormoonstore.com\/wp-content\/uploads\/2022\/04\/G.I.-Joe-Classified-Series-Lonzo-Stalker-Wilkinson-Action-Figure-1.jpg","contentUrl":"https:\/\/endormoonstore.com\/wp-content\/uploads\/2022\/04\/G.I.-Joe-Classified-Series-Lonzo-Stalker-Wilkinson-Action-Figure-1.jpg","width":1000,"height":1000},{"@type":"BreadcrumbList","@id":"https:\/\/endormoonstore.com\/en\/g-i-joe-classified-series-lonzo-stalker-wilkinson-action-figure\/#breadcrumb","itemListElement":[{"@type":"ListItem","position":1,"name":"Shop","item":"https:\/\/endormoonstore.com\/en\/shop\/"},{"@type":"ListItem","position":2,"name":"G.I. Joe Classified Series Lonzo &#8220;Stalker&#8221; Wilkinson Action Figure"}]},{"@type":"WebSite","@id":"https:\/\/endormoonstore.com\/#website","url":"https:\/\/endormoonstore.com\/","name":"EndormoonStore","description":"","potentialAction":[{"@type":"SearchAction","target":{"@type":"EntryPoint","urlTemplate":"https:\/\/endormoonstore.com\/?s={search_term_string}"},"query-input":{"@type":"PropertyValueSpecification","valueRequired":true,"valueName":"search_term_string"}}],"inLanguage":"en-US"}]}},"taxonomy_info":{"product_cat":[{"value":1390,"label":"Figures"}],"pa_brand":[{"value":2084,"label":"Hasbro"}],"pa_character":[{"value":9241,"label":"Lonzo \"Stalker\" Wilkinson"}],"pa_license":[{"value":3032,"label":"G.I.Joe"}],"pa_product-type":[{"value":2387,"label":"Figure"}],"pa_theme":[{"value":3044,"label":"G.I.Joe Classified"}]},"featured_image_src_large":["https:\/\/endormoonstore.com\/wp-content\/uploads\/2022\/04\/G.I.-Joe-Classified-Series-Lonzo-Stalker-Wilkinson-Action-Figure-1.jpg",1000,1000,false],"author_info":[],"comment_info":"","_links":{"self":[{"href":"https:\/\/endormoonstore.com\/en\/wp-json\/wp\/v2\/product\/128017","targetHints":{"allow":["GET"]}}],"collection":[{"href":"https:\/\/endormoonstore.com\/en\/wp-json\/wp\/v2\/product"}],"about":[{"href":"https:\/\/endormoonstore.com\/en\/wp-json\/wp\/v2\/types\/product"}],"wp:featuredmedia":[{"embeddable":true,"href":"https:\/\/endormoonstore.com\/en\/wp-json\/wp\/v2\/media\/128004"}],"wp:attachment":[{"href":"https:\/\/endormoonstore.com\/en\/wp-json\/wp\/v2\/media?parent=128017"}],"wp:term":[{"taxonomy":"product_cat","embeddable":true,"href":"https:\/\/endormoonstore.com\/en\/wp-json\/wp\/v2\/product_cat?post=128017"},{"taxonomy":"product_tag","embeddable":true,"href":"https:\/\/endormoonstore.com\/en\/wp-json\/wp\/v2\/product_tag?post=128017"}],"curies":[{"name":"wp","href":"https:\/\/api.w.org\/{rel}","templated":true}]}}