{"id":127858,"date":"2022-04-14T20:31:50","date_gmt":"2022-04-14T18:31:50","guid":{"rendered":"https:\/\/endormoonstore.com\/ultimate-the-last-ronin-unarmored-teenage-mutant-ninja-turtles-idw-comics\/"},"modified":"2023-02-28T14:36:50","modified_gmt":"2023-02-28T13:36:50","slug":"ultimate-the-last-ronin-unarmored-teenage-mutant-ninja-turtles-idw-comics","status":"publish","type":"product","link":"https:\/\/endormoonstore.com\/en\/ultimate-the-last-ronin-unarmored-teenage-mutant-ninja-turtles-idw-comics\/","title":{"rendered":"Ultimate The Last Ronin (Unarmored) Teenage Mutant Ninja Turtles (IDW Comics)"},"content":{"rendered":"<p><strong>Ultimate The Last Ronin (Unarmored) Teenage Mutant Ninja Turtles (IDW Comics) Figura 18 cm<\/strong><\/p>\n<ul>\n<li>De la serie de c\u00f3mics de las Tortugas Ninja mutantes adolescentes de 2020, \u00a1El \u00faltimo Ronin!<\/li>\n<li>En una futura ciudad de Nueva York muy diferente a la que conocemos hoy, una Tortuga sobreviviente.<\/li>\n<li>Solitaria emprende una misi\u00f3n aparentemente desesperada para obtener justicia para su familia y amigos ca\u00eddos.<\/li>\n<li>Esta versi\u00f3n sin armadura de la figura de acci\u00f3n de The Last Ronin es fiel a la representaci\u00f3n del c\u00f3mic y tiene una 18 cm de alto.<\/li>\n<li>Incluye Mouser, tonfa, estrella ninja, cuchillos arrojadizos, diario de Splinter, nunchakus, espada rota y cabeza y manos intercambiables.<\/li>\n<li>Viene en un una de caja con ventana apto para coleccionistas con solapa de apertura que presenta una ilustraci\u00f3n personalizada.<\/li>\n<\/ul>\n<p>&nbsp;<\/p>\n","protected":false},"excerpt":{"rendered":"<p><strong>Ultimate The Last Ronin (Unarmored) Teenage Mutant Ninja Turtles (IDW Comics) Figura 18 cm<\/strong><\/p>\n<p>De la serie de c\u00f3mics de las Tortugas Ninja mutantes adolescentes de 2020, \u00a1El \u00faltimo Ronin!<\/p>\n","protected":false},"featured_media":127827,"template":"","meta":{"_acf_changed":false,"_kad_blocks_custom_css":"","_kad_blocks_head_custom_js":"","_kad_blocks_body_custom_js":"","_kad_blocks_footer_custom_js":""},"product_cat":[1390],"product_tag":[],"class_list":{"0":"post-127858","1":"product","2":"type-product","3":"status-publish","4":"has-post-thumbnail","6":"product_cat-figures","7":"pa_brand-neca-en","8":"pa_character-last-ronin-en","9":"pa_license-teenage-mutant-ninja-turtles","10":"pa_product-type-figure","11":"pa_theme-scale-action-figure-en","13":"first","14":"instock","15":"taxable","16":"shipping-taxable","17":"purchasable","18":"product-type-simple"},"acf":[],"yoast_head":"<!-- This site is optimized with the Yoast SEO plugin v26.1.1 - https:\/\/yoast.com\/wordpress\/plugins\/seo\/ -->\n<title>Ultimate The Last Ronin (Unarmored) Teenage Mutant Ninja Turtles (IDW Comics) - EndormoonStore<\/title>\n<meta name=\"robots\" content=\"index, follow, max-snippet:-1, max-image-preview:large, max-video-preview:-1\" \/>\n<link rel=\"canonical\" href=\"https:\/\/endormoonstore.com\/en\/ultimate-the-last-ronin-unarmored-teenage-mutant-ninja-turtles-idw-comics\/\" \/>\n<meta property=\"og:locale\" content=\"en_US\" \/>\n<meta property=\"og:type\" content=\"article\" \/>\n<meta property=\"og:title\" content=\"Ultimate The Last Ronin (Unarmored) Teenage Mutant Ninja Turtles (IDW Comics) - EndormoonStore\" \/>\n<meta property=\"og:description\" content=\"Ultimate The Last Ronin (Unarmored) Teenage Mutant Ninja Turtles (IDW Comics) Figura 18 cm  De la serie de c\u00f3mics de las Tortugas Ninja mutantes adolescentes de 2020, \u00a1El \u00faltimo Ronin!\" \/>\n<meta property=\"og:url\" content=\"https:\/\/endormoonstore.com\/en\/ultimate-the-last-ronin-unarmored-teenage-mutant-ninja-turtles-idw-comics\/\" \/>\n<meta property=\"og:site_name\" content=\"EndormoonStore\" \/>\n<meta property=\"article:modified_time\" content=\"2023-02-28T13:36:50+00:00\" \/>\n<meta property=\"og:image\" content=\"https:\/\/endormoonstore.com\/wp-content\/uploads\/2022\/04\/Ultimate-The-Last-Ronin-Unarmored-Teenage-Mutant-Ninja-Turtles-IDW-Comics-1.jpg\" \/>\n\t<meta property=\"og:image:width\" content=\"1000\" \/>\n\t<meta property=\"og:image:height\" content=\"1250\" \/>\n\t<meta property=\"og:image:type\" content=\"image\/jpeg\" \/>\n<meta name=\"twitter:card\" content=\"summary_large_image\" \/>\n<meta name=\"twitter:label1\" content=\"Est. reading time\" \/>\n\t<meta name=\"twitter:data1\" content=\"1 minute\" \/>\n<script type=\"application\/ld+json\" class=\"yoast-schema-graph\">{\"@context\":\"https:\/\/schema.org\",\"@graph\":[{\"@type\":\"WebPage\",\"@id\":\"https:\/\/endormoonstore.com\/en\/ultimate-the-last-ronin-unarmored-teenage-mutant-ninja-turtles-idw-comics\/\",\"url\":\"https:\/\/endormoonstore.com\/en\/ultimate-the-last-ronin-unarmored-teenage-mutant-ninja-turtles-idw-comics\/\",\"name\":\"Ultimate The Last Ronin (Unarmored) Teenage Mutant Ninja Turtles (IDW Comics) - EndormoonStore\",\"isPartOf\":{\"@id\":\"https:\/\/endormoonstore.com\/#website\"},\"primaryImageOfPage\":{\"@id\":\"https:\/\/endormoonstore.com\/en\/ultimate-the-last-ronin-unarmored-teenage-mutant-ninja-turtles-idw-comics\/#primaryimage\"},\"image\":{\"@id\":\"https:\/\/endormoonstore.com\/en\/ultimate-the-last-ronin-unarmored-teenage-mutant-ninja-turtles-idw-comics\/#primaryimage\"},\"thumbnailUrl\":\"https:\/\/endormoonstore.com\/wp-content\/uploads\/2022\/04\/Ultimate-The-Last-Ronin-Unarmored-Teenage-Mutant-Ninja-Turtles-IDW-Comics-1.jpg\",\"datePublished\":\"2022-04-14T18:31:50+00:00\",\"dateModified\":\"2023-02-28T13:36:50+00:00\",\"breadcrumb\":{\"@id\":\"https:\/\/endormoonstore.com\/en\/ultimate-the-last-ronin-unarmored-teenage-mutant-ninja-turtles-idw-comics\/#breadcrumb\"},\"inLanguage\":\"en-US\",\"potentialAction\":[{\"@type\":\"ReadAction\",\"target\":[\"https:\/\/endormoonstore.com\/en\/ultimate-the-last-ronin-unarmored-teenage-mutant-ninja-turtles-idw-comics\/\"]}]},{\"@type\":\"ImageObject\",\"inLanguage\":\"en-US\",\"@id\":\"https:\/\/endormoonstore.com\/en\/ultimate-the-last-ronin-unarmored-teenage-mutant-ninja-turtles-idw-comics\/#primaryimage\",\"url\":\"https:\/\/endormoonstore.com\/wp-content\/uploads\/2022\/04\/Ultimate-The-Last-Ronin-Unarmored-Teenage-Mutant-Ninja-Turtles-IDW-Comics-1.jpg\",\"contentUrl\":\"https:\/\/endormoonstore.com\/wp-content\/uploads\/2022\/04\/Ultimate-The-Last-Ronin-Unarmored-Teenage-Mutant-Ninja-Turtles-IDW-Comics-1.jpg\",\"width\":1000,\"height\":1250},{\"@type\":\"BreadcrumbList\",\"@id\":\"https:\/\/endormoonstore.com\/en\/ultimate-the-last-ronin-unarmored-teenage-mutant-ninja-turtles-idw-comics\/#breadcrumb\",\"itemListElement\":[{\"@type\":\"ListItem\",\"position\":1,\"name\":\"Shop\",\"item\":\"https:\/\/endormoonstore.com\/en\/shop\/\"},{\"@type\":\"ListItem\",\"position\":2,\"name\":\"Ultimate The Last Ronin (Unarmored) Teenage Mutant Ninja Turtles (IDW Comics)\"}]},{\"@type\":\"WebSite\",\"@id\":\"https:\/\/endormoonstore.com\/#website\",\"url\":\"https:\/\/endormoonstore.com\/\",\"name\":\"EndormoonStore\",\"description\":\"\",\"potentialAction\":[{\"@type\":\"SearchAction\",\"target\":{\"@type\":\"EntryPoint\",\"urlTemplate\":\"https:\/\/endormoonstore.com\/?s={search_term_string}\"},\"query-input\":{\"@type\":\"PropertyValueSpecification\",\"valueRequired\":true,\"valueName\":\"search_term_string\"}}],\"inLanguage\":\"en-US\"}]}<\/script>\n<!-- \/ Yoast SEO plugin. -->","yoast_head_json":{"title":"Ultimate The Last Ronin (Unarmored) Teenage Mutant Ninja Turtles (IDW Comics) - EndormoonStore","robots":{"index":"index","follow":"follow","max-snippet":"max-snippet:-1","max-image-preview":"max-image-preview:large","max-video-preview":"max-video-preview:-1"},"canonical":"https:\/\/endormoonstore.com\/en\/ultimate-the-last-ronin-unarmored-teenage-mutant-ninja-turtles-idw-comics\/","og_locale":"en_US","og_type":"article","og_title":"Ultimate The Last Ronin (Unarmored) Teenage Mutant Ninja Turtles (IDW Comics) - EndormoonStore","og_description":"Ultimate The Last Ronin (Unarmored) Teenage Mutant Ninja Turtles (IDW Comics) Figura 18 cm  De la serie de c\u00f3mics de las Tortugas Ninja mutantes adolescentes de 2020, \u00a1El \u00faltimo Ronin!","og_url":"https:\/\/endormoonstore.com\/en\/ultimate-the-last-ronin-unarmored-teenage-mutant-ninja-turtles-idw-comics\/","og_site_name":"EndormoonStore","article_modified_time":"2023-02-28T13:36:50+00:00","og_image":[{"width":1000,"height":1250,"url":"https:\/\/endormoonstore.com\/wp-content\/uploads\/2022\/04\/Ultimate-The-Last-Ronin-Unarmored-Teenage-Mutant-Ninja-Turtles-IDW-Comics-1.jpg","type":"image\/jpeg"}],"twitter_card":"summary_large_image","twitter_misc":{"Est. reading time":"1 minute"},"schema":{"@context":"https:\/\/schema.org","@graph":[{"@type":"WebPage","@id":"https:\/\/endormoonstore.com\/en\/ultimate-the-last-ronin-unarmored-teenage-mutant-ninja-turtles-idw-comics\/","url":"https:\/\/endormoonstore.com\/en\/ultimate-the-last-ronin-unarmored-teenage-mutant-ninja-turtles-idw-comics\/","name":"Ultimate The Last Ronin (Unarmored) Teenage Mutant Ninja Turtles (IDW Comics) - EndormoonStore","isPartOf":{"@id":"https:\/\/endormoonstore.com\/#website"},"primaryImageOfPage":{"@id":"https:\/\/endormoonstore.com\/en\/ultimate-the-last-ronin-unarmored-teenage-mutant-ninja-turtles-idw-comics\/#primaryimage"},"image":{"@id":"https:\/\/endormoonstore.com\/en\/ultimate-the-last-ronin-unarmored-teenage-mutant-ninja-turtles-idw-comics\/#primaryimage"},"thumbnailUrl":"https:\/\/endormoonstore.com\/wp-content\/uploads\/2022\/04\/Ultimate-The-Last-Ronin-Unarmored-Teenage-Mutant-Ninja-Turtles-IDW-Comics-1.jpg","datePublished":"2022-04-14T18:31:50+00:00","dateModified":"2023-02-28T13:36:50+00:00","breadcrumb":{"@id":"https:\/\/endormoonstore.com\/en\/ultimate-the-last-ronin-unarmored-teenage-mutant-ninja-turtles-idw-comics\/#breadcrumb"},"inLanguage":"en-US","potentialAction":[{"@type":"ReadAction","target":["https:\/\/endormoonstore.com\/en\/ultimate-the-last-ronin-unarmored-teenage-mutant-ninja-turtles-idw-comics\/"]}]},{"@type":"ImageObject","inLanguage":"en-US","@id":"https:\/\/endormoonstore.com\/en\/ultimate-the-last-ronin-unarmored-teenage-mutant-ninja-turtles-idw-comics\/#primaryimage","url":"https:\/\/endormoonstore.com\/wp-content\/uploads\/2022\/04\/Ultimate-The-Last-Ronin-Unarmored-Teenage-Mutant-Ninja-Turtles-IDW-Comics-1.jpg","contentUrl":"https:\/\/endormoonstore.com\/wp-content\/uploads\/2022\/04\/Ultimate-The-Last-Ronin-Unarmored-Teenage-Mutant-Ninja-Turtles-IDW-Comics-1.jpg","width":1000,"height":1250},{"@type":"BreadcrumbList","@id":"https:\/\/endormoonstore.com\/en\/ultimate-the-last-ronin-unarmored-teenage-mutant-ninja-turtles-idw-comics\/#breadcrumb","itemListElement":[{"@type":"ListItem","position":1,"name":"Shop","item":"https:\/\/endormoonstore.com\/en\/shop\/"},{"@type":"ListItem","position":2,"name":"Ultimate The Last Ronin (Unarmored) Teenage Mutant Ninja Turtles (IDW Comics)"}]},{"@type":"WebSite","@id":"https:\/\/endormoonstore.com\/#website","url":"https:\/\/endormoonstore.com\/","name":"EndormoonStore","description":"","potentialAction":[{"@type":"SearchAction","target":{"@type":"EntryPoint","urlTemplate":"https:\/\/endormoonstore.com\/?s={search_term_string}"},"query-input":{"@type":"PropertyValueSpecification","valueRequired":true,"valueName":"search_term_string"}}],"inLanguage":"en-US"}]}},"taxonomy_info":{"product_cat":[{"value":1390,"label":"Figures"}],"pa_brand":[{"value":2090,"label":"Neca"}],"pa_character":[{"value":11672,"label":"Last Ronin"}],"pa_license":[{"value":2035,"label":"Teenage Mutant Ninja Turtles"}],"pa_product-type":[{"value":2387,"label":"Figure"}],"pa_theme":[{"value":2864,"label":"Scale Action Figure"}]},"featured_image_src_large":["https:\/\/endormoonstore.com\/wp-content\/uploads\/2022\/04\/Ultimate-The-Last-Ronin-Unarmored-Teenage-Mutant-Ninja-Turtles-IDW-Comics-1.jpg",1000,1250,false],"author_info":[],"comment_info":"","_links":{"self":[{"href":"https:\/\/endormoonstore.com\/en\/wp-json\/wp\/v2\/product\/127858","targetHints":{"allow":["GET"]}}],"collection":[{"href":"https:\/\/endormoonstore.com\/en\/wp-json\/wp\/v2\/product"}],"about":[{"href":"https:\/\/endormoonstore.com\/en\/wp-json\/wp\/v2\/types\/product"}],"wp:featuredmedia":[{"embeddable":true,"href":"https:\/\/endormoonstore.com\/en\/wp-json\/wp\/v2\/media\/127827"}],"wp:attachment":[{"href":"https:\/\/endormoonstore.com\/en\/wp-json\/wp\/v2\/media?parent=127858"}],"wp:term":[{"taxonomy":"product_cat","embeddable":true,"href":"https:\/\/endormoonstore.com\/en\/wp-json\/wp\/v2\/product_cat?post=127858"},{"taxonomy":"product_tag","embeddable":true,"href":"https:\/\/endormoonstore.com\/en\/wp-json\/wp\/v2\/product_tag?post=127858"}],"curies":[{"name":"wp","href":"https:\/\/api.w.org\/{rel}","templated":true}]}}