{"id":127481,"date":"2022-04-11T19:56:42","date_gmt":"2022-04-11T17:56:42","guid":{"rendered":"https:\/\/endormoonstore.com\/giyu-tomioka-demon-slayer-kimetsu-no-yaiba-nendoroid-swacchao\/"},"modified":"2023-01-27T11:36:36","modified_gmt":"2023-01-27T10:36:36","slug":"giyu-tomioka-demon-slayer-kimetsu-no-yaiba-nendoroid-swacchao","status":"publish","type":"product","link":"https:\/\/endormoonstore.com\/en\/giyu-tomioka-demon-slayer-kimetsu-no-yaiba-nendoroid-swacchao\/","title":{"rendered":"Giyu Tomioka Demon Slayer: Kimetsu no Yaiba Nendoroid Swacchao!"},"content":{"rendered":"<p><strong>Giyu Tomioka Demon Slayer: Kimetsu no Yaiba Nendoroid Swacchao! Figura 9 cm<\/strong><\/p>\n<ul>\n<li>\u00a1Giyu Tomioka de &#8220;Demon Slayer: Kimetsu no Yaiba&#8221; se une al nuevo Nendoroid Swacchao!<\/li>\n<li>Las figuras cuentan con un Nendoroid sentado en una silla, por lo que es f\u00e1cil exhibirlas en escritorios, estantes o \u00e1reas con poco espacio.<\/li>\n<li>Las figuras incluso se pueden mostrar en los bordes de su escritorio o estante, \u00a1as\u00ed que disfrute coleccion\u00e1ndolas y exhibi\u00e9ndolas en todas partes!<\/li>\n<\/ul>\n<p>&nbsp;<\/p>\n<p>&nbsp;<\/p>\n","protected":false},"excerpt":{"rendered":"<p><strong>Giyu Tomioka Demon Slayer: Kimetsu no Yaiba Nendoroid Swacchao! Figura 9 cm<\/strong><\/p>\n<p>\u00a1Giyu Tomioka de &#8220;Demon Slayer: Kimetsu no Yaiba&#8221; se une al nuevo Nendoroid Swacchao!<\/p>\n","protected":false},"featured_media":127470,"template":"","meta":{"_acf_changed":false,"_kad_blocks_custom_css":"","_kad_blocks_head_custom_js":"","_kad_blocks_body_custom_js":"","_kad_blocks_footer_custom_js":""},"product_cat":[1390],"product_tag":[],"class_list":{"0":"post-127481","1":"product","2":"type-product","3":"status-publish","4":"has-post-thumbnail","6":"product_cat-figures","7":"pa_brand-good-smile-company-en","8":"pa_character-giyu-tomioka-en","9":"pa_license-kimetsu-no-yaiba-demon-slayer-en","10":"pa_product-type-figure","11":"pa_theme-nendoroid-swacchao-en","13":"first","14":"outofstock","15":"taxable","16":"shipping-taxable","17":"purchasable","18":"product-type-simple"},"acf":[],"yoast_head":"<!-- This site is optimized with the Yoast SEO plugin v26.1.1 - https:\/\/yoast.com\/wordpress\/plugins\/seo\/ -->\n<title>Giyu Tomioka Demon Slayer: Kimetsu no Yaiba Nendoroid Swacchao! - EndormoonStore<\/title>\n<meta name=\"robots\" content=\"index, follow, max-snippet:-1, max-image-preview:large, max-video-preview:-1\" \/>\n<link rel=\"canonical\" href=\"https:\/\/endormoonstore.com\/giyu-tomioka-demon-slayer-kimetsu-no-yaiba-nendoroid-swacchao\/\" \/>\n<meta property=\"og:locale\" content=\"en_US\" \/>\n<meta property=\"og:type\" content=\"article\" \/>\n<meta property=\"og:title\" content=\"Giyu Tomioka Demon Slayer: Kimetsu no Yaiba Nendoroid Swacchao! - EndormoonStore\" \/>\n<meta property=\"og:description\" content=\"Giyu Tomioka Demon Slayer: Kimetsu no Yaiba Nendoroid Swacchao! Figura 9 cm  \u00a1Giyu Tomioka de &quot;Demon Slayer: Kimetsu no Yaiba&quot; se une al nuevo Nendoroid Swacchao!\" \/>\n<meta property=\"og:url\" content=\"https:\/\/endormoonstore.com\/giyu-tomioka-demon-slayer-kimetsu-no-yaiba-nendoroid-swacchao\/\" \/>\n<meta property=\"og:site_name\" content=\"EndormoonStore\" \/>\n<meta property=\"article:modified_time\" content=\"2023-01-27T10:36:36+00:00\" \/>\n<meta property=\"og:image\" content=\"https:\/\/endormoonstore.com\/wp-content\/uploads\/2022\/04\/Giyu-Tomioka-Demon-Slayer-Kimetsu-no-Yaiba-Nendoroid-Swacchao-1.jpeg\" \/>\n\t<meta property=\"og:image:width\" content=\"730\" \/>\n\t<meta property=\"og:image:height\" content=\"900\" \/>\n\t<meta property=\"og:image:type\" content=\"image\/jpeg\" \/>\n<meta name=\"twitter:card\" content=\"summary_large_image\" \/>\n<meta name=\"twitter:label1\" content=\"Est. reading time\" \/>\n\t<meta name=\"twitter:data1\" content=\"1 minute\" \/>\n<script type=\"application\/ld+json\" class=\"yoast-schema-graph\">{\"@context\":\"https:\/\/schema.org\",\"@graph\":[{\"@type\":\"WebPage\",\"@id\":\"https:\/\/endormoonstore.com\/giyu-tomioka-demon-slayer-kimetsu-no-yaiba-nendoroid-swacchao\/\",\"url\":\"https:\/\/endormoonstore.com\/giyu-tomioka-demon-slayer-kimetsu-no-yaiba-nendoroid-swacchao\/\",\"name\":\"Giyu Tomioka Demon Slayer: Kimetsu no Yaiba Nendoroid Swacchao! - EndormoonStore\",\"isPartOf\":{\"@id\":\"https:\/\/endormoonstore.com\/#website\"},\"primaryImageOfPage\":{\"@id\":\"https:\/\/endormoonstore.com\/giyu-tomioka-demon-slayer-kimetsu-no-yaiba-nendoroid-swacchao\/#primaryimage\"},\"image\":{\"@id\":\"https:\/\/endormoonstore.com\/giyu-tomioka-demon-slayer-kimetsu-no-yaiba-nendoroid-swacchao\/#primaryimage\"},\"thumbnailUrl\":\"https:\/\/endormoonstore.com\/wp-content\/uploads\/2022\/04\/Giyu-Tomioka-Demon-Slayer-Kimetsu-no-Yaiba-Nendoroid-Swacchao-1.jpeg\",\"datePublished\":\"2022-04-11T17:56:42+00:00\",\"dateModified\":\"2023-01-27T10:36:36+00:00\",\"breadcrumb\":{\"@id\":\"https:\/\/endormoonstore.com\/giyu-tomioka-demon-slayer-kimetsu-no-yaiba-nendoroid-swacchao\/#breadcrumb\"},\"inLanguage\":\"en-US\",\"potentialAction\":[{\"@type\":\"ReadAction\",\"target\":[\"https:\/\/endormoonstore.com\/giyu-tomioka-demon-slayer-kimetsu-no-yaiba-nendoroid-swacchao\/\"]}]},{\"@type\":\"ImageObject\",\"inLanguage\":\"en-US\",\"@id\":\"https:\/\/endormoonstore.com\/giyu-tomioka-demon-slayer-kimetsu-no-yaiba-nendoroid-swacchao\/#primaryimage\",\"url\":\"https:\/\/endormoonstore.com\/wp-content\/uploads\/2022\/04\/Giyu-Tomioka-Demon-Slayer-Kimetsu-no-Yaiba-Nendoroid-Swacchao-1.jpeg\",\"contentUrl\":\"https:\/\/endormoonstore.com\/wp-content\/uploads\/2022\/04\/Giyu-Tomioka-Demon-Slayer-Kimetsu-no-Yaiba-Nendoroid-Swacchao-1.jpeg\",\"width\":730,\"height\":900},{\"@type\":\"BreadcrumbList\",\"@id\":\"https:\/\/endormoonstore.com\/giyu-tomioka-demon-slayer-kimetsu-no-yaiba-nendoroid-swacchao\/#breadcrumb\",\"itemListElement\":[{\"@type\":\"ListItem\",\"position\":1,\"name\":\"Shop\",\"item\":\"https:\/\/endormoonstore.com\/en\/shop\/\"},{\"@type\":\"ListItem\",\"position\":2,\"name\":\"Giyu Tomioka Demon Slayer: Kimetsu no Yaiba Nendoroid Swacchao!\"}]},{\"@type\":\"WebSite\",\"@id\":\"https:\/\/endormoonstore.com\/#website\",\"url\":\"https:\/\/endormoonstore.com\/\",\"name\":\"EndormoonStore\",\"description\":\"\",\"potentialAction\":[{\"@type\":\"SearchAction\",\"target\":{\"@type\":\"EntryPoint\",\"urlTemplate\":\"https:\/\/endormoonstore.com\/?s={search_term_string}\"},\"query-input\":{\"@type\":\"PropertyValueSpecification\",\"valueRequired\":true,\"valueName\":\"search_term_string\"}}],\"inLanguage\":\"en-US\"}]}<\/script>\n<!-- \/ Yoast SEO plugin. -->","yoast_head_json":{"title":"Giyu Tomioka Demon Slayer: Kimetsu no Yaiba Nendoroid Swacchao! - EndormoonStore","robots":{"index":"index","follow":"follow","max-snippet":"max-snippet:-1","max-image-preview":"max-image-preview:large","max-video-preview":"max-video-preview:-1"},"canonical":"https:\/\/endormoonstore.com\/giyu-tomioka-demon-slayer-kimetsu-no-yaiba-nendoroid-swacchao\/","og_locale":"en_US","og_type":"article","og_title":"Giyu Tomioka Demon Slayer: Kimetsu no Yaiba Nendoroid Swacchao! - EndormoonStore","og_description":"Giyu Tomioka Demon Slayer: Kimetsu no Yaiba Nendoroid Swacchao! Figura 9 cm  \u00a1Giyu Tomioka de \"Demon Slayer: Kimetsu no Yaiba\" se une al nuevo Nendoroid Swacchao!","og_url":"https:\/\/endormoonstore.com\/giyu-tomioka-demon-slayer-kimetsu-no-yaiba-nendoroid-swacchao\/","og_site_name":"EndormoonStore","article_modified_time":"2023-01-27T10:36:36+00:00","og_image":[{"width":730,"height":900,"url":"https:\/\/endormoonstore.com\/wp-content\/uploads\/2022\/04\/Giyu-Tomioka-Demon-Slayer-Kimetsu-no-Yaiba-Nendoroid-Swacchao-1.jpeg","type":"image\/jpeg"}],"twitter_card":"summary_large_image","twitter_misc":{"Est. reading time":"1 minute"},"schema":{"@context":"https:\/\/schema.org","@graph":[{"@type":"WebPage","@id":"https:\/\/endormoonstore.com\/giyu-tomioka-demon-slayer-kimetsu-no-yaiba-nendoroid-swacchao\/","url":"https:\/\/endormoonstore.com\/giyu-tomioka-demon-slayer-kimetsu-no-yaiba-nendoroid-swacchao\/","name":"Giyu Tomioka Demon Slayer: Kimetsu no Yaiba Nendoroid Swacchao! - EndormoonStore","isPartOf":{"@id":"https:\/\/endormoonstore.com\/#website"},"primaryImageOfPage":{"@id":"https:\/\/endormoonstore.com\/giyu-tomioka-demon-slayer-kimetsu-no-yaiba-nendoroid-swacchao\/#primaryimage"},"image":{"@id":"https:\/\/endormoonstore.com\/giyu-tomioka-demon-slayer-kimetsu-no-yaiba-nendoroid-swacchao\/#primaryimage"},"thumbnailUrl":"https:\/\/endormoonstore.com\/wp-content\/uploads\/2022\/04\/Giyu-Tomioka-Demon-Slayer-Kimetsu-no-Yaiba-Nendoroid-Swacchao-1.jpeg","datePublished":"2022-04-11T17:56:42+00:00","dateModified":"2023-01-27T10:36:36+00:00","breadcrumb":{"@id":"https:\/\/endormoonstore.com\/giyu-tomioka-demon-slayer-kimetsu-no-yaiba-nendoroid-swacchao\/#breadcrumb"},"inLanguage":"en-US","potentialAction":[{"@type":"ReadAction","target":["https:\/\/endormoonstore.com\/giyu-tomioka-demon-slayer-kimetsu-no-yaiba-nendoroid-swacchao\/"]}]},{"@type":"ImageObject","inLanguage":"en-US","@id":"https:\/\/endormoonstore.com\/giyu-tomioka-demon-slayer-kimetsu-no-yaiba-nendoroid-swacchao\/#primaryimage","url":"https:\/\/endormoonstore.com\/wp-content\/uploads\/2022\/04\/Giyu-Tomioka-Demon-Slayer-Kimetsu-no-Yaiba-Nendoroid-Swacchao-1.jpeg","contentUrl":"https:\/\/endormoonstore.com\/wp-content\/uploads\/2022\/04\/Giyu-Tomioka-Demon-Slayer-Kimetsu-no-Yaiba-Nendoroid-Swacchao-1.jpeg","width":730,"height":900},{"@type":"BreadcrumbList","@id":"https:\/\/endormoonstore.com\/giyu-tomioka-demon-slayer-kimetsu-no-yaiba-nendoroid-swacchao\/#breadcrumb","itemListElement":[{"@type":"ListItem","position":1,"name":"Shop","item":"https:\/\/endormoonstore.com\/en\/shop\/"},{"@type":"ListItem","position":2,"name":"Giyu Tomioka Demon Slayer: Kimetsu no Yaiba Nendoroid Swacchao!"}]},{"@type":"WebSite","@id":"https:\/\/endormoonstore.com\/#website","url":"https:\/\/endormoonstore.com\/","name":"EndormoonStore","description":"","potentialAction":[{"@type":"SearchAction","target":{"@type":"EntryPoint","urlTemplate":"https:\/\/endormoonstore.com\/?s={search_term_string}"},"query-input":{"@type":"PropertyValueSpecification","valueRequired":true,"valueName":"search_term_string"}}],"inLanguage":"en-US"}]}},"taxonomy_info":{"product_cat":[{"value":1390,"label":"Figures"}],"pa_brand":[{"value":2081,"label":"Good Smile Company"}],"pa_character":[{"value":7230,"label":"Giyu Tomioka"}],"pa_license":[{"value":2609,"label":"Kimetsu no Yaiba: Demon Slayer"}],"pa_product-type":[{"value":2387,"label":"Figure"}],"pa_theme":[{"value":9394,"label":"Nendoroid Swacchao!"}]},"featured_image_src_large":["https:\/\/endormoonstore.com\/wp-content\/uploads\/2022\/04\/Giyu-Tomioka-Demon-Slayer-Kimetsu-no-Yaiba-Nendoroid-Swacchao-1.jpeg",730,900,false],"author_info":[],"comment_info":"","_links":{"self":[{"href":"https:\/\/endormoonstore.com\/en\/wp-json\/wp\/v2\/product\/127481","targetHints":{"allow":["GET"]}}],"collection":[{"href":"https:\/\/endormoonstore.com\/en\/wp-json\/wp\/v2\/product"}],"about":[{"href":"https:\/\/endormoonstore.com\/en\/wp-json\/wp\/v2\/types\/product"}],"wp:featuredmedia":[{"embeddable":true,"href":"https:\/\/endormoonstore.com\/en\/wp-json\/wp\/v2\/media\/127470"}],"wp:attachment":[{"href":"https:\/\/endormoonstore.com\/en\/wp-json\/wp\/v2\/media?parent=127481"}],"wp:term":[{"taxonomy":"product_cat","embeddable":true,"href":"https:\/\/endormoonstore.com\/en\/wp-json\/wp\/v2\/product_cat?post=127481"},{"taxonomy":"product_tag","embeddable":true,"href":"https:\/\/endormoonstore.com\/en\/wp-json\/wp\/v2\/product_tag?post=127481"}],"curies":[{"name":"wp","href":"https:\/\/api.w.org\/{rel}","templated":true}]}}