{"id":127420,"date":"2022-04-10T21:51:40","date_gmt":"2022-04-10T19:51:40","guid":{"rendered":"https:\/\/endormoonstore.com\/the-mummy-accessory-pack-universal-monsters\/"},"modified":"2023-02-24T13:20:00","modified_gmt":"2023-02-24T12:20:00","slug":"the-mummy-accessory-pack-universal-monsters","status":"publish","type":"product","link":"https:\/\/endormoonstore.com\/en\/the-mummy-accessory-pack-universal-monsters\/","title":{"rendered":"The Mummy Accessory Pack Universal Monsters"},"content":{"rendered":"<p><strong>The Mummy Accessory Pack Universal Monsters<\/strong><\/p>\n<ul>\n<li>\u00a1Construye escenarios y dioramas a\u00fan m\u00e1s grandes con este juego de accesorios para la figura de acci\u00f3n Universal Monsters The Mummy de NECA!<\/li>\n<li>La estrella del conjunto es el elaborado sarc\u00f3fago, que mide m\u00e1s de 23 cm de alto y tiene una tapa que se puede quitar con una decoraci\u00f3n precisa de la pel\u00edcula y un intrincado patr\u00f3n impreso.<\/li>\n<li>El conjunto tambi\u00e9n incluye un cofre.<\/li>\n<li>Embalaje en caja cerrada.<\/li>\n<li><strong>Figura de momia no incluida, se vende por separado.<\/strong><\/li>\n<\/ul>\n<p>&nbsp;<\/p>\n","protected":false},"excerpt":{"rendered":"<p><strong>The Mummy Accessory Pack Universal Monsters<\/strong><\/p>\n<p>\u00a1Construye escenarios y dioramas a\u00fan m\u00e1s grandes con este juego de accesorios para la figura de acci\u00f3n Universal Monsters The Mummy de NECA!<\/p>\n","protected":false},"featured_media":127399,"template":"","meta":{"_acf_changed":false,"_kad_blocks_custom_css":"","_kad_blocks_head_custom_js":"","_kad_blocks_body_custom_js":"","_kad_blocks_footer_custom_js":""},"product_cat":[1390],"product_tag":[],"class_list":{"0":"post-127420","1":"product","2":"type-product","3":"status-publish","4":"has-post-thumbnail","6":"product_cat-figures","7":"pa_brand-neca-en","8":"pa_character-the-mummy-en","9":"pa_license-the-mummy-en","10":"pa_product-type-figure","11":"pa_theme-universal-monsters-en","13":"first","14":"outofstock","15":"taxable","16":"shipping-taxable","17":"purchasable","18":"product-type-simple"},"acf":[],"yoast_head":"<!-- This site is optimized with the Yoast SEO plugin v26.1.1 - https:\/\/yoast.com\/wordpress\/plugins\/seo\/ -->\n<title>The Mummy Accessory Pack Universal Monsters - EndormoonStore<\/title>\n<meta name=\"robots\" content=\"index, follow, max-snippet:-1, max-image-preview:large, max-video-preview:-1\" \/>\n<link rel=\"canonical\" href=\"https:\/\/endormoonstore.com\/en\/the-mummy-accessory-pack-universal-monsters\/\" \/>\n<meta property=\"og:locale\" content=\"en_US\" \/>\n<meta property=\"og:type\" content=\"article\" \/>\n<meta property=\"og:title\" content=\"The Mummy Accessory Pack Universal Monsters - EndormoonStore\" \/>\n<meta property=\"og:description\" content=\"The Mummy Accessory Pack Universal Monsters  \u00a1Construye escenarios y dioramas a\u00fan m\u00e1s grandes con este juego de accesorios para la figura de acci\u00f3n Universal Monsters The Mummy de NECA!\" \/>\n<meta property=\"og:url\" content=\"https:\/\/endormoonstore.com\/en\/the-mummy-accessory-pack-universal-monsters\/\" \/>\n<meta property=\"og:site_name\" content=\"EndormoonStore\" \/>\n<meta property=\"article:modified_time\" content=\"2023-02-24T12:20:00+00:00\" \/>\n<meta property=\"og:image\" content=\"https:\/\/endormoonstore.com\/wp-content\/uploads\/2022\/04\/The-Mummy-Accessory-Pack-Universal-Monsters-6.jpg\" \/>\n\t<meta property=\"og:image:width\" content=\"1000\" \/>\n\t<meta property=\"og:image:height\" content=\"1251\" \/>\n\t<meta property=\"og:image:type\" content=\"image\/jpeg\" \/>\n<meta name=\"twitter:card\" content=\"summary_large_image\" \/>\n<meta name=\"twitter:label1\" content=\"Est. reading time\" \/>\n\t<meta name=\"twitter:data1\" content=\"1 minute\" \/>\n<script type=\"application\/ld+json\" class=\"yoast-schema-graph\">{\"@context\":\"https:\/\/schema.org\",\"@graph\":[{\"@type\":\"WebPage\",\"@id\":\"https:\/\/endormoonstore.com\/en\/the-mummy-accessory-pack-universal-monsters\/\",\"url\":\"https:\/\/endormoonstore.com\/en\/the-mummy-accessory-pack-universal-monsters\/\",\"name\":\"The Mummy Accessory Pack Universal Monsters - EndormoonStore\",\"isPartOf\":{\"@id\":\"https:\/\/endormoonstore.com\/#website\"},\"primaryImageOfPage\":{\"@id\":\"https:\/\/endormoonstore.com\/en\/the-mummy-accessory-pack-universal-monsters\/#primaryimage\"},\"image\":{\"@id\":\"https:\/\/endormoonstore.com\/en\/the-mummy-accessory-pack-universal-monsters\/#primaryimage\"},\"thumbnailUrl\":\"https:\/\/endormoonstore.com\/wp-content\/uploads\/2022\/04\/The-Mummy-Accessory-Pack-Universal-Monsters-6.jpg\",\"datePublished\":\"2022-04-10T19:51:40+00:00\",\"dateModified\":\"2023-02-24T12:20:00+00:00\",\"breadcrumb\":{\"@id\":\"https:\/\/endormoonstore.com\/en\/the-mummy-accessory-pack-universal-monsters\/#breadcrumb\"},\"inLanguage\":\"en-US\",\"potentialAction\":[{\"@type\":\"ReadAction\",\"target\":[\"https:\/\/endormoonstore.com\/en\/the-mummy-accessory-pack-universal-monsters\/\"]}]},{\"@type\":\"ImageObject\",\"inLanguage\":\"en-US\",\"@id\":\"https:\/\/endormoonstore.com\/en\/the-mummy-accessory-pack-universal-monsters\/#primaryimage\",\"url\":\"https:\/\/endormoonstore.com\/wp-content\/uploads\/2022\/04\/The-Mummy-Accessory-Pack-Universal-Monsters-6.jpg\",\"contentUrl\":\"https:\/\/endormoonstore.com\/wp-content\/uploads\/2022\/04\/The-Mummy-Accessory-Pack-Universal-Monsters-6.jpg\",\"width\":1000,\"height\":1251},{\"@type\":\"BreadcrumbList\",\"@id\":\"https:\/\/endormoonstore.com\/en\/the-mummy-accessory-pack-universal-monsters\/#breadcrumb\",\"itemListElement\":[{\"@type\":\"ListItem\",\"position\":1,\"name\":\"Shop\",\"item\":\"https:\/\/endormoonstore.com\/en\/shop\/\"},{\"@type\":\"ListItem\",\"position\":2,\"name\":\"The Mummy Accessory Pack Universal Monsters\"}]},{\"@type\":\"WebSite\",\"@id\":\"https:\/\/endormoonstore.com\/#website\",\"url\":\"https:\/\/endormoonstore.com\/\",\"name\":\"EndormoonStore\",\"description\":\"\",\"potentialAction\":[{\"@type\":\"SearchAction\",\"target\":{\"@type\":\"EntryPoint\",\"urlTemplate\":\"https:\/\/endormoonstore.com\/?s={search_term_string}\"},\"query-input\":{\"@type\":\"PropertyValueSpecification\",\"valueRequired\":true,\"valueName\":\"search_term_string\"}}],\"inLanguage\":\"en-US\"}]}<\/script>\n<!-- \/ Yoast SEO plugin. -->","yoast_head_json":{"title":"The Mummy Accessory Pack Universal Monsters - EndormoonStore","robots":{"index":"index","follow":"follow","max-snippet":"max-snippet:-1","max-image-preview":"max-image-preview:large","max-video-preview":"max-video-preview:-1"},"canonical":"https:\/\/endormoonstore.com\/en\/the-mummy-accessory-pack-universal-monsters\/","og_locale":"en_US","og_type":"article","og_title":"The Mummy Accessory Pack Universal Monsters - EndormoonStore","og_description":"The Mummy Accessory Pack Universal Monsters  \u00a1Construye escenarios y dioramas a\u00fan m\u00e1s grandes con este juego de accesorios para la figura de acci\u00f3n Universal Monsters The Mummy de NECA!","og_url":"https:\/\/endormoonstore.com\/en\/the-mummy-accessory-pack-universal-monsters\/","og_site_name":"EndormoonStore","article_modified_time":"2023-02-24T12:20:00+00:00","og_image":[{"width":1000,"height":1251,"url":"https:\/\/endormoonstore.com\/wp-content\/uploads\/2022\/04\/The-Mummy-Accessory-Pack-Universal-Monsters-6.jpg","type":"image\/jpeg"}],"twitter_card":"summary_large_image","twitter_misc":{"Est. reading time":"1 minute"},"schema":{"@context":"https:\/\/schema.org","@graph":[{"@type":"WebPage","@id":"https:\/\/endormoonstore.com\/en\/the-mummy-accessory-pack-universal-monsters\/","url":"https:\/\/endormoonstore.com\/en\/the-mummy-accessory-pack-universal-monsters\/","name":"The Mummy Accessory Pack Universal Monsters - EndormoonStore","isPartOf":{"@id":"https:\/\/endormoonstore.com\/#website"},"primaryImageOfPage":{"@id":"https:\/\/endormoonstore.com\/en\/the-mummy-accessory-pack-universal-monsters\/#primaryimage"},"image":{"@id":"https:\/\/endormoonstore.com\/en\/the-mummy-accessory-pack-universal-monsters\/#primaryimage"},"thumbnailUrl":"https:\/\/endormoonstore.com\/wp-content\/uploads\/2022\/04\/The-Mummy-Accessory-Pack-Universal-Monsters-6.jpg","datePublished":"2022-04-10T19:51:40+00:00","dateModified":"2023-02-24T12:20:00+00:00","breadcrumb":{"@id":"https:\/\/endormoonstore.com\/en\/the-mummy-accessory-pack-universal-monsters\/#breadcrumb"},"inLanguage":"en-US","potentialAction":[{"@type":"ReadAction","target":["https:\/\/endormoonstore.com\/en\/the-mummy-accessory-pack-universal-monsters\/"]}]},{"@type":"ImageObject","inLanguage":"en-US","@id":"https:\/\/endormoonstore.com\/en\/the-mummy-accessory-pack-universal-monsters\/#primaryimage","url":"https:\/\/endormoonstore.com\/wp-content\/uploads\/2022\/04\/The-Mummy-Accessory-Pack-Universal-Monsters-6.jpg","contentUrl":"https:\/\/endormoonstore.com\/wp-content\/uploads\/2022\/04\/The-Mummy-Accessory-Pack-Universal-Monsters-6.jpg","width":1000,"height":1251},{"@type":"BreadcrumbList","@id":"https:\/\/endormoonstore.com\/en\/the-mummy-accessory-pack-universal-monsters\/#breadcrumb","itemListElement":[{"@type":"ListItem","position":1,"name":"Shop","item":"https:\/\/endormoonstore.com\/en\/shop\/"},{"@type":"ListItem","position":2,"name":"The Mummy Accessory Pack Universal Monsters"}]},{"@type":"WebSite","@id":"https:\/\/endormoonstore.com\/#website","url":"https:\/\/endormoonstore.com\/","name":"EndormoonStore","description":"","potentialAction":[{"@type":"SearchAction","target":{"@type":"EntryPoint","urlTemplate":"https:\/\/endormoonstore.com\/?s={search_term_string}"},"query-input":{"@type":"PropertyValueSpecification","valueRequired":true,"valueName":"search_term_string"}}],"inLanguage":"en-US"}]}},"taxonomy_info":{"product_cat":[{"value":1390,"label":"Figures"}],"pa_brand":[{"value":2090,"label":"Neca"}],"pa_character":[{"value":9439,"label":"The Mummy"}],"pa_license":[{"value":9445,"label":"The Mummy"}],"pa_product-type":[{"value":2387,"label":"Figure"}],"pa_theme":[{"value":11217,"label":"Universal Monsters"}]},"featured_image_src_large":["https:\/\/endormoonstore.com\/wp-content\/uploads\/2022\/04\/The-Mummy-Accessory-Pack-Universal-Monsters-6.jpg",1000,1251,false],"author_info":[],"comment_info":"","_links":{"self":[{"href":"https:\/\/endormoonstore.com\/en\/wp-json\/wp\/v2\/product\/127420","targetHints":{"allow":["GET"]}}],"collection":[{"href":"https:\/\/endormoonstore.com\/en\/wp-json\/wp\/v2\/product"}],"about":[{"href":"https:\/\/endormoonstore.com\/en\/wp-json\/wp\/v2\/types\/product"}],"wp:featuredmedia":[{"embeddable":true,"href":"https:\/\/endormoonstore.com\/en\/wp-json\/wp\/v2\/media\/127399"}],"wp:attachment":[{"href":"https:\/\/endormoonstore.com\/en\/wp-json\/wp\/v2\/media?parent=127420"}],"wp:term":[{"taxonomy":"product_cat","embeddable":true,"href":"https:\/\/endormoonstore.com\/en\/wp-json\/wp\/v2\/product_cat?post=127420"},{"taxonomy":"product_tag","embeddable":true,"href":"https:\/\/endormoonstore.com\/en\/wp-json\/wp\/v2\/product_tag?post=127420"}],"curies":[{"name":"wp","href":"https:\/\/api.w.org\/{rel}","templated":true}]}}