{"id":127315,"date":"2022-04-10T20:52:38","date_gmt":"2022-04-10T18:52:38","guid":{"rendered":"https:\/\/endormoonstore.com\/renet-teenage-mutant-ninja-turtles-mirage-comics\/"},"modified":"2023-02-24T12:51:23","modified_gmt":"2023-02-24T11:51:23","slug":"renet-teenage-mutant-ninja-turtles-mirage-comics","status":"publish","type":"product","link":"https:\/\/endormoonstore.com\/en\/renet-teenage-mutant-ninja-turtles-mirage-comics\/","title":{"rendered":"Renet Teenage Mutant Ninja Turtles (Mirage Comics)"},"content":{"rendered":"<p><strong>Renet Teenage Mutant Ninja Turtles (Mirage Comics) Figura 18 cm<\/strong><\/p>\n<ul>\n<li>Basado en los c\u00f3mics cl\u00e1sicos de Teenage Mutant Ninja Turtles de Mirage de Kevin Eastman y Peter Laird!<\/li>\n<li>\u00a0Esta aprendiz de Maestra del Tiempo prefiere hacer novillos a ir a los libros, y conoce a las Tortugas Ninja mientras se salta sus estudios.<\/li>\n<li>\u00a1Pero Renet tiene mucho que aprender antes de poder convertirse en la Maestra de Todos los Tiempos, y procede a guiarlos en una feliz desventura!<\/li>\n<li>\u00a1La figura de acci\u00f3n de Renet mide aproximadamente unos 18 cm de alto e incluye una capa de art\u00edculos blandos, cabezas y manos intercambiables, Time Scepter, armas variadas y m\u00e1s!<\/li>\n<li>Viene en una caja especial con ventana de tributo al c\u00f3mic ilustrada por Kevin Eastman.<\/li>\n<\/ul>\n<p>&nbsp;<\/p>\n","protected":false},"excerpt":{"rendered":"<p><strong>Renet Teenage Mutant Ninja Turtles (Mirage Comics) Figura 18 cm<\/strong><\/p>\n<p>Basado en los c\u00f3mics cl\u00e1sicos de Teenage Mutant Ninja Turtles de Mirage de Kevin Eastman y Peter Laird!<\/p>\n","protected":false},"featured_media":127284,"template":"","meta":{"_acf_changed":false,"_kad_blocks_custom_css":"","_kad_blocks_head_custom_js":"","_kad_blocks_body_custom_js":"","_kad_blocks_footer_custom_js":""},"product_cat":[1390],"product_tag":[],"class_list":{"0":"post-127315","1":"product","2":"type-product","3":"status-publish","4":"has-post-thumbnail","6":"product_cat-figures","7":"pa_brand-neca-en","8":"pa_character-renet-en","9":"pa_license-teenage-mutant-ninja-turtles","10":"pa_product-type-figure","11":"pa_theme-scale-action-figure-en","13":"first","14":"instock","15":"taxable","16":"shipping-taxable","17":"purchasable","18":"product-type-simple"},"acf":[],"yoast_head":"<!-- This site is optimized with the Yoast SEO plugin v26.1.1 - https:\/\/yoast.com\/wordpress\/plugins\/seo\/ -->\n<title>Renet Teenage Mutant Ninja Turtles (Mirage Comics) - EndormoonStore<\/title>\n<meta name=\"robots\" content=\"index, follow, max-snippet:-1, max-image-preview:large, max-video-preview:-1\" \/>\n<link rel=\"canonical\" href=\"https:\/\/endormoonstore.com\/en\/renet-teenage-mutant-ninja-turtles-mirage-comics\/\" \/>\n<meta property=\"og:locale\" content=\"en_US\" \/>\n<meta property=\"og:type\" content=\"article\" \/>\n<meta property=\"og:title\" content=\"Renet Teenage Mutant Ninja Turtles (Mirage Comics) - EndormoonStore\" \/>\n<meta property=\"og:description\" content=\"Renet Teenage Mutant Ninja Turtles (Mirage Comics) Figura 18 cm  Basado en los c\u00f3mics cl\u00e1sicos de Teenage Mutant Ninja Turtles de Mirage de Kevin Eastman y Peter Laird!\" \/>\n<meta property=\"og:url\" content=\"https:\/\/endormoonstore.com\/en\/renet-teenage-mutant-ninja-turtles-mirage-comics\/\" \/>\n<meta property=\"og:site_name\" content=\"EndormoonStore\" \/>\n<meta property=\"article:modified_time\" content=\"2023-02-24T11:51:23+00:00\" \/>\n<meta property=\"og:image\" content=\"https:\/\/endormoonstore.com\/wp-content\/uploads\/2022\/04\/Renet-Teenage-Mutant-Ninja-Turtles-Mirage-Comics-2.jpg\" \/>\n\t<meta property=\"og:image:width\" content=\"1000\" \/>\n\t<meta property=\"og:image:height\" content=\"1250\" \/>\n\t<meta property=\"og:image:type\" content=\"image\/jpeg\" \/>\n<meta name=\"twitter:card\" content=\"summary_large_image\" \/>\n<meta name=\"twitter:label1\" content=\"Est. reading time\" \/>\n\t<meta name=\"twitter:data1\" content=\"1 minute\" \/>\n<script type=\"application\/ld+json\" class=\"yoast-schema-graph\">{\"@context\":\"https:\/\/schema.org\",\"@graph\":[{\"@type\":\"WebPage\",\"@id\":\"https:\/\/endormoonstore.com\/en\/renet-teenage-mutant-ninja-turtles-mirage-comics\/\",\"url\":\"https:\/\/endormoonstore.com\/en\/renet-teenage-mutant-ninja-turtles-mirage-comics\/\",\"name\":\"Renet Teenage Mutant Ninja Turtles (Mirage Comics) - EndormoonStore\",\"isPartOf\":{\"@id\":\"https:\/\/endormoonstore.com\/#website\"},\"primaryImageOfPage\":{\"@id\":\"https:\/\/endormoonstore.com\/en\/renet-teenage-mutant-ninja-turtles-mirage-comics\/#primaryimage\"},\"image\":{\"@id\":\"https:\/\/endormoonstore.com\/en\/renet-teenage-mutant-ninja-turtles-mirage-comics\/#primaryimage\"},\"thumbnailUrl\":\"https:\/\/endormoonstore.com\/wp-content\/uploads\/2022\/04\/Renet-Teenage-Mutant-Ninja-Turtles-Mirage-Comics-2.jpg\",\"datePublished\":\"2022-04-10T18:52:38+00:00\",\"dateModified\":\"2023-02-24T11:51:23+00:00\",\"breadcrumb\":{\"@id\":\"https:\/\/endormoonstore.com\/en\/renet-teenage-mutant-ninja-turtles-mirage-comics\/#breadcrumb\"},\"inLanguage\":\"en-US\",\"potentialAction\":[{\"@type\":\"ReadAction\",\"target\":[\"https:\/\/endormoonstore.com\/en\/renet-teenage-mutant-ninja-turtles-mirage-comics\/\"]}]},{\"@type\":\"ImageObject\",\"inLanguage\":\"en-US\",\"@id\":\"https:\/\/endormoonstore.com\/en\/renet-teenage-mutant-ninja-turtles-mirage-comics\/#primaryimage\",\"url\":\"https:\/\/endormoonstore.com\/wp-content\/uploads\/2022\/04\/Renet-Teenage-Mutant-Ninja-Turtles-Mirage-Comics-2.jpg\",\"contentUrl\":\"https:\/\/endormoonstore.com\/wp-content\/uploads\/2022\/04\/Renet-Teenage-Mutant-Ninja-Turtles-Mirage-Comics-2.jpg\",\"width\":1000,\"height\":1250},{\"@type\":\"BreadcrumbList\",\"@id\":\"https:\/\/endormoonstore.com\/en\/renet-teenage-mutant-ninja-turtles-mirage-comics\/#breadcrumb\",\"itemListElement\":[{\"@type\":\"ListItem\",\"position\":1,\"name\":\"Shop\",\"item\":\"https:\/\/endormoonstore.com\/en\/shop\/\"},{\"@type\":\"ListItem\",\"position\":2,\"name\":\"Renet Teenage Mutant Ninja Turtles (Mirage Comics)\"}]},{\"@type\":\"WebSite\",\"@id\":\"https:\/\/endormoonstore.com\/#website\",\"url\":\"https:\/\/endormoonstore.com\/\",\"name\":\"EndormoonStore\",\"description\":\"\",\"potentialAction\":[{\"@type\":\"SearchAction\",\"target\":{\"@type\":\"EntryPoint\",\"urlTemplate\":\"https:\/\/endormoonstore.com\/?s={search_term_string}\"},\"query-input\":{\"@type\":\"PropertyValueSpecification\",\"valueRequired\":true,\"valueName\":\"search_term_string\"}}],\"inLanguage\":\"en-US\"}]}<\/script>\n<!-- \/ Yoast SEO plugin. -->","yoast_head_json":{"title":"Renet Teenage Mutant Ninja Turtles (Mirage Comics) - EndormoonStore","robots":{"index":"index","follow":"follow","max-snippet":"max-snippet:-1","max-image-preview":"max-image-preview:large","max-video-preview":"max-video-preview:-1"},"canonical":"https:\/\/endormoonstore.com\/en\/renet-teenage-mutant-ninja-turtles-mirage-comics\/","og_locale":"en_US","og_type":"article","og_title":"Renet Teenage Mutant Ninja Turtles (Mirage Comics) - EndormoonStore","og_description":"Renet Teenage Mutant Ninja Turtles (Mirage Comics) Figura 18 cm  Basado en los c\u00f3mics cl\u00e1sicos de Teenage Mutant Ninja Turtles de Mirage de Kevin Eastman y Peter Laird!","og_url":"https:\/\/endormoonstore.com\/en\/renet-teenage-mutant-ninja-turtles-mirage-comics\/","og_site_name":"EndormoonStore","article_modified_time":"2023-02-24T11:51:23+00:00","og_image":[{"width":1000,"height":1250,"url":"https:\/\/endormoonstore.com\/wp-content\/uploads\/2022\/04\/Renet-Teenage-Mutant-Ninja-Turtles-Mirage-Comics-2.jpg","type":"image\/jpeg"}],"twitter_card":"summary_large_image","twitter_misc":{"Est. reading time":"1 minute"},"schema":{"@context":"https:\/\/schema.org","@graph":[{"@type":"WebPage","@id":"https:\/\/endormoonstore.com\/en\/renet-teenage-mutant-ninja-turtles-mirage-comics\/","url":"https:\/\/endormoonstore.com\/en\/renet-teenage-mutant-ninja-turtles-mirage-comics\/","name":"Renet Teenage Mutant Ninja Turtles (Mirage Comics) - EndormoonStore","isPartOf":{"@id":"https:\/\/endormoonstore.com\/#website"},"primaryImageOfPage":{"@id":"https:\/\/endormoonstore.com\/en\/renet-teenage-mutant-ninja-turtles-mirage-comics\/#primaryimage"},"image":{"@id":"https:\/\/endormoonstore.com\/en\/renet-teenage-mutant-ninja-turtles-mirage-comics\/#primaryimage"},"thumbnailUrl":"https:\/\/endormoonstore.com\/wp-content\/uploads\/2022\/04\/Renet-Teenage-Mutant-Ninja-Turtles-Mirage-Comics-2.jpg","datePublished":"2022-04-10T18:52:38+00:00","dateModified":"2023-02-24T11:51:23+00:00","breadcrumb":{"@id":"https:\/\/endormoonstore.com\/en\/renet-teenage-mutant-ninja-turtles-mirage-comics\/#breadcrumb"},"inLanguage":"en-US","potentialAction":[{"@type":"ReadAction","target":["https:\/\/endormoonstore.com\/en\/renet-teenage-mutant-ninja-turtles-mirage-comics\/"]}]},{"@type":"ImageObject","inLanguage":"en-US","@id":"https:\/\/endormoonstore.com\/en\/renet-teenage-mutant-ninja-turtles-mirage-comics\/#primaryimage","url":"https:\/\/endormoonstore.com\/wp-content\/uploads\/2022\/04\/Renet-Teenage-Mutant-Ninja-Turtles-Mirage-Comics-2.jpg","contentUrl":"https:\/\/endormoonstore.com\/wp-content\/uploads\/2022\/04\/Renet-Teenage-Mutant-Ninja-Turtles-Mirage-Comics-2.jpg","width":1000,"height":1250},{"@type":"BreadcrumbList","@id":"https:\/\/endormoonstore.com\/en\/renet-teenage-mutant-ninja-turtles-mirage-comics\/#breadcrumb","itemListElement":[{"@type":"ListItem","position":1,"name":"Shop","item":"https:\/\/endormoonstore.com\/en\/shop\/"},{"@type":"ListItem","position":2,"name":"Renet Teenage Mutant Ninja Turtles (Mirage Comics)"}]},{"@type":"WebSite","@id":"https:\/\/endormoonstore.com\/#website","url":"https:\/\/endormoonstore.com\/","name":"EndormoonStore","description":"","potentialAction":[{"@type":"SearchAction","target":{"@type":"EntryPoint","urlTemplate":"https:\/\/endormoonstore.com\/?s={search_term_string}"},"query-input":{"@type":"PropertyValueSpecification","valueRequired":true,"valueName":"search_term_string"}}],"inLanguage":"en-US"}]}},"taxonomy_info":{"product_cat":[{"value":1390,"label":"Figures"}],"pa_brand":[{"value":2090,"label":"Neca"}],"pa_character":[{"value":11678,"label":"Renet"}],"pa_license":[{"value":2035,"label":"Teenage Mutant Ninja Turtles"}],"pa_product-type":[{"value":2387,"label":"Figure"}],"pa_theme":[{"value":2864,"label":"Scale Action Figure"}]},"featured_image_src_large":["https:\/\/endormoonstore.com\/wp-content\/uploads\/2022\/04\/Renet-Teenage-Mutant-Ninja-Turtles-Mirage-Comics-2.jpg",1000,1250,false],"author_info":[],"comment_info":"","_links":{"self":[{"href":"https:\/\/endormoonstore.com\/en\/wp-json\/wp\/v2\/product\/127315","targetHints":{"allow":["GET"]}}],"collection":[{"href":"https:\/\/endormoonstore.com\/en\/wp-json\/wp\/v2\/product"}],"about":[{"href":"https:\/\/endormoonstore.com\/en\/wp-json\/wp\/v2\/types\/product"}],"wp:featuredmedia":[{"embeddable":true,"href":"https:\/\/endormoonstore.com\/en\/wp-json\/wp\/v2\/media\/127284"}],"wp:attachment":[{"href":"https:\/\/endormoonstore.com\/en\/wp-json\/wp\/v2\/media?parent=127315"}],"wp:term":[{"taxonomy":"product_cat","embeddable":true,"href":"https:\/\/endormoonstore.com\/en\/wp-json\/wp\/v2\/product_cat?post=127315"},{"taxonomy":"product_tag","embeddable":true,"href":"https:\/\/endormoonstore.com\/en\/wp-json\/wp\/v2\/product_tag?post=127315"}],"curies":[{"name":"wp","href":"https:\/\/api.w.org\/{rel}","templated":true}]}}