{"id":127233,"date":"2022-04-10T20:25:55","date_gmt":"2022-04-10T18:25:55","guid":{"rendered":"https:\/\/endormoonstore.com\/ultimate-april-oneil-tmnt-movie-scale-action-figure-1990-copy\/"},"modified":"2023-02-24T12:37:26","modified_gmt":"2023-02-24T11:37:26","slug":"slash-teenage-mutant-ninja-turtles-archie-comics","status":"publish","type":"product","link":"https:\/\/endormoonstore.com\/en\/slash-teenage-mutant-ninja-turtles-archie-comics\/","title":{"rendered":"Slash Teenage Mutant Ninja Turtles (Archie Comics)"},"content":{"rendered":"<p><strong>Slash Teenage Mutant Ninja Turtles (Archie Comics) Figura 18 cm<\/strong><\/p>\n<ul>\n<li>\u00a1La espera ha terminado!\u00a0\u00a1NECA se enorgullece en anunciar la nueva figura de Slash basada en la serie de c\u00f3mics Teenage Mutant Ninja Turtles Adventures de Eastman y Laird de Archie Comics!<\/li>\n<li>Esta solitaria tortuga mutante de Palmadise no es tan malvada como \u00e9l&#8230; \u00bfecol\u00f3gicamente dedicada?<\/li>\n<li>\u00a1Enloquecido por la destrucci\u00f3n innecesaria de su planeta paradis\u00edaco por un palacio presidencial, el siniestro Slash se vengar\u00e1 de las figuras de autoridad de toda la galaxia!<\/li>\n<li>Slash se detalla como se muestra en los c\u00f3mics y viene con manos intercambiables y dos armas de hoja.<\/li>\n<li>La figura viene en una caja con ventana para coleccionistas que presenta todas las nuevas ilustraciones del artista original de c\u00f3mics TMNT Ken Mitchroney.<\/li>\n<\/ul>\n<p>&nbsp;<\/p>\n","protected":false},"excerpt":{"rendered":"<p><strong>Slash Teenage Mutant Ninja Turtles (Archie Comics) Figura 18 cm<\/strong><\/p>\n<p>\u00a1La espera ha terminado!\u00a0\u00a1NECA se enorgullece en anunciar la nueva figura de Slash basada en la serie de c\u00f3mics Teenage Mutant Ninja Turtles Adventures de Eastman y Laird de Archie Comics!<\/p>\n","protected":false},"featured_media":127210,"template":"","meta":{"_acf_changed":false,"_kad_blocks_custom_css":"","_kad_blocks_head_custom_js":"","_kad_blocks_body_custom_js":"","_kad_blocks_footer_custom_js":""},"product_cat":[1390],"product_tag":[],"class_list":{"0":"post-127233","1":"product","2":"type-product","3":"status-publish","4":"has-post-thumbnail","6":"product_cat-figures","7":"pa_brand-neca-en","8":"pa_character-slash-en","9":"pa_license-teenage-mutant-ninja-turtles","10":"pa_product-type-figure","11":"pa_theme-scale-action-figure-en","13":"first","14":"instock","15":"taxable","16":"shipping-taxable","17":"purchasable","18":"product-type-simple"},"acf":[],"yoast_head":"<!-- This site is optimized with the Yoast SEO plugin v26.1.1 - https:\/\/yoast.com\/wordpress\/plugins\/seo\/ -->\n<title>Slash Teenage Mutant Ninja Turtles (Archie Comics) - EndormoonStore<\/title>\n<meta name=\"robots\" content=\"index, follow, max-snippet:-1, max-image-preview:large, max-video-preview:-1\" \/>\n<link rel=\"canonical\" href=\"https:\/\/endormoonstore.com\/en\/slash-teenage-mutant-ninja-turtles-archie-comics\/\" \/>\n<meta property=\"og:locale\" content=\"en_US\" \/>\n<meta property=\"og:type\" content=\"article\" \/>\n<meta property=\"og:title\" content=\"Slash Teenage Mutant Ninja Turtles (Archie Comics) - EndormoonStore\" \/>\n<meta property=\"og:description\" content=\"Slash Teenage Mutant Ninja Turtles (Archie Comics) Figura 18 cm  \u00a1La espera ha terminado!\u00a0\u00a1NECA se enorgullece en anunciar la nueva figura de Slash basada en la serie de c\u00f3mics Teenage Mutant Ninja Turtles Adventures de Eastman y Laird de Archie Comics!\" \/>\n<meta property=\"og:url\" content=\"https:\/\/endormoonstore.com\/en\/slash-teenage-mutant-ninja-turtles-archie-comics\/\" \/>\n<meta property=\"og:site_name\" content=\"EndormoonStore\" \/>\n<meta property=\"article:modified_time\" content=\"2023-02-24T11:37:26+00:00\" \/>\n<meta property=\"og:image\" content=\"https:\/\/endormoonstore.com\/wp-content\/uploads\/2022\/04\/Slash-Teenage-Mutant-Ninja-Turtles-Archie-Comics-2.jpg\" \/>\n\t<meta property=\"og:image:width\" content=\"1000\" \/>\n\t<meta property=\"og:image:height\" content=\"1250\" \/>\n\t<meta property=\"og:image:type\" content=\"image\/jpeg\" \/>\n<meta name=\"twitter:card\" content=\"summary_large_image\" \/>\n<meta name=\"twitter:label1\" content=\"Est. reading time\" \/>\n\t<meta name=\"twitter:data1\" content=\"1 minute\" \/>\n<script type=\"application\/ld+json\" class=\"yoast-schema-graph\">{\"@context\":\"https:\/\/schema.org\",\"@graph\":[{\"@type\":\"WebPage\",\"@id\":\"https:\/\/endormoonstore.com\/en\/slash-teenage-mutant-ninja-turtles-archie-comics\/\",\"url\":\"https:\/\/endormoonstore.com\/en\/slash-teenage-mutant-ninja-turtles-archie-comics\/\",\"name\":\"Slash Teenage Mutant Ninja Turtles (Archie Comics) - EndormoonStore\",\"isPartOf\":{\"@id\":\"https:\/\/endormoonstore.com\/#website\"},\"primaryImageOfPage\":{\"@id\":\"https:\/\/endormoonstore.com\/en\/slash-teenage-mutant-ninja-turtles-archie-comics\/#primaryimage\"},\"image\":{\"@id\":\"https:\/\/endormoonstore.com\/en\/slash-teenage-mutant-ninja-turtles-archie-comics\/#primaryimage\"},\"thumbnailUrl\":\"https:\/\/endormoonstore.com\/wp-content\/uploads\/2022\/04\/Slash-Teenage-Mutant-Ninja-Turtles-Archie-Comics-2.jpg\",\"datePublished\":\"2022-04-10T18:25:55+00:00\",\"dateModified\":\"2023-02-24T11:37:26+00:00\",\"breadcrumb\":{\"@id\":\"https:\/\/endormoonstore.com\/en\/slash-teenage-mutant-ninja-turtles-archie-comics\/#breadcrumb\"},\"inLanguage\":\"en-US\",\"potentialAction\":[{\"@type\":\"ReadAction\",\"target\":[\"https:\/\/endormoonstore.com\/en\/slash-teenage-mutant-ninja-turtles-archie-comics\/\"]}]},{\"@type\":\"ImageObject\",\"inLanguage\":\"en-US\",\"@id\":\"https:\/\/endormoonstore.com\/en\/slash-teenage-mutant-ninja-turtles-archie-comics\/#primaryimage\",\"url\":\"https:\/\/endormoonstore.com\/wp-content\/uploads\/2022\/04\/Slash-Teenage-Mutant-Ninja-Turtles-Archie-Comics-2.jpg\",\"contentUrl\":\"https:\/\/endormoonstore.com\/wp-content\/uploads\/2022\/04\/Slash-Teenage-Mutant-Ninja-Turtles-Archie-Comics-2.jpg\",\"width\":1000,\"height\":1250},{\"@type\":\"BreadcrumbList\",\"@id\":\"https:\/\/endormoonstore.com\/en\/slash-teenage-mutant-ninja-turtles-archie-comics\/#breadcrumb\",\"itemListElement\":[{\"@type\":\"ListItem\",\"position\":1,\"name\":\"Shop\",\"item\":\"https:\/\/endormoonstore.com\/en\/shop\/\"},{\"@type\":\"ListItem\",\"position\":2,\"name\":\"Slash Teenage Mutant Ninja Turtles (Archie Comics)\"}]},{\"@type\":\"WebSite\",\"@id\":\"https:\/\/endormoonstore.com\/#website\",\"url\":\"https:\/\/endormoonstore.com\/\",\"name\":\"EndormoonStore\",\"description\":\"\",\"potentialAction\":[{\"@type\":\"SearchAction\",\"target\":{\"@type\":\"EntryPoint\",\"urlTemplate\":\"https:\/\/endormoonstore.com\/?s={search_term_string}\"},\"query-input\":{\"@type\":\"PropertyValueSpecification\",\"valueRequired\":true,\"valueName\":\"search_term_string\"}}],\"inLanguage\":\"en-US\"}]}<\/script>\n<!-- \/ Yoast SEO plugin. -->","yoast_head_json":{"title":"Slash Teenage Mutant Ninja Turtles (Archie Comics) - EndormoonStore","robots":{"index":"index","follow":"follow","max-snippet":"max-snippet:-1","max-image-preview":"max-image-preview:large","max-video-preview":"max-video-preview:-1"},"canonical":"https:\/\/endormoonstore.com\/en\/slash-teenage-mutant-ninja-turtles-archie-comics\/","og_locale":"en_US","og_type":"article","og_title":"Slash Teenage Mutant Ninja Turtles (Archie Comics) - EndormoonStore","og_description":"Slash Teenage Mutant Ninja Turtles (Archie Comics) Figura 18 cm  \u00a1La espera ha terminado!\u00a0\u00a1NECA se enorgullece en anunciar la nueva figura de Slash basada en la serie de c\u00f3mics Teenage Mutant Ninja Turtles Adventures de Eastman y Laird de Archie Comics!","og_url":"https:\/\/endormoonstore.com\/en\/slash-teenage-mutant-ninja-turtles-archie-comics\/","og_site_name":"EndormoonStore","article_modified_time":"2023-02-24T11:37:26+00:00","og_image":[{"width":1000,"height":1250,"url":"https:\/\/endormoonstore.com\/wp-content\/uploads\/2022\/04\/Slash-Teenage-Mutant-Ninja-Turtles-Archie-Comics-2.jpg","type":"image\/jpeg"}],"twitter_card":"summary_large_image","twitter_misc":{"Est. reading time":"1 minute"},"schema":{"@context":"https:\/\/schema.org","@graph":[{"@type":"WebPage","@id":"https:\/\/endormoonstore.com\/en\/slash-teenage-mutant-ninja-turtles-archie-comics\/","url":"https:\/\/endormoonstore.com\/en\/slash-teenage-mutant-ninja-turtles-archie-comics\/","name":"Slash Teenage Mutant Ninja Turtles (Archie Comics) - EndormoonStore","isPartOf":{"@id":"https:\/\/endormoonstore.com\/#website"},"primaryImageOfPage":{"@id":"https:\/\/endormoonstore.com\/en\/slash-teenage-mutant-ninja-turtles-archie-comics\/#primaryimage"},"image":{"@id":"https:\/\/endormoonstore.com\/en\/slash-teenage-mutant-ninja-turtles-archie-comics\/#primaryimage"},"thumbnailUrl":"https:\/\/endormoonstore.com\/wp-content\/uploads\/2022\/04\/Slash-Teenage-Mutant-Ninja-Turtles-Archie-Comics-2.jpg","datePublished":"2022-04-10T18:25:55+00:00","dateModified":"2023-02-24T11:37:26+00:00","breadcrumb":{"@id":"https:\/\/endormoonstore.com\/en\/slash-teenage-mutant-ninja-turtles-archie-comics\/#breadcrumb"},"inLanguage":"en-US","potentialAction":[{"@type":"ReadAction","target":["https:\/\/endormoonstore.com\/en\/slash-teenage-mutant-ninja-turtles-archie-comics\/"]}]},{"@type":"ImageObject","inLanguage":"en-US","@id":"https:\/\/endormoonstore.com\/en\/slash-teenage-mutant-ninja-turtles-archie-comics\/#primaryimage","url":"https:\/\/endormoonstore.com\/wp-content\/uploads\/2022\/04\/Slash-Teenage-Mutant-Ninja-Turtles-Archie-Comics-2.jpg","contentUrl":"https:\/\/endormoonstore.com\/wp-content\/uploads\/2022\/04\/Slash-Teenage-Mutant-Ninja-Turtles-Archie-Comics-2.jpg","width":1000,"height":1250},{"@type":"BreadcrumbList","@id":"https:\/\/endormoonstore.com\/en\/slash-teenage-mutant-ninja-turtles-archie-comics\/#breadcrumb","itemListElement":[{"@type":"ListItem","position":1,"name":"Shop","item":"https:\/\/endormoonstore.com\/en\/shop\/"},{"@type":"ListItem","position":2,"name":"Slash Teenage Mutant Ninja Turtles (Archie Comics)"}]},{"@type":"WebSite","@id":"https:\/\/endormoonstore.com\/#website","url":"https:\/\/endormoonstore.com\/","name":"EndormoonStore","description":"","potentialAction":[{"@type":"SearchAction","target":{"@type":"EntryPoint","urlTemplate":"https:\/\/endormoonstore.com\/?s={search_term_string}"},"query-input":{"@type":"PropertyValueSpecification","valueRequired":true,"valueName":"search_term_string"}}],"inLanguage":"en-US"}]}},"taxonomy_info":{"product_cat":[{"value":1390,"label":"Figures"}],"pa_brand":[{"value":2090,"label":"Neca"}],"pa_character":[{"value":5261,"label":"Slash"}],"pa_license":[{"value":2035,"label":"Teenage Mutant Ninja Turtles"}],"pa_product-type":[{"value":2387,"label":"Figure"}],"pa_theme":[{"value":2864,"label":"Scale Action Figure"}]},"featured_image_src_large":["https:\/\/endormoonstore.com\/wp-content\/uploads\/2022\/04\/Slash-Teenage-Mutant-Ninja-Turtles-Archie-Comics-2.jpg",1000,1250,false],"author_info":[],"comment_info":"","_links":{"self":[{"href":"https:\/\/endormoonstore.com\/en\/wp-json\/wp\/v2\/product\/127233","targetHints":{"allow":["GET"]}}],"collection":[{"href":"https:\/\/endormoonstore.com\/en\/wp-json\/wp\/v2\/product"}],"about":[{"href":"https:\/\/endormoonstore.com\/en\/wp-json\/wp\/v2\/types\/product"}],"wp:featuredmedia":[{"embeddable":true,"href":"https:\/\/endormoonstore.com\/en\/wp-json\/wp\/v2\/media\/127210"}],"wp:attachment":[{"href":"https:\/\/endormoonstore.com\/en\/wp-json\/wp\/v2\/media?parent=127233"}],"wp:term":[{"taxonomy":"product_cat","embeddable":true,"href":"https:\/\/endormoonstore.com\/en\/wp-json\/wp\/v2\/product_cat?post=127233"},{"taxonomy":"product_tag","embeddable":true,"href":"https:\/\/endormoonstore.com\/en\/wp-json\/wp\/v2\/product_tag?post=127233"}],"curies":[{"name":"wp","href":"https:\/\/api.w.org\/{rel}","templated":true}]}}