{"id":126582,"date":"2022-03-19T22:51:02","date_gmt":"2022-03-19T21:51:02","guid":{"rendered":"https:\/\/endormoonstore.com\/kotaro-bokuto-haikyu-nendoroid\/"},"modified":"2022-10-22T20:52:06","modified_gmt":"2022-10-22T18:52:06","slug":"kotaro-bokuto-haikyu-nendoroid","status":"publish","type":"product","link":"https:\/\/endormoonstore.com\/en\/kotaro-bokuto-haikyu-nendoroid\/","title":{"rendered":"Kotaro Bokuto Haikyu!! Nendoroid"},"content":{"rendered":"<p><strong>Kotaro Bokuto Haikyu!! Nendoroid Figura 10 cm<\/strong><\/p>\n<div class=\"pull-left margenDatosSecundarios\">\n<div id=\"ctl00_MainContent_dvSinopsis\" class=\"pull-left w100\">\n<ul>\n<li class=\"product-title\">De la popular serie de anime y manga &#8216;Haikyu!!&#8217;\u00a0llega una nueva versi\u00f3n del capit\u00e1n del equipo de voleibol de la Academia Fukurodani Academy High School y uno de los cinco mejores ases del pa\u00eds: \u00a1Kotaro Bokuto!<\/li>\n<li class=\"product-title\">Viene con tres expresiones faciales que incluyen una expresi\u00f3n est\u00e1ndar, una expresi\u00f3n de sorpresa para cuando siente que alguien lo est\u00e1 felicitando, as\u00ed como el &#8216;\u00a1Hey hey hey!&#8217; expresi\u00f3n para cuando aterriza con \u00e9xito un pico!<\/li>\n<li class=\"product-title\">\u00a0Tambi\u00e9n viene una variedad de piezas opcionales que le permiten recrear escenas populares de la serie, as\u00ed como una pelota de voleibol y una base hecha a imagen de una cancha de voleibol.<\/li>\n<li class=\"product-title\">Se incluyen partes de red y partes para mostrarlo agachado.<\/li>\n<li class=\"product-title\">Aseg\u00farate de agregar el capit\u00e1n confiable a tu colecci\u00f3n y recrea tus situaciones favoritas de la serie.<\/li>\n<\/ul>\n<\/div>\n<\/div>\n<p>&nbsp;<\/p>\n<p>&nbsp;<\/p>\n<div class=\"pull-left margenDatosSecundarios\">\n<div id=\"ctl00_MainContent_dvSinopsis\" class=\"pull-left w100\">\n<p>&nbsp;<\/p>\n<\/div>\n<\/div>\n<p>&nbsp;<\/p>\n","protected":false},"excerpt":{"rendered":"<p><strong>Kotaro Bokuto Haikyu!! Nendoroid Figura 10 cm<\/strong><\/p>\n<p>De la popular serie de anime y manga &#8216;Haikyu!!&#8217;\u00a0llega una nueva versi\u00f3n del capit\u00e1n del equipo de voleibol de la Academia Fukurodani Academy High School y uno de los cinco mejores ases del pa\u00eds: \u00a1Kotaro Bokuto!<\/p>\n","protected":false},"featured_media":126571,"template":"","meta":{"_acf_changed":false,"_kad_blocks_custom_css":"","_kad_blocks_head_custom_js":"","_kad_blocks_body_custom_js":"","_kad_blocks_footer_custom_js":""},"product_cat":[1390],"product_tag":[],"class_list":{"0":"post-126582","1":"product","2":"type-product","3":"status-publish","4":"has-post-thumbnail","6":"product_cat-figures","7":"pa_brand-good-smile-company-en","8":"pa_character-kotaro-bokuto-en","9":"pa_license-haikyu-en","10":"pa_product-type-figure","11":"pa_theme-nendoroid-en","13":"first","14":"outofstock","15":"taxable","16":"shipping-taxable","17":"purchasable","18":"product-type-simple"},"acf":[],"yoast_head":"<!-- This site is optimized with the Yoast SEO plugin v26.1.1 - https:\/\/yoast.com\/wordpress\/plugins\/seo\/ -->\n<title>Kotaro Bokuto Haikyu!! Nendoroid - EndormoonStore<\/title>\n<meta name=\"robots\" content=\"index, follow, max-snippet:-1, max-image-preview:large, max-video-preview:-1\" \/>\n<link rel=\"canonical\" href=\"https:\/\/endormoonstore.com\/en\/kotaro-bokuto-haikyu-nendoroid\/\" \/>\n<meta property=\"og:locale\" content=\"en_US\" \/>\n<meta property=\"og:type\" content=\"article\" \/>\n<meta property=\"og:title\" content=\"Kotaro Bokuto Haikyu!! Nendoroid - EndormoonStore\" \/>\n<meta property=\"og:description\" content=\"Kotaro Bokuto Haikyu!! Nendoroid Figura 10 cm  De la popular serie de anime y manga &#039;Haikyu!!&#039;\u00a0llega una nueva versi\u00f3n del capit\u00e1n del equipo de voleibol de la Academia Fukurodani Academy High School y uno de los cinco mejores ases del pa\u00eds: \u00a1Kotaro Bokuto!\" \/>\n<meta property=\"og:url\" content=\"https:\/\/endormoonstore.com\/en\/kotaro-bokuto-haikyu-nendoroid\/\" \/>\n<meta property=\"og:site_name\" content=\"EndormoonStore\" \/>\n<meta property=\"article:modified_time\" content=\"2022-10-22T18:52:06+00:00\" \/>\n<meta property=\"og:image\" content=\"https:\/\/endormoonstore.com\/wp-content\/uploads\/2022\/03\/Kotaro-Bokuto-Haikyuu-Nendoroid-1.jpeg\" \/>\n\t<meta property=\"og:image:width\" content=\"730\" \/>\n\t<meta property=\"og:image:height\" content=\"900\" \/>\n\t<meta property=\"og:image:type\" content=\"image\/jpeg\" \/>\n<meta name=\"twitter:card\" content=\"summary_large_image\" \/>\n<meta name=\"twitter:label1\" content=\"Est. reading time\" \/>\n\t<meta name=\"twitter:data1\" content=\"1 minute\" \/>\n<script type=\"application\/ld+json\" class=\"yoast-schema-graph\">{\"@context\":\"https:\/\/schema.org\",\"@graph\":[{\"@type\":\"WebPage\",\"@id\":\"https:\/\/endormoonstore.com\/en\/kotaro-bokuto-haikyu-nendoroid\/\",\"url\":\"https:\/\/endormoonstore.com\/en\/kotaro-bokuto-haikyu-nendoroid\/\",\"name\":\"Kotaro Bokuto Haikyu!! Nendoroid - EndormoonStore\",\"isPartOf\":{\"@id\":\"https:\/\/endormoonstore.com\/#website\"},\"primaryImageOfPage\":{\"@id\":\"https:\/\/endormoonstore.com\/en\/kotaro-bokuto-haikyu-nendoroid\/#primaryimage\"},\"image\":{\"@id\":\"https:\/\/endormoonstore.com\/en\/kotaro-bokuto-haikyu-nendoroid\/#primaryimage\"},\"thumbnailUrl\":\"https:\/\/endormoonstore.com\/wp-content\/uploads\/2022\/03\/Kotaro-Bokuto-Haikyuu-Nendoroid-1.jpeg\",\"datePublished\":\"2022-03-19T21:51:02+00:00\",\"dateModified\":\"2022-10-22T18:52:06+00:00\",\"breadcrumb\":{\"@id\":\"https:\/\/endormoonstore.com\/en\/kotaro-bokuto-haikyu-nendoroid\/#breadcrumb\"},\"inLanguage\":\"en-US\",\"potentialAction\":[{\"@type\":\"ReadAction\",\"target\":[\"https:\/\/endormoonstore.com\/en\/kotaro-bokuto-haikyu-nendoroid\/\"]}]},{\"@type\":\"ImageObject\",\"inLanguage\":\"en-US\",\"@id\":\"https:\/\/endormoonstore.com\/en\/kotaro-bokuto-haikyu-nendoroid\/#primaryimage\",\"url\":\"https:\/\/endormoonstore.com\/wp-content\/uploads\/2022\/03\/Kotaro-Bokuto-Haikyuu-Nendoroid-1.jpeg\",\"contentUrl\":\"https:\/\/endormoonstore.com\/wp-content\/uploads\/2022\/03\/Kotaro-Bokuto-Haikyuu-Nendoroid-1.jpeg\",\"width\":730,\"height\":900},{\"@type\":\"BreadcrumbList\",\"@id\":\"https:\/\/endormoonstore.com\/en\/kotaro-bokuto-haikyu-nendoroid\/#breadcrumb\",\"itemListElement\":[{\"@type\":\"ListItem\",\"position\":1,\"name\":\"Shop\",\"item\":\"https:\/\/endormoonstore.com\/en\/shop\/\"},{\"@type\":\"ListItem\",\"position\":2,\"name\":\"Kotaro Bokuto Haikyu!! Nendoroid\"}]},{\"@type\":\"WebSite\",\"@id\":\"https:\/\/endormoonstore.com\/#website\",\"url\":\"https:\/\/endormoonstore.com\/\",\"name\":\"EndormoonStore\",\"description\":\"\",\"potentialAction\":[{\"@type\":\"SearchAction\",\"target\":{\"@type\":\"EntryPoint\",\"urlTemplate\":\"https:\/\/endormoonstore.com\/?s={search_term_string}\"},\"query-input\":{\"@type\":\"PropertyValueSpecification\",\"valueRequired\":true,\"valueName\":\"search_term_string\"}}],\"inLanguage\":\"en-US\"}]}<\/script>\n<!-- \/ Yoast SEO plugin. -->","yoast_head_json":{"title":"Kotaro Bokuto Haikyu!! Nendoroid - EndormoonStore","robots":{"index":"index","follow":"follow","max-snippet":"max-snippet:-1","max-image-preview":"max-image-preview:large","max-video-preview":"max-video-preview:-1"},"canonical":"https:\/\/endormoonstore.com\/en\/kotaro-bokuto-haikyu-nendoroid\/","og_locale":"en_US","og_type":"article","og_title":"Kotaro Bokuto Haikyu!! Nendoroid - EndormoonStore","og_description":"Kotaro Bokuto Haikyu!! Nendoroid Figura 10 cm  De la popular serie de anime y manga 'Haikyu!!'\u00a0llega una nueva versi\u00f3n del capit\u00e1n del equipo de voleibol de la Academia Fukurodani Academy High School y uno de los cinco mejores ases del pa\u00eds: \u00a1Kotaro Bokuto!","og_url":"https:\/\/endormoonstore.com\/en\/kotaro-bokuto-haikyu-nendoroid\/","og_site_name":"EndormoonStore","article_modified_time":"2022-10-22T18:52:06+00:00","og_image":[{"width":730,"height":900,"url":"https:\/\/endormoonstore.com\/wp-content\/uploads\/2022\/03\/Kotaro-Bokuto-Haikyuu-Nendoroid-1.jpeg","type":"image\/jpeg"}],"twitter_card":"summary_large_image","twitter_misc":{"Est. reading time":"1 minute"},"schema":{"@context":"https:\/\/schema.org","@graph":[{"@type":"WebPage","@id":"https:\/\/endormoonstore.com\/en\/kotaro-bokuto-haikyu-nendoroid\/","url":"https:\/\/endormoonstore.com\/en\/kotaro-bokuto-haikyu-nendoroid\/","name":"Kotaro Bokuto Haikyu!! Nendoroid - EndormoonStore","isPartOf":{"@id":"https:\/\/endormoonstore.com\/#website"},"primaryImageOfPage":{"@id":"https:\/\/endormoonstore.com\/en\/kotaro-bokuto-haikyu-nendoroid\/#primaryimage"},"image":{"@id":"https:\/\/endormoonstore.com\/en\/kotaro-bokuto-haikyu-nendoroid\/#primaryimage"},"thumbnailUrl":"https:\/\/endormoonstore.com\/wp-content\/uploads\/2022\/03\/Kotaro-Bokuto-Haikyuu-Nendoroid-1.jpeg","datePublished":"2022-03-19T21:51:02+00:00","dateModified":"2022-10-22T18:52:06+00:00","breadcrumb":{"@id":"https:\/\/endormoonstore.com\/en\/kotaro-bokuto-haikyu-nendoroid\/#breadcrumb"},"inLanguage":"en-US","potentialAction":[{"@type":"ReadAction","target":["https:\/\/endormoonstore.com\/en\/kotaro-bokuto-haikyu-nendoroid\/"]}]},{"@type":"ImageObject","inLanguage":"en-US","@id":"https:\/\/endormoonstore.com\/en\/kotaro-bokuto-haikyu-nendoroid\/#primaryimage","url":"https:\/\/endormoonstore.com\/wp-content\/uploads\/2022\/03\/Kotaro-Bokuto-Haikyuu-Nendoroid-1.jpeg","contentUrl":"https:\/\/endormoonstore.com\/wp-content\/uploads\/2022\/03\/Kotaro-Bokuto-Haikyuu-Nendoroid-1.jpeg","width":730,"height":900},{"@type":"BreadcrumbList","@id":"https:\/\/endormoonstore.com\/en\/kotaro-bokuto-haikyu-nendoroid\/#breadcrumb","itemListElement":[{"@type":"ListItem","position":1,"name":"Shop","item":"https:\/\/endormoonstore.com\/en\/shop\/"},{"@type":"ListItem","position":2,"name":"Kotaro Bokuto Haikyu!! Nendoroid"}]},{"@type":"WebSite","@id":"https:\/\/endormoonstore.com\/#website","url":"https:\/\/endormoonstore.com\/","name":"EndormoonStore","description":"","potentialAction":[{"@type":"SearchAction","target":{"@type":"EntryPoint","urlTemplate":"https:\/\/endormoonstore.com\/?s={search_term_string}"},"query-input":{"@type":"PropertyValueSpecification","valueRequired":true,"valueName":"search_term_string"}}],"inLanguage":"en-US"}]}},"taxonomy_info":{"product_cat":[{"value":1390,"label":"Figures"}],"pa_brand":[{"value":2081,"label":"Good Smile Company"}],"pa_character":[{"value":11597,"label":"Kotaro Bokuto"}],"pa_license":[{"value":10201,"label":"Haikyu!!"}],"pa_product-type":[{"value":2387,"label":"Figure"}],"pa_theme":[{"value":1861,"label":"Nendoroid"}]},"featured_image_src_large":["https:\/\/endormoonstore.com\/wp-content\/uploads\/2022\/03\/Kotaro-Bokuto-Haikyuu-Nendoroid-1.jpeg",730,900,false],"author_info":[],"comment_info":"","_links":{"self":[{"href":"https:\/\/endormoonstore.com\/en\/wp-json\/wp\/v2\/product\/126582","targetHints":{"allow":["GET"]}}],"collection":[{"href":"https:\/\/endormoonstore.com\/en\/wp-json\/wp\/v2\/product"}],"about":[{"href":"https:\/\/endormoonstore.com\/en\/wp-json\/wp\/v2\/types\/product"}],"wp:featuredmedia":[{"embeddable":true,"href":"https:\/\/endormoonstore.com\/en\/wp-json\/wp\/v2\/media\/126571"}],"wp:attachment":[{"href":"https:\/\/endormoonstore.com\/en\/wp-json\/wp\/v2\/media?parent=126582"}],"wp:term":[{"taxonomy":"product_cat","embeddable":true,"href":"https:\/\/endormoonstore.com\/en\/wp-json\/wp\/v2\/product_cat?post=126582"},{"taxonomy":"product_tag","embeddable":true,"href":"https:\/\/endormoonstore.com\/en\/wp-json\/wp\/v2\/product_tag?post=126582"}],"curies":[{"name":"wp","href":"https:\/\/api.w.org\/{rel}","templated":true}]}}