{"id":126549,"date":"2022-03-19T20:52:39","date_gmt":"2022-03-19T19:52:39","guid":{"rendered":"https:\/\/endormoonstore.com\/mikasa-ackerman-attack-on-titan-nendoroid\/"},"modified":"2023-01-24T21:48:24","modified_gmt":"2023-01-24T20:48:24","slug":"mikasa-ackerman-attack-on-titan-nendoroid","status":"publish","type":"product","link":"https:\/\/endormoonstore.com\/en\/mikasa-ackerman-attack-on-titan-nendoroid\/","title":{"rendered":"Mikasa Ackerman Attack on Titan Nendoroid"},"content":{"rendered":"<p><strong>Mikasa Ackerman Attack on Titan Nendoroid Figura 10 cm<\/strong><\/p>\n<ul>\n<li>De la popular serie de anime &#8220;Attack on Titan&#8221; llega una nueva versi\u00f3n de Nendoroid Mikasa Ackerman. Si no luchamos, no podemos ganar.<\/li>\n<li>Ella viene con tres expresiones que incluyen su expresi\u00f3n est\u00e1ndar, una expresi\u00f3n de grito y una expresi\u00f3n at\u00f3nita.<\/li>\n<li>El Nendoroid tambi\u00e9n incluye su equipo de maniobra vertical y cuchillas dobles, as\u00ed como partes de efectos para mostrarla volando por el aire con el equipo.<\/li>\n<li>Incluso puedes posarla como si estuviera golpeando el cuello de un Tit\u00e1n haciendo uso de las partes de efecto sangre incluidas que se adhieren a sus cuchillas.<\/li>\n<li>La bufanda que le regal\u00f3 Eren tambi\u00e9n se incluye para crear a\u00fan m\u00e1s escenas de la serie.<\/li>\n<li>Cada una se vende por separado<\/li>\n<\/ul>\n","protected":false},"excerpt":{"rendered":"<p><strong>Mikasa Ackerman Attack on Titan Nendoroid Figura 10 cm<\/strong><\/p>\n<p>De la popular serie de anime &#8220;Attack on Titan&#8221; llega una nueva versi\u00f3n de Nendoroid Mikasa Ackerman. Si no luchamos, no podemos ganar.<\/p>\n","protected":false},"featured_media":126534,"template":"","meta":{"_acf_changed":false,"_kad_blocks_custom_css":"","_kad_blocks_head_custom_js":"","_kad_blocks_body_custom_js":"","_kad_blocks_footer_custom_js":""},"product_cat":[1390],"product_tag":[],"class_list":{"0":"post-126549","1":"product","2":"type-product","3":"status-publish","4":"has-post-thumbnail","6":"product_cat-figures","7":"pa_brand-good-smile-company-en","8":"pa_character-mikasa-ackerman-en","9":"pa_license-attack-on-titan-en","10":"pa_product-type-figure","11":"pa_theme-nendoroid-en","13":"first","14":"instock","15":"sale","16":"taxable","17":"shipping-taxable","18":"purchasable","19":"product-type-simple"},"acf":[],"yoast_head":"<!-- This site is optimized with the Yoast SEO plugin v26.1.1 - https:\/\/yoast.com\/wordpress\/plugins\/seo\/ -->\n<title>Mikasa Ackerman Attack on Titan Nendoroid - EndormoonStore<\/title>\n<meta name=\"robots\" content=\"index, follow, max-snippet:-1, max-image-preview:large, max-video-preview:-1\" \/>\n<link rel=\"canonical\" href=\"https:\/\/endormoonstore.com\/en\/mikasa-ackerman-attack-on-titan-nendoroid\/\" \/>\n<meta property=\"og:locale\" content=\"en_US\" \/>\n<meta property=\"og:type\" content=\"article\" \/>\n<meta property=\"og:title\" content=\"Mikasa Ackerman Attack on Titan Nendoroid - EndormoonStore\" \/>\n<meta property=\"og:description\" content=\"Mikasa Ackerman Attack on Titan Nendoroid Figura 10 cm  De la popular serie de anime &quot;Attack on Titan&quot; llega una nueva versi\u00f3n de Nendoroid Mikasa Ackerman. Si no luchamos, no podemos ganar.\" \/>\n<meta property=\"og:url\" content=\"https:\/\/endormoonstore.com\/en\/mikasa-ackerman-attack-on-titan-nendoroid\/\" \/>\n<meta property=\"og:site_name\" content=\"EndormoonStore\" \/>\n<meta property=\"article:modified_time\" content=\"2023-01-24T20:48:24+00:00\" \/>\n<meta property=\"og:image\" content=\"https:\/\/endormoonstore.com\/wp-content\/uploads\/2022\/03\/Mikasa-Ackerman-Attack-on-Titan-Nendoroid-1.jpeg\" \/>\n\t<meta property=\"og:image:width\" content=\"730\" \/>\n\t<meta property=\"og:image:height\" content=\"900\" \/>\n\t<meta property=\"og:image:type\" content=\"image\/jpeg\" \/>\n<meta name=\"twitter:card\" content=\"summary_large_image\" \/>\n<meta name=\"twitter:label1\" content=\"Est. reading time\" \/>\n\t<meta name=\"twitter:data1\" content=\"1 minute\" \/>\n<script type=\"application\/ld+json\" class=\"yoast-schema-graph\">{\"@context\":\"https:\/\/schema.org\",\"@graph\":[{\"@type\":\"WebPage\",\"@id\":\"https:\/\/endormoonstore.com\/en\/mikasa-ackerman-attack-on-titan-nendoroid\/\",\"url\":\"https:\/\/endormoonstore.com\/en\/mikasa-ackerman-attack-on-titan-nendoroid\/\",\"name\":\"Mikasa Ackerman Attack on Titan Nendoroid - EndormoonStore\",\"isPartOf\":{\"@id\":\"https:\/\/endormoonstore.com\/#website\"},\"primaryImageOfPage\":{\"@id\":\"https:\/\/endormoonstore.com\/en\/mikasa-ackerman-attack-on-titan-nendoroid\/#primaryimage\"},\"image\":{\"@id\":\"https:\/\/endormoonstore.com\/en\/mikasa-ackerman-attack-on-titan-nendoroid\/#primaryimage\"},\"thumbnailUrl\":\"https:\/\/endormoonstore.com\/wp-content\/uploads\/2022\/03\/Mikasa-Ackerman-Attack-on-Titan-Nendoroid-1.jpeg\",\"datePublished\":\"2022-03-19T19:52:39+00:00\",\"dateModified\":\"2023-01-24T20:48:24+00:00\",\"breadcrumb\":{\"@id\":\"https:\/\/endormoonstore.com\/en\/mikasa-ackerman-attack-on-titan-nendoroid\/#breadcrumb\"},\"inLanguage\":\"en-US\",\"potentialAction\":[{\"@type\":\"ReadAction\",\"target\":[\"https:\/\/endormoonstore.com\/en\/mikasa-ackerman-attack-on-titan-nendoroid\/\"]}]},{\"@type\":\"ImageObject\",\"inLanguage\":\"en-US\",\"@id\":\"https:\/\/endormoonstore.com\/en\/mikasa-ackerman-attack-on-titan-nendoroid\/#primaryimage\",\"url\":\"https:\/\/endormoonstore.com\/wp-content\/uploads\/2022\/03\/Mikasa-Ackerman-Attack-on-Titan-Nendoroid-1.jpeg\",\"contentUrl\":\"https:\/\/endormoonstore.com\/wp-content\/uploads\/2022\/03\/Mikasa-Ackerman-Attack-on-Titan-Nendoroid-1.jpeg\",\"width\":730,\"height\":900},{\"@type\":\"BreadcrumbList\",\"@id\":\"https:\/\/endormoonstore.com\/en\/mikasa-ackerman-attack-on-titan-nendoroid\/#breadcrumb\",\"itemListElement\":[{\"@type\":\"ListItem\",\"position\":1,\"name\":\"Shop\",\"item\":\"https:\/\/endormoonstore.com\/en\/shop\/\"},{\"@type\":\"ListItem\",\"position\":2,\"name\":\"Mikasa Ackerman Attack on Titan Nendoroid\"}]},{\"@type\":\"WebSite\",\"@id\":\"https:\/\/endormoonstore.com\/#website\",\"url\":\"https:\/\/endormoonstore.com\/\",\"name\":\"EndormoonStore\",\"description\":\"\",\"potentialAction\":[{\"@type\":\"SearchAction\",\"target\":{\"@type\":\"EntryPoint\",\"urlTemplate\":\"https:\/\/endormoonstore.com\/?s={search_term_string}\"},\"query-input\":{\"@type\":\"PropertyValueSpecification\",\"valueRequired\":true,\"valueName\":\"search_term_string\"}}],\"inLanguage\":\"en-US\"}]}<\/script>\n<!-- \/ Yoast SEO plugin. -->","yoast_head_json":{"title":"Mikasa Ackerman Attack on Titan Nendoroid - EndormoonStore","robots":{"index":"index","follow":"follow","max-snippet":"max-snippet:-1","max-image-preview":"max-image-preview:large","max-video-preview":"max-video-preview:-1"},"canonical":"https:\/\/endormoonstore.com\/en\/mikasa-ackerman-attack-on-titan-nendoroid\/","og_locale":"en_US","og_type":"article","og_title":"Mikasa Ackerman Attack on Titan Nendoroid - EndormoonStore","og_description":"Mikasa Ackerman Attack on Titan Nendoroid Figura 10 cm  De la popular serie de anime \"Attack on Titan\" llega una nueva versi\u00f3n de Nendoroid Mikasa Ackerman. Si no luchamos, no podemos ganar.","og_url":"https:\/\/endormoonstore.com\/en\/mikasa-ackerman-attack-on-titan-nendoroid\/","og_site_name":"EndormoonStore","article_modified_time":"2023-01-24T20:48:24+00:00","og_image":[{"width":730,"height":900,"url":"https:\/\/endormoonstore.com\/wp-content\/uploads\/2022\/03\/Mikasa-Ackerman-Attack-on-Titan-Nendoroid-1.jpeg","type":"image\/jpeg"}],"twitter_card":"summary_large_image","twitter_misc":{"Est. reading time":"1 minute"},"schema":{"@context":"https:\/\/schema.org","@graph":[{"@type":"WebPage","@id":"https:\/\/endormoonstore.com\/en\/mikasa-ackerman-attack-on-titan-nendoroid\/","url":"https:\/\/endormoonstore.com\/en\/mikasa-ackerman-attack-on-titan-nendoroid\/","name":"Mikasa Ackerman Attack on Titan Nendoroid - EndormoonStore","isPartOf":{"@id":"https:\/\/endormoonstore.com\/#website"},"primaryImageOfPage":{"@id":"https:\/\/endormoonstore.com\/en\/mikasa-ackerman-attack-on-titan-nendoroid\/#primaryimage"},"image":{"@id":"https:\/\/endormoonstore.com\/en\/mikasa-ackerman-attack-on-titan-nendoroid\/#primaryimage"},"thumbnailUrl":"https:\/\/endormoonstore.com\/wp-content\/uploads\/2022\/03\/Mikasa-Ackerman-Attack-on-Titan-Nendoroid-1.jpeg","datePublished":"2022-03-19T19:52:39+00:00","dateModified":"2023-01-24T20:48:24+00:00","breadcrumb":{"@id":"https:\/\/endormoonstore.com\/en\/mikasa-ackerman-attack-on-titan-nendoroid\/#breadcrumb"},"inLanguage":"en-US","potentialAction":[{"@type":"ReadAction","target":["https:\/\/endormoonstore.com\/en\/mikasa-ackerman-attack-on-titan-nendoroid\/"]}]},{"@type":"ImageObject","inLanguage":"en-US","@id":"https:\/\/endormoonstore.com\/en\/mikasa-ackerman-attack-on-titan-nendoroid\/#primaryimage","url":"https:\/\/endormoonstore.com\/wp-content\/uploads\/2022\/03\/Mikasa-Ackerman-Attack-on-Titan-Nendoroid-1.jpeg","contentUrl":"https:\/\/endormoonstore.com\/wp-content\/uploads\/2022\/03\/Mikasa-Ackerman-Attack-on-Titan-Nendoroid-1.jpeg","width":730,"height":900},{"@type":"BreadcrumbList","@id":"https:\/\/endormoonstore.com\/en\/mikasa-ackerman-attack-on-titan-nendoroid\/#breadcrumb","itemListElement":[{"@type":"ListItem","position":1,"name":"Shop","item":"https:\/\/endormoonstore.com\/en\/shop\/"},{"@type":"ListItem","position":2,"name":"Mikasa Ackerman Attack on Titan Nendoroid"}]},{"@type":"WebSite","@id":"https:\/\/endormoonstore.com\/#website","url":"https:\/\/endormoonstore.com\/","name":"EndormoonStore","description":"","potentialAction":[{"@type":"SearchAction","target":{"@type":"EntryPoint","urlTemplate":"https:\/\/endormoonstore.com\/?s={search_term_string}"},"query-input":{"@type":"PropertyValueSpecification","valueRequired":true,"valueName":"search_term_string"}}],"inLanguage":"en-US"}]}},"taxonomy_info":{"product_cat":[{"value":1390,"label":"Figures"}],"pa_brand":[{"value":2081,"label":"Good Smile Company"}],"pa_character":[{"value":11585,"label":"Mikasa Ackerman"}],"pa_license":[{"value":7554,"label":"Attack on Titan"}],"pa_product-type":[{"value":2387,"label":"Figure"}],"pa_theme":[{"value":1861,"label":"Nendoroid"}]},"featured_image_src_large":["https:\/\/endormoonstore.com\/wp-content\/uploads\/2022\/03\/Mikasa-Ackerman-Attack-on-Titan-Nendoroid-1.jpeg",730,900,false],"author_info":[],"comment_info":"","_links":{"self":[{"href":"https:\/\/endormoonstore.com\/en\/wp-json\/wp\/v2\/product\/126549","targetHints":{"allow":["GET"]}}],"collection":[{"href":"https:\/\/endormoonstore.com\/en\/wp-json\/wp\/v2\/product"}],"about":[{"href":"https:\/\/endormoonstore.com\/en\/wp-json\/wp\/v2\/types\/product"}],"wp:featuredmedia":[{"embeddable":true,"href":"https:\/\/endormoonstore.com\/en\/wp-json\/wp\/v2\/media\/126534"}],"wp:attachment":[{"href":"https:\/\/endormoonstore.com\/en\/wp-json\/wp\/v2\/media?parent=126549"}],"wp:term":[{"taxonomy":"product_cat","embeddable":true,"href":"https:\/\/endormoonstore.com\/en\/wp-json\/wp\/v2\/product_cat?post=126549"},{"taxonomy":"product_tag","embeddable":true,"href":"https:\/\/endormoonstore.com\/en\/wp-json\/wp\/v2\/product_tag?post=126549"}],"curies":[{"name":"wp","href":"https:\/\/api.w.org\/{rel}","templated":true}]}}