{"id":126530,"date":"2022-03-19T20:24:07","date_gmt":"2022-03-19T19:24:07","guid":{"rendered":"https:\/\/endormoonstore.com\/eren-yeager-attack-on-titan-nendoroid\/"},"modified":"2023-01-24T21:45:04","modified_gmt":"2023-01-24T20:45:04","slug":"eren-yeager-attack-on-titan-nendoroid","status":"publish","type":"product","link":"https:\/\/endormoonstore.com\/en\/eren-yeager-attack-on-titan-nendoroid\/","title":{"rendered":"Eren Yeager Attack on Titan Nendoroid"},"content":{"rendered":"<p><strong>Eren Yeager Attack on Titan Nendoroid Figura 10 cm<\/strong><\/p>\n<ul>\n<li>De la popular serie de anime &#8220;Attack on Titan&#8221; llega una nueva versi\u00f3n de Nendoroid Eren Yeager. \u00a1Los exterminar\u00e9!\u00a0\u00a1Hasta el \u00faltimo de ellos!<\/li>\n<li>Viene con tres expresiones, incluida su expresi\u00f3n est\u00e1ndar, una expresi\u00f3n de grito y una expresi\u00f3n de sorpresa.<\/li>\n<li>Al igual que Mikasa, tambi\u00e9n viene con sus cuchillas dobles, equipo de maniobra vertical con partes de efectos y partes de efectos de sangre.<\/li>\n<li>Tambi\u00e9n viene con una parte del cuerpo alternativa que te permite recrear la memorable escena del interrogatorio del consejo de la serie<\/li>\n<li>Aseg\u00farate de mostrarlo con todos los dem\u00e1s personajes de la serie para recrear completamente el universo Attack on Titan en tama\u00f1o Nendoroid<\/li>\n<li>Cada una se vende por separado<\/li>\n<\/ul>\n","protected":false},"excerpt":{"rendered":"<p><strong>Eren Yeager Attack on Titan Nendoroid Figura 10 cm<\/strong><\/p>\n<p>De la popular serie de anime &#8220;Attack on Titan&#8221; llega una nueva versi\u00f3n de Nendoroid Eren Yeager. \u00a1Los exterminar\u00e9!\u00a0\u00a1Hasta el \u00faltimo de ellos!<\/p>\n","protected":false},"featured_media":126519,"template":"","meta":{"_acf_changed":false,"_kad_blocks_custom_css":"","_kad_blocks_head_custom_js":"","_kad_blocks_body_custom_js":"","_kad_blocks_footer_custom_js":""},"product_cat":[1390],"product_tag":[],"class_list":{"0":"post-126530","1":"product","2":"type-product","3":"status-publish","4":"has-post-thumbnail","6":"product_cat-figures","7":"pa_brand-good-smile-company-en","8":"pa_character-eren-yeager-en","9":"pa_license-attack-on-titan-en","10":"pa_product-type-figure","11":"pa_theme-nendoroid-en","13":"first","14":"instock","15":"sale","16":"taxable","17":"shipping-taxable","18":"purchasable","19":"product-type-simple"},"acf":[],"yoast_head":"<!-- This site is optimized with the Yoast SEO plugin v26.1.1 - https:\/\/yoast.com\/wordpress\/plugins\/seo\/ -->\n<title>Eren Yeager Attack on Titan Nendoroid - EndormoonStore<\/title>\n<meta name=\"robots\" content=\"index, follow, max-snippet:-1, max-image-preview:large, max-video-preview:-1\" \/>\n<link rel=\"canonical\" href=\"https:\/\/endormoonstore.com\/en\/eren-yeager-attack-on-titan-nendoroid\/\" \/>\n<meta property=\"og:locale\" content=\"en_US\" \/>\n<meta property=\"og:type\" content=\"article\" \/>\n<meta property=\"og:title\" content=\"Eren Yeager Attack on Titan Nendoroid - EndormoonStore\" \/>\n<meta property=\"og:description\" content=\"Eren Yeager Attack on Titan Nendoroid Figura 10 cm  De la popular serie de anime &quot;Attack on Titan&quot; llega una nueva versi\u00f3n de Nendoroid Eren Yeager. \u00a1Los exterminar\u00e9!\u00a0\u00a1Hasta el \u00faltimo de ellos!\" \/>\n<meta property=\"og:url\" content=\"https:\/\/endormoonstore.com\/en\/eren-yeager-attack-on-titan-nendoroid\/\" \/>\n<meta property=\"og:site_name\" content=\"EndormoonStore\" \/>\n<meta property=\"article:modified_time\" content=\"2023-01-24T20:45:04+00:00\" \/>\n<meta property=\"og:image\" content=\"https:\/\/endormoonstore.com\/wp-content\/uploads\/2022\/03\/Eren-Yeager-Attack-on-Titan-Nendoroid-1.jpeg\" \/>\n\t<meta property=\"og:image:width\" content=\"730\" \/>\n\t<meta property=\"og:image:height\" content=\"900\" \/>\n\t<meta property=\"og:image:type\" content=\"image\/jpeg\" \/>\n<meta name=\"twitter:card\" content=\"summary_large_image\" \/>\n<meta name=\"twitter:label1\" content=\"Est. reading time\" \/>\n\t<meta name=\"twitter:data1\" content=\"1 minute\" \/>\n<script type=\"application\/ld+json\" class=\"yoast-schema-graph\">{\"@context\":\"https:\/\/schema.org\",\"@graph\":[{\"@type\":\"WebPage\",\"@id\":\"https:\/\/endormoonstore.com\/en\/eren-yeager-attack-on-titan-nendoroid\/\",\"url\":\"https:\/\/endormoonstore.com\/en\/eren-yeager-attack-on-titan-nendoroid\/\",\"name\":\"Eren Yeager Attack on Titan Nendoroid - EndormoonStore\",\"isPartOf\":{\"@id\":\"https:\/\/endormoonstore.com\/#website\"},\"primaryImageOfPage\":{\"@id\":\"https:\/\/endormoonstore.com\/en\/eren-yeager-attack-on-titan-nendoroid\/#primaryimage\"},\"image\":{\"@id\":\"https:\/\/endormoonstore.com\/en\/eren-yeager-attack-on-titan-nendoroid\/#primaryimage\"},\"thumbnailUrl\":\"https:\/\/endormoonstore.com\/wp-content\/uploads\/2022\/03\/Eren-Yeager-Attack-on-Titan-Nendoroid-1.jpeg\",\"datePublished\":\"2022-03-19T19:24:07+00:00\",\"dateModified\":\"2023-01-24T20:45:04+00:00\",\"breadcrumb\":{\"@id\":\"https:\/\/endormoonstore.com\/en\/eren-yeager-attack-on-titan-nendoroid\/#breadcrumb\"},\"inLanguage\":\"en-US\",\"potentialAction\":[{\"@type\":\"ReadAction\",\"target\":[\"https:\/\/endormoonstore.com\/en\/eren-yeager-attack-on-titan-nendoroid\/\"]}]},{\"@type\":\"ImageObject\",\"inLanguage\":\"en-US\",\"@id\":\"https:\/\/endormoonstore.com\/en\/eren-yeager-attack-on-titan-nendoroid\/#primaryimage\",\"url\":\"https:\/\/endormoonstore.com\/wp-content\/uploads\/2022\/03\/Eren-Yeager-Attack-on-Titan-Nendoroid-1.jpeg\",\"contentUrl\":\"https:\/\/endormoonstore.com\/wp-content\/uploads\/2022\/03\/Eren-Yeager-Attack-on-Titan-Nendoroid-1.jpeg\",\"width\":730,\"height\":900},{\"@type\":\"BreadcrumbList\",\"@id\":\"https:\/\/endormoonstore.com\/en\/eren-yeager-attack-on-titan-nendoroid\/#breadcrumb\",\"itemListElement\":[{\"@type\":\"ListItem\",\"position\":1,\"name\":\"Shop\",\"item\":\"https:\/\/endormoonstore.com\/en\/shop\/\"},{\"@type\":\"ListItem\",\"position\":2,\"name\":\"Eren Yeager Attack on Titan Nendoroid\"}]},{\"@type\":\"WebSite\",\"@id\":\"https:\/\/endormoonstore.com\/#website\",\"url\":\"https:\/\/endormoonstore.com\/\",\"name\":\"EndormoonStore\",\"description\":\"\",\"potentialAction\":[{\"@type\":\"SearchAction\",\"target\":{\"@type\":\"EntryPoint\",\"urlTemplate\":\"https:\/\/endormoonstore.com\/?s={search_term_string}\"},\"query-input\":{\"@type\":\"PropertyValueSpecification\",\"valueRequired\":true,\"valueName\":\"search_term_string\"}}],\"inLanguage\":\"en-US\"}]}<\/script>\n<!-- \/ Yoast SEO plugin. -->","yoast_head_json":{"title":"Eren Yeager Attack on Titan Nendoroid - EndormoonStore","robots":{"index":"index","follow":"follow","max-snippet":"max-snippet:-1","max-image-preview":"max-image-preview:large","max-video-preview":"max-video-preview:-1"},"canonical":"https:\/\/endormoonstore.com\/en\/eren-yeager-attack-on-titan-nendoroid\/","og_locale":"en_US","og_type":"article","og_title":"Eren Yeager Attack on Titan Nendoroid - EndormoonStore","og_description":"Eren Yeager Attack on Titan Nendoroid Figura 10 cm  De la popular serie de anime \"Attack on Titan\" llega una nueva versi\u00f3n de Nendoroid Eren Yeager. \u00a1Los exterminar\u00e9!\u00a0\u00a1Hasta el \u00faltimo de ellos!","og_url":"https:\/\/endormoonstore.com\/en\/eren-yeager-attack-on-titan-nendoroid\/","og_site_name":"EndormoonStore","article_modified_time":"2023-01-24T20:45:04+00:00","og_image":[{"width":730,"height":900,"url":"https:\/\/endormoonstore.com\/wp-content\/uploads\/2022\/03\/Eren-Yeager-Attack-on-Titan-Nendoroid-1.jpeg","type":"image\/jpeg"}],"twitter_card":"summary_large_image","twitter_misc":{"Est. reading time":"1 minute"},"schema":{"@context":"https:\/\/schema.org","@graph":[{"@type":"WebPage","@id":"https:\/\/endormoonstore.com\/en\/eren-yeager-attack-on-titan-nendoroid\/","url":"https:\/\/endormoonstore.com\/en\/eren-yeager-attack-on-titan-nendoroid\/","name":"Eren Yeager Attack on Titan Nendoroid - EndormoonStore","isPartOf":{"@id":"https:\/\/endormoonstore.com\/#website"},"primaryImageOfPage":{"@id":"https:\/\/endormoonstore.com\/en\/eren-yeager-attack-on-titan-nendoroid\/#primaryimage"},"image":{"@id":"https:\/\/endormoonstore.com\/en\/eren-yeager-attack-on-titan-nendoroid\/#primaryimage"},"thumbnailUrl":"https:\/\/endormoonstore.com\/wp-content\/uploads\/2022\/03\/Eren-Yeager-Attack-on-Titan-Nendoroid-1.jpeg","datePublished":"2022-03-19T19:24:07+00:00","dateModified":"2023-01-24T20:45:04+00:00","breadcrumb":{"@id":"https:\/\/endormoonstore.com\/en\/eren-yeager-attack-on-titan-nendoroid\/#breadcrumb"},"inLanguage":"en-US","potentialAction":[{"@type":"ReadAction","target":["https:\/\/endormoonstore.com\/en\/eren-yeager-attack-on-titan-nendoroid\/"]}]},{"@type":"ImageObject","inLanguage":"en-US","@id":"https:\/\/endormoonstore.com\/en\/eren-yeager-attack-on-titan-nendoroid\/#primaryimage","url":"https:\/\/endormoonstore.com\/wp-content\/uploads\/2022\/03\/Eren-Yeager-Attack-on-Titan-Nendoroid-1.jpeg","contentUrl":"https:\/\/endormoonstore.com\/wp-content\/uploads\/2022\/03\/Eren-Yeager-Attack-on-Titan-Nendoroid-1.jpeg","width":730,"height":900},{"@type":"BreadcrumbList","@id":"https:\/\/endormoonstore.com\/en\/eren-yeager-attack-on-titan-nendoroid\/#breadcrumb","itemListElement":[{"@type":"ListItem","position":1,"name":"Shop","item":"https:\/\/endormoonstore.com\/en\/shop\/"},{"@type":"ListItem","position":2,"name":"Eren Yeager Attack on Titan Nendoroid"}]},{"@type":"WebSite","@id":"https:\/\/endormoonstore.com\/#website","url":"https:\/\/endormoonstore.com\/","name":"EndormoonStore","description":"","potentialAction":[{"@type":"SearchAction","target":{"@type":"EntryPoint","urlTemplate":"https:\/\/endormoonstore.com\/?s={search_term_string}"},"query-input":{"@type":"PropertyValueSpecification","valueRequired":true,"valueName":"search_term_string"}}],"inLanguage":"en-US"}]}},"taxonomy_info":{"product_cat":[{"value":1390,"label":"Figures"}],"pa_brand":[{"value":2081,"label":"Good Smile Company"}],"pa_character":[{"value":9006,"label":"Eren Yeager"}],"pa_license":[{"value":7554,"label":"Attack on Titan"}],"pa_product-type":[{"value":2387,"label":"Figure"}],"pa_theme":[{"value":1861,"label":"Nendoroid"}]},"featured_image_src_large":["https:\/\/endormoonstore.com\/wp-content\/uploads\/2022\/03\/Eren-Yeager-Attack-on-Titan-Nendoroid-1.jpeg",730,900,false],"author_info":[],"comment_info":"","_links":{"self":[{"href":"https:\/\/endormoonstore.com\/en\/wp-json\/wp\/v2\/product\/126530","targetHints":{"allow":["GET"]}}],"collection":[{"href":"https:\/\/endormoonstore.com\/en\/wp-json\/wp\/v2\/product"}],"about":[{"href":"https:\/\/endormoonstore.com\/en\/wp-json\/wp\/v2\/types\/product"}],"wp:featuredmedia":[{"embeddable":true,"href":"https:\/\/endormoonstore.com\/en\/wp-json\/wp\/v2\/media\/126519"}],"wp:attachment":[{"href":"https:\/\/endormoonstore.com\/en\/wp-json\/wp\/v2\/media?parent=126530"}],"wp:term":[{"taxonomy":"product_cat","embeddable":true,"href":"https:\/\/endormoonstore.com\/en\/wp-json\/wp\/v2\/product_cat?post=126530"},{"taxonomy":"product_tag","embeddable":true,"href":"https:\/\/endormoonstore.com\/en\/wp-json\/wp\/v2\/product_tag?post=126530"}],"curies":[{"name":"wp","href":"https:\/\/api.w.org\/{rel}","templated":true}]}}