{"id":126437,"date":"2022-03-17T22:35:26","date_gmt":"2022-03-17T21:35:26","guid":{"rendered":"https:\/\/endormoonstore.com\/pennywise-mezco-designer-series-roto-plush-doll-it-1990\/"},"modified":"2023-01-29T22:53:39","modified_gmt":"2023-01-29T21:53:39","slug":"pennywise-mezco-designer-series-roto-plush-doll-it-1990","status":"publish","type":"product","link":"https:\/\/endormoonstore.com\/en\/pennywise-mezco-designer-series-roto-plush-doll-it-1990\/","title":{"rendered":"Pennywise Mezco Designer Series Roto Plush Doll IT (1990)"},"content":{"rendered":"<p><strong>Pennywise Mezco Designer Series Roto Plush Doll IT (1990) 46 cm<\/strong><\/p>\n<ul>\n<li>\u00a1Pennywise quiere hacerte compa\u00f1\u00eda! El compa\u00f1ero de abrazos perfecto o el compa\u00f1ero para ver pel\u00edculas, este Roto Plush estar\u00e1 justo a tu lado&#8230; mir\u00e1ndote dormir&#8230; persiguiendo tus pesadillas&#8230;<\/li>\n<li>\u00bfM\u00e1tame?\u00a0Soy eterno\u201d\u2026..<\/li>\n<li>Luciendo una sonrisa man\u00edaca, Pennywise mide unos 46 cm de alto, presenta partes esculpidas en un cuerpo de felpa flexible y usa su caracter\u00edstico traje de payaso de la cl\u00e1sica miniserie hecha para televisi\u00f3n, IT.<\/li>\n<li>No hay nada que temer. \u00a1Todos flotamos aqu\u00ed abajo!<\/li>\n<li>MDS Roto Plush IT (1990): Pennywise viene en una caja con ventana, perfecto para exhibir.<\/li>\n<\/ul>\n<p>&nbsp;<\/p>\n","protected":false},"excerpt":{"rendered":"<p><strong>Pennywise Mezco Designer Series Roto Plush Doll IT (1990) 46 cm<\/strong><\/p>\n<p>\u00a1Pennywise quiere hacerte compa\u00f1\u00eda! El compa\u00f1ero de abrazos perfecto o el compa\u00f1ero para ver pel\u00edculas, este Roto Plush estar\u00e1 justo a tu lado&#8230; mir\u00e1ndote dormir&#8230; persiguiendo tus pesadillas&#8230;<\/p>\n","protected":false},"featured_media":126422,"template":"","meta":{"_acf_changed":false,"_kad_blocks_custom_css":"","_kad_blocks_head_custom_js":"","_kad_blocks_body_custom_js":"","_kad_blocks_footer_custom_js":""},"product_cat":[1390],"product_tag":[],"class_list":{"0":"post-126437","1":"product","2":"type-product","3":"status-publish","4":"has-post-thumbnail","6":"product_cat-figures","7":"pa_brand-mezco-toyz-en","8":"pa_character-pennywise-en","9":"pa_license-it-en","10":"pa_product-type-figure","11":"pa_theme-mds-roto-plush-en","13":"first","14":"outofstock","15":"taxable","16":"shipping-taxable","17":"purchasable","18":"product-type-simple"},"acf":[],"yoast_head":"<!-- This site is optimized with the Yoast SEO plugin v26.1.1 - https:\/\/yoast.com\/wordpress\/plugins\/seo\/ -->\n<title>Pennywise Mezco Designer Series Roto Plush Doll IT (1990) - EndormoonStore<\/title>\n<meta name=\"robots\" content=\"index, follow, max-snippet:-1, max-image-preview:large, max-video-preview:-1\" \/>\n<link rel=\"canonical\" href=\"https:\/\/endormoonstore.com\/en\/pennywise-mezco-designer-series-roto-plush-doll-it-1990\/\" \/>\n<meta property=\"og:locale\" content=\"en_US\" \/>\n<meta property=\"og:type\" content=\"article\" \/>\n<meta property=\"og:title\" content=\"Pennywise Mezco Designer Series Roto Plush Doll IT (1990) - EndormoonStore\" \/>\n<meta property=\"og:description\" content=\"Pennywise Mezco Designer Series Roto Plush Doll IT (1990) 46 cm  \u00a1Pennywise quiere hacerte compa\u00f1\u00eda! El compa\u00f1ero de abrazos perfecto o el compa\u00f1ero para ver pel\u00edculas, este Roto Plush estar\u00e1 justo a tu lado... mir\u00e1ndote dormir... persiguiendo tus pesadillas...\" \/>\n<meta property=\"og:url\" content=\"https:\/\/endormoonstore.com\/en\/pennywise-mezco-designer-series-roto-plush-doll-it-1990\/\" \/>\n<meta property=\"og:site_name\" content=\"EndormoonStore\" \/>\n<meta property=\"article:modified_time\" content=\"2023-01-29T21:53:39+00:00\" \/>\n<meta property=\"og:image\" content=\"https:\/\/endormoonstore.com\/wp-content\/uploads\/2022\/03\/Pennywise-Mezco-Designer-Series-Roto-Plush-Doll-IT-1990-1.jpg\" \/>\n\t<meta property=\"og:image:width\" content=\"1000\" \/>\n\t<meta property=\"og:image:height\" content=\"1000\" \/>\n\t<meta property=\"og:image:type\" content=\"image\/jpeg\" \/>\n<meta name=\"twitter:card\" content=\"summary_large_image\" \/>\n<meta name=\"twitter:label1\" content=\"Est. reading time\" \/>\n\t<meta name=\"twitter:data1\" content=\"1 minute\" \/>\n<script type=\"application\/ld+json\" class=\"yoast-schema-graph\">{\"@context\":\"https:\/\/schema.org\",\"@graph\":[{\"@type\":\"WebPage\",\"@id\":\"https:\/\/endormoonstore.com\/en\/pennywise-mezco-designer-series-roto-plush-doll-it-1990\/\",\"url\":\"https:\/\/endormoonstore.com\/en\/pennywise-mezco-designer-series-roto-plush-doll-it-1990\/\",\"name\":\"Pennywise Mezco Designer Series Roto Plush Doll IT (1990) - EndormoonStore\",\"isPartOf\":{\"@id\":\"https:\/\/endormoonstore.com\/#website\"},\"primaryImageOfPage\":{\"@id\":\"https:\/\/endormoonstore.com\/en\/pennywise-mezco-designer-series-roto-plush-doll-it-1990\/#primaryimage\"},\"image\":{\"@id\":\"https:\/\/endormoonstore.com\/en\/pennywise-mezco-designer-series-roto-plush-doll-it-1990\/#primaryimage\"},\"thumbnailUrl\":\"https:\/\/endormoonstore.com\/wp-content\/uploads\/2022\/03\/Pennywise-Mezco-Designer-Series-Roto-Plush-Doll-IT-1990-1.jpg\",\"datePublished\":\"2022-03-17T21:35:26+00:00\",\"dateModified\":\"2023-01-29T21:53:39+00:00\",\"breadcrumb\":{\"@id\":\"https:\/\/endormoonstore.com\/en\/pennywise-mezco-designer-series-roto-plush-doll-it-1990\/#breadcrumb\"},\"inLanguage\":\"en-US\",\"potentialAction\":[{\"@type\":\"ReadAction\",\"target\":[\"https:\/\/endormoonstore.com\/en\/pennywise-mezco-designer-series-roto-plush-doll-it-1990\/\"]}]},{\"@type\":\"ImageObject\",\"inLanguage\":\"en-US\",\"@id\":\"https:\/\/endormoonstore.com\/en\/pennywise-mezco-designer-series-roto-plush-doll-it-1990\/#primaryimage\",\"url\":\"https:\/\/endormoonstore.com\/wp-content\/uploads\/2022\/03\/Pennywise-Mezco-Designer-Series-Roto-Plush-Doll-IT-1990-1.jpg\",\"contentUrl\":\"https:\/\/endormoonstore.com\/wp-content\/uploads\/2022\/03\/Pennywise-Mezco-Designer-Series-Roto-Plush-Doll-IT-1990-1.jpg\",\"width\":1000,\"height\":1000},{\"@type\":\"BreadcrumbList\",\"@id\":\"https:\/\/endormoonstore.com\/en\/pennywise-mezco-designer-series-roto-plush-doll-it-1990\/#breadcrumb\",\"itemListElement\":[{\"@type\":\"ListItem\",\"position\":1,\"name\":\"Shop\",\"item\":\"https:\/\/endormoonstore.com\/en\/shop\/\"},{\"@type\":\"ListItem\",\"position\":2,\"name\":\"Pennywise Mezco Designer Series Roto Plush Doll IT (1990)\"}]},{\"@type\":\"WebSite\",\"@id\":\"https:\/\/endormoonstore.com\/#website\",\"url\":\"https:\/\/endormoonstore.com\/\",\"name\":\"EndormoonStore\",\"description\":\"\",\"potentialAction\":[{\"@type\":\"SearchAction\",\"target\":{\"@type\":\"EntryPoint\",\"urlTemplate\":\"https:\/\/endormoonstore.com\/?s={search_term_string}\"},\"query-input\":{\"@type\":\"PropertyValueSpecification\",\"valueRequired\":true,\"valueName\":\"search_term_string\"}}],\"inLanguage\":\"en-US\"}]}<\/script>\n<!-- \/ Yoast SEO plugin. -->","yoast_head_json":{"title":"Pennywise Mezco Designer Series Roto Plush Doll IT (1990) - EndormoonStore","robots":{"index":"index","follow":"follow","max-snippet":"max-snippet:-1","max-image-preview":"max-image-preview:large","max-video-preview":"max-video-preview:-1"},"canonical":"https:\/\/endormoonstore.com\/en\/pennywise-mezco-designer-series-roto-plush-doll-it-1990\/","og_locale":"en_US","og_type":"article","og_title":"Pennywise Mezco Designer Series Roto Plush Doll IT (1990) - EndormoonStore","og_description":"Pennywise Mezco Designer Series Roto Plush Doll IT (1990) 46 cm  \u00a1Pennywise quiere hacerte compa\u00f1\u00eda! El compa\u00f1ero de abrazos perfecto o el compa\u00f1ero para ver pel\u00edculas, este Roto Plush estar\u00e1 justo a tu lado... mir\u00e1ndote dormir... persiguiendo tus pesadillas...","og_url":"https:\/\/endormoonstore.com\/en\/pennywise-mezco-designer-series-roto-plush-doll-it-1990\/","og_site_name":"EndormoonStore","article_modified_time":"2023-01-29T21:53:39+00:00","og_image":[{"width":1000,"height":1000,"url":"https:\/\/endormoonstore.com\/wp-content\/uploads\/2022\/03\/Pennywise-Mezco-Designer-Series-Roto-Plush-Doll-IT-1990-1.jpg","type":"image\/jpeg"}],"twitter_card":"summary_large_image","twitter_misc":{"Est. reading time":"1 minute"},"schema":{"@context":"https:\/\/schema.org","@graph":[{"@type":"WebPage","@id":"https:\/\/endormoonstore.com\/en\/pennywise-mezco-designer-series-roto-plush-doll-it-1990\/","url":"https:\/\/endormoonstore.com\/en\/pennywise-mezco-designer-series-roto-plush-doll-it-1990\/","name":"Pennywise Mezco Designer Series Roto Plush Doll IT (1990) - EndormoonStore","isPartOf":{"@id":"https:\/\/endormoonstore.com\/#website"},"primaryImageOfPage":{"@id":"https:\/\/endormoonstore.com\/en\/pennywise-mezco-designer-series-roto-plush-doll-it-1990\/#primaryimage"},"image":{"@id":"https:\/\/endormoonstore.com\/en\/pennywise-mezco-designer-series-roto-plush-doll-it-1990\/#primaryimage"},"thumbnailUrl":"https:\/\/endormoonstore.com\/wp-content\/uploads\/2022\/03\/Pennywise-Mezco-Designer-Series-Roto-Plush-Doll-IT-1990-1.jpg","datePublished":"2022-03-17T21:35:26+00:00","dateModified":"2023-01-29T21:53:39+00:00","breadcrumb":{"@id":"https:\/\/endormoonstore.com\/en\/pennywise-mezco-designer-series-roto-plush-doll-it-1990\/#breadcrumb"},"inLanguage":"en-US","potentialAction":[{"@type":"ReadAction","target":["https:\/\/endormoonstore.com\/en\/pennywise-mezco-designer-series-roto-plush-doll-it-1990\/"]}]},{"@type":"ImageObject","inLanguage":"en-US","@id":"https:\/\/endormoonstore.com\/en\/pennywise-mezco-designer-series-roto-plush-doll-it-1990\/#primaryimage","url":"https:\/\/endormoonstore.com\/wp-content\/uploads\/2022\/03\/Pennywise-Mezco-Designer-Series-Roto-Plush-Doll-IT-1990-1.jpg","contentUrl":"https:\/\/endormoonstore.com\/wp-content\/uploads\/2022\/03\/Pennywise-Mezco-Designer-Series-Roto-Plush-Doll-IT-1990-1.jpg","width":1000,"height":1000},{"@type":"BreadcrumbList","@id":"https:\/\/endormoonstore.com\/en\/pennywise-mezco-designer-series-roto-plush-doll-it-1990\/#breadcrumb","itemListElement":[{"@type":"ListItem","position":1,"name":"Shop","item":"https:\/\/endormoonstore.com\/en\/shop\/"},{"@type":"ListItem","position":2,"name":"Pennywise Mezco Designer Series Roto Plush Doll IT (1990)"}]},{"@type":"WebSite","@id":"https:\/\/endormoonstore.com\/#website","url":"https:\/\/endormoonstore.com\/","name":"EndormoonStore","description":"","potentialAction":[{"@type":"SearchAction","target":{"@type":"EntryPoint","urlTemplate":"https:\/\/endormoonstore.com\/?s={search_term_string}"},"query-input":{"@type":"PropertyValueSpecification","valueRequired":true,"valueName":"search_term_string"}}],"inLanguage":"en-US"}]}},"taxonomy_info":{"product_cat":[{"value":1390,"label":"Figures"}],"pa_brand":[{"value":1638,"label":"Mezco Toyz"}],"pa_character":[{"value":5473,"label":"Pennywise"}],"pa_license":[{"value":5479,"label":"It"}],"pa_product-type":[{"value":2387,"label":"Figure"}],"pa_theme":[{"value":11537,"label":"MDS Roto Plush"}]},"featured_image_src_large":["https:\/\/endormoonstore.com\/wp-content\/uploads\/2022\/03\/Pennywise-Mezco-Designer-Series-Roto-Plush-Doll-IT-1990-1.jpg",1000,1000,false],"author_info":[],"comment_info":"","_links":{"self":[{"href":"https:\/\/endormoonstore.com\/en\/wp-json\/wp\/v2\/product\/126437","targetHints":{"allow":["GET"]}}],"collection":[{"href":"https:\/\/endormoonstore.com\/en\/wp-json\/wp\/v2\/product"}],"about":[{"href":"https:\/\/endormoonstore.com\/en\/wp-json\/wp\/v2\/types\/product"}],"wp:featuredmedia":[{"embeddable":true,"href":"https:\/\/endormoonstore.com\/en\/wp-json\/wp\/v2\/media\/126422"}],"wp:attachment":[{"href":"https:\/\/endormoonstore.com\/en\/wp-json\/wp\/v2\/media?parent=126437"}],"wp:term":[{"taxonomy":"product_cat","embeddable":true,"href":"https:\/\/endormoonstore.com\/en\/wp-json\/wp\/v2\/product_cat?post=126437"},{"taxonomy":"product_tag","embeddable":true,"href":"https:\/\/endormoonstore.com\/en\/wp-json\/wp\/v2\/product_tag?post=126437"}],"curies":[{"name":"wp","href":"https:\/\/api.w.org\/{rel}","templated":true}]}}