{"id":126318,"date":"2022-03-16T11:16:46","date_gmt":"2022-03-16T10:16:46","guid":{"rendered":"https:\/\/endormoonstore.com\/star-wars-the-vintage-collection-the-clone-wars-clone-trooper-501st-legion\/"},"modified":"2022-04-19T21:34:57","modified_gmt":"2022-04-19T19:34:57","slug":"star-wars-the-vintage-collection-the-clone-wars-clone-trooper-501st-legion","status":"publish","type":"product","link":"https:\/\/endormoonstore.com\/en\/star-wars-the-vintage-collection-the-clone-wars-clone-trooper-501st-legion\/","title":{"rendered":"Star Wars The Vintage Collection The Clone Wars Clone Trooper (501st Legion)"},"content":{"rendered":"<p class=\"p1\"><b>Star Wars The Vintage Collection The Clone Wars Clone Trooper (501st Legion) Figura 9,5 cm<\/b><\/p>\n<ul>\n<li>Dirigida por el Capit\u00e1n Rex, la Legi\u00f3n 501 es un escuadr\u00f3n muy unido de soldados clon conocidos por su fuerza de car\u00e1cter y lealtad inquebrantable<\/li>\n<li>La figura The Vintage Collection de unos 9,5 cm est\u00e1 detalla para parecerse al personaje del Clone Trooper (501st Legion) Star Wars: The Clone War, con detalles premium y m\u00faltiples puntos de articulaci\u00f3n.<\/li>\n<li>Se trata de una figura articulada de unos 9,5 cm de alto.<\/li>\n<li>Incluye 2 blaster.<\/li>\n<\/ul>\n","protected":false},"excerpt":{"rendered":"<p class=\"p1\"><b>Star Wars The Vintage Collection The Clone Wars Clone Trooper (501st Legion) Figura 9,5 cm<\/b><\/p>\n<p class=\"p1\">Dirigida por el Capit\u00e1n Rex, la Legi\u00f3n 501 es un escuadr\u00f3n muy unido de soldados clon conocidos por su fuerza de car\u00e1cter y lealtad inquebrantable<\/p>\n","protected":false},"featured_media":126301,"template":"","meta":{"_acf_changed":false,"_kad_blocks_custom_css":"","_kad_blocks_head_custom_js":"","_kad_blocks_body_custom_js":"","_kad_blocks_footer_custom_js":""},"product_cat":[1390],"product_tag":[],"class_list":{"0":"post-126318","1":"product","2":"type-product","3":"status-publish","4":"has-post-thumbnail","6":"product_cat-figures","7":"pa_brand-hasbro-en","8":"pa_character-clone-trooper-501st-legion-en","9":"pa_episode-star-wars-the-clone-wars-en","10":"pa_license-star-wars-en","11":"pa_product-type-figure","12":"pa_theme-the-vintage-collection-en","14":"first","15":"instock","16":"taxable","17":"shipping-taxable","18":"purchasable","19":"product-type-simple"},"acf":[],"yoast_head":"<!-- This site is optimized with the Yoast SEO plugin v26.1.1 - https:\/\/yoast.com\/wordpress\/plugins\/seo\/ -->\n<title>Star Wars The Vintage Collection The Clone Wars Clone Trooper (501st Legion) - EndormoonStore<\/title>\n<meta name=\"robots\" content=\"index, follow, max-snippet:-1, max-image-preview:large, max-video-preview:-1\" \/>\n<link rel=\"canonical\" href=\"https:\/\/endormoonstore.com\/en\/star-wars-the-vintage-collection-the-clone-wars-clone-trooper-501st-legion\/\" \/>\n<meta property=\"og:locale\" content=\"en_US\" \/>\n<meta property=\"og:type\" content=\"article\" \/>\n<meta property=\"og:title\" content=\"Star Wars The Vintage Collection The Clone Wars Clone Trooper (501st Legion) - EndormoonStore\" \/>\n<meta property=\"og:description\" content=\"Star Wars The Vintage Collection The Clone Wars Clone Trooper (501st Legion) Figura 9,5 cm Dirigida por el Capit\u00e1n Rex, la Legi\u00f3n 501 es un escuadr\u00f3n muy unido de soldados clon conocidos por su fuerza de car\u00e1cter y lealtad inquebrantable\" \/>\n<meta property=\"og:url\" content=\"https:\/\/endormoonstore.com\/en\/star-wars-the-vintage-collection-the-clone-wars-clone-trooper-501st-legion\/\" \/>\n<meta property=\"og:site_name\" content=\"EndormoonStore\" \/>\n<meta property=\"article:modified_time\" content=\"2022-04-19T19:34:57+00:00\" \/>\n<meta property=\"og:image\" content=\"https:\/\/endormoonstore.com\/wp-content\/uploads\/2022\/03\/Star-Wars-The-Vintage-Collection-Clone-Trooper-501st-Legion-1.jpg\" \/>\n\t<meta property=\"og:image:width\" content=\"1000\" \/>\n\t<meta property=\"og:image:height\" content=\"1000\" \/>\n\t<meta property=\"og:image:type\" content=\"image\/jpeg\" \/>\n<meta name=\"twitter:card\" content=\"summary_large_image\" \/>\n<meta name=\"twitter:label1\" content=\"Est. reading time\" \/>\n\t<meta name=\"twitter:data1\" content=\"1 minute\" \/>\n<script type=\"application\/ld+json\" class=\"yoast-schema-graph\">{\"@context\":\"https:\/\/schema.org\",\"@graph\":[{\"@type\":\"WebPage\",\"@id\":\"https:\/\/endormoonstore.com\/en\/star-wars-the-vintage-collection-the-clone-wars-clone-trooper-501st-legion\/\",\"url\":\"https:\/\/endormoonstore.com\/en\/star-wars-the-vintage-collection-the-clone-wars-clone-trooper-501st-legion\/\",\"name\":\"Star Wars The Vintage Collection The Clone Wars Clone Trooper (501st Legion) - EndormoonStore\",\"isPartOf\":{\"@id\":\"https:\/\/endormoonstore.com\/#website\"},\"primaryImageOfPage\":{\"@id\":\"https:\/\/endormoonstore.com\/en\/star-wars-the-vintage-collection-the-clone-wars-clone-trooper-501st-legion\/#primaryimage\"},\"image\":{\"@id\":\"https:\/\/endormoonstore.com\/en\/star-wars-the-vintage-collection-the-clone-wars-clone-trooper-501st-legion\/#primaryimage\"},\"thumbnailUrl\":\"https:\/\/endormoonstore.com\/wp-content\/uploads\/2022\/03\/Star-Wars-The-Vintage-Collection-Clone-Trooper-501st-Legion-1.jpg\",\"datePublished\":\"2022-03-16T10:16:46+00:00\",\"dateModified\":\"2022-04-19T19:34:57+00:00\",\"breadcrumb\":{\"@id\":\"https:\/\/endormoonstore.com\/en\/star-wars-the-vintage-collection-the-clone-wars-clone-trooper-501st-legion\/#breadcrumb\"},\"inLanguage\":\"en-US\",\"potentialAction\":[{\"@type\":\"ReadAction\",\"target\":[\"https:\/\/endormoonstore.com\/en\/star-wars-the-vintage-collection-the-clone-wars-clone-trooper-501st-legion\/\"]}]},{\"@type\":\"ImageObject\",\"inLanguage\":\"en-US\",\"@id\":\"https:\/\/endormoonstore.com\/en\/star-wars-the-vintage-collection-the-clone-wars-clone-trooper-501st-legion\/#primaryimage\",\"url\":\"https:\/\/endormoonstore.com\/wp-content\/uploads\/2022\/03\/Star-Wars-The-Vintage-Collection-Clone-Trooper-501st-Legion-1.jpg\",\"contentUrl\":\"https:\/\/endormoonstore.com\/wp-content\/uploads\/2022\/03\/Star-Wars-The-Vintage-Collection-Clone-Trooper-501st-Legion-1.jpg\",\"width\":1000,\"height\":1000},{\"@type\":\"BreadcrumbList\",\"@id\":\"https:\/\/endormoonstore.com\/en\/star-wars-the-vintage-collection-the-clone-wars-clone-trooper-501st-legion\/#breadcrumb\",\"itemListElement\":[{\"@type\":\"ListItem\",\"position\":1,\"name\":\"Shop\",\"item\":\"https:\/\/endormoonstore.com\/en\/shop\/\"},{\"@type\":\"ListItem\",\"position\":2,\"name\":\"Star Wars The Vintage Collection The Clone Wars Clone Trooper (501st Legion)\"}]},{\"@type\":\"WebSite\",\"@id\":\"https:\/\/endormoonstore.com\/#website\",\"url\":\"https:\/\/endormoonstore.com\/\",\"name\":\"EndormoonStore\",\"description\":\"\",\"potentialAction\":[{\"@type\":\"SearchAction\",\"target\":{\"@type\":\"EntryPoint\",\"urlTemplate\":\"https:\/\/endormoonstore.com\/?s={search_term_string}\"},\"query-input\":{\"@type\":\"PropertyValueSpecification\",\"valueRequired\":true,\"valueName\":\"search_term_string\"}}],\"inLanguage\":\"en-US\"}]}<\/script>\n<!-- \/ Yoast SEO plugin. -->","yoast_head_json":{"title":"Star Wars The Vintage Collection The Clone Wars Clone Trooper (501st Legion) - EndormoonStore","robots":{"index":"index","follow":"follow","max-snippet":"max-snippet:-1","max-image-preview":"max-image-preview:large","max-video-preview":"max-video-preview:-1"},"canonical":"https:\/\/endormoonstore.com\/en\/star-wars-the-vintage-collection-the-clone-wars-clone-trooper-501st-legion\/","og_locale":"en_US","og_type":"article","og_title":"Star Wars The Vintage Collection The Clone Wars Clone Trooper (501st Legion) - EndormoonStore","og_description":"Star Wars The Vintage Collection The Clone Wars Clone Trooper (501st Legion) Figura 9,5 cm Dirigida por el Capit\u00e1n Rex, la Legi\u00f3n 501 es un escuadr\u00f3n muy unido de soldados clon conocidos por su fuerza de car\u00e1cter y lealtad inquebrantable","og_url":"https:\/\/endormoonstore.com\/en\/star-wars-the-vintage-collection-the-clone-wars-clone-trooper-501st-legion\/","og_site_name":"EndormoonStore","article_modified_time":"2022-04-19T19:34:57+00:00","og_image":[{"width":1000,"height":1000,"url":"https:\/\/endormoonstore.com\/wp-content\/uploads\/2022\/03\/Star-Wars-The-Vintage-Collection-Clone-Trooper-501st-Legion-1.jpg","type":"image\/jpeg"}],"twitter_card":"summary_large_image","twitter_misc":{"Est. reading time":"1 minute"},"schema":{"@context":"https:\/\/schema.org","@graph":[{"@type":"WebPage","@id":"https:\/\/endormoonstore.com\/en\/star-wars-the-vintage-collection-the-clone-wars-clone-trooper-501st-legion\/","url":"https:\/\/endormoonstore.com\/en\/star-wars-the-vintage-collection-the-clone-wars-clone-trooper-501st-legion\/","name":"Star Wars The Vintage Collection The Clone Wars Clone Trooper (501st Legion) - EndormoonStore","isPartOf":{"@id":"https:\/\/endormoonstore.com\/#website"},"primaryImageOfPage":{"@id":"https:\/\/endormoonstore.com\/en\/star-wars-the-vintage-collection-the-clone-wars-clone-trooper-501st-legion\/#primaryimage"},"image":{"@id":"https:\/\/endormoonstore.com\/en\/star-wars-the-vintage-collection-the-clone-wars-clone-trooper-501st-legion\/#primaryimage"},"thumbnailUrl":"https:\/\/endormoonstore.com\/wp-content\/uploads\/2022\/03\/Star-Wars-The-Vintage-Collection-Clone-Trooper-501st-Legion-1.jpg","datePublished":"2022-03-16T10:16:46+00:00","dateModified":"2022-04-19T19:34:57+00:00","breadcrumb":{"@id":"https:\/\/endormoonstore.com\/en\/star-wars-the-vintage-collection-the-clone-wars-clone-trooper-501st-legion\/#breadcrumb"},"inLanguage":"en-US","potentialAction":[{"@type":"ReadAction","target":["https:\/\/endormoonstore.com\/en\/star-wars-the-vintage-collection-the-clone-wars-clone-trooper-501st-legion\/"]}]},{"@type":"ImageObject","inLanguage":"en-US","@id":"https:\/\/endormoonstore.com\/en\/star-wars-the-vintage-collection-the-clone-wars-clone-trooper-501st-legion\/#primaryimage","url":"https:\/\/endormoonstore.com\/wp-content\/uploads\/2022\/03\/Star-Wars-The-Vintage-Collection-Clone-Trooper-501st-Legion-1.jpg","contentUrl":"https:\/\/endormoonstore.com\/wp-content\/uploads\/2022\/03\/Star-Wars-The-Vintage-Collection-Clone-Trooper-501st-Legion-1.jpg","width":1000,"height":1000},{"@type":"BreadcrumbList","@id":"https:\/\/endormoonstore.com\/en\/star-wars-the-vintage-collection-the-clone-wars-clone-trooper-501st-legion\/#breadcrumb","itemListElement":[{"@type":"ListItem","position":1,"name":"Shop","item":"https:\/\/endormoonstore.com\/en\/shop\/"},{"@type":"ListItem","position":2,"name":"Star Wars The Vintage Collection The Clone Wars Clone Trooper (501st Legion)"}]},{"@type":"WebSite","@id":"https:\/\/endormoonstore.com\/#website","url":"https:\/\/endormoonstore.com\/","name":"EndormoonStore","description":"","potentialAction":[{"@type":"SearchAction","target":{"@type":"EntryPoint","urlTemplate":"https:\/\/endormoonstore.com\/?s={search_term_string}"},"query-input":{"@type":"PropertyValueSpecification","valueRequired":true,"valueName":"search_term_string"}}],"inLanguage":"en-US"}]}},"taxonomy_info":{"product_cat":[{"value":1390,"label":"Figures"}],"pa_brand":[{"value":2084,"label":"Hasbro"}],"pa_character":[{"value":15372,"label":"Clone Trooper 501st Legion"}],"pa_episode":[{"value":2333,"label":"Star Wars: The Clone Wars"}],"pa_license":[{"value":1644,"label":"Star Wars"}],"pa_product-type":[{"value":2387,"label":"Figure"}],"pa_theme":[{"value":1660,"label":"The Vintage Collection"}]},"featured_image_src_large":["https:\/\/endormoonstore.com\/wp-content\/uploads\/2022\/03\/Star-Wars-The-Vintage-Collection-Clone-Trooper-501st-Legion-1.jpg",1000,1000,false],"author_info":[],"comment_info":"","_links":{"self":[{"href":"https:\/\/endormoonstore.com\/en\/wp-json\/wp\/v2\/product\/126318","targetHints":{"allow":["GET"]}}],"collection":[{"href":"https:\/\/endormoonstore.com\/en\/wp-json\/wp\/v2\/product"}],"about":[{"href":"https:\/\/endormoonstore.com\/en\/wp-json\/wp\/v2\/types\/product"}],"wp:featuredmedia":[{"embeddable":true,"href":"https:\/\/endormoonstore.com\/en\/wp-json\/wp\/v2\/media\/126301"}],"wp:attachment":[{"href":"https:\/\/endormoonstore.com\/en\/wp-json\/wp\/v2\/media?parent=126318"}],"wp:term":[{"taxonomy":"product_cat","embeddable":true,"href":"https:\/\/endormoonstore.com\/en\/wp-json\/wp\/v2\/product_cat?post=126318"},{"taxonomy":"product_tag","embeddable":true,"href":"https:\/\/endormoonstore.com\/en\/wp-json\/wp\/v2\/product_tag?post=126318"}],"curies":[{"name":"wp","href":"https:\/\/api.w.org\/{rel}","templated":true}]}}