{"id":125786,"date":"2022-03-08T22:55:29","date_gmt":"2022-03-08T21:55:29","guid":{"rendered":"https:\/\/endormoonstore.com\/tamiya-nissan-fairlady-300zx-2-seater-ref-24042-escala-124\/"},"modified":"2023-05-26T21:32:59","modified_gmt":"2023-05-26T19:32:59","slug":"tamiya-nissan-fairlady-300zx-2-seater-ref-24042-escala-124","status":"publish","type":"product","link":"https:\/\/endormoonstore.com\/en\/tamiya-nissan-fairlady-300zx-2-seater-ref-24042-escala-124\/","title":{"rendered":"Tamiya Nissan Fairlady 300ZX 2 Seater Ref 24042 Escala 1:24"},"content":{"rendered":"<p><strong>Tamiya Nissan Fairlady 300ZX 2 Seater Ref 24042 Escala 1:24<\/strong><\/p>\n<ul>\n<li>El Fairlady Z ya hab\u00eda vendido m\u00e1s de un mill\u00f3n de unidades entre su debut en 1969 y 1983, ganando popularidad a gran escala.<\/li>\n<li>\u00a0En septiembre de 1983, los entusiastas del motor disfrutaron del lanzamiento de la tercera generaci\u00f3n del autom\u00f3vil;\u00a0Si bien se mantuvo con el exitoso concepto de dise\u00f1o de plataforma corta y morro largo, era aerodin\u00e1micamente muy avanzado, con una resistencia m\u00ednima y adornado con faros delanteros emergentes semi integrados.<\/li>\n<li>Todos los grados del autom\u00f3vil emplearon un motor turbo V6, siendo el del modelo superior 300ZX el VG30ET de 2960 cc, cuyos 230 hp fueron los mejores entre los autos deportivos japoneses.<\/li>\n<li>\u00a0Ten\u00eda configuraciones de suspensi\u00f3n delantera MacPherson y semirremolque trasera, adem\u00e1s de amortiguadores ajustables de 3 v\u00edas y cuatro discos de freno, ventilados en la parte delantera y s\u00f3lidos en la parte trasera.<\/li>\n<li>Este es un kit de ensamblaje de modelo de pl\u00e1stico a escala 1\/24.\u00a0Longitud: 179 mm.<\/li>\n<li>Presenta una representaci\u00f3n integral de la forma aerodin\u00e1micamente eficiente, con representaciones detalladas de los faros emergentes, los espejos laterales, el lujoso interior, la suspensi\u00f3n y m\u00e1s.<\/li>\n<li>El motor V6 tiene un desglose de piezas ergon\u00f3mico que ofrece gran detalle.<\/li>\n<li>Las ruedas de carretera y los estuches de los faros cuentan con piezas enchapadas en metal.<\/li>\n<li>Monte los faros en posici\u00f3n arriba o abajo y elija entre volante a la izquierda o a la derecha.\u00a0Los neum\u00e1ticos macizos cuentan con dibujos realistas de la banda de rodadura<\/li>\n<li>La maqueta viene sin montar. Requiere pegamento de modelismo y pintura ( no incluidos )<\/li>\n<\/ul>\n<p>&nbsp;<\/p>\n","protected":false},"excerpt":{"rendered":"<p><strong>Tamiya Nissan Fairlady 300ZX 2 Seater Ref 24042 Escala 1:24<\/strong><\/p>\n<p>El Fairlady Z ya hab\u00eda vendido m\u00e1s de un mill\u00f3n de unidades entre su debut en 1969 y 1983, ganando popularidad a gran escala.<\/p>\n","protected":false},"featured_media":125783,"template":"","meta":{"_acf_changed":false,"_kad_blocks_custom_css":"","_kad_blocks_head_custom_js":"","_kad_blocks_body_custom_js":"","_kad_blocks_footer_custom_js":""},"product_cat":[1388],"product_tag":[],"class_list":{"0":"post-125786","1":"product","2":"type-product","3":"status-publish","4":"has-post-thumbnail","6":"product_cat-modelism","7":"pa_brand-tamiya-en","8":"pa_manufacturer-nissan-en","9":"pa_theme-model-kit-car","11":"first","12":"outofstock","13":"taxable","14":"shipping-taxable","15":"purchasable","16":"product-type-simple"},"acf":[],"yoast_head":"<!-- This site is optimized with the Yoast SEO plugin v26.1.1 - https:\/\/yoast.com\/wordpress\/plugins\/seo\/ -->\n<title>Tamiya Nissan Fairlady 300ZX 2 Seater Ref 24042 Escala 1:24 - EndormoonStore<\/title>\n<meta name=\"robots\" content=\"index, follow, max-snippet:-1, max-image-preview:large, max-video-preview:-1\" \/>\n<link rel=\"canonical\" href=\"https:\/\/endormoonstore.com\/tamiya-nissan-fairlady-300zx-2-seater-ref-24042-escala-124\/\" \/>\n<meta property=\"og:locale\" content=\"en_US\" \/>\n<meta property=\"og:type\" content=\"article\" \/>\n<meta property=\"og:title\" content=\"Tamiya Nissan Fairlady 300ZX 2 Seater Ref 24042 Escala 1:24 - EndormoonStore\" \/>\n<meta property=\"og:description\" content=\"Tamiya Nissan Fairlady 300ZX 2 Seater Ref 24042 Escala 1:24  El Fairlady Z ya hab\u00eda vendido m\u00e1s de un mill\u00f3n de unidades entre su debut en 1969 y 1983, ganando popularidad a gran escala.\" \/>\n<meta property=\"og:url\" content=\"https:\/\/endormoonstore.com\/tamiya-nissan-fairlady-300zx-2-seater-ref-24042-escala-124\/\" \/>\n<meta property=\"og:site_name\" content=\"EndormoonStore\" \/>\n<meta property=\"article:modified_time\" content=\"2023-05-26T19:32:59+00:00\" \/>\n<meta property=\"og:image\" content=\"https:\/\/endormoonstore.com\/wp-content\/uploads\/2022\/03\/Tamiya-Nissan-Fairlady-300ZX-2-Seater-Ref-24042-6.jpg\" \/>\n\t<meta property=\"og:image:width\" content=\"1000\" \/>\n\t<meta property=\"og:image:height\" content=\"659\" \/>\n\t<meta property=\"og:image:type\" content=\"image\/jpeg\" \/>\n<meta name=\"twitter:card\" content=\"summary_large_image\" \/>\n<meta name=\"twitter:label1\" content=\"Est. reading time\" \/>\n\t<meta name=\"twitter:data1\" content=\"1 minute\" \/>\n<script type=\"application\/ld+json\" class=\"yoast-schema-graph\">{\"@context\":\"https:\/\/schema.org\",\"@graph\":[{\"@type\":\"WebPage\",\"@id\":\"https:\/\/endormoonstore.com\/tamiya-nissan-fairlady-300zx-2-seater-ref-24042-escala-124\/\",\"url\":\"https:\/\/endormoonstore.com\/tamiya-nissan-fairlady-300zx-2-seater-ref-24042-escala-124\/\",\"name\":\"Tamiya Nissan Fairlady 300ZX 2 Seater Ref 24042 Escala 1:24 - EndormoonStore\",\"isPartOf\":{\"@id\":\"https:\/\/endormoonstore.com\/#website\"},\"primaryImageOfPage\":{\"@id\":\"https:\/\/endormoonstore.com\/tamiya-nissan-fairlady-300zx-2-seater-ref-24042-escala-124\/#primaryimage\"},\"image\":{\"@id\":\"https:\/\/endormoonstore.com\/tamiya-nissan-fairlady-300zx-2-seater-ref-24042-escala-124\/#primaryimage\"},\"thumbnailUrl\":\"https:\/\/endormoonstore.com\/wp-content\/uploads\/2022\/03\/Tamiya-Nissan-Fairlady-300ZX-2-Seater-Ref-24042-6.jpg\",\"datePublished\":\"2022-03-08T21:55:29+00:00\",\"dateModified\":\"2023-05-26T19:32:59+00:00\",\"breadcrumb\":{\"@id\":\"https:\/\/endormoonstore.com\/tamiya-nissan-fairlady-300zx-2-seater-ref-24042-escala-124\/#breadcrumb\"},\"inLanguage\":\"en-US\",\"potentialAction\":[{\"@type\":\"ReadAction\",\"target\":[\"https:\/\/endormoonstore.com\/tamiya-nissan-fairlady-300zx-2-seater-ref-24042-escala-124\/\"]}]},{\"@type\":\"ImageObject\",\"inLanguage\":\"en-US\",\"@id\":\"https:\/\/endormoonstore.com\/tamiya-nissan-fairlady-300zx-2-seater-ref-24042-escala-124\/#primaryimage\",\"url\":\"https:\/\/endormoonstore.com\/wp-content\/uploads\/2022\/03\/Tamiya-Nissan-Fairlady-300ZX-2-Seater-Ref-24042-6.jpg\",\"contentUrl\":\"https:\/\/endormoonstore.com\/wp-content\/uploads\/2022\/03\/Tamiya-Nissan-Fairlady-300ZX-2-Seater-Ref-24042-6.jpg\",\"width\":1000,\"height\":659},{\"@type\":\"BreadcrumbList\",\"@id\":\"https:\/\/endormoonstore.com\/tamiya-nissan-fairlady-300zx-2-seater-ref-24042-escala-124\/#breadcrumb\",\"itemListElement\":[{\"@type\":\"ListItem\",\"position\":1,\"name\":\"Shop\",\"item\":\"https:\/\/endormoonstore.com\/en\/shop\/\"},{\"@type\":\"ListItem\",\"position\":2,\"name\":\"Tamiya Nissan Fairlady 300ZX 2 Seater Ref 24042 Escala 1:24\"}]},{\"@type\":\"WebSite\",\"@id\":\"https:\/\/endormoonstore.com\/#website\",\"url\":\"https:\/\/endormoonstore.com\/\",\"name\":\"EndormoonStore\",\"description\":\"\",\"potentialAction\":[{\"@type\":\"SearchAction\",\"target\":{\"@type\":\"EntryPoint\",\"urlTemplate\":\"https:\/\/endormoonstore.com\/?s={search_term_string}\"},\"query-input\":{\"@type\":\"PropertyValueSpecification\",\"valueRequired\":true,\"valueName\":\"search_term_string\"}}],\"inLanguage\":\"en-US\"}]}<\/script>\n<!-- \/ Yoast SEO plugin. -->","yoast_head_json":{"title":"Tamiya Nissan Fairlady 300ZX 2 Seater Ref 24042 Escala 1:24 - EndormoonStore","robots":{"index":"index","follow":"follow","max-snippet":"max-snippet:-1","max-image-preview":"max-image-preview:large","max-video-preview":"max-video-preview:-1"},"canonical":"https:\/\/endormoonstore.com\/tamiya-nissan-fairlady-300zx-2-seater-ref-24042-escala-124\/","og_locale":"en_US","og_type":"article","og_title":"Tamiya Nissan Fairlady 300ZX 2 Seater Ref 24042 Escala 1:24 - EndormoonStore","og_description":"Tamiya Nissan Fairlady 300ZX 2 Seater Ref 24042 Escala 1:24  El Fairlady Z ya hab\u00eda vendido m\u00e1s de un mill\u00f3n de unidades entre su debut en 1969 y 1983, ganando popularidad a gran escala.","og_url":"https:\/\/endormoonstore.com\/tamiya-nissan-fairlady-300zx-2-seater-ref-24042-escala-124\/","og_site_name":"EndormoonStore","article_modified_time":"2023-05-26T19:32:59+00:00","og_image":[{"width":1000,"height":659,"url":"https:\/\/endormoonstore.com\/wp-content\/uploads\/2022\/03\/Tamiya-Nissan-Fairlady-300ZX-2-Seater-Ref-24042-6.jpg","type":"image\/jpeg"}],"twitter_card":"summary_large_image","twitter_misc":{"Est. reading time":"1 minute"},"schema":{"@context":"https:\/\/schema.org","@graph":[{"@type":"WebPage","@id":"https:\/\/endormoonstore.com\/tamiya-nissan-fairlady-300zx-2-seater-ref-24042-escala-124\/","url":"https:\/\/endormoonstore.com\/tamiya-nissan-fairlady-300zx-2-seater-ref-24042-escala-124\/","name":"Tamiya Nissan Fairlady 300ZX 2 Seater Ref 24042 Escala 1:24 - EndormoonStore","isPartOf":{"@id":"https:\/\/endormoonstore.com\/#website"},"primaryImageOfPage":{"@id":"https:\/\/endormoonstore.com\/tamiya-nissan-fairlady-300zx-2-seater-ref-24042-escala-124\/#primaryimage"},"image":{"@id":"https:\/\/endormoonstore.com\/tamiya-nissan-fairlady-300zx-2-seater-ref-24042-escala-124\/#primaryimage"},"thumbnailUrl":"https:\/\/endormoonstore.com\/wp-content\/uploads\/2022\/03\/Tamiya-Nissan-Fairlady-300ZX-2-Seater-Ref-24042-6.jpg","datePublished":"2022-03-08T21:55:29+00:00","dateModified":"2023-05-26T19:32:59+00:00","breadcrumb":{"@id":"https:\/\/endormoonstore.com\/tamiya-nissan-fairlady-300zx-2-seater-ref-24042-escala-124\/#breadcrumb"},"inLanguage":"en-US","potentialAction":[{"@type":"ReadAction","target":["https:\/\/endormoonstore.com\/tamiya-nissan-fairlady-300zx-2-seater-ref-24042-escala-124\/"]}]},{"@type":"ImageObject","inLanguage":"en-US","@id":"https:\/\/endormoonstore.com\/tamiya-nissan-fairlady-300zx-2-seater-ref-24042-escala-124\/#primaryimage","url":"https:\/\/endormoonstore.com\/wp-content\/uploads\/2022\/03\/Tamiya-Nissan-Fairlady-300ZX-2-Seater-Ref-24042-6.jpg","contentUrl":"https:\/\/endormoonstore.com\/wp-content\/uploads\/2022\/03\/Tamiya-Nissan-Fairlady-300ZX-2-Seater-Ref-24042-6.jpg","width":1000,"height":659},{"@type":"BreadcrumbList","@id":"https:\/\/endormoonstore.com\/tamiya-nissan-fairlady-300zx-2-seater-ref-24042-escala-124\/#breadcrumb","itemListElement":[{"@type":"ListItem","position":1,"name":"Shop","item":"https:\/\/endormoonstore.com\/en\/shop\/"},{"@type":"ListItem","position":2,"name":"Tamiya Nissan Fairlady 300ZX 2 Seater Ref 24042 Escala 1:24"}]},{"@type":"WebSite","@id":"https:\/\/endormoonstore.com\/#website","url":"https:\/\/endormoonstore.com\/","name":"EndormoonStore","description":"","potentialAction":[{"@type":"SearchAction","target":{"@type":"EntryPoint","urlTemplate":"https:\/\/endormoonstore.com\/?s={search_term_string}"},"query-input":{"@type":"PropertyValueSpecification","valueRequired":true,"valueName":"search_term_string"}}],"inLanguage":"en-US"}]}},"taxonomy_info":{"product_cat":[{"value":1388,"label":"Modelism"}],"pa_brand":[{"value":1761,"label":"Tamiya"}],"pa_manufacturer":[{"value":8955,"label":"Nissan"}],"pa_theme":[{"value":5336,"label":"Model Kit Car"}]},"featured_image_src_large":["https:\/\/endormoonstore.com\/wp-content\/uploads\/2022\/03\/Tamiya-Nissan-Fairlady-300ZX-2-Seater-Ref-24042-6.jpg",1000,659,false],"author_info":[],"comment_info":"","_links":{"self":[{"href":"https:\/\/endormoonstore.com\/en\/wp-json\/wp\/v2\/product\/125786","targetHints":{"allow":["GET"]}}],"collection":[{"href":"https:\/\/endormoonstore.com\/en\/wp-json\/wp\/v2\/product"}],"about":[{"href":"https:\/\/endormoonstore.com\/en\/wp-json\/wp\/v2\/types\/product"}],"wp:featuredmedia":[{"embeddable":true,"href":"https:\/\/endormoonstore.com\/en\/wp-json\/wp\/v2\/media\/125783"}],"wp:attachment":[{"href":"https:\/\/endormoonstore.com\/en\/wp-json\/wp\/v2\/media?parent=125786"}],"wp:term":[{"taxonomy":"product_cat","embeddable":true,"href":"https:\/\/endormoonstore.com\/en\/wp-json\/wp\/v2\/product_cat?post=125786"},{"taxonomy":"product_tag","embeddable":true,"href":"https:\/\/endormoonstore.com\/en\/wp-json\/wp\/v2\/product_tag?post=125786"}],"curies":[{"name":"wp","href":"https:\/\/api.w.org\/{rel}","templated":true}]}}