{"id":125567,"date":"2022-03-05T20:03:39","date_gmt":"2022-03-05T19:03:39","guid":{"rendered":"https:\/\/endormoonstore.com\/godzilla-vs-hedorah-1971-three-figure-boxed-set-5-points-xl\/"},"modified":"2023-01-29T21:50:04","modified_gmt":"2023-01-29T20:50:04","slug":"godzilla-vs-hedorah-1971-three-figure-boxed-set-5-points-xl","status":"publish","type":"product","link":"https:\/\/endormoonstore.com\/en\/godzilla-vs-hedorah-1971-three-figure-boxed-set-5-points-xl\/","title":{"rendered":"Godzilla vs Hedorah (1971) Three Figure Boxed Set 5 Points XL"},"content":{"rendered":"<p><strong>Godzilla vs Hedorah (1971) Three Figure Boxed Set 5 Points XL<\/strong><\/p>\n<div class=\"pull-left margenDatosSecundarios\">\n<div id=\"ctl00_MainContent_dvSinopsis\" class=\"pull-left w100\">\n<ul>\n<li>5 Points XL: una adici\u00f3n colosal a nuestra nost\u00e1lgica l\u00ednea 5 Points con la misma diversi\u00f3n impulsada por los fan\u00e1ticos, \u00a1pero m\u00e1s grande!<\/li>\n<li>\u00a1Godzilla viene a ayudar a la humanidad en la lucha contra Hedorah, una forma de vida extraterrestre microsc\u00f3pica que se alimenta de la contaminaci\u00f3n de la Tierra!<\/li>\n<li>\u00a1Este monstruoso conjunto en caja contiene a Godzilla, Hedorah en forma final y voladora, bases de exhibici\u00f3n y r\u00e9plicas de edificios para crear m\u00faltiples opciones de exhibici\u00f3n!<\/li>\n<li>El set incluye las figuras de Godzilla rey de los monstruos y salvador de la humanidad y dos Hedorah, uno en forma final un monstruo marino venenoso que secreta \u00e1cido y otro en forma de platillo volador, su forma m\u00e1s poderosa.<\/li>\n<li>Ademas 4x r\u00e9plicas de edificios, 2x orbes de posici\u00f3n, 1x ojo FX FX (se adjunta a la forma final de Hedorah), 1x p\u00e1rpado (se adhiere al ojo izquierdo de Final Form Hedorah), 1x publicaci\u00f3n de poses para Final Form Hedorah, 2x bases de exhibici\u00f3n 5 Points XL Godzilla vs Hedorah.<\/li>\n<li>Todo en una caja a todo color para coleccionistas, dise\u00f1ada pensando en los coleccionistas.<\/li>\n<\/ul>\n<\/div>\n<\/div>\n<p>&nbsp;<\/p>\n","protected":false},"excerpt":{"rendered":"<p><strong>Godzilla vs Hedorah (1971) Three Figure Boxed Set 5 Points XL<\/strong><\/p>\n<p>5 Points XL: una adici\u00f3n colosal a nuestra nost\u00e1lgica l\u00ednea 5 Points con la misma diversi\u00f3n impulsada por los fan\u00e1ticos, \u00a1pero m\u00e1s grande!<\/p>\n","protected":false},"featured_media":125542,"template":"","meta":{"_acf_changed":false,"_kad_blocks_custom_css":"","_kad_blocks_head_custom_js":"","_kad_blocks_body_custom_js":"","_kad_blocks_footer_custom_js":""},"product_cat":[1390],"product_tag":[],"class_list":{"0":"post-125567","1":"product","2":"type-product","3":"status-publish","4":"has-post-thumbnail","6":"product_cat-figures","7":"pa_brand-mezco-toyz-en","8":"pa_character-godzilla-en","9":"pa_character-hedorah-en","10":"pa_license-godzilla-vs-hedorah-en","11":"pa_product-type-diorama-en","12":"pa_theme-5-points-en","14":"first","15":"instock","16":"taxable","17":"shipping-taxable","18":"purchasable","19":"product-type-simple"},"acf":[],"yoast_head":"<!-- This site is optimized with the Yoast SEO plugin v26.1.1 - https:\/\/yoast.com\/wordpress\/plugins\/seo\/ -->\n<title>Godzilla vs Hedorah (1971) Three Figure Boxed Set 5 Points XL - EndormoonStore<\/title>\n<meta name=\"robots\" content=\"index, follow, max-snippet:-1, max-image-preview:large, max-video-preview:-1\" \/>\n<link rel=\"canonical\" href=\"https:\/\/endormoonstore.com\/en\/godzilla-vs-hedorah-1971-three-figure-boxed-set-5-points-xl\/\" \/>\n<meta property=\"og:locale\" content=\"en_US\" \/>\n<meta property=\"og:type\" content=\"article\" \/>\n<meta property=\"og:title\" content=\"Godzilla vs Hedorah (1971) Three Figure Boxed Set 5 Points XL - EndormoonStore\" \/>\n<meta property=\"og:description\" content=\"Godzilla vs Hedorah (1971) Three Figure Boxed Set 5 Points XL  5 Points XL: una adici\u00f3n colosal a nuestra nost\u00e1lgica l\u00ednea 5 Points con la misma diversi\u00f3n impulsada por los fan\u00e1ticos, \u00a1pero m\u00e1s grande!\" \/>\n<meta property=\"og:url\" content=\"https:\/\/endormoonstore.com\/en\/godzilla-vs-hedorah-1971-three-figure-boxed-set-5-points-xl\/\" \/>\n<meta property=\"og:site_name\" content=\"EndormoonStore\" \/>\n<meta property=\"article:modified_time\" content=\"2023-01-29T20:50:04+00:00\" \/>\n<meta property=\"og:image\" content=\"https:\/\/endormoonstore.com\/wp-content\/uploads\/2022\/03\/Godzilla-vs-Hedorah-1971-Three-Figure-Boxed-Set-5-Points-XL-1.jpeg\" \/>\n\t<meta property=\"og:image:width\" content=\"800\" \/>\n\t<meta property=\"og:image:height\" content=\"800\" \/>\n\t<meta property=\"og:image:type\" content=\"image\/jpeg\" \/>\n<meta name=\"twitter:card\" content=\"summary_large_image\" \/>\n<meta name=\"twitter:label1\" content=\"Est. reading time\" \/>\n\t<meta name=\"twitter:data1\" content=\"1 minute\" \/>\n<script type=\"application\/ld+json\" class=\"yoast-schema-graph\">{\"@context\":\"https:\/\/schema.org\",\"@graph\":[{\"@type\":\"WebPage\",\"@id\":\"https:\/\/endormoonstore.com\/en\/godzilla-vs-hedorah-1971-three-figure-boxed-set-5-points-xl\/\",\"url\":\"https:\/\/endormoonstore.com\/en\/godzilla-vs-hedorah-1971-three-figure-boxed-set-5-points-xl\/\",\"name\":\"Godzilla vs Hedorah (1971) Three Figure Boxed Set 5 Points XL - EndormoonStore\",\"isPartOf\":{\"@id\":\"https:\/\/endormoonstore.com\/#website\"},\"primaryImageOfPage\":{\"@id\":\"https:\/\/endormoonstore.com\/en\/godzilla-vs-hedorah-1971-three-figure-boxed-set-5-points-xl\/#primaryimage\"},\"image\":{\"@id\":\"https:\/\/endormoonstore.com\/en\/godzilla-vs-hedorah-1971-three-figure-boxed-set-5-points-xl\/#primaryimage\"},\"thumbnailUrl\":\"https:\/\/endormoonstore.com\/wp-content\/uploads\/2022\/03\/Godzilla-vs-Hedorah-1971-Three-Figure-Boxed-Set-5-Points-XL-1.jpeg\",\"datePublished\":\"2022-03-05T19:03:39+00:00\",\"dateModified\":\"2023-01-29T20:50:04+00:00\",\"breadcrumb\":{\"@id\":\"https:\/\/endormoonstore.com\/en\/godzilla-vs-hedorah-1971-three-figure-boxed-set-5-points-xl\/#breadcrumb\"},\"inLanguage\":\"en-US\",\"potentialAction\":[{\"@type\":\"ReadAction\",\"target\":[\"https:\/\/endormoonstore.com\/en\/godzilla-vs-hedorah-1971-three-figure-boxed-set-5-points-xl\/\"]}]},{\"@type\":\"ImageObject\",\"inLanguage\":\"en-US\",\"@id\":\"https:\/\/endormoonstore.com\/en\/godzilla-vs-hedorah-1971-three-figure-boxed-set-5-points-xl\/#primaryimage\",\"url\":\"https:\/\/endormoonstore.com\/wp-content\/uploads\/2022\/03\/Godzilla-vs-Hedorah-1971-Three-Figure-Boxed-Set-5-Points-XL-1.jpeg\",\"contentUrl\":\"https:\/\/endormoonstore.com\/wp-content\/uploads\/2022\/03\/Godzilla-vs-Hedorah-1971-Three-Figure-Boxed-Set-5-Points-XL-1.jpeg\",\"width\":800,\"height\":800},{\"@type\":\"BreadcrumbList\",\"@id\":\"https:\/\/endormoonstore.com\/en\/godzilla-vs-hedorah-1971-three-figure-boxed-set-5-points-xl\/#breadcrumb\",\"itemListElement\":[{\"@type\":\"ListItem\",\"position\":1,\"name\":\"Shop\",\"item\":\"https:\/\/endormoonstore.com\/en\/shop\/\"},{\"@type\":\"ListItem\",\"position\":2,\"name\":\"Godzilla vs Hedorah (1971) Three Figure Boxed Set 5 Points XL\"}]},{\"@type\":\"WebSite\",\"@id\":\"https:\/\/endormoonstore.com\/#website\",\"url\":\"https:\/\/endormoonstore.com\/\",\"name\":\"EndormoonStore\",\"description\":\"\",\"potentialAction\":[{\"@type\":\"SearchAction\",\"target\":{\"@type\":\"EntryPoint\",\"urlTemplate\":\"https:\/\/endormoonstore.com\/?s={search_term_string}\"},\"query-input\":{\"@type\":\"PropertyValueSpecification\",\"valueRequired\":true,\"valueName\":\"search_term_string\"}}],\"inLanguage\":\"en-US\"}]}<\/script>\n<!-- \/ Yoast SEO plugin. -->","yoast_head_json":{"title":"Godzilla vs Hedorah (1971) Three Figure Boxed Set 5 Points XL - EndormoonStore","robots":{"index":"index","follow":"follow","max-snippet":"max-snippet:-1","max-image-preview":"max-image-preview:large","max-video-preview":"max-video-preview:-1"},"canonical":"https:\/\/endormoonstore.com\/en\/godzilla-vs-hedorah-1971-three-figure-boxed-set-5-points-xl\/","og_locale":"en_US","og_type":"article","og_title":"Godzilla vs Hedorah (1971) Three Figure Boxed Set 5 Points XL - EndormoonStore","og_description":"Godzilla vs Hedorah (1971) Three Figure Boxed Set 5 Points XL  5 Points XL: una adici\u00f3n colosal a nuestra nost\u00e1lgica l\u00ednea 5 Points con la misma diversi\u00f3n impulsada por los fan\u00e1ticos, \u00a1pero m\u00e1s grande!","og_url":"https:\/\/endormoonstore.com\/en\/godzilla-vs-hedorah-1971-three-figure-boxed-set-5-points-xl\/","og_site_name":"EndormoonStore","article_modified_time":"2023-01-29T20:50:04+00:00","og_image":[{"width":800,"height":800,"url":"https:\/\/endormoonstore.com\/wp-content\/uploads\/2022\/03\/Godzilla-vs-Hedorah-1971-Three-Figure-Boxed-Set-5-Points-XL-1.jpeg","type":"image\/jpeg"}],"twitter_card":"summary_large_image","twitter_misc":{"Est. reading time":"1 minute"},"schema":{"@context":"https:\/\/schema.org","@graph":[{"@type":"WebPage","@id":"https:\/\/endormoonstore.com\/en\/godzilla-vs-hedorah-1971-three-figure-boxed-set-5-points-xl\/","url":"https:\/\/endormoonstore.com\/en\/godzilla-vs-hedorah-1971-three-figure-boxed-set-5-points-xl\/","name":"Godzilla vs Hedorah (1971) Three Figure Boxed Set 5 Points XL - EndormoonStore","isPartOf":{"@id":"https:\/\/endormoonstore.com\/#website"},"primaryImageOfPage":{"@id":"https:\/\/endormoonstore.com\/en\/godzilla-vs-hedorah-1971-three-figure-boxed-set-5-points-xl\/#primaryimage"},"image":{"@id":"https:\/\/endormoonstore.com\/en\/godzilla-vs-hedorah-1971-three-figure-boxed-set-5-points-xl\/#primaryimage"},"thumbnailUrl":"https:\/\/endormoonstore.com\/wp-content\/uploads\/2022\/03\/Godzilla-vs-Hedorah-1971-Three-Figure-Boxed-Set-5-Points-XL-1.jpeg","datePublished":"2022-03-05T19:03:39+00:00","dateModified":"2023-01-29T20:50:04+00:00","breadcrumb":{"@id":"https:\/\/endormoonstore.com\/en\/godzilla-vs-hedorah-1971-three-figure-boxed-set-5-points-xl\/#breadcrumb"},"inLanguage":"en-US","potentialAction":[{"@type":"ReadAction","target":["https:\/\/endormoonstore.com\/en\/godzilla-vs-hedorah-1971-three-figure-boxed-set-5-points-xl\/"]}]},{"@type":"ImageObject","inLanguage":"en-US","@id":"https:\/\/endormoonstore.com\/en\/godzilla-vs-hedorah-1971-three-figure-boxed-set-5-points-xl\/#primaryimage","url":"https:\/\/endormoonstore.com\/wp-content\/uploads\/2022\/03\/Godzilla-vs-Hedorah-1971-Three-Figure-Boxed-Set-5-Points-XL-1.jpeg","contentUrl":"https:\/\/endormoonstore.com\/wp-content\/uploads\/2022\/03\/Godzilla-vs-Hedorah-1971-Three-Figure-Boxed-Set-5-Points-XL-1.jpeg","width":800,"height":800},{"@type":"BreadcrumbList","@id":"https:\/\/endormoonstore.com\/en\/godzilla-vs-hedorah-1971-three-figure-boxed-set-5-points-xl\/#breadcrumb","itemListElement":[{"@type":"ListItem","position":1,"name":"Shop","item":"https:\/\/endormoonstore.com\/en\/shop\/"},{"@type":"ListItem","position":2,"name":"Godzilla vs Hedorah (1971) Three Figure Boxed Set 5 Points XL"}]},{"@type":"WebSite","@id":"https:\/\/endormoonstore.com\/#website","url":"https:\/\/endormoonstore.com\/","name":"EndormoonStore","description":"","potentialAction":[{"@type":"SearchAction","target":{"@type":"EntryPoint","urlTemplate":"https:\/\/endormoonstore.com\/?s={search_term_string}"},"query-input":{"@type":"PropertyValueSpecification","valueRequired":true,"valueName":"search_term_string"}}],"inLanguage":"en-US"}]}},"taxonomy_info":{"product_cat":[{"value":1390,"label":"Figures"}],"pa_brand":[{"value":1638,"label":"Mezco Toyz"}],"pa_character":[{"value":5099,"label":"Godzilla"},{"value":11424,"label":"Hedorah"}],"pa_license":[{"value":11442,"label":"Godzilla vs. Hedorah"}],"pa_product-type":[{"value":6603,"label":"Diorama"}],"pa_theme":[{"value":3581,"label":"5 Points"}]},"featured_image_src_large":["https:\/\/endormoonstore.com\/wp-content\/uploads\/2022\/03\/Godzilla-vs-Hedorah-1971-Three-Figure-Boxed-Set-5-Points-XL-1.jpeg",800,800,false],"author_info":[],"comment_info":"","_links":{"self":[{"href":"https:\/\/endormoonstore.com\/en\/wp-json\/wp\/v2\/product\/125567","targetHints":{"allow":["GET"]}}],"collection":[{"href":"https:\/\/endormoonstore.com\/en\/wp-json\/wp\/v2\/product"}],"about":[{"href":"https:\/\/endormoonstore.com\/en\/wp-json\/wp\/v2\/types\/product"}],"wp:featuredmedia":[{"embeddable":true,"href":"https:\/\/endormoonstore.com\/en\/wp-json\/wp\/v2\/media\/125542"}],"wp:attachment":[{"href":"https:\/\/endormoonstore.com\/en\/wp-json\/wp\/v2\/media?parent=125567"}],"wp:term":[{"taxonomy":"product_cat","embeddable":true,"href":"https:\/\/endormoonstore.com\/en\/wp-json\/wp\/v2\/product_cat?post=125567"},{"taxonomy":"product_tag","embeddable":true,"href":"https:\/\/endormoonstore.com\/en\/wp-json\/wp\/v2\/product_tag?post=125567"}],"curies":[{"name":"wp","href":"https:\/\/api.w.org\/{rel}","templated":true}]}}