{"id":125397,"date":"2022-03-03T21:17:35","date_gmt":"2022-03-03T20:17:35","guid":{"rendered":"https:\/\/endormoonstore.com\/geralt-ronin-ver-the-witcher-ronin-nendoroid\/"},"modified":"2023-01-25T23:29:00","modified_gmt":"2023-01-25T22:29:00","slug":"geralt-ronin-ver-the-witcher-ronin-nendoroid","status":"publish","type":"product","link":"https:\/\/endormoonstore.com\/en\/geralt-ronin-ver-the-witcher-ronin-nendoroid\/","title":{"rendered":"Geralt Ronin Ver. The Witcher: Ronin Nendoroid"},"content":{"rendered":"<p><strong>Geralt Ronin Ver. The Witcher: Ronin Nendoroid Figura 10 cm<\/strong><\/p>\n<ul>\n<li>El brujo Geralt, ahora reinventado como Ronin, se une a la serie Nendoroid.<\/li>\n<li>Del manga &#8220;The Witcher: Ronin&#8221; viene un Nendoroid de Geralt como Ronin Witcher.<\/li>\n<li>Al igual que el manga, esta Nendoroid vuelve a imaginar a Geralt como un espadach\u00edn que deambula por un mundo inspirado en el Jap\u00f3n medieval.<\/li>\n<li>Geralt lleva dos katanas como Ronin Witcher, las cuales puede usar para luchar contra yokai y oni por todo el pa\u00eds mientras busca a la misteriosa Yuki Onna. Tambi\u00e9n se incluyen dos hojas de efectos para mostrarlo usando dos signos de brujo, Yrden y Axii.<\/li>\n<li>Adem\u00e1s de su placa frontal seria est\u00e1ndar, tambi\u00e9n viene con placas faciales que muestran una expresi\u00f3n de dientes apretados en medio de la batalla e incluso una peque\u00f1a sonrisa.<\/li>\n<li>\u00a1Crea todo tipo de escenas de este nuevo mundo de The Witcher en un adorable tama\u00f1o Nendoroid!<\/li>\n<\/ul>\n","protected":false},"excerpt":{"rendered":"<p><strong>Geralt Ronin Ver. The Witcher: Ronin Nendoroid Figura 10 cm<\/strong><\/p>\n<p>El brujo Geralt, ahora reinventado como Ronin, se une a la serie Nendoroid.<\/p>\n","protected":false},"featured_media":125387,"template":"","meta":{"_acf_changed":false,"_kad_blocks_custom_css":"","_kad_blocks_head_custom_js":"","_kad_blocks_body_custom_js":"","_kad_blocks_footer_custom_js":""},"product_cat":[1390],"product_tag":[],"class_list":{"0":"post-125397","1":"product","2":"type-product","3":"status-publish","4":"has-post-thumbnail","6":"product_cat-figures","7":"pa_brand-good-smile-company-en","8":"pa_character-geralt-de-rivia-en","9":"pa_license-the-witcher-ronin-en","10":"pa_product-type-figure","11":"pa_theme-nendoroid-en","13":"first","14":"instock","15":"sale","16":"taxable","17":"shipping-taxable","18":"purchasable","19":"product-type-simple"},"acf":[],"yoast_head":"<!-- This site is optimized with the Yoast SEO plugin v26.1.1 - https:\/\/yoast.com\/wordpress\/plugins\/seo\/ -->\n<title>Geralt Ronin Ver. The Witcher: Ronin Nendoroid - EndormoonStore<\/title>\n<meta name=\"robots\" content=\"index, follow, max-snippet:-1, max-image-preview:large, max-video-preview:-1\" \/>\n<link rel=\"canonical\" href=\"https:\/\/endormoonstore.com\/geralt-ronin-ver-the-witcher-ronin-nendoroid\/\" \/>\n<meta property=\"og:locale\" content=\"en_US\" \/>\n<meta property=\"og:type\" content=\"article\" \/>\n<meta property=\"og:title\" content=\"Geralt Ronin Ver. The Witcher: Ronin Nendoroid - EndormoonStore\" \/>\n<meta property=\"og:description\" content=\"Geralt Ronin Ver. The Witcher: Ronin Nendoroid Figura 10 cm  El brujo Geralt, ahora reinventado como Ronin, se une a la serie Nendoroid.\" \/>\n<meta property=\"og:url\" content=\"https:\/\/endormoonstore.com\/geralt-ronin-ver-the-witcher-ronin-nendoroid\/\" \/>\n<meta property=\"og:site_name\" content=\"EndormoonStore\" \/>\n<meta property=\"article:modified_time\" content=\"2023-01-25T22:29:00+00:00\" \/>\n<meta property=\"og:image\" content=\"https:\/\/endormoonstore.com\/wp-content\/uploads\/2022\/03\/Geralt-Ronin-Ver.-The-Witcher-Ronin-Nendoroid-1.jpeg\" \/>\n\t<meta property=\"og:image:width\" content=\"730\" \/>\n\t<meta property=\"og:image:height\" content=\"900\" \/>\n\t<meta property=\"og:image:type\" content=\"image\/jpeg\" \/>\n<meta name=\"twitter:card\" content=\"summary_large_image\" \/>\n<meta name=\"twitter:label1\" content=\"Est. reading time\" \/>\n\t<meta name=\"twitter:data1\" content=\"1 minute\" \/>\n<script type=\"application\/ld+json\" class=\"yoast-schema-graph\">{\"@context\":\"https:\/\/schema.org\",\"@graph\":[{\"@type\":\"WebPage\",\"@id\":\"https:\/\/endormoonstore.com\/geralt-ronin-ver-the-witcher-ronin-nendoroid\/\",\"url\":\"https:\/\/endormoonstore.com\/geralt-ronin-ver-the-witcher-ronin-nendoroid\/\",\"name\":\"Geralt Ronin Ver. The Witcher: Ronin Nendoroid - EndormoonStore\",\"isPartOf\":{\"@id\":\"https:\/\/endormoonstore.com\/#website\"},\"primaryImageOfPage\":{\"@id\":\"https:\/\/endormoonstore.com\/geralt-ronin-ver-the-witcher-ronin-nendoroid\/#primaryimage\"},\"image\":{\"@id\":\"https:\/\/endormoonstore.com\/geralt-ronin-ver-the-witcher-ronin-nendoroid\/#primaryimage\"},\"thumbnailUrl\":\"https:\/\/endormoonstore.com\/wp-content\/uploads\/2022\/03\/Geralt-Ronin-Ver.-The-Witcher-Ronin-Nendoroid-1.jpeg\",\"datePublished\":\"2022-03-03T20:17:35+00:00\",\"dateModified\":\"2023-01-25T22:29:00+00:00\",\"breadcrumb\":{\"@id\":\"https:\/\/endormoonstore.com\/geralt-ronin-ver-the-witcher-ronin-nendoroid\/#breadcrumb\"},\"inLanguage\":\"en-US\",\"potentialAction\":[{\"@type\":\"ReadAction\",\"target\":[\"https:\/\/endormoonstore.com\/geralt-ronin-ver-the-witcher-ronin-nendoroid\/\"]}]},{\"@type\":\"ImageObject\",\"inLanguage\":\"en-US\",\"@id\":\"https:\/\/endormoonstore.com\/geralt-ronin-ver-the-witcher-ronin-nendoroid\/#primaryimage\",\"url\":\"https:\/\/endormoonstore.com\/wp-content\/uploads\/2022\/03\/Geralt-Ronin-Ver.-The-Witcher-Ronin-Nendoroid-1.jpeg\",\"contentUrl\":\"https:\/\/endormoonstore.com\/wp-content\/uploads\/2022\/03\/Geralt-Ronin-Ver.-The-Witcher-Ronin-Nendoroid-1.jpeg\",\"width\":730,\"height\":900},{\"@type\":\"BreadcrumbList\",\"@id\":\"https:\/\/endormoonstore.com\/geralt-ronin-ver-the-witcher-ronin-nendoroid\/#breadcrumb\",\"itemListElement\":[{\"@type\":\"ListItem\",\"position\":1,\"name\":\"Shop\",\"item\":\"https:\/\/endormoonstore.com\/en\/shop\/\"},{\"@type\":\"ListItem\",\"position\":2,\"name\":\"Geralt Ronin Ver. The Witcher: Ronin Nendoroid\"}]},{\"@type\":\"WebSite\",\"@id\":\"https:\/\/endormoonstore.com\/#website\",\"url\":\"https:\/\/endormoonstore.com\/\",\"name\":\"EndormoonStore\",\"description\":\"\",\"potentialAction\":[{\"@type\":\"SearchAction\",\"target\":{\"@type\":\"EntryPoint\",\"urlTemplate\":\"https:\/\/endormoonstore.com\/?s={search_term_string}\"},\"query-input\":{\"@type\":\"PropertyValueSpecification\",\"valueRequired\":true,\"valueName\":\"search_term_string\"}}],\"inLanguage\":\"en-US\"}]}<\/script>\n<!-- \/ Yoast SEO plugin. -->","yoast_head_json":{"title":"Geralt Ronin Ver. The Witcher: Ronin Nendoroid - EndormoonStore","robots":{"index":"index","follow":"follow","max-snippet":"max-snippet:-1","max-image-preview":"max-image-preview:large","max-video-preview":"max-video-preview:-1"},"canonical":"https:\/\/endormoonstore.com\/geralt-ronin-ver-the-witcher-ronin-nendoroid\/","og_locale":"en_US","og_type":"article","og_title":"Geralt Ronin Ver. The Witcher: Ronin Nendoroid - EndormoonStore","og_description":"Geralt Ronin Ver. The Witcher: Ronin Nendoroid Figura 10 cm  El brujo Geralt, ahora reinventado como Ronin, se une a la serie Nendoroid.","og_url":"https:\/\/endormoonstore.com\/geralt-ronin-ver-the-witcher-ronin-nendoroid\/","og_site_name":"EndormoonStore","article_modified_time":"2023-01-25T22:29:00+00:00","og_image":[{"width":730,"height":900,"url":"https:\/\/endormoonstore.com\/wp-content\/uploads\/2022\/03\/Geralt-Ronin-Ver.-The-Witcher-Ronin-Nendoroid-1.jpeg","type":"image\/jpeg"}],"twitter_card":"summary_large_image","twitter_misc":{"Est. reading time":"1 minute"},"schema":{"@context":"https:\/\/schema.org","@graph":[{"@type":"WebPage","@id":"https:\/\/endormoonstore.com\/geralt-ronin-ver-the-witcher-ronin-nendoroid\/","url":"https:\/\/endormoonstore.com\/geralt-ronin-ver-the-witcher-ronin-nendoroid\/","name":"Geralt Ronin Ver. The Witcher: Ronin Nendoroid - EndormoonStore","isPartOf":{"@id":"https:\/\/endormoonstore.com\/#website"},"primaryImageOfPage":{"@id":"https:\/\/endormoonstore.com\/geralt-ronin-ver-the-witcher-ronin-nendoroid\/#primaryimage"},"image":{"@id":"https:\/\/endormoonstore.com\/geralt-ronin-ver-the-witcher-ronin-nendoroid\/#primaryimage"},"thumbnailUrl":"https:\/\/endormoonstore.com\/wp-content\/uploads\/2022\/03\/Geralt-Ronin-Ver.-The-Witcher-Ronin-Nendoroid-1.jpeg","datePublished":"2022-03-03T20:17:35+00:00","dateModified":"2023-01-25T22:29:00+00:00","breadcrumb":{"@id":"https:\/\/endormoonstore.com\/geralt-ronin-ver-the-witcher-ronin-nendoroid\/#breadcrumb"},"inLanguage":"en-US","potentialAction":[{"@type":"ReadAction","target":["https:\/\/endormoonstore.com\/geralt-ronin-ver-the-witcher-ronin-nendoroid\/"]}]},{"@type":"ImageObject","inLanguage":"en-US","@id":"https:\/\/endormoonstore.com\/geralt-ronin-ver-the-witcher-ronin-nendoroid\/#primaryimage","url":"https:\/\/endormoonstore.com\/wp-content\/uploads\/2022\/03\/Geralt-Ronin-Ver.-The-Witcher-Ronin-Nendoroid-1.jpeg","contentUrl":"https:\/\/endormoonstore.com\/wp-content\/uploads\/2022\/03\/Geralt-Ronin-Ver.-The-Witcher-Ronin-Nendoroid-1.jpeg","width":730,"height":900},{"@type":"BreadcrumbList","@id":"https:\/\/endormoonstore.com\/geralt-ronin-ver-the-witcher-ronin-nendoroid\/#breadcrumb","itemListElement":[{"@type":"ListItem","position":1,"name":"Shop","item":"https:\/\/endormoonstore.com\/en\/shop\/"},{"@type":"ListItem","position":2,"name":"Geralt Ronin Ver. The Witcher: Ronin Nendoroid"}]},{"@type":"WebSite","@id":"https:\/\/endormoonstore.com\/#website","url":"https:\/\/endormoonstore.com\/","name":"EndormoonStore","description":"","potentialAction":[{"@type":"SearchAction","target":{"@type":"EntryPoint","urlTemplate":"https:\/\/endormoonstore.com\/?s={search_term_string}"},"query-input":{"@type":"PropertyValueSpecification","valueRequired":true,"valueName":"search_term_string"}}],"inLanguage":"en-US"}]}},"taxonomy_info":{"product_cat":[{"value":1390,"label":"Figures"}],"pa_brand":[{"value":2081,"label":"Good Smile Company"}],"pa_character":[{"value":5974,"label":"Geralt de Rivia"}],"pa_license":[{"value":11388,"label":"The Witcher: Ronin"}],"pa_product-type":[{"value":2387,"label":"Figure"}],"pa_theme":[{"value":1861,"label":"Nendoroid"}]},"featured_image_src_large":["https:\/\/endormoonstore.com\/wp-content\/uploads\/2022\/03\/Geralt-Ronin-Ver.-The-Witcher-Ronin-Nendoroid-1.jpeg",730,900,false],"author_info":[],"comment_info":"","_links":{"self":[{"href":"https:\/\/endormoonstore.com\/en\/wp-json\/wp\/v2\/product\/125397","targetHints":{"allow":["GET"]}}],"collection":[{"href":"https:\/\/endormoonstore.com\/en\/wp-json\/wp\/v2\/product"}],"about":[{"href":"https:\/\/endormoonstore.com\/en\/wp-json\/wp\/v2\/types\/product"}],"wp:featuredmedia":[{"embeddable":true,"href":"https:\/\/endormoonstore.com\/en\/wp-json\/wp\/v2\/media\/125387"}],"wp:attachment":[{"href":"https:\/\/endormoonstore.com\/en\/wp-json\/wp\/v2\/media?parent=125397"}],"wp:term":[{"taxonomy":"product_cat","embeddable":true,"href":"https:\/\/endormoonstore.com\/en\/wp-json\/wp\/v2\/product_cat?post=125397"},{"taxonomy":"product_tag","embeddable":true,"href":"https:\/\/endormoonstore.com\/en\/wp-json\/wp\/v2\/product_tag?post=125397"}],"curies":[{"name":"wp","href":"https:\/\/api.w.org\/{rel}","templated":true}]}}