{"id":125035,"date":"2023-05-03T00:11:40","date_gmt":"2022-02-22T13:12:40","guid":{"rendered":"https:\/\/endormoonstore.com\/arthur-ghosts-n-goblins-resurrection-nendoroid\/"},"modified":"2023-05-03T19:41:54","modified_gmt":"2023-05-03T17:41:54","slug":"arthur-ghosts-n-goblins-resurrection-nendoroid","status":"publish","type":"product","link":"https:\/\/endormoonstore.com\/en\/arthur-ghosts-n-goblins-resurrection-nendoroid\/","title":{"rendered":"Arthur Ghosts &#8216;n Goblins Resurrection Nendoroid"},"content":{"rendered":"<p><strong>Arthur Ghosts &#8216;n Goblins Resurrection Nendoroid Figura 10 cm<\/strong><\/p>\n<ul>\n<li>El personaje principal de &#8220;Ghosts &#8216;n Goblins&#8221;, Arthur, se une a la serie Nendoroid.<\/li>\n<li>Del juego de acci\u00f3n extremadamente dif\u00edcil &#8220;Ghosts &#8216;n Goblins Resurrection&#8221; llega un Nendoroid del personaje principal Arthur.\u00e7<\/li>\n<li>La forma \u00fanica del cuerpo de Arthur no solo se ha capturado perfectamente en forma de Nendoroid, sino que su rostro tambi\u00e9n est\u00e1 articulado, lo que te permite crear tanto un rostro est\u00e1ndar como un rostro que grita.<\/li>\n<li>Sus armas Lance, Dagger y Holy Water est\u00e1n todas incluidas como piezas opcionales.<\/li>\n<li>Tambi\u00e9n se incluye un cofre del tesoro<\/li>\n<li>Aseg\u00farate de agregarlo a tu colecci\u00f3n<\/li>\n<\/ul>\n<p>&nbsp;<\/p>\n","protected":false},"excerpt":{"rendered":"<p><strong>Arthur Ghosts &#8216;n Goblins Resurrection Nendoroid Figura 10 cm<\/strong><\/p>\n<p>El personaje principal de &#8220;Ghosts &#8216;n Goblins&#8221;, Arthur, se une a la serie Nendoroid.<\/p>\n","protected":false},"featured_media":125026,"template":"","meta":{"_acf_changed":false,"_kad_blocks_custom_css":"","_kad_blocks_head_custom_js":"","_kad_blocks_body_custom_js":"","_kad_blocks_footer_custom_js":""},"product_cat":[1390,13511],"product_tag":[],"class_list":{"0":"post-125035","1":"product","2":"type-product","3":"status-publish","4":"has-post-thumbnail","6":"product_cat-figures","7":"product_cat-new-arrivals","8":"pa_brand-good-smile-company-en","9":"pa_character-arthur-en","10":"pa_license-ghosts-n-goblins-resurrection-en","11":"pa_product-type-figure","12":"pa_theme-nendoroid-en","14":"first","15":"outofstock","16":"taxable","17":"shipping-taxable","18":"purchasable","19":"product-type-simple"},"acf":[],"yoast_head":"<!-- This site is optimized with the Yoast SEO plugin v26.1.1 - https:\/\/yoast.com\/wordpress\/plugins\/seo\/ -->\n<title>Arthur Ghosts &#039;n Goblins Resurrection Nendoroid - EndormoonStore<\/title>\n<meta name=\"robots\" content=\"index, follow, max-snippet:-1, max-image-preview:large, max-video-preview:-1\" \/>\n<link rel=\"canonical\" href=\"https:\/\/endormoonstore.com\/en\/arthur-ghosts-n-goblins-resurrection-nendoroid\/\" \/>\n<meta property=\"og:locale\" content=\"en_US\" \/>\n<meta property=\"og:type\" content=\"article\" \/>\n<meta property=\"og:title\" content=\"Arthur Ghosts &#039;n Goblins Resurrection Nendoroid - EndormoonStore\" \/>\n<meta property=\"og:description\" content=\"Arthur Ghosts &#039;n Goblins Resurrection Nendoroid Figura 10 cm  El personaje principal de &quot;Ghosts &#039;n Goblins&quot;, Arthur, se une a la serie Nendoroid.\" \/>\n<meta property=\"og:url\" content=\"https:\/\/endormoonstore.com\/en\/arthur-ghosts-n-goblins-resurrection-nendoroid\/\" \/>\n<meta property=\"og:site_name\" content=\"EndormoonStore\" \/>\n<meta property=\"article:modified_time\" content=\"2023-05-03T17:41:54+00:00\" \/>\n<meta property=\"og:image\" content=\"https:\/\/endormoonstore.com\/wp-content\/uploads\/2022\/02\/Arthur-Ghosts-n-Goblins-Resurrection-Nendoroid-1.jpeg\" \/>\n\t<meta property=\"og:image:width\" content=\"730\" \/>\n\t<meta property=\"og:image:height\" content=\"900\" \/>\n\t<meta property=\"og:image:type\" content=\"image\/jpeg\" \/>\n<meta name=\"twitter:card\" content=\"summary_large_image\" \/>\n<meta name=\"twitter:label1\" content=\"Est. reading time\" \/>\n\t<meta name=\"twitter:data1\" content=\"1 minute\" \/>\n<script type=\"application\/ld+json\" class=\"yoast-schema-graph\">{\"@context\":\"https:\/\/schema.org\",\"@graph\":[{\"@type\":\"WebPage\",\"@id\":\"https:\/\/endormoonstore.com\/en\/arthur-ghosts-n-goblins-resurrection-nendoroid\/\",\"url\":\"https:\/\/endormoonstore.com\/en\/arthur-ghosts-n-goblins-resurrection-nendoroid\/\",\"name\":\"Arthur Ghosts 'n Goblins Resurrection Nendoroid - EndormoonStore\",\"isPartOf\":{\"@id\":\"https:\/\/endormoonstore.com\/#website\"},\"primaryImageOfPage\":{\"@id\":\"https:\/\/endormoonstore.com\/en\/arthur-ghosts-n-goblins-resurrection-nendoroid\/#primaryimage\"},\"image\":{\"@id\":\"https:\/\/endormoonstore.com\/en\/arthur-ghosts-n-goblins-resurrection-nendoroid\/#primaryimage\"},\"thumbnailUrl\":\"https:\/\/endormoonstore.com\/wp-content\/uploads\/2022\/02\/Arthur-Ghosts-n-Goblins-Resurrection-Nendoroid-1.jpeg\",\"datePublished\":\"2022-02-22T13:12:40+00:00\",\"dateModified\":\"2023-05-03T17:41:54+00:00\",\"breadcrumb\":{\"@id\":\"https:\/\/endormoonstore.com\/en\/arthur-ghosts-n-goblins-resurrection-nendoroid\/#breadcrumb\"},\"inLanguage\":\"en-US\",\"potentialAction\":[{\"@type\":\"ReadAction\",\"target\":[\"https:\/\/endormoonstore.com\/en\/arthur-ghosts-n-goblins-resurrection-nendoroid\/\"]}]},{\"@type\":\"ImageObject\",\"inLanguage\":\"en-US\",\"@id\":\"https:\/\/endormoonstore.com\/en\/arthur-ghosts-n-goblins-resurrection-nendoroid\/#primaryimage\",\"url\":\"https:\/\/endormoonstore.com\/wp-content\/uploads\/2022\/02\/Arthur-Ghosts-n-Goblins-Resurrection-Nendoroid-1.jpeg\",\"contentUrl\":\"https:\/\/endormoonstore.com\/wp-content\/uploads\/2022\/02\/Arthur-Ghosts-n-Goblins-Resurrection-Nendoroid-1.jpeg\",\"width\":730,\"height\":900},{\"@type\":\"BreadcrumbList\",\"@id\":\"https:\/\/endormoonstore.com\/en\/arthur-ghosts-n-goblins-resurrection-nendoroid\/#breadcrumb\",\"itemListElement\":[{\"@type\":\"ListItem\",\"position\":1,\"name\":\"Shop\",\"item\":\"https:\/\/endormoonstore.com\/en\/shop\/\"},{\"@type\":\"ListItem\",\"position\":2,\"name\":\"Arthur Ghosts &#8216;n Goblins Resurrection Nendoroid\"}]},{\"@type\":\"WebSite\",\"@id\":\"https:\/\/endormoonstore.com\/#website\",\"url\":\"https:\/\/endormoonstore.com\/\",\"name\":\"EndormoonStore\",\"description\":\"\",\"potentialAction\":[{\"@type\":\"SearchAction\",\"target\":{\"@type\":\"EntryPoint\",\"urlTemplate\":\"https:\/\/endormoonstore.com\/?s={search_term_string}\"},\"query-input\":{\"@type\":\"PropertyValueSpecification\",\"valueRequired\":true,\"valueName\":\"search_term_string\"}}],\"inLanguage\":\"en-US\"}]}<\/script>\n<!-- \/ Yoast SEO plugin. -->","yoast_head_json":{"title":"Arthur Ghosts 'n Goblins Resurrection Nendoroid - EndormoonStore","robots":{"index":"index","follow":"follow","max-snippet":"max-snippet:-1","max-image-preview":"max-image-preview:large","max-video-preview":"max-video-preview:-1"},"canonical":"https:\/\/endormoonstore.com\/en\/arthur-ghosts-n-goblins-resurrection-nendoroid\/","og_locale":"en_US","og_type":"article","og_title":"Arthur Ghosts 'n Goblins Resurrection Nendoroid - EndormoonStore","og_description":"Arthur Ghosts 'n Goblins Resurrection Nendoroid Figura 10 cm  El personaje principal de \"Ghosts 'n Goblins\", Arthur, se une a la serie Nendoroid.","og_url":"https:\/\/endormoonstore.com\/en\/arthur-ghosts-n-goblins-resurrection-nendoroid\/","og_site_name":"EndormoonStore","article_modified_time":"2023-05-03T17:41:54+00:00","og_image":[{"width":730,"height":900,"url":"https:\/\/endormoonstore.com\/wp-content\/uploads\/2022\/02\/Arthur-Ghosts-n-Goblins-Resurrection-Nendoroid-1.jpeg","type":"image\/jpeg"}],"twitter_card":"summary_large_image","twitter_misc":{"Est. reading time":"1 minute"},"schema":{"@context":"https:\/\/schema.org","@graph":[{"@type":"WebPage","@id":"https:\/\/endormoonstore.com\/en\/arthur-ghosts-n-goblins-resurrection-nendoroid\/","url":"https:\/\/endormoonstore.com\/en\/arthur-ghosts-n-goblins-resurrection-nendoroid\/","name":"Arthur Ghosts 'n Goblins Resurrection Nendoroid - EndormoonStore","isPartOf":{"@id":"https:\/\/endormoonstore.com\/#website"},"primaryImageOfPage":{"@id":"https:\/\/endormoonstore.com\/en\/arthur-ghosts-n-goblins-resurrection-nendoroid\/#primaryimage"},"image":{"@id":"https:\/\/endormoonstore.com\/en\/arthur-ghosts-n-goblins-resurrection-nendoroid\/#primaryimage"},"thumbnailUrl":"https:\/\/endormoonstore.com\/wp-content\/uploads\/2022\/02\/Arthur-Ghosts-n-Goblins-Resurrection-Nendoroid-1.jpeg","datePublished":"2022-02-22T13:12:40+00:00","dateModified":"2023-05-03T17:41:54+00:00","breadcrumb":{"@id":"https:\/\/endormoonstore.com\/en\/arthur-ghosts-n-goblins-resurrection-nendoroid\/#breadcrumb"},"inLanguage":"en-US","potentialAction":[{"@type":"ReadAction","target":["https:\/\/endormoonstore.com\/en\/arthur-ghosts-n-goblins-resurrection-nendoroid\/"]}]},{"@type":"ImageObject","inLanguage":"en-US","@id":"https:\/\/endormoonstore.com\/en\/arthur-ghosts-n-goblins-resurrection-nendoroid\/#primaryimage","url":"https:\/\/endormoonstore.com\/wp-content\/uploads\/2022\/02\/Arthur-Ghosts-n-Goblins-Resurrection-Nendoroid-1.jpeg","contentUrl":"https:\/\/endormoonstore.com\/wp-content\/uploads\/2022\/02\/Arthur-Ghosts-n-Goblins-Resurrection-Nendoroid-1.jpeg","width":730,"height":900},{"@type":"BreadcrumbList","@id":"https:\/\/endormoonstore.com\/en\/arthur-ghosts-n-goblins-resurrection-nendoroid\/#breadcrumb","itemListElement":[{"@type":"ListItem","position":1,"name":"Shop","item":"https:\/\/endormoonstore.com\/en\/shop\/"},{"@type":"ListItem","position":2,"name":"Arthur Ghosts &#8216;n Goblins Resurrection Nendoroid"}]},{"@type":"WebSite","@id":"https:\/\/endormoonstore.com\/#website","url":"https:\/\/endormoonstore.com\/","name":"EndormoonStore","description":"","potentialAction":[{"@type":"SearchAction","target":{"@type":"EntryPoint","urlTemplate":"https:\/\/endormoonstore.com\/?s={search_term_string}"},"query-input":{"@type":"PropertyValueSpecification","valueRequired":true,"valueName":"search_term_string"}}],"inLanguage":"en-US"}]}},"taxonomy_info":{"product_cat":[{"value":1390,"label":"Figures"},{"value":13511,"label":"New Arrivals"}],"pa_brand":[{"value":2081,"label":"Good Smile Company"}],"pa_character":[{"value":11328,"label":"Arthur"}],"pa_license":[{"value":11334,"label":"Ghosts 'n Goblins Resurrection"}],"pa_product-type":[{"value":2387,"label":"Figure"}],"pa_theme":[{"value":1861,"label":"Nendoroid"}]},"featured_image_src_large":["https:\/\/endormoonstore.com\/wp-content\/uploads\/2022\/02\/Arthur-Ghosts-n-Goblins-Resurrection-Nendoroid-1.jpeg",730,900,false],"author_info":[],"comment_info":"","_links":{"self":[{"href":"https:\/\/endormoonstore.com\/en\/wp-json\/wp\/v2\/product\/125035","targetHints":{"allow":["GET"]}}],"collection":[{"href":"https:\/\/endormoonstore.com\/en\/wp-json\/wp\/v2\/product"}],"about":[{"href":"https:\/\/endormoonstore.com\/en\/wp-json\/wp\/v2\/types\/product"}],"wp:featuredmedia":[{"embeddable":true,"href":"https:\/\/endormoonstore.com\/en\/wp-json\/wp\/v2\/media\/125026"}],"wp:attachment":[{"href":"https:\/\/endormoonstore.com\/en\/wp-json\/wp\/v2\/media?parent=125035"}],"wp:term":[{"taxonomy":"product_cat","embeddable":true,"href":"https:\/\/endormoonstore.com\/en\/wp-json\/wp\/v2\/product_cat?post=125035"},{"taxonomy":"product_tag","embeddable":true,"href":"https:\/\/endormoonstore.com\/en\/wp-json\/wp\/v2\/product_tag?post=125035"}],"curies":[{"name":"wp","href":"https:\/\/api.w.org\/{rel}","templated":true}]}}