{"id":124264,"date":"2022-02-12T20:10:16","date_gmt":"2022-02-12T19:10:16","guid":{"rendered":"https:\/\/endormoonstore.com\/power-loader-aliens-plastic-model-kit-moderoid-scale-1-12\/"},"modified":"2023-04-28T10:27:09","modified_gmt":"2023-04-28T08:27:09","slug":"power-loader-aliens-plastic-model-kit-moderoid-scale-1-12","status":"publish","type":"product","link":"https:\/\/endormoonstore.com\/en\/power-loader-aliens-plastic-model-kit-moderoid-scale-1-12\/","title":{"rendered":"Power Loader Aliens Plastic Model Kit Moderoid Scale 1\/12"},"content":{"rendered":"<p><strong>Power Loader Aliens Plastic Model Kit Moderoid Scale 1\/12 Figura 24 Cm<\/strong><\/p>\n<ul>\n<li>De la pel\u00edcula Aliens: El regreso de 1986 viene este modelo de pl\u00e1stico a escala 1\/12 de la m\u00e1quina utilizada en la batalla contra Alien Queen, \u00a1el Power Loader!<\/li>\n<li>Los cilindros hidr\u00e1ulicos se extienden y retraen junto con los brazos y piernas del modelo.<\/li>\n<li>Usando un sistema de engranaje interno, las garras tambi\u00e9n se pueden abrir y cerrar.<\/li>\n<li>\u00a0Los cables de cableado se han recreado con material de tubo blando.<\/li>\n<li>Se incluye un kit de modelo de pl\u00e1stico de la propia Ellen Ripley para que pueda exhibirla en el Power Loader.<\/li>\n<li>Ripley tambi\u00e9n est\u00e1 articulada, lo que facilita mostrarla movi\u00e9ndose junto con el Power Loader.<\/li>\n<li>Tambi\u00e9n se incluyen calcas al agua para recrear las marcas de la m\u00e1quina.<\/li>\n<li><strong>Nota: Esto es una maqueta est\u00e1 pre pintada y necesita montaje.<\/strong><\/li>\n<\/ul>\n","protected":false},"excerpt":{"rendered":"<p><strong>Power Loader Aliens Plastic Model Kit Moderoid Scale 1\/12 Figura 24 Cm<\/strong><\/p>\n<p>De la pel\u00edcula Aliens: El regreso de 1986 viene este modelo de pl\u00e1stico a escala 1\/12 de la m\u00e1quina utilizada en la batalla contra Alien Queen, \u00a1el Power Loader!<\/p>\n","protected":false},"featured_media":124251,"template":"","meta":{"_acf_changed":false,"_kad_blocks_custom_css":"","_kad_blocks_head_custom_js":"","_kad_blocks_body_custom_js":"","_kad_blocks_footer_custom_js":""},"product_cat":[1390,13511],"product_tag":[],"class_list":{"0":"post-124264","1":"product","2":"type-product","3":"status-publish","4":"has-post-thumbnail","6":"product_cat-figures","7":"product_cat-new-arrivals","8":"pa_brand-good-smile-company-en","9":"pa_character-power-loader-en","10":"pa_character-ripley-en","11":"pa_license-alien-en","12":"pa_product-type-figure","13":"pa_product-type-model-kit-en","14":"pa_theme-moderoid-en","16":"first","17":"outofstock","18":"taxable","19":"shipping-taxable","20":"purchasable","21":"product-type-simple"},"acf":[],"yoast_head":"<!-- This site is optimized with the Yoast SEO plugin v26.1.1 - https:\/\/yoast.com\/wordpress\/plugins\/seo\/ -->\n<title>Power Loader Aliens Plastic Model Kit Moderoid Scale 1\/12 - EndormoonStore<\/title>\n<meta name=\"robots\" content=\"index, follow, max-snippet:-1, max-image-preview:large, max-video-preview:-1\" \/>\n<link rel=\"canonical\" href=\"https:\/\/endormoonstore.com\/en\/power-loader-aliens-plastic-model-kit-moderoid-scale-1-12\/\" \/>\n<meta property=\"og:locale\" content=\"en_US\" \/>\n<meta property=\"og:type\" content=\"article\" \/>\n<meta property=\"og:title\" content=\"Power Loader Aliens Plastic Model Kit Moderoid Scale 1\/12 - EndormoonStore\" \/>\n<meta property=\"og:description\" content=\"Power Loader Aliens Plastic Model Kit Moderoid Scale 1\/12 Figura 24 Cm  De la pel\u00edcula Aliens: El regreso de 1986 viene este modelo de pl\u00e1stico a escala 1\/12 de la m\u00e1quina utilizada en la batalla contra Alien Queen, \u00a1el Power Loader!\" \/>\n<meta property=\"og:url\" content=\"https:\/\/endormoonstore.com\/en\/power-loader-aliens-plastic-model-kit-moderoid-scale-1-12\/\" \/>\n<meta property=\"og:site_name\" content=\"EndormoonStore\" \/>\n<meta property=\"article:modified_time\" content=\"2023-04-28T08:27:09+00:00\" \/>\n<meta property=\"og:image\" content=\"https:\/\/endormoonstore.com\/wp-content\/uploads\/2022\/02\/POWER-LOADER-FIG-24-CM-ALIENS-1-12-SCALE-MODEROID-1.jpeg\" \/>\n\t<meta property=\"og:image:width\" content=\"730\" \/>\n\t<meta property=\"og:image:height\" content=\"900\" \/>\n\t<meta property=\"og:image:type\" content=\"image\/jpeg\" \/>\n<meta name=\"twitter:card\" content=\"summary_large_image\" \/>\n<meta name=\"twitter:label1\" content=\"Est. reading time\" \/>\n\t<meta name=\"twitter:data1\" content=\"1 minute\" \/>\n<script type=\"application\/ld+json\" class=\"yoast-schema-graph\">{\"@context\":\"https:\/\/schema.org\",\"@graph\":[{\"@type\":\"WebPage\",\"@id\":\"https:\/\/endormoonstore.com\/en\/power-loader-aliens-plastic-model-kit-moderoid-scale-1-12\/\",\"url\":\"https:\/\/endormoonstore.com\/en\/power-loader-aliens-plastic-model-kit-moderoid-scale-1-12\/\",\"name\":\"Power Loader Aliens Plastic Model Kit Moderoid Scale 1\/12 - EndormoonStore\",\"isPartOf\":{\"@id\":\"https:\/\/endormoonstore.com\/#website\"},\"primaryImageOfPage\":{\"@id\":\"https:\/\/endormoonstore.com\/en\/power-loader-aliens-plastic-model-kit-moderoid-scale-1-12\/#primaryimage\"},\"image\":{\"@id\":\"https:\/\/endormoonstore.com\/en\/power-loader-aliens-plastic-model-kit-moderoid-scale-1-12\/#primaryimage\"},\"thumbnailUrl\":\"https:\/\/endormoonstore.com\/wp-content\/uploads\/2022\/02\/POWER-LOADER-FIG-24-CM-ALIENS-1-12-SCALE-MODEROID-1.jpeg\",\"datePublished\":\"2022-02-12T19:10:16+00:00\",\"dateModified\":\"2023-04-28T08:27:09+00:00\",\"breadcrumb\":{\"@id\":\"https:\/\/endormoonstore.com\/en\/power-loader-aliens-plastic-model-kit-moderoid-scale-1-12\/#breadcrumb\"},\"inLanguage\":\"en-US\",\"potentialAction\":[{\"@type\":\"ReadAction\",\"target\":[\"https:\/\/endormoonstore.com\/en\/power-loader-aliens-plastic-model-kit-moderoid-scale-1-12\/\"]}]},{\"@type\":\"ImageObject\",\"inLanguage\":\"en-US\",\"@id\":\"https:\/\/endormoonstore.com\/en\/power-loader-aliens-plastic-model-kit-moderoid-scale-1-12\/#primaryimage\",\"url\":\"https:\/\/endormoonstore.com\/wp-content\/uploads\/2022\/02\/POWER-LOADER-FIG-24-CM-ALIENS-1-12-SCALE-MODEROID-1.jpeg\",\"contentUrl\":\"https:\/\/endormoonstore.com\/wp-content\/uploads\/2022\/02\/POWER-LOADER-FIG-24-CM-ALIENS-1-12-SCALE-MODEROID-1.jpeg\",\"width\":730,\"height\":900},{\"@type\":\"BreadcrumbList\",\"@id\":\"https:\/\/endormoonstore.com\/en\/power-loader-aliens-plastic-model-kit-moderoid-scale-1-12\/#breadcrumb\",\"itemListElement\":[{\"@type\":\"ListItem\",\"position\":1,\"name\":\"Shop\",\"item\":\"https:\/\/endormoonstore.com\/en\/shop\/\"},{\"@type\":\"ListItem\",\"position\":2,\"name\":\"Power Loader Aliens Plastic Model Kit Moderoid Scale 1\/12\"}]},{\"@type\":\"WebSite\",\"@id\":\"https:\/\/endormoonstore.com\/#website\",\"url\":\"https:\/\/endormoonstore.com\/\",\"name\":\"EndormoonStore\",\"description\":\"\",\"potentialAction\":[{\"@type\":\"SearchAction\",\"target\":{\"@type\":\"EntryPoint\",\"urlTemplate\":\"https:\/\/endormoonstore.com\/?s={search_term_string}\"},\"query-input\":{\"@type\":\"PropertyValueSpecification\",\"valueRequired\":true,\"valueName\":\"search_term_string\"}}],\"inLanguage\":\"en-US\"}]}<\/script>\n<!-- \/ Yoast SEO plugin. -->","yoast_head_json":{"title":"Power Loader Aliens Plastic Model Kit Moderoid Scale 1\/12 - EndormoonStore","robots":{"index":"index","follow":"follow","max-snippet":"max-snippet:-1","max-image-preview":"max-image-preview:large","max-video-preview":"max-video-preview:-1"},"canonical":"https:\/\/endormoonstore.com\/en\/power-loader-aliens-plastic-model-kit-moderoid-scale-1-12\/","og_locale":"en_US","og_type":"article","og_title":"Power Loader Aliens Plastic Model Kit Moderoid Scale 1\/12 - EndormoonStore","og_description":"Power Loader Aliens Plastic Model Kit Moderoid Scale 1\/12 Figura 24 Cm  De la pel\u00edcula Aliens: El regreso de 1986 viene este modelo de pl\u00e1stico a escala 1\/12 de la m\u00e1quina utilizada en la batalla contra Alien Queen, \u00a1el Power Loader!","og_url":"https:\/\/endormoonstore.com\/en\/power-loader-aliens-plastic-model-kit-moderoid-scale-1-12\/","og_site_name":"EndormoonStore","article_modified_time":"2023-04-28T08:27:09+00:00","og_image":[{"width":730,"height":900,"url":"https:\/\/endormoonstore.com\/wp-content\/uploads\/2022\/02\/POWER-LOADER-FIG-24-CM-ALIENS-1-12-SCALE-MODEROID-1.jpeg","type":"image\/jpeg"}],"twitter_card":"summary_large_image","twitter_misc":{"Est. reading time":"1 minute"},"schema":{"@context":"https:\/\/schema.org","@graph":[{"@type":"WebPage","@id":"https:\/\/endormoonstore.com\/en\/power-loader-aliens-plastic-model-kit-moderoid-scale-1-12\/","url":"https:\/\/endormoonstore.com\/en\/power-loader-aliens-plastic-model-kit-moderoid-scale-1-12\/","name":"Power Loader Aliens Plastic Model Kit Moderoid Scale 1\/12 - EndormoonStore","isPartOf":{"@id":"https:\/\/endormoonstore.com\/#website"},"primaryImageOfPage":{"@id":"https:\/\/endormoonstore.com\/en\/power-loader-aliens-plastic-model-kit-moderoid-scale-1-12\/#primaryimage"},"image":{"@id":"https:\/\/endormoonstore.com\/en\/power-loader-aliens-plastic-model-kit-moderoid-scale-1-12\/#primaryimage"},"thumbnailUrl":"https:\/\/endormoonstore.com\/wp-content\/uploads\/2022\/02\/POWER-LOADER-FIG-24-CM-ALIENS-1-12-SCALE-MODEROID-1.jpeg","datePublished":"2022-02-12T19:10:16+00:00","dateModified":"2023-04-28T08:27:09+00:00","breadcrumb":{"@id":"https:\/\/endormoonstore.com\/en\/power-loader-aliens-plastic-model-kit-moderoid-scale-1-12\/#breadcrumb"},"inLanguage":"en-US","potentialAction":[{"@type":"ReadAction","target":["https:\/\/endormoonstore.com\/en\/power-loader-aliens-plastic-model-kit-moderoid-scale-1-12\/"]}]},{"@type":"ImageObject","inLanguage":"en-US","@id":"https:\/\/endormoonstore.com\/en\/power-loader-aliens-plastic-model-kit-moderoid-scale-1-12\/#primaryimage","url":"https:\/\/endormoonstore.com\/wp-content\/uploads\/2022\/02\/POWER-LOADER-FIG-24-CM-ALIENS-1-12-SCALE-MODEROID-1.jpeg","contentUrl":"https:\/\/endormoonstore.com\/wp-content\/uploads\/2022\/02\/POWER-LOADER-FIG-24-CM-ALIENS-1-12-SCALE-MODEROID-1.jpeg","width":730,"height":900},{"@type":"BreadcrumbList","@id":"https:\/\/endormoonstore.com\/en\/power-loader-aliens-plastic-model-kit-moderoid-scale-1-12\/#breadcrumb","itemListElement":[{"@type":"ListItem","position":1,"name":"Shop","item":"https:\/\/endormoonstore.com\/en\/shop\/"},{"@type":"ListItem","position":2,"name":"Power Loader Aliens Plastic Model Kit Moderoid Scale 1\/12"}]},{"@type":"WebSite","@id":"https:\/\/endormoonstore.com\/#website","url":"https:\/\/endormoonstore.com\/","name":"EndormoonStore","description":"","potentialAction":[{"@type":"SearchAction","target":{"@type":"EntryPoint","urlTemplate":"https:\/\/endormoonstore.com\/?s={search_term_string}"},"query-input":{"@type":"PropertyValueSpecification","valueRequired":true,"valueName":"search_term_string"}}],"inLanguage":"en-US"}]}},"taxonomy_info":{"product_cat":[{"value":1390,"label":"Figures"},{"value":13511,"label":"New Arrivals"}],"pa_brand":[{"value":2081,"label":"Good Smile Company"}],"pa_character":[{"value":11226,"label":"Power Loader"},{"value":2699,"label":"Ripley"}],"pa_license":[{"value":2276,"label":"Alien"}],"pa_product-type":[{"value":2387,"label":"Figure"},{"value":7302,"label":"Model Kit"}],"pa_theme":[{"value":3926,"label":"Moderoid"}]},"featured_image_src_large":["https:\/\/endormoonstore.com\/wp-content\/uploads\/2022\/02\/POWER-LOADER-FIG-24-CM-ALIENS-1-12-SCALE-MODEROID-1.jpeg",730,900,false],"author_info":[],"comment_info":"","_links":{"self":[{"href":"https:\/\/endormoonstore.com\/en\/wp-json\/wp\/v2\/product\/124264","targetHints":{"allow":["GET"]}}],"collection":[{"href":"https:\/\/endormoonstore.com\/en\/wp-json\/wp\/v2\/product"}],"about":[{"href":"https:\/\/endormoonstore.com\/en\/wp-json\/wp\/v2\/types\/product"}],"wp:featuredmedia":[{"embeddable":true,"href":"https:\/\/endormoonstore.com\/en\/wp-json\/wp\/v2\/media\/124251"}],"wp:attachment":[{"href":"https:\/\/endormoonstore.com\/en\/wp-json\/wp\/v2\/media?parent=124264"}],"wp:term":[{"taxonomy":"product_cat","embeddable":true,"href":"https:\/\/endormoonstore.com\/en\/wp-json\/wp\/v2\/product_cat?post=124264"},{"taxonomy":"product_tag","embeddable":true,"href":"https:\/\/endormoonstore.com\/en\/wp-json\/wp\/v2\/product_tag?post=124264"}],"curies":[{"name":"wp","href":"https:\/\/api.w.org\/{rel}","templated":true}]}}