{"id":123975,"date":"2022-02-08T20:27:34","date_gmt":"2022-02-08T19:27:34","guid":{"rendered":"https:\/\/endormoonstore.com\/captain-america-tech-on-avengers-s-h-figuarts\/"},"modified":"2022-07-29T23:33:59","modified_gmt":"2022-07-29T21:33:59","slug":"captain-america-tech-on-avengers-s-h-figuarts","status":"publish","type":"product","link":"https:\/\/endormoonstore.com\/en\/captain-america-tech-on-avengers-s-h-figuarts\/","title":{"rendered":"Captain America Tech-On Avengers S.H Figuarts"},"content":{"rendered":"<p><strong>Captain America Tech-On Avengers S.H Figuarts Figura 15,5 cm<\/strong><\/p>\n<ul>\n<li>Tech-On Avengers es una nueva colaboraci\u00f3n de S.H.Figuarts entre \u00a1Marvel Comics y Bandai Spirits!<\/li>\n<li>El \u00faltimo lanzamiento de la serie es el Capit\u00e1n Am\u00e9rica.<\/li>\n<li>El cuerpo tiene un acabado en colores met\u00e1licos y el marco es de metal fundido a presi\u00f3n para una sensaci\u00f3n de alta calidad.<\/li>\n<li>Las abundantes opciones son el sello distintivo de la serie Tech-On Avengers, \u00a1y el Capit\u00e1n Am\u00e9rica no defrauda!<\/li>\n<li>La figura mide unos 15,5 cm y dise\u00f1ada por Eiichi Shimizu<\/li>\n<li>Nota: Tech-On Iron Man se vende a parte.<\/li>\n<\/ul>\n","protected":false},"excerpt":{"rendered":"<p><strong>Captain America Tech-On Avengers S.H Figuarts Figura 15,5 cm<\/strong><\/p>\n<p>Tech-On Avengers es una nueva colaboraci\u00f3n de S.H.Figuarts entre \u00a1Marvel Comics y Bandai Spirits!<\/p>\n","protected":false},"featured_media":123941,"template":"","meta":{"_acf_changed":false,"_kad_blocks_custom_css":"","_kad_blocks_head_custom_js":"","_kad_blocks_body_custom_js":"","_kad_blocks_footer_custom_js":""},"product_cat":[1390],"product_tag":[],"class_list":{"0":"post-123975","1":"product","2":"type-product","3":"status-publish","4":"has-post-thumbnail","6":"product_cat-figures","7":"pa_brand-tamashii-nations-en","8":"pa_character-captain-america","9":"pa_episode-the-avengers-en","10":"pa_license-marvel-en","11":"pa_product-type-figure","12":"pa_theme-s-h-figuarts-en","13":"pa_theme-tech-on-avengers-en","15":"first","16":"instock","17":"taxable","18":"shipping-taxable","19":"purchasable","20":"product-type-simple"},"acf":[],"yoast_head":"<!-- This site is optimized with the Yoast SEO plugin v26.1.1 - https:\/\/yoast.com\/wordpress\/plugins\/seo\/ -->\n<title>Captain America Tech-On Avengers S.H Figuarts - EndormoonStore<\/title>\n<meta name=\"robots\" content=\"index, follow, max-snippet:-1, max-image-preview:large, max-video-preview:-1\" \/>\n<link rel=\"canonical\" href=\"https:\/\/endormoonstore.com\/en\/captain-america-tech-on-avengers-s-h-figuarts\/\" \/>\n<meta property=\"og:locale\" content=\"en_US\" \/>\n<meta property=\"og:type\" content=\"article\" \/>\n<meta property=\"og:title\" content=\"Captain America Tech-On Avengers S.H Figuarts - EndormoonStore\" \/>\n<meta property=\"og:description\" content=\"Captain America Tech-On Avengers S.H Figuarts Figura 15,5 cm  Tech-On Avengers es una nueva colaboraci\u00f3n de S.H.Figuarts entre \u00a1Marvel Comics y Bandai Spirits!\" \/>\n<meta property=\"og:url\" content=\"https:\/\/endormoonstore.com\/en\/captain-america-tech-on-avengers-s-h-figuarts\/\" \/>\n<meta property=\"og:site_name\" content=\"EndormoonStore\" \/>\n<meta property=\"article:modified_time\" content=\"2022-07-29T21:33:59+00:00\" \/>\n<meta property=\"og:image\" content=\"https:\/\/endormoonstore.com\/wp-content\/uploads\/2022\/02\/Captain-America-Tech-On-Avengers-S.H-Figuarts-1.jpg\" \/>\n\t<meta property=\"og:image:width\" content=\"638\" \/>\n\t<meta property=\"og:image:height\" content=\"1000\" \/>\n\t<meta property=\"og:image:type\" content=\"image\/jpeg\" \/>\n<meta name=\"twitter:card\" content=\"summary_large_image\" \/>\n<meta name=\"twitter:label1\" content=\"Est. reading time\" \/>\n\t<meta name=\"twitter:data1\" content=\"1 minute\" \/>\n<script type=\"application\/ld+json\" class=\"yoast-schema-graph\">{\"@context\":\"https:\/\/schema.org\",\"@graph\":[{\"@type\":\"WebPage\",\"@id\":\"https:\/\/endormoonstore.com\/en\/captain-america-tech-on-avengers-s-h-figuarts\/\",\"url\":\"https:\/\/endormoonstore.com\/en\/captain-america-tech-on-avengers-s-h-figuarts\/\",\"name\":\"Captain America Tech-On Avengers S.H Figuarts - EndormoonStore\",\"isPartOf\":{\"@id\":\"https:\/\/endormoonstore.com\/#website\"},\"primaryImageOfPage\":{\"@id\":\"https:\/\/endormoonstore.com\/en\/captain-america-tech-on-avengers-s-h-figuarts\/#primaryimage\"},\"image\":{\"@id\":\"https:\/\/endormoonstore.com\/en\/captain-america-tech-on-avengers-s-h-figuarts\/#primaryimage\"},\"thumbnailUrl\":\"https:\/\/endormoonstore.com\/wp-content\/uploads\/2022\/02\/Captain-America-Tech-On-Avengers-S.H-Figuarts-1.jpg\",\"datePublished\":\"2022-02-08T19:27:34+00:00\",\"dateModified\":\"2022-07-29T21:33:59+00:00\",\"breadcrumb\":{\"@id\":\"https:\/\/endormoonstore.com\/en\/captain-america-tech-on-avengers-s-h-figuarts\/#breadcrumb\"},\"inLanguage\":\"en-US\",\"potentialAction\":[{\"@type\":\"ReadAction\",\"target\":[\"https:\/\/endormoonstore.com\/en\/captain-america-tech-on-avengers-s-h-figuarts\/\"]}]},{\"@type\":\"ImageObject\",\"inLanguage\":\"en-US\",\"@id\":\"https:\/\/endormoonstore.com\/en\/captain-america-tech-on-avengers-s-h-figuarts\/#primaryimage\",\"url\":\"https:\/\/endormoonstore.com\/wp-content\/uploads\/2022\/02\/Captain-America-Tech-On-Avengers-S.H-Figuarts-1.jpg\",\"contentUrl\":\"https:\/\/endormoonstore.com\/wp-content\/uploads\/2022\/02\/Captain-America-Tech-On-Avengers-S.H-Figuarts-1.jpg\",\"width\":638,\"height\":1000},{\"@type\":\"BreadcrumbList\",\"@id\":\"https:\/\/endormoonstore.com\/en\/captain-america-tech-on-avengers-s-h-figuarts\/#breadcrumb\",\"itemListElement\":[{\"@type\":\"ListItem\",\"position\":1,\"name\":\"Shop\",\"item\":\"https:\/\/endormoonstore.com\/en\/shop\/\"},{\"@type\":\"ListItem\",\"position\":2,\"name\":\"Captain America Tech-On Avengers S.H Figuarts\"}]},{\"@type\":\"WebSite\",\"@id\":\"https:\/\/endormoonstore.com\/#website\",\"url\":\"https:\/\/endormoonstore.com\/\",\"name\":\"EndormoonStore\",\"description\":\"\",\"potentialAction\":[{\"@type\":\"SearchAction\",\"target\":{\"@type\":\"EntryPoint\",\"urlTemplate\":\"https:\/\/endormoonstore.com\/?s={search_term_string}\"},\"query-input\":{\"@type\":\"PropertyValueSpecification\",\"valueRequired\":true,\"valueName\":\"search_term_string\"}}],\"inLanguage\":\"en-US\"}]}<\/script>\n<!-- \/ Yoast SEO plugin. -->","yoast_head_json":{"title":"Captain America Tech-On Avengers S.H Figuarts - EndormoonStore","robots":{"index":"index","follow":"follow","max-snippet":"max-snippet:-1","max-image-preview":"max-image-preview:large","max-video-preview":"max-video-preview:-1"},"canonical":"https:\/\/endormoonstore.com\/en\/captain-america-tech-on-avengers-s-h-figuarts\/","og_locale":"en_US","og_type":"article","og_title":"Captain America Tech-On Avengers S.H Figuarts - EndormoonStore","og_description":"Captain America Tech-On Avengers S.H Figuarts Figura 15,5 cm  Tech-On Avengers es una nueva colaboraci\u00f3n de S.H.Figuarts entre \u00a1Marvel Comics y Bandai Spirits!","og_url":"https:\/\/endormoonstore.com\/en\/captain-america-tech-on-avengers-s-h-figuarts\/","og_site_name":"EndormoonStore","article_modified_time":"2022-07-29T21:33:59+00:00","og_image":[{"width":638,"height":1000,"url":"https:\/\/endormoonstore.com\/wp-content\/uploads\/2022\/02\/Captain-America-Tech-On-Avengers-S.H-Figuarts-1.jpg","type":"image\/jpeg"}],"twitter_card":"summary_large_image","twitter_misc":{"Est. reading time":"1 minute"},"schema":{"@context":"https:\/\/schema.org","@graph":[{"@type":"WebPage","@id":"https:\/\/endormoonstore.com\/en\/captain-america-tech-on-avengers-s-h-figuarts\/","url":"https:\/\/endormoonstore.com\/en\/captain-america-tech-on-avengers-s-h-figuarts\/","name":"Captain America Tech-On Avengers S.H Figuarts - EndormoonStore","isPartOf":{"@id":"https:\/\/endormoonstore.com\/#website"},"primaryImageOfPage":{"@id":"https:\/\/endormoonstore.com\/en\/captain-america-tech-on-avengers-s-h-figuarts\/#primaryimage"},"image":{"@id":"https:\/\/endormoonstore.com\/en\/captain-america-tech-on-avengers-s-h-figuarts\/#primaryimage"},"thumbnailUrl":"https:\/\/endormoonstore.com\/wp-content\/uploads\/2022\/02\/Captain-America-Tech-On-Avengers-S.H-Figuarts-1.jpg","datePublished":"2022-02-08T19:27:34+00:00","dateModified":"2022-07-29T21:33:59+00:00","breadcrumb":{"@id":"https:\/\/endormoonstore.com\/en\/captain-america-tech-on-avengers-s-h-figuarts\/#breadcrumb"},"inLanguage":"en-US","potentialAction":[{"@type":"ReadAction","target":["https:\/\/endormoonstore.com\/en\/captain-america-tech-on-avengers-s-h-figuarts\/"]}]},{"@type":"ImageObject","inLanguage":"en-US","@id":"https:\/\/endormoonstore.com\/en\/captain-america-tech-on-avengers-s-h-figuarts\/#primaryimage","url":"https:\/\/endormoonstore.com\/wp-content\/uploads\/2022\/02\/Captain-America-Tech-On-Avengers-S.H-Figuarts-1.jpg","contentUrl":"https:\/\/endormoonstore.com\/wp-content\/uploads\/2022\/02\/Captain-America-Tech-On-Avengers-S.H-Figuarts-1.jpg","width":638,"height":1000},{"@type":"BreadcrumbList","@id":"https:\/\/endormoonstore.com\/en\/captain-america-tech-on-avengers-s-h-figuarts\/#breadcrumb","itemListElement":[{"@type":"ListItem","position":1,"name":"Shop","item":"https:\/\/endormoonstore.com\/en\/shop\/"},{"@type":"ListItem","position":2,"name":"Captain America Tech-On Avengers S.H Figuarts"}]},{"@type":"WebSite","@id":"https:\/\/endormoonstore.com\/#website","url":"https:\/\/endormoonstore.com\/","name":"EndormoonStore","description":"","potentialAction":[{"@type":"SearchAction","target":{"@type":"EntryPoint","urlTemplate":"https:\/\/endormoonstore.com\/?s={search_term_string}"},"query-input":{"@type":"PropertyValueSpecification","valueRequired":true,"valueName":"search_term_string"}}],"inLanguage":"en-US"}]}},"taxonomy_info":{"product_cat":[{"value":1390,"label":"Figures"}],"pa_brand":[{"value":2096,"label":"Tamashii Nations"}],"pa_character":[{"value":2309,"label":"Captain America"}],"pa_episode":[{"value":2984,"label":"The Avengers"}],"pa_license":[{"value":1642,"label":"Marvel"}],"pa_product-type":[{"value":2387,"label":"Figure"}],"pa_theme":[{"value":1813,"label":"S.H. Figuarts"},{"value":8684,"label":"Tech-On Avengers"}]},"featured_image_src_large":["https:\/\/endormoonstore.com\/wp-content\/uploads\/2022\/02\/Captain-America-Tech-On-Avengers-S.H-Figuarts-1.jpg",638,1000,false],"author_info":[],"comment_info":"","_links":{"self":[{"href":"https:\/\/endormoonstore.com\/en\/wp-json\/wp\/v2\/product\/123975","targetHints":{"allow":["GET"]}}],"collection":[{"href":"https:\/\/endormoonstore.com\/en\/wp-json\/wp\/v2\/product"}],"about":[{"href":"https:\/\/endormoonstore.com\/en\/wp-json\/wp\/v2\/types\/product"}],"wp:featuredmedia":[{"embeddable":true,"href":"https:\/\/endormoonstore.com\/en\/wp-json\/wp\/v2\/media\/123941"}],"wp:attachment":[{"href":"https:\/\/endormoonstore.com\/en\/wp-json\/wp\/v2\/media?parent=123975"}],"wp:term":[{"taxonomy":"product_cat","embeddable":true,"href":"https:\/\/endormoonstore.com\/en\/wp-json\/wp\/v2\/product_cat?post=123975"},{"taxonomy":"product_tag","embeddable":true,"href":"https:\/\/endormoonstore.com\/en\/wp-json\/wp\/v2\/product_tag?post=123975"}],"curies":[{"name":"wp","href":"https:\/\/api.w.org\/{rel}","templated":true}]}}