{"id":123708,"date":"2022-02-03T19:20:14","date_gmt":"2022-02-03T18:20:14","guid":{"rendered":"https:\/\/endormoonstore.com\/pennywise-living-dead-dolls-it-2017\/"},"modified":"2023-04-27T19:05:57","modified_gmt":"2023-04-27T17:05:57","slug":"pennywise-living-dead-dolls-it-2017","status":"publish","type":"product","link":"https:\/\/endormoonstore.com\/en\/pennywise-living-dead-dolls-it-2017\/","title":{"rendered":"Pennywise Living Dead Dolls It (2017)"},"content":{"rendered":"<p><strong>Pennywise Living Dead Dolls It (2017) Figure 25 cm<\/strong><\/p>\n<div class=\"pull-left margenDatosSecundarios\">\n<div id=\"ctl00_MainContent_dvSinopsis\" class=\"pull-left w100\">\n<ul>\n<li>Basado en el \u00e9xito de taquilla de Warner Bros. &#8216;IT&#8217;, Pennywise the Dancing Clown emerge de las alcantarillas de Derry para unirse a la familia Living Dead Dolls y alimentarse de tu miedo<\/li>\n<li><span id=\"ctl00_MainContent_txtSinpsis\">Mezco Toyz, dentro de la colecci\u00f3n de las mu\u00f1ecos &#8220;Living Dead Dolls&#8221; presenta el payaso demon\u00edaco que cambia de forma tiene cabello naranja brillante y usa su caracter\u00edstico traje de payaso con detalles de volantes.<\/span><\/li>\n<li>\u00a0Pennywise puede sostener su infame globo rojo en su mano izquierda.<\/li>\n<li>La figura mide unos 25 cm y cuenta con 5 puntos de articulaci\u00f3n, ropa de tela real y un globo rojo.<\/li>\n<li>Est\u00e1 empaquetado en una caja con ventana troquelada, perfecta para exhibir.<\/li>\n<\/ul>\n<\/div>\n<p>&nbsp;<\/p>\n<\/div>\n<p><strong>\u00a0<\/strong><\/p>\n<p>&nbsp;<\/p>\n<p>&nbsp;<\/p>\n","protected":false},"excerpt":{"rendered":"<p><strong>Pennywise Living Dead Dolls It (2017) Figure 25 cm<\/strong><\/p>\n<p>Basado en el \u00e9xito de taquilla de Warner Bros. &#8216;IT&#8217;, Pennywise the Dancing Clown emerge de las alcantarillas de Derry para unirse a la familia Living Dead Dolls y alimentarse de tu miedo<\/p>\n","protected":false},"featured_media":123693,"template":"","meta":{"_acf_changed":false,"_kad_blocks_custom_css":"","_kad_blocks_head_custom_js":"","_kad_blocks_body_custom_js":"","_kad_blocks_footer_custom_js":""},"product_cat":[1390],"product_tag":[],"class_list":{"0":"post-123708","1":"product","2":"type-product","3":"status-publish","4":"has-post-thumbnail","6":"product_cat-figures","7":"pa_brand-mezco-toyz-en","8":"pa_character-pennywise-en","9":"pa_license-it-en","10":"pa_product-type-figure","11":"pa_theme-ldd-presents-en","13":"first","14":"outofstock","15":"taxable","16":"shipping-taxable","17":"purchasable","18":"product-type-simple"},"acf":[],"yoast_head":"<!-- This site is optimized with the Yoast SEO plugin v26.1.1 - https:\/\/yoast.com\/wordpress\/plugins\/seo\/ -->\n<title>Pennywise Living Dead Dolls It (2017) - EndormoonStore<\/title>\n<meta name=\"robots\" content=\"index, follow, max-snippet:-1, max-image-preview:large, max-video-preview:-1\" \/>\n<link rel=\"canonical\" href=\"https:\/\/endormoonstore.com\/en\/pennywise-living-dead-dolls-it-2017\/\" \/>\n<meta property=\"og:locale\" content=\"en_US\" \/>\n<meta property=\"og:type\" content=\"article\" \/>\n<meta property=\"og:title\" content=\"Pennywise Living Dead Dolls It (2017) - EndormoonStore\" \/>\n<meta property=\"og:description\" content=\"Pennywise Living Dead Dolls It (2017) Figure 25 cm  Basado en el \u00e9xito de taquilla de Warner Bros. &#039;IT&#039;, Pennywise the Dancing Clown emerge de las alcantarillas de Derry para unirse a la familia Living Dead Dolls y alimentarse de tu miedo\" \/>\n<meta property=\"og:url\" content=\"https:\/\/endormoonstore.com\/en\/pennywise-living-dead-dolls-it-2017\/\" \/>\n<meta property=\"og:site_name\" content=\"EndormoonStore\" \/>\n<meta property=\"article:modified_time\" content=\"2023-04-27T17:05:57+00:00\" \/>\n<meta property=\"og:image\" content=\"https:\/\/endormoonstore.com\/wp-content\/uploads\/2022\/02\/IT-2017-Pennywise-LDD-Present-1.jpeg\" \/>\n\t<meta property=\"og:image:width\" content=\"800\" \/>\n\t<meta property=\"og:image:height\" content=\"800\" \/>\n\t<meta property=\"og:image:type\" content=\"image\/jpeg\" \/>\n<meta name=\"twitter:card\" content=\"summary_large_image\" \/>\n<meta name=\"twitter:label1\" content=\"Est. reading time\" \/>\n\t<meta name=\"twitter:data1\" content=\"1 minute\" \/>\n<script type=\"application\/ld+json\" class=\"yoast-schema-graph\">{\"@context\":\"https:\/\/schema.org\",\"@graph\":[{\"@type\":\"WebPage\",\"@id\":\"https:\/\/endormoonstore.com\/en\/pennywise-living-dead-dolls-it-2017\/\",\"url\":\"https:\/\/endormoonstore.com\/en\/pennywise-living-dead-dolls-it-2017\/\",\"name\":\"Pennywise Living Dead Dolls It (2017) - EndormoonStore\",\"isPartOf\":{\"@id\":\"https:\/\/endormoonstore.com\/#website\"},\"primaryImageOfPage\":{\"@id\":\"https:\/\/endormoonstore.com\/en\/pennywise-living-dead-dolls-it-2017\/#primaryimage\"},\"image\":{\"@id\":\"https:\/\/endormoonstore.com\/en\/pennywise-living-dead-dolls-it-2017\/#primaryimage\"},\"thumbnailUrl\":\"https:\/\/endormoonstore.com\/wp-content\/uploads\/2022\/02\/IT-2017-Pennywise-LDD-Present-1.jpeg\",\"datePublished\":\"2022-02-03T18:20:14+00:00\",\"dateModified\":\"2023-04-27T17:05:57+00:00\",\"breadcrumb\":{\"@id\":\"https:\/\/endormoonstore.com\/en\/pennywise-living-dead-dolls-it-2017\/#breadcrumb\"},\"inLanguage\":\"en-US\",\"potentialAction\":[{\"@type\":\"ReadAction\",\"target\":[\"https:\/\/endormoonstore.com\/en\/pennywise-living-dead-dolls-it-2017\/\"]}]},{\"@type\":\"ImageObject\",\"inLanguage\":\"en-US\",\"@id\":\"https:\/\/endormoonstore.com\/en\/pennywise-living-dead-dolls-it-2017\/#primaryimage\",\"url\":\"https:\/\/endormoonstore.com\/wp-content\/uploads\/2022\/02\/IT-2017-Pennywise-LDD-Present-1.jpeg\",\"contentUrl\":\"https:\/\/endormoonstore.com\/wp-content\/uploads\/2022\/02\/IT-2017-Pennywise-LDD-Present-1.jpeg\",\"width\":800,\"height\":800},{\"@type\":\"BreadcrumbList\",\"@id\":\"https:\/\/endormoonstore.com\/en\/pennywise-living-dead-dolls-it-2017\/#breadcrumb\",\"itemListElement\":[{\"@type\":\"ListItem\",\"position\":1,\"name\":\"Shop\",\"item\":\"https:\/\/endormoonstore.com\/en\/shop\/\"},{\"@type\":\"ListItem\",\"position\":2,\"name\":\"Pennywise Living Dead Dolls It (2017)\"}]},{\"@type\":\"WebSite\",\"@id\":\"https:\/\/endormoonstore.com\/#website\",\"url\":\"https:\/\/endormoonstore.com\/\",\"name\":\"EndormoonStore\",\"description\":\"\",\"potentialAction\":[{\"@type\":\"SearchAction\",\"target\":{\"@type\":\"EntryPoint\",\"urlTemplate\":\"https:\/\/endormoonstore.com\/?s={search_term_string}\"},\"query-input\":{\"@type\":\"PropertyValueSpecification\",\"valueRequired\":true,\"valueName\":\"search_term_string\"}}],\"inLanguage\":\"en-US\"}]}<\/script>\n<!-- \/ Yoast SEO plugin. -->","yoast_head_json":{"title":"Pennywise Living Dead Dolls It (2017) - EndormoonStore","robots":{"index":"index","follow":"follow","max-snippet":"max-snippet:-1","max-image-preview":"max-image-preview:large","max-video-preview":"max-video-preview:-1"},"canonical":"https:\/\/endormoonstore.com\/en\/pennywise-living-dead-dolls-it-2017\/","og_locale":"en_US","og_type":"article","og_title":"Pennywise Living Dead Dolls It (2017) - EndormoonStore","og_description":"Pennywise Living Dead Dolls It (2017) Figure 25 cm  Basado en el \u00e9xito de taquilla de Warner Bros. 'IT', Pennywise the Dancing Clown emerge de las alcantarillas de Derry para unirse a la familia Living Dead Dolls y alimentarse de tu miedo","og_url":"https:\/\/endormoonstore.com\/en\/pennywise-living-dead-dolls-it-2017\/","og_site_name":"EndormoonStore","article_modified_time":"2023-04-27T17:05:57+00:00","og_image":[{"width":800,"height":800,"url":"https:\/\/endormoonstore.com\/wp-content\/uploads\/2022\/02\/IT-2017-Pennywise-LDD-Present-1.jpeg","type":"image\/jpeg"}],"twitter_card":"summary_large_image","twitter_misc":{"Est. reading time":"1 minute"},"schema":{"@context":"https:\/\/schema.org","@graph":[{"@type":"WebPage","@id":"https:\/\/endormoonstore.com\/en\/pennywise-living-dead-dolls-it-2017\/","url":"https:\/\/endormoonstore.com\/en\/pennywise-living-dead-dolls-it-2017\/","name":"Pennywise Living Dead Dolls It (2017) - EndormoonStore","isPartOf":{"@id":"https:\/\/endormoonstore.com\/#website"},"primaryImageOfPage":{"@id":"https:\/\/endormoonstore.com\/en\/pennywise-living-dead-dolls-it-2017\/#primaryimage"},"image":{"@id":"https:\/\/endormoonstore.com\/en\/pennywise-living-dead-dolls-it-2017\/#primaryimage"},"thumbnailUrl":"https:\/\/endormoonstore.com\/wp-content\/uploads\/2022\/02\/IT-2017-Pennywise-LDD-Present-1.jpeg","datePublished":"2022-02-03T18:20:14+00:00","dateModified":"2023-04-27T17:05:57+00:00","breadcrumb":{"@id":"https:\/\/endormoonstore.com\/en\/pennywise-living-dead-dolls-it-2017\/#breadcrumb"},"inLanguage":"en-US","potentialAction":[{"@type":"ReadAction","target":["https:\/\/endormoonstore.com\/en\/pennywise-living-dead-dolls-it-2017\/"]}]},{"@type":"ImageObject","inLanguage":"en-US","@id":"https:\/\/endormoonstore.com\/en\/pennywise-living-dead-dolls-it-2017\/#primaryimage","url":"https:\/\/endormoonstore.com\/wp-content\/uploads\/2022\/02\/IT-2017-Pennywise-LDD-Present-1.jpeg","contentUrl":"https:\/\/endormoonstore.com\/wp-content\/uploads\/2022\/02\/IT-2017-Pennywise-LDD-Present-1.jpeg","width":800,"height":800},{"@type":"BreadcrumbList","@id":"https:\/\/endormoonstore.com\/en\/pennywise-living-dead-dolls-it-2017\/#breadcrumb","itemListElement":[{"@type":"ListItem","position":1,"name":"Shop","item":"https:\/\/endormoonstore.com\/en\/shop\/"},{"@type":"ListItem","position":2,"name":"Pennywise Living Dead Dolls It (2017)"}]},{"@type":"WebSite","@id":"https:\/\/endormoonstore.com\/#website","url":"https:\/\/endormoonstore.com\/","name":"EndormoonStore","description":"","potentialAction":[{"@type":"SearchAction","target":{"@type":"EntryPoint","urlTemplate":"https:\/\/endormoonstore.com\/?s={search_term_string}"},"query-input":{"@type":"PropertyValueSpecification","valueRequired":true,"valueName":"search_term_string"}}],"inLanguage":"en-US"}]}},"taxonomy_info":{"product_cat":[{"value":1390,"label":"Figures"}],"pa_brand":[{"value":1638,"label":"Mezco Toyz"}],"pa_character":[{"value":5473,"label":"Pennywise"}],"pa_license":[{"value":5479,"label":"It"}],"pa_product-type":[{"value":2387,"label":"Figure"}],"pa_theme":[{"value":4811,"label":"LDD Presents"}]},"featured_image_src_large":["https:\/\/endormoonstore.com\/wp-content\/uploads\/2022\/02\/IT-2017-Pennywise-LDD-Present-1.jpeg",800,800,false],"author_info":[],"comment_info":"","_links":{"self":[{"href":"https:\/\/endormoonstore.com\/en\/wp-json\/wp\/v2\/product\/123708","targetHints":{"allow":["GET"]}}],"collection":[{"href":"https:\/\/endormoonstore.com\/en\/wp-json\/wp\/v2\/product"}],"about":[{"href":"https:\/\/endormoonstore.com\/en\/wp-json\/wp\/v2\/types\/product"}],"wp:featuredmedia":[{"embeddable":true,"href":"https:\/\/endormoonstore.com\/en\/wp-json\/wp\/v2\/media\/123693"}],"wp:attachment":[{"href":"https:\/\/endormoonstore.com\/en\/wp-json\/wp\/v2\/media?parent=123708"}],"wp:term":[{"taxonomy":"product_cat","embeddable":true,"href":"https:\/\/endormoonstore.com\/en\/wp-json\/wp\/v2\/product_cat?post=123708"},{"taxonomy":"product_tag","embeddable":true,"href":"https:\/\/endormoonstore.com\/en\/wp-json\/wp\/v2\/product_tag?post=123708"}],"curies":[{"name":"wp","href":"https:\/\/api.w.org\/{rel}","templated":true}]}}