{"id":123540,"date":"2024-01-02T01:30:16","date_gmt":"2022-02-01T20:00:16","guid":{"rendered":"https:\/\/endormoonstore.com\/red-pyramid-thing-silent-hill-2-one12-collective\/"},"modified":"2024-01-21T22:50:45","modified_gmt":"2024-01-21T21:50:45","slug":"red-pyramid-thing-silent-hill-2-one12-collective","status":"publish","type":"product","link":"https:\/\/endormoonstore.com\/en\/red-pyramid-thing-silent-hill-2-one12-collective\/","title":{"rendered":"Red Pyramid Thing Silent Hill 2 One:12 Collective"},"content":{"rendered":"<p><strong>Red Pyramid Thing Silent Hill 2 One:12 Collective Figura 17 cm<\/strong><\/p>\n<div class=\"pull-left margenDatosSecundarios\">\n<div id=\"ctl00_MainContent_dvSinopsis\" class=\"pull-left w100\">\n<ul>\n<li class=\"pull-left w100 text-justify well well-lg text-primary\">Mezco Toyz, dentro de su colecci\u00f3n de figuras The One:12 Collective presenta la figura de el espantoso verdugo Red Pyramid Thing.<\/li>\n<li class=\"pull-left w100 text-justify well well-lg text-primary\">El verdugo de Silent Hill viene completo con las herramientas de su macabro oficio, incluida la Gran Lanza y la Gran Espada con efectos de salpicaduras de sangre que se adhieren a ambas armas.<\/li>\n<li class=\"pull-left w100 text-justify well well-lg text-primary\">La pesadilla no termina ah\u00ed: se incluye un maniqu\u00ed y una gran cantidad de Creepers.<\/li>\n<li class=\"pull-left w100 text-justify well well-lg text-primary\">Figura de unos 17 cm de altura con m\u00e1s de 20 puntos de articulaci\u00f3n que adem\u00e1s incluye.<\/li>\n<li class=\"pull-left w100 text-justify well well-lg text-primary\">2 cabezas intercambiables, 12x manos intercambiables, 1x par de pu\u00f1os (L&amp;R) , 3x pares de tomados de la mano (L&amp;R), 3 pares de manos posando (L&amp;R), 1x bata desgastada, manchado debajo de la prenda, botas de combate, guantes, 1x gran espada, 1x gran lanza, 1x efecto de salpicadura de sangre para Great Spear, 1x efecto de salpicadura de sangre para Great Knife, 1x efecto de salpicadura de sangre para el cuerpo, 9x Creepers surtidos<\/li>\n<li class=\"pull-left w100 text-justify well well-lg text-primary\">Incluye base de exhibici\u00f3n colectiva One: 12 con logotipo, 1x poste de exhibici\u00f3n ajustable colectivo One: 12, 3x efectos diversos de salpicaduras de sangre.<\/li>\n<\/ul>\n<\/div>\n<\/div>\n<p>&nbsp;<\/p>\n<p>&nbsp;<\/p>\n","protected":false},"excerpt":{"rendered":"<p><strong>Red Pyramid Thing Silent Hill 2 One:12 Collective Figura 17 cm<\/strong><\/p>\n<p>Mezco Toyz, dentro de su colecci\u00f3n de figuras The One:12 Collective presenta la figura de el espantoso verdugo Red Pyramid Thing.<\/p>\n","protected":false},"featured_media":123509,"template":"","meta":{"_acf_changed":false,"_kad_blocks_custom_css":"","_kad_blocks_head_custom_js":"","_kad_blocks_body_custom_js":"","_kad_blocks_footer_custom_js":""},"product_cat":[1390,13511],"product_tag":[],"class_list":{"0":"post-123540","1":"product","2":"type-product","3":"status-publish","4":"has-post-thumbnail","6":"product_cat-figures","7":"product_cat-new-arrivals","8":"pa_brand-mezco-toyz-en","9":"pa_character-red-pyramid-thing-en","10":"pa_license-silent-hill-2-en","11":"pa_product-type-figure","12":"pa_theme-one12-collective-en","14":"first","15":"instock","16":"taxable","17":"shipping-taxable","18":"purchasable","19":"product-type-simple"},"acf":[],"yoast_head":"<!-- This site is optimized with the Yoast SEO plugin v26.1.1 - https:\/\/yoast.com\/wordpress\/plugins\/seo\/ -->\n<title>Red Pyramid Thing Silent Hill 2 One:12 Collective - EndormoonStore<\/title>\n<meta name=\"robots\" content=\"index, follow, max-snippet:-1, max-image-preview:large, max-video-preview:-1\" \/>\n<link rel=\"canonical\" href=\"https:\/\/endormoonstore.com\/en\/red-pyramid-thing-silent-hill-2-one12-collective\/\" \/>\n<meta property=\"og:locale\" content=\"en_US\" \/>\n<meta property=\"og:type\" content=\"article\" \/>\n<meta property=\"og:title\" content=\"Red Pyramid Thing Silent Hill 2 One:12 Collective - EndormoonStore\" \/>\n<meta property=\"og:description\" content=\"Red Pyramid Thing Silent Hill 2 One:12 Collective Figura 17 cm  Mezco Toyz, dentro de su colecci\u00f3n de figuras The One:12 Collective presenta la figura de el espantoso verdugo Red Pyramid Thing.\" \/>\n<meta property=\"og:url\" content=\"https:\/\/endormoonstore.com\/en\/red-pyramid-thing-silent-hill-2-one12-collective\/\" \/>\n<meta property=\"og:site_name\" content=\"EndormoonStore\" \/>\n<meta property=\"article:modified_time\" content=\"2024-01-21T21:50:45+00:00\" \/>\n<meta property=\"og:image\" content=\"https:\/\/endormoonstore.com\/wp-content\/uploads\/2022\/02\/Silent-Hill-2-Red-Pyramid-Thing-1.jpeg\" \/>\n\t<meta property=\"og:image:width\" content=\"800\" \/>\n\t<meta property=\"og:image:height\" content=\"800\" \/>\n\t<meta property=\"og:image:type\" content=\"image\/jpeg\" \/>\n<meta name=\"twitter:card\" content=\"summary_large_image\" \/>\n<meta name=\"twitter:label1\" content=\"Est. reading time\" \/>\n\t<meta name=\"twitter:data1\" content=\"2 minutes\" \/>\n<script type=\"application\/ld+json\" class=\"yoast-schema-graph\">{\"@context\":\"https:\/\/schema.org\",\"@graph\":[{\"@type\":\"WebPage\",\"@id\":\"https:\/\/endormoonstore.com\/en\/red-pyramid-thing-silent-hill-2-one12-collective\/\",\"url\":\"https:\/\/endormoonstore.com\/en\/red-pyramid-thing-silent-hill-2-one12-collective\/\",\"name\":\"Red Pyramid Thing Silent Hill 2 One:12 Collective - EndormoonStore\",\"isPartOf\":{\"@id\":\"https:\/\/endormoonstore.com\/#website\"},\"primaryImageOfPage\":{\"@id\":\"https:\/\/endormoonstore.com\/en\/red-pyramid-thing-silent-hill-2-one12-collective\/#primaryimage\"},\"image\":{\"@id\":\"https:\/\/endormoonstore.com\/en\/red-pyramid-thing-silent-hill-2-one12-collective\/#primaryimage\"},\"thumbnailUrl\":\"https:\/\/endormoonstore.com\/wp-content\/uploads\/2022\/02\/Silent-Hill-2-Red-Pyramid-Thing-1.jpeg\",\"datePublished\":\"2022-02-01T20:00:16+00:00\",\"dateModified\":\"2024-01-21T21:50:45+00:00\",\"breadcrumb\":{\"@id\":\"https:\/\/endormoonstore.com\/en\/red-pyramid-thing-silent-hill-2-one12-collective\/#breadcrumb\"},\"inLanguage\":\"en-US\",\"potentialAction\":[{\"@type\":\"ReadAction\",\"target\":[\"https:\/\/endormoonstore.com\/en\/red-pyramid-thing-silent-hill-2-one12-collective\/\"]}]},{\"@type\":\"ImageObject\",\"inLanguage\":\"en-US\",\"@id\":\"https:\/\/endormoonstore.com\/en\/red-pyramid-thing-silent-hill-2-one12-collective\/#primaryimage\",\"url\":\"https:\/\/endormoonstore.com\/wp-content\/uploads\/2022\/02\/Silent-Hill-2-Red-Pyramid-Thing-1.jpeg\",\"contentUrl\":\"https:\/\/endormoonstore.com\/wp-content\/uploads\/2022\/02\/Silent-Hill-2-Red-Pyramid-Thing-1.jpeg\",\"width\":800,\"height\":800},{\"@type\":\"BreadcrumbList\",\"@id\":\"https:\/\/endormoonstore.com\/en\/red-pyramid-thing-silent-hill-2-one12-collective\/#breadcrumb\",\"itemListElement\":[{\"@type\":\"ListItem\",\"position\":1,\"name\":\"Shop\",\"item\":\"https:\/\/endormoonstore.com\/en\/shop\/\"},{\"@type\":\"ListItem\",\"position\":2,\"name\":\"Red Pyramid Thing Silent Hill 2 One:12 Collective\"}]},{\"@type\":\"WebSite\",\"@id\":\"https:\/\/endormoonstore.com\/#website\",\"url\":\"https:\/\/endormoonstore.com\/\",\"name\":\"EndormoonStore\",\"description\":\"\",\"potentialAction\":[{\"@type\":\"SearchAction\",\"target\":{\"@type\":\"EntryPoint\",\"urlTemplate\":\"https:\/\/endormoonstore.com\/?s={search_term_string}\"},\"query-input\":{\"@type\":\"PropertyValueSpecification\",\"valueRequired\":true,\"valueName\":\"search_term_string\"}}],\"inLanguage\":\"en-US\"}]}<\/script>\n<!-- \/ Yoast SEO plugin. -->","yoast_head_json":{"title":"Red Pyramid Thing Silent Hill 2 One:12 Collective - EndormoonStore","robots":{"index":"index","follow":"follow","max-snippet":"max-snippet:-1","max-image-preview":"max-image-preview:large","max-video-preview":"max-video-preview:-1"},"canonical":"https:\/\/endormoonstore.com\/en\/red-pyramid-thing-silent-hill-2-one12-collective\/","og_locale":"en_US","og_type":"article","og_title":"Red Pyramid Thing Silent Hill 2 One:12 Collective - EndormoonStore","og_description":"Red Pyramid Thing Silent Hill 2 One:12 Collective Figura 17 cm  Mezco Toyz, dentro de su colecci\u00f3n de figuras The One:12 Collective presenta la figura de el espantoso verdugo Red Pyramid Thing.","og_url":"https:\/\/endormoonstore.com\/en\/red-pyramid-thing-silent-hill-2-one12-collective\/","og_site_name":"EndormoonStore","article_modified_time":"2024-01-21T21:50:45+00:00","og_image":[{"width":800,"height":800,"url":"https:\/\/endormoonstore.com\/wp-content\/uploads\/2022\/02\/Silent-Hill-2-Red-Pyramid-Thing-1.jpeg","type":"image\/jpeg"}],"twitter_card":"summary_large_image","twitter_misc":{"Est. reading time":"2 minutes"},"schema":{"@context":"https:\/\/schema.org","@graph":[{"@type":"WebPage","@id":"https:\/\/endormoonstore.com\/en\/red-pyramid-thing-silent-hill-2-one12-collective\/","url":"https:\/\/endormoonstore.com\/en\/red-pyramid-thing-silent-hill-2-one12-collective\/","name":"Red Pyramid Thing Silent Hill 2 One:12 Collective - EndormoonStore","isPartOf":{"@id":"https:\/\/endormoonstore.com\/#website"},"primaryImageOfPage":{"@id":"https:\/\/endormoonstore.com\/en\/red-pyramid-thing-silent-hill-2-one12-collective\/#primaryimage"},"image":{"@id":"https:\/\/endormoonstore.com\/en\/red-pyramid-thing-silent-hill-2-one12-collective\/#primaryimage"},"thumbnailUrl":"https:\/\/endormoonstore.com\/wp-content\/uploads\/2022\/02\/Silent-Hill-2-Red-Pyramid-Thing-1.jpeg","datePublished":"2022-02-01T20:00:16+00:00","dateModified":"2024-01-21T21:50:45+00:00","breadcrumb":{"@id":"https:\/\/endormoonstore.com\/en\/red-pyramid-thing-silent-hill-2-one12-collective\/#breadcrumb"},"inLanguage":"en-US","potentialAction":[{"@type":"ReadAction","target":["https:\/\/endormoonstore.com\/en\/red-pyramid-thing-silent-hill-2-one12-collective\/"]}]},{"@type":"ImageObject","inLanguage":"en-US","@id":"https:\/\/endormoonstore.com\/en\/red-pyramid-thing-silent-hill-2-one12-collective\/#primaryimage","url":"https:\/\/endormoonstore.com\/wp-content\/uploads\/2022\/02\/Silent-Hill-2-Red-Pyramid-Thing-1.jpeg","contentUrl":"https:\/\/endormoonstore.com\/wp-content\/uploads\/2022\/02\/Silent-Hill-2-Red-Pyramid-Thing-1.jpeg","width":800,"height":800},{"@type":"BreadcrumbList","@id":"https:\/\/endormoonstore.com\/en\/red-pyramid-thing-silent-hill-2-one12-collective\/#breadcrumb","itemListElement":[{"@type":"ListItem","position":1,"name":"Shop","item":"https:\/\/endormoonstore.com\/en\/shop\/"},{"@type":"ListItem","position":2,"name":"Red Pyramid Thing Silent Hill 2 One:12 Collective"}]},{"@type":"WebSite","@id":"https:\/\/endormoonstore.com\/#website","url":"https:\/\/endormoonstore.com\/","name":"EndormoonStore","description":"","potentialAction":[{"@type":"SearchAction","target":{"@type":"EntryPoint","urlTemplate":"https:\/\/endormoonstore.com\/?s={search_term_string}"},"query-input":{"@type":"PropertyValueSpecification","valueRequired":true,"valueName":"search_term_string"}}],"inLanguage":"en-US"}]}},"taxonomy_info":{"product_cat":[{"value":1390,"label":"Figures"},{"value":13511,"label":"New Arrivals"}],"pa_brand":[{"value":1638,"label":"Mezco Toyz"}],"pa_character":[{"value":11139,"label":"Red Pyramid Thing"}],"pa_license":[{"value":11145,"label":"Silent Hill 2"}],"pa_product-type":[{"value":2387,"label":"Figure"}],"pa_theme":[{"value":1885,"label":"One:12 Collective"}]},"featured_image_src_large":["https:\/\/endormoonstore.com\/wp-content\/uploads\/2022\/02\/Silent-Hill-2-Red-Pyramid-Thing-1.jpeg",800,800,false],"author_info":[],"comment_info":"","_links":{"self":[{"href":"https:\/\/endormoonstore.com\/en\/wp-json\/wp\/v2\/product\/123540","targetHints":{"allow":["GET"]}}],"collection":[{"href":"https:\/\/endormoonstore.com\/en\/wp-json\/wp\/v2\/product"}],"about":[{"href":"https:\/\/endormoonstore.com\/en\/wp-json\/wp\/v2\/types\/product"}],"wp:featuredmedia":[{"embeddable":true,"href":"https:\/\/endormoonstore.com\/en\/wp-json\/wp\/v2\/media\/123509"}],"wp:attachment":[{"href":"https:\/\/endormoonstore.com\/en\/wp-json\/wp\/v2\/media?parent=123540"}],"wp:term":[{"taxonomy":"product_cat","embeddable":true,"href":"https:\/\/endormoonstore.com\/en\/wp-json\/wp\/v2\/product_cat?post=123540"},{"taxonomy":"product_tag","embeddable":true,"href":"https:\/\/endormoonstore.com\/en\/wp-json\/wp\/v2\/product_tag?post=123540"}],"curies":[{"name":"wp","href":"https:\/\/api.w.org\/{rel}","templated":true}]}}