{"id":123051,"date":"2022-01-29T13:06:54","date_gmt":"2022-01-29T12:06:54","guid":{"rendered":"https:\/\/endormoonstore.com\/star-wars-the-vintage-collection-deluxe-tatooine-boba-fett\/"},"modified":"2022-07-06T22:07:50","modified_gmt":"2022-07-06T20:07:50","slug":"star-wars-the-vintage-collection-deluxe-tatooine-boba-fett","status":"publish","type":"product","link":"https:\/\/endormoonstore.com\/en\/star-wars-the-vintage-collection-deluxe-tatooine-boba-fett\/","title":{"rendered":"Star Wars The Vintage Collection Deluxe Tatooine Boba Fett"},"content":{"rendered":"<p><strong>Star Wars The Vintage Collection Deluxe Tatooine Boba Fett ( Book of Boba Fett ) Figura 9,5 cm<\/strong><\/p>\n<ul>\n<li>Una vez considerado como uno de los cazarrecompensas m\u00e1s temibles de la galaxia, Boba Fett aparentemente muri\u00f3 en el pozo Sarlacc. Un sobreviviente hasta la m\u00e9dula, Fett vivi\u00f3 para luchar otro d\u00eda.<\/li>\n<li>Hasbro presenta \u00a0esta figura de acci\u00f3n de Boba Fett (Tatooine) est\u00e1 inspirada en el personaje de Star Wars: The Book of Boba Fett .<\/li>\n<li>Se trata de una figura articulada de 9,5 cm hecha en PVC.<\/li>\n<li>Incluye armas y complementos.<\/li>\n<\/ul>\n","protected":false},"excerpt":{"rendered":"<p><strong>Star Wars The Vintage Collection Deluxe Tatooine Boba Fett ( Book of Boba Fett ) Figura 9,5 cm<\/strong><\/p>\n<p>Una vez considerado como uno de los cazarrecompensas m\u00e1s temibles de la galaxia, Boba Fett aparentemente muri\u00f3 en el pozo Sarlacc. Un sobreviviente hasta la m\u00e9dula, Fett vivi\u00f3 para luchar otro d\u00eda.<\/p>\n","protected":false},"featured_media":123026,"template":"","meta":{"_acf_changed":false,"_kad_blocks_custom_css":"","_kad_blocks_head_custom_js":"","_kad_blocks_body_custom_js":"","_kad_blocks_footer_custom_js":""},"product_cat":[1390],"product_tag":[],"class_list":{"0":"post-123051","1":"product","2":"type-product","3":"status-publish","4":"has-post-thumbnail","6":"product_cat-figures","7":"pa_brand-hasbro-en","8":"pa_character-boba-fett-en","9":"pa_episode-star-wars-the-book-of-boba-fett-en","10":"pa_license-star-wars-en","11":"pa_product-type-figure","12":"pa_theme-the-vintage-collection-deluxe-en","14":"first","15":"instock","16":"taxable","17":"shipping-taxable","18":"purchasable","19":"product-type-simple"},"acf":[],"yoast_head":"<!-- This site is optimized with the Yoast SEO plugin v26.1.1 - https:\/\/yoast.com\/wordpress\/plugins\/seo\/ -->\n<title>Star Wars The Vintage Collection Deluxe Tatooine Boba Fett - EndormoonStore<\/title>\n<meta name=\"robots\" content=\"index, follow, max-snippet:-1, max-image-preview:large, max-video-preview:-1\" \/>\n<link rel=\"canonical\" href=\"https:\/\/endormoonstore.com\/en\/star-wars-the-vintage-collection-deluxe-tatooine-boba-fett\/\" \/>\n<meta property=\"og:locale\" content=\"en_US\" \/>\n<meta property=\"og:type\" content=\"article\" \/>\n<meta property=\"og:title\" content=\"Star Wars The Vintage Collection Deluxe Tatooine Boba Fett - EndormoonStore\" \/>\n<meta property=\"og:description\" content=\"Star Wars The Vintage Collection Deluxe Tatooine Boba Fett ( Book of Boba Fett ) Figura 9,5 cm  Una vez considerado como uno de los cazarrecompensas m\u00e1s temibles de la galaxia, Boba Fett aparentemente muri\u00f3 en el pozo Sarlacc. Un sobreviviente hasta la m\u00e9dula, Fett vivi\u00f3 para luchar otro d\u00eda.\" \/>\n<meta property=\"og:url\" content=\"https:\/\/endormoonstore.com\/en\/star-wars-the-vintage-collection-deluxe-tatooine-boba-fett\/\" \/>\n<meta property=\"og:site_name\" content=\"EndormoonStore\" \/>\n<meta property=\"article:modified_time\" content=\"2022-07-06T20:07:50+00:00\" \/>\n<meta property=\"og:image\" content=\"https:\/\/endormoonstore.com\/wp-content\/uploads\/2022\/01\/Star-Wars-The-Vintage-Collection-Deluxe-Tatooine-Boba-Fett-Book-of-Boba-Fett-1.jpg\" \/>\n\t<meta property=\"og:image:width\" content=\"1000\" \/>\n\t<meta property=\"og:image:height\" content=\"1000\" \/>\n\t<meta property=\"og:image:type\" content=\"image\/jpeg\" \/>\n<meta name=\"twitter:card\" content=\"summary_large_image\" \/>\n<meta name=\"twitter:label1\" content=\"Est. reading time\" \/>\n\t<meta name=\"twitter:data1\" content=\"1 minute\" \/>\n<script type=\"application\/ld+json\" class=\"yoast-schema-graph\">{\"@context\":\"https:\/\/schema.org\",\"@graph\":[{\"@type\":\"WebPage\",\"@id\":\"https:\/\/endormoonstore.com\/en\/star-wars-the-vintage-collection-deluxe-tatooine-boba-fett\/\",\"url\":\"https:\/\/endormoonstore.com\/en\/star-wars-the-vintage-collection-deluxe-tatooine-boba-fett\/\",\"name\":\"Star Wars The Vintage Collection Deluxe Tatooine Boba Fett - EndormoonStore\",\"isPartOf\":{\"@id\":\"https:\/\/endormoonstore.com\/#website\"},\"primaryImageOfPage\":{\"@id\":\"https:\/\/endormoonstore.com\/en\/star-wars-the-vintage-collection-deluxe-tatooine-boba-fett\/#primaryimage\"},\"image\":{\"@id\":\"https:\/\/endormoonstore.com\/en\/star-wars-the-vintage-collection-deluxe-tatooine-boba-fett\/#primaryimage\"},\"thumbnailUrl\":\"https:\/\/endormoonstore.com\/wp-content\/uploads\/2022\/01\/Star-Wars-The-Vintage-Collection-Deluxe-Tatooine-Boba-Fett-Book-of-Boba-Fett-1.jpg\",\"datePublished\":\"2022-01-29T12:06:54+00:00\",\"dateModified\":\"2022-07-06T20:07:50+00:00\",\"breadcrumb\":{\"@id\":\"https:\/\/endormoonstore.com\/en\/star-wars-the-vintage-collection-deluxe-tatooine-boba-fett\/#breadcrumb\"},\"inLanguage\":\"en-US\",\"potentialAction\":[{\"@type\":\"ReadAction\",\"target\":[\"https:\/\/endormoonstore.com\/en\/star-wars-the-vintage-collection-deluxe-tatooine-boba-fett\/\"]}]},{\"@type\":\"ImageObject\",\"inLanguage\":\"en-US\",\"@id\":\"https:\/\/endormoonstore.com\/en\/star-wars-the-vintage-collection-deluxe-tatooine-boba-fett\/#primaryimage\",\"url\":\"https:\/\/endormoonstore.com\/wp-content\/uploads\/2022\/01\/Star-Wars-The-Vintage-Collection-Deluxe-Tatooine-Boba-Fett-Book-of-Boba-Fett-1.jpg\",\"contentUrl\":\"https:\/\/endormoonstore.com\/wp-content\/uploads\/2022\/01\/Star-Wars-The-Vintage-Collection-Deluxe-Tatooine-Boba-Fett-Book-of-Boba-Fett-1.jpg\",\"width\":1000,\"height\":1000},{\"@type\":\"BreadcrumbList\",\"@id\":\"https:\/\/endormoonstore.com\/en\/star-wars-the-vintage-collection-deluxe-tatooine-boba-fett\/#breadcrumb\",\"itemListElement\":[{\"@type\":\"ListItem\",\"position\":1,\"name\":\"Shop\",\"item\":\"https:\/\/endormoonstore.com\/en\/shop\/\"},{\"@type\":\"ListItem\",\"position\":2,\"name\":\"Star Wars The Vintage Collection Deluxe Tatooine Boba Fett\"}]},{\"@type\":\"WebSite\",\"@id\":\"https:\/\/endormoonstore.com\/#website\",\"url\":\"https:\/\/endormoonstore.com\/\",\"name\":\"EndormoonStore\",\"description\":\"\",\"potentialAction\":[{\"@type\":\"SearchAction\",\"target\":{\"@type\":\"EntryPoint\",\"urlTemplate\":\"https:\/\/endormoonstore.com\/?s={search_term_string}\"},\"query-input\":{\"@type\":\"PropertyValueSpecification\",\"valueRequired\":true,\"valueName\":\"search_term_string\"}}],\"inLanguage\":\"en-US\"}]}<\/script>\n<!-- \/ Yoast SEO plugin. -->","yoast_head_json":{"title":"Star Wars The Vintage Collection Deluxe Tatooine Boba Fett - EndormoonStore","robots":{"index":"index","follow":"follow","max-snippet":"max-snippet:-1","max-image-preview":"max-image-preview:large","max-video-preview":"max-video-preview:-1"},"canonical":"https:\/\/endormoonstore.com\/en\/star-wars-the-vintage-collection-deluxe-tatooine-boba-fett\/","og_locale":"en_US","og_type":"article","og_title":"Star Wars The Vintage Collection Deluxe Tatooine Boba Fett - EndormoonStore","og_description":"Star Wars The Vintage Collection Deluxe Tatooine Boba Fett ( Book of Boba Fett ) Figura 9,5 cm  Una vez considerado como uno de los cazarrecompensas m\u00e1s temibles de la galaxia, Boba Fett aparentemente muri\u00f3 en el pozo Sarlacc. Un sobreviviente hasta la m\u00e9dula, Fett vivi\u00f3 para luchar otro d\u00eda.","og_url":"https:\/\/endormoonstore.com\/en\/star-wars-the-vintage-collection-deluxe-tatooine-boba-fett\/","og_site_name":"EndormoonStore","article_modified_time":"2022-07-06T20:07:50+00:00","og_image":[{"width":1000,"height":1000,"url":"https:\/\/endormoonstore.com\/wp-content\/uploads\/2022\/01\/Star-Wars-The-Vintage-Collection-Deluxe-Tatooine-Boba-Fett-Book-of-Boba-Fett-1.jpg","type":"image\/jpeg"}],"twitter_card":"summary_large_image","twitter_misc":{"Est. reading time":"1 minute"},"schema":{"@context":"https:\/\/schema.org","@graph":[{"@type":"WebPage","@id":"https:\/\/endormoonstore.com\/en\/star-wars-the-vintage-collection-deluxe-tatooine-boba-fett\/","url":"https:\/\/endormoonstore.com\/en\/star-wars-the-vintage-collection-deluxe-tatooine-boba-fett\/","name":"Star Wars The Vintage Collection Deluxe Tatooine Boba Fett - EndormoonStore","isPartOf":{"@id":"https:\/\/endormoonstore.com\/#website"},"primaryImageOfPage":{"@id":"https:\/\/endormoonstore.com\/en\/star-wars-the-vintage-collection-deluxe-tatooine-boba-fett\/#primaryimage"},"image":{"@id":"https:\/\/endormoonstore.com\/en\/star-wars-the-vintage-collection-deluxe-tatooine-boba-fett\/#primaryimage"},"thumbnailUrl":"https:\/\/endormoonstore.com\/wp-content\/uploads\/2022\/01\/Star-Wars-The-Vintage-Collection-Deluxe-Tatooine-Boba-Fett-Book-of-Boba-Fett-1.jpg","datePublished":"2022-01-29T12:06:54+00:00","dateModified":"2022-07-06T20:07:50+00:00","breadcrumb":{"@id":"https:\/\/endormoonstore.com\/en\/star-wars-the-vintage-collection-deluxe-tatooine-boba-fett\/#breadcrumb"},"inLanguage":"en-US","potentialAction":[{"@type":"ReadAction","target":["https:\/\/endormoonstore.com\/en\/star-wars-the-vintage-collection-deluxe-tatooine-boba-fett\/"]}]},{"@type":"ImageObject","inLanguage":"en-US","@id":"https:\/\/endormoonstore.com\/en\/star-wars-the-vintage-collection-deluxe-tatooine-boba-fett\/#primaryimage","url":"https:\/\/endormoonstore.com\/wp-content\/uploads\/2022\/01\/Star-Wars-The-Vintage-Collection-Deluxe-Tatooine-Boba-Fett-Book-of-Boba-Fett-1.jpg","contentUrl":"https:\/\/endormoonstore.com\/wp-content\/uploads\/2022\/01\/Star-Wars-The-Vintage-Collection-Deluxe-Tatooine-Boba-Fett-Book-of-Boba-Fett-1.jpg","width":1000,"height":1000},{"@type":"BreadcrumbList","@id":"https:\/\/endormoonstore.com\/en\/star-wars-the-vintage-collection-deluxe-tatooine-boba-fett\/#breadcrumb","itemListElement":[{"@type":"ListItem","position":1,"name":"Shop","item":"https:\/\/endormoonstore.com\/en\/shop\/"},{"@type":"ListItem","position":2,"name":"Star Wars The Vintage Collection Deluxe Tatooine Boba Fett"}]},{"@type":"WebSite","@id":"https:\/\/endormoonstore.com\/#website","url":"https:\/\/endormoonstore.com\/","name":"EndormoonStore","description":"","potentialAction":[{"@type":"SearchAction","target":{"@type":"EntryPoint","urlTemplate":"https:\/\/endormoonstore.com\/?s={search_term_string}"},"query-input":{"@type":"PropertyValueSpecification","valueRequired":true,"valueName":"search_term_string"}}],"inLanguage":"en-US"}]}},"taxonomy_info":{"product_cat":[{"value":1390,"label":"Figures"}],"pa_brand":[{"value":2084,"label":"Hasbro"}],"pa_character":[{"value":2546,"label":"Boba Fett"}],"pa_episode":[{"value":10803,"label":"Star Wars: The Book of Boba Fett"}],"pa_license":[{"value":1644,"label":"Star Wars"}],"pa_product-type":[{"value":2387,"label":"Figure"}],"pa_theme":[{"value":10809,"label":"The Vintage Collection Deluxe"}]},"featured_image_src_large":["https:\/\/endormoonstore.com\/wp-content\/uploads\/2022\/01\/Star-Wars-The-Vintage-Collection-Deluxe-Tatooine-Boba-Fett-Book-of-Boba-Fett-1.jpg",1000,1000,false],"author_info":[],"comment_info":"","_links":{"self":[{"href":"https:\/\/endormoonstore.com\/en\/wp-json\/wp\/v2\/product\/123051","targetHints":{"allow":["GET"]}}],"collection":[{"href":"https:\/\/endormoonstore.com\/en\/wp-json\/wp\/v2\/product"}],"about":[{"href":"https:\/\/endormoonstore.com\/en\/wp-json\/wp\/v2\/types\/product"}],"wp:featuredmedia":[{"embeddable":true,"href":"https:\/\/endormoonstore.com\/en\/wp-json\/wp\/v2\/media\/123026"}],"wp:attachment":[{"href":"https:\/\/endormoonstore.com\/en\/wp-json\/wp\/v2\/media?parent=123051"}],"wp:term":[{"taxonomy":"product_cat","embeddable":true,"href":"https:\/\/endormoonstore.com\/en\/wp-json\/wp\/v2\/product_cat?post=123051"},{"taxonomy":"product_tag","embeddable":true,"href":"https:\/\/endormoonstore.com\/en\/wp-json\/wp\/v2\/product_tag?post=123051"}],"curies":[{"name":"wp","href":"https:\/\/api.w.org\/{rel}","templated":true}]}}