{"id":122964,"date":"2022-01-28T19:54:28","date_gmt":"2022-01-28T18:54:28","guid":{"rendered":"https:\/\/endormoonstore.com\/marvels-ragnarok-cyborg-marvel-legends-series\/"},"modified":"2022-06-04T14:56:03","modified_gmt":"2022-06-04T12:56:03","slug":"marvels-ragnarok-cyborg-marvel-legends-series","status":"publish","type":"product","link":"https:\/\/endormoonstore.com\/en\/marvels-ragnarok-cyborg-marvel-legends-series\/","title":{"rendered":"Marvel\u2019s Ragnarok Cyborg Marvel Legends Series"},"content":{"rendered":"<p><strong>Marvel\u2019s Ragnarok Thor Cyborg Marvel Legends Series Figura 15 cm<\/strong><\/p>\n<ul>\n<li>Usando un mech\u00f3n del cabello del desaparecido Thor, Tony Stark cre\u00f3 un doble cibern\u00e9tico del Dios del Trueno, llamado Ragnarok.\u00a0Esto resultar\u00eda desastroso cuando el cyborg traicion\u00f3 a los Mighty Avengers.<\/li>\n<li>Hasbro Fans presenta esta figura de Ragnarok, el duplicado cibern\u00e9tico del Dios del Trueno creado por Tony Stark, para Marvel Legends.<\/li>\n<li>Se trata de una figura articulada de 15 cm, basada en los comics hecha en PVC.<\/li>\n<li>Incluye un par de manos alternativas, el martillo Mjolnir, 1x cabeza intercambiable, y el el martillo girando.<\/li>\n<\/ul>\n<p>&nbsp;<\/p>\n","protected":false},"excerpt":{"rendered":"<p><strong>Marvel\u2019s Ragnarok Thor Cyborg Marvel Legends Series Figura 15 cm<\/strong><\/p>\n<p>Usando un mech\u00f3n del cabello del desaparecido Thor, Tony Stark cre\u00f3 un doble cibern\u00e9tico del Dios del Trueno, llamado Ragnarok.\u00a0Esto resultar\u00eda desastroso cuando el cyborg traicion\u00f3 a los Mighty Avengers.<\/p>\n","protected":false},"featured_media":122951,"template":"","meta":{"_acf_changed":false,"_kad_blocks_custom_css":"","_kad_blocks_head_custom_js":"","_kad_blocks_body_custom_js":"","_kad_blocks_footer_custom_js":""},"product_cat":[1390],"product_tag":[],"class_list":{"0":"post-122964","1":"product","2":"type-product","3":"status-publish","4":"has-post-thumbnail","6":"product_cat-figures","7":"pa_brand-hasbro-en","8":"pa_character-ragnarok-en","9":"pa_license-marvel-en","10":"pa_product-type-figure","11":"pa_theme-marvel-legends-series-en","13":"first","14":"instock","15":"taxable","16":"shipping-taxable","17":"purchasable","18":"product-type-simple"},"acf":[],"yoast_head":"<!-- This site is optimized with the Yoast SEO plugin v26.1.1 - https:\/\/yoast.com\/wordpress\/plugins\/seo\/ -->\n<title>Marvel\u2019s Ragnarok Cyborg Marvel Legends Series - EndormoonStore<\/title>\n<meta name=\"robots\" content=\"index, follow, max-snippet:-1, max-image-preview:large, max-video-preview:-1\" \/>\n<link rel=\"canonical\" href=\"https:\/\/endormoonstore.com\/en\/marvels-ragnarok-cyborg-marvel-legends-series\/\" \/>\n<meta property=\"og:locale\" content=\"en_US\" \/>\n<meta property=\"og:type\" content=\"article\" \/>\n<meta property=\"og:title\" content=\"Marvel\u2019s Ragnarok Cyborg Marvel Legends Series - EndormoonStore\" \/>\n<meta property=\"og:description\" content=\"Marvel\u2019s Ragnarok Thor Cyborg Marvel Legends Series Figura 15 cm  Usando un mech\u00f3n del cabello del desaparecido Thor, Tony Stark cre\u00f3 un doble cibern\u00e9tico del Dios del Trueno, llamado Ragnarok.\u00a0Esto resultar\u00eda desastroso cuando el cyborg traicion\u00f3 a los Mighty Avengers.\" \/>\n<meta property=\"og:url\" content=\"https:\/\/endormoonstore.com\/en\/marvels-ragnarok-cyborg-marvel-legends-series\/\" \/>\n<meta property=\"og:site_name\" content=\"EndormoonStore\" \/>\n<meta property=\"article:modified_time\" content=\"2022-06-04T12:56:03+00:00\" \/>\n<meta property=\"og:image\" content=\"https:\/\/endormoonstore.com\/wp-content\/uploads\/2022\/01\/Marvels-Ragnarok-Cyborg-Marvel-Legend-Series-1.jpg\" \/>\n\t<meta property=\"og:image:width\" content=\"1000\" \/>\n\t<meta property=\"og:image:height\" content=\"1000\" \/>\n\t<meta property=\"og:image:type\" content=\"image\/jpeg\" \/>\n<meta name=\"twitter:card\" content=\"summary_large_image\" \/>\n<meta name=\"twitter:label1\" content=\"Est. reading time\" \/>\n\t<meta name=\"twitter:data1\" content=\"1 minute\" \/>\n<script type=\"application\/ld+json\" class=\"yoast-schema-graph\">{\"@context\":\"https:\/\/schema.org\",\"@graph\":[{\"@type\":\"WebPage\",\"@id\":\"https:\/\/endormoonstore.com\/en\/marvels-ragnarok-cyborg-marvel-legends-series\/\",\"url\":\"https:\/\/endormoonstore.com\/en\/marvels-ragnarok-cyborg-marvel-legends-series\/\",\"name\":\"Marvel\u2019s Ragnarok Cyborg Marvel Legends Series - EndormoonStore\",\"isPartOf\":{\"@id\":\"https:\/\/endormoonstore.com\/#website\"},\"primaryImageOfPage\":{\"@id\":\"https:\/\/endormoonstore.com\/en\/marvels-ragnarok-cyborg-marvel-legends-series\/#primaryimage\"},\"image\":{\"@id\":\"https:\/\/endormoonstore.com\/en\/marvels-ragnarok-cyborg-marvel-legends-series\/#primaryimage\"},\"thumbnailUrl\":\"https:\/\/endormoonstore.com\/wp-content\/uploads\/2022\/01\/Marvels-Ragnarok-Cyborg-Marvel-Legend-Series-1.jpg\",\"datePublished\":\"2022-01-28T18:54:28+00:00\",\"dateModified\":\"2022-06-04T12:56:03+00:00\",\"breadcrumb\":{\"@id\":\"https:\/\/endormoonstore.com\/en\/marvels-ragnarok-cyborg-marvel-legends-series\/#breadcrumb\"},\"inLanguage\":\"en-US\",\"potentialAction\":[{\"@type\":\"ReadAction\",\"target\":[\"https:\/\/endormoonstore.com\/en\/marvels-ragnarok-cyborg-marvel-legends-series\/\"]}]},{\"@type\":\"ImageObject\",\"inLanguage\":\"en-US\",\"@id\":\"https:\/\/endormoonstore.com\/en\/marvels-ragnarok-cyborg-marvel-legends-series\/#primaryimage\",\"url\":\"https:\/\/endormoonstore.com\/wp-content\/uploads\/2022\/01\/Marvels-Ragnarok-Cyborg-Marvel-Legend-Series-1.jpg\",\"contentUrl\":\"https:\/\/endormoonstore.com\/wp-content\/uploads\/2022\/01\/Marvels-Ragnarok-Cyborg-Marvel-Legend-Series-1.jpg\",\"width\":1000,\"height\":1000},{\"@type\":\"BreadcrumbList\",\"@id\":\"https:\/\/endormoonstore.com\/en\/marvels-ragnarok-cyborg-marvel-legends-series\/#breadcrumb\",\"itemListElement\":[{\"@type\":\"ListItem\",\"position\":1,\"name\":\"Shop\",\"item\":\"https:\/\/endormoonstore.com\/en\/shop\/\"},{\"@type\":\"ListItem\",\"position\":2,\"name\":\"Marvel\u2019s Ragnarok Cyborg Marvel Legends Series\"}]},{\"@type\":\"WebSite\",\"@id\":\"https:\/\/endormoonstore.com\/#website\",\"url\":\"https:\/\/endormoonstore.com\/\",\"name\":\"EndormoonStore\",\"description\":\"\",\"potentialAction\":[{\"@type\":\"SearchAction\",\"target\":{\"@type\":\"EntryPoint\",\"urlTemplate\":\"https:\/\/endormoonstore.com\/?s={search_term_string}\"},\"query-input\":{\"@type\":\"PropertyValueSpecification\",\"valueRequired\":true,\"valueName\":\"search_term_string\"}}],\"inLanguage\":\"en-US\"}]}<\/script>\n<!-- \/ Yoast SEO plugin. -->","yoast_head_json":{"title":"Marvel\u2019s Ragnarok Cyborg Marvel Legends Series - EndormoonStore","robots":{"index":"index","follow":"follow","max-snippet":"max-snippet:-1","max-image-preview":"max-image-preview:large","max-video-preview":"max-video-preview:-1"},"canonical":"https:\/\/endormoonstore.com\/en\/marvels-ragnarok-cyborg-marvel-legends-series\/","og_locale":"en_US","og_type":"article","og_title":"Marvel\u2019s Ragnarok Cyborg Marvel Legends Series - EndormoonStore","og_description":"Marvel\u2019s Ragnarok Thor Cyborg Marvel Legends Series Figura 15 cm  Usando un mech\u00f3n del cabello del desaparecido Thor, Tony Stark cre\u00f3 un doble cibern\u00e9tico del Dios del Trueno, llamado Ragnarok.\u00a0Esto resultar\u00eda desastroso cuando el cyborg traicion\u00f3 a los Mighty Avengers.","og_url":"https:\/\/endormoonstore.com\/en\/marvels-ragnarok-cyborg-marvel-legends-series\/","og_site_name":"EndormoonStore","article_modified_time":"2022-06-04T12:56:03+00:00","og_image":[{"width":1000,"height":1000,"url":"https:\/\/endormoonstore.com\/wp-content\/uploads\/2022\/01\/Marvels-Ragnarok-Cyborg-Marvel-Legend-Series-1.jpg","type":"image\/jpeg"}],"twitter_card":"summary_large_image","twitter_misc":{"Est. reading time":"1 minute"},"schema":{"@context":"https:\/\/schema.org","@graph":[{"@type":"WebPage","@id":"https:\/\/endormoonstore.com\/en\/marvels-ragnarok-cyborg-marvel-legends-series\/","url":"https:\/\/endormoonstore.com\/en\/marvels-ragnarok-cyborg-marvel-legends-series\/","name":"Marvel\u2019s Ragnarok Cyborg Marvel Legends Series - EndormoonStore","isPartOf":{"@id":"https:\/\/endormoonstore.com\/#website"},"primaryImageOfPage":{"@id":"https:\/\/endormoonstore.com\/en\/marvels-ragnarok-cyborg-marvel-legends-series\/#primaryimage"},"image":{"@id":"https:\/\/endormoonstore.com\/en\/marvels-ragnarok-cyborg-marvel-legends-series\/#primaryimage"},"thumbnailUrl":"https:\/\/endormoonstore.com\/wp-content\/uploads\/2022\/01\/Marvels-Ragnarok-Cyborg-Marvel-Legend-Series-1.jpg","datePublished":"2022-01-28T18:54:28+00:00","dateModified":"2022-06-04T12:56:03+00:00","breadcrumb":{"@id":"https:\/\/endormoonstore.com\/en\/marvels-ragnarok-cyborg-marvel-legends-series\/#breadcrumb"},"inLanguage":"en-US","potentialAction":[{"@type":"ReadAction","target":["https:\/\/endormoonstore.com\/en\/marvels-ragnarok-cyborg-marvel-legends-series\/"]}]},{"@type":"ImageObject","inLanguage":"en-US","@id":"https:\/\/endormoonstore.com\/en\/marvels-ragnarok-cyborg-marvel-legends-series\/#primaryimage","url":"https:\/\/endormoonstore.com\/wp-content\/uploads\/2022\/01\/Marvels-Ragnarok-Cyborg-Marvel-Legend-Series-1.jpg","contentUrl":"https:\/\/endormoonstore.com\/wp-content\/uploads\/2022\/01\/Marvels-Ragnarok-Cyborg-Marvel-Legend-Series-1.jpg","width":1000,"height":1000},{"@type":"BreadcrumbList","@id":"https:\/\/endormoonstore.com\/en\/marvels-ragnarok-cyborg-marvel-legends-series\/#breadcrumb","itemListElement":[{"@type":"ListItem","position":1,"name":"Shop","item":"https:\/\/endormoonstore.com\/en\/shop\/"},{"@type":"ListItem","position":2,"name":"Marvel\u2019s Ragnarok Cyborg Marvel Legends Series"}]},{"@type":"WebSite","@id":"https:\/\/endormoonstore.com\/#website","url":"https:\/\/endormoonstore.com\/","name":"EndormoonStore","description":"","potentialAction":[{"@type":"SearchAction","target":{"@type":"EntryPoint","urlTemplate":"https:\/\/endormoonstore.com\/?s={search_term_string}"},"query-input":{"@type":"PropertyValueSpecification","valueRequired":true,"valueName":"search_term_string"}}],"inLanguage":"en-US"}]}},"taxonomy_info":{"product_cat":[{"value":1390,"label":"Figures"}],"pa_brand":[{"value":2084,"label":"Hasbro"}],"pa_character":[{"value":11055,"label":"Ragnarok"}],"pa_license":[{"value":1642,"label":"Marvel"}],"pa_product-type":[{"value":2387,"label":"Figure"}],"pa_theme":[{"value":2071,"label":"Marvel Legends Series"}]},"featured_image_src_large":["https:\/\/endormoonstore.com\/wp-content\/uploads\/2022\/01\/Marvels-Ragnarok-Cyborg-Marvel-Legend-Series-1.jpg",1000,1000,false],"author_info":[],"comment_info":"","_links":{"self":[{"href":"https:\/\/endormoonstore.com\/en\/wp-json\/wp\/v2\/product\/122964","targetHints":{"allow":["GET"]}}],"collection":[{"href":"https:\/\/endormoonstore.com\/en\/wp-json\/wp\/v2\/product"}],"about":[{"href":"https:\/\/endormoonstore.com\/en\/wp-json\/wp\/v2\/types\/product"}],"wp:featuredmedia":[{"embeddable":true,"href":"https:\/\/endormoonstore.com\/en\/wp-json\/wp\/v2\/media\/122951"}],"wp:attachment":[{"href":"https:\/\/endormoonstore.com\/en\/wp-json\/wp\/v2\/media?parent=122964"}],"wp:term":[{"taxonomy":"product_cat","embeddable":true,"href":"https:\/\/endormoonstore.com\/en\/wp-json\/wp\/v2\/product_cat?post=122964"},{"taxonomy":"product_tag","embeddable":true,"href":"https:\/\/endormoonstore.com\/en\/wp-json\/wp\/v2\/product_tag?post=122964"}],"curies":[{"name":"wp","href":"https:\/\/api.w.org\/{rel}","templated":true}]}}