{"id":122508,"date":"2022-01-21T21:10:37","date_gmt":"2022-01-21T20:10:37","guid":{"rendered":"https:\/\/endormoonstore.com\/miles-edgeworth-phoenix-wright-ace-attorney-nendoroid\/"},"modified":"2022-10-21T11:02:33","modified_gmt":"2022-10-21T09:02:33","slug":"miles-edgeworth-phoenix-wright-ace-attorney-nendoroid","status":"publish","type":"product","link":"https:\/\/endormoonstore.com\/en\/miles-edgeworth-phoenix-wright-ace-attorney-nendoroid\/","title":{"rendered":"Miles Edgeworth Phoenix Wright Ace Attorney Nendoroid"},"content":{"rendered":"<p><strong>Miles Edgeworth Phoenix Wright Ace Attorney Nendoroid Figura 10 cm<\/strong><\/p>\n<ul>\n<li>Good Smile Company, dentro de su linea de figuras Nendoroid, presenta la figura de Miles Edgeworth, Har\u00e9 que todos los acusados \u200b\u200bsean declarados culpables.\u00a0Esa es mi pol\u00edtica.<\/li>\n<li>De la popular serie de juegos de batallas judiciales &#8220;Phoenix Wright: Ace Attorney&#8221; llega un Nendoroid de Miles Edgeworth<\/li>\n<li>Viene con tres expresiones faciales que incluyen una expresi\u00f3n est\u00e1ndar, una expresi\u00f3n de enojo y una expresi\u00f3n de suficiencia.<\/li>\n<li>Las partes opcionales incluyen su escritorio de la sala del tribunal, un documento judicial y &#8220;\u00a1Objeci\u00f3n!&#8221;\u00a0y &#8220;\u00a1Espera!&#8221;\u00a0placas de texto en ingl\u00e9s, japon\u00e9s y chino simplificado (total de 6 placas de texto).<\/li>\n<li>El cuerpo de la Nendoroid est\u00e1 completamente articulado, lo que facilita la creaci\u00f3n de poses memorables de la serie en forma de Nendoroid<\/li>\n<li>\u00a1Aseg\u00farate de agregarlo a tu colecci\u00f3n!<\/li>\n<li>Phoenix Wrigh se vende por separado<\/li>\n<\/ul>\n<p>&nbsp;<\/p>\n","protected":false},"excerpt":{"rendered":"<p><strong>Miles Edgeworth Phoenix Wright Ace Attorney Nendoroid Figura 10 cm<\/strong><\/p>\n<p>Good Smile Company, dentro de su linea de figuras Nendoroid, presenta la figura de Miles Edgeworth, Har\u00e9 que todos los acusados \u200b\u200bsean declarados culpables.\u00a0Esa es mi pol\u00edtica.<\/p>\n","protected":false},"featured_media":122493,"template":"","meta":{"_acf_changed":false,"_kad_blocks_custom_css":"","_kad_blocks_head_custom_js":"","_kad_blocks_body_custom_js":"","_kad_blocks_footer_custom_js":""},"product_cat":[1390],"product_tag":[],"class_list":{"0":"post-122508","1":"product","2":"type-product","3":"status-publish","4":"has-post-thumbnail","6":"product_cat-figures","7":"pa_brand-good-smile-company-en","8":"pa_character-miles-edgeworth-en","9":"pa_license-phoenix-wright-ace-attorney-en","10":"pa_product-type-figure","11":"pa_theme-nendoroid-en","13":"first","14":"outofstock","15":"taxable","16":"shipping-taxable","17":"purchasable","18":"product-type-simple"},"acf":[],"yoast_head":"<!-- This site is optimized with the Yoast SEO plugin v26.1.1 - https:\/\/yoast.com\/wordpress\/plugins\/seo\/ -->\n<title>Miles Edgeworth Phoenix Wright Ace Attorney Nendoroid - EndormoonStore<\/title>\n<meta name=\"robots\" content=\"index, follow, max-snippet:-1, max-image-preview:large, max-video-preview:-1\" \/>\n<link rel=\"canonical\" href=\"https:\/\/endormoonstore.com\/en\/miles-edgeworth-phoenix-wright-ace-attorney-nendoroid\/\" \/>\n<meta property=\"og:locale\" content=\"en_US\" \/>\n<meta property=\"og:type\" content=\"article\" \/>\n<meta property=\"og:title\" content=\"Miles Edgeworth Phoenix Wright Ace Attorney Nendoroid - EndormoonStore\" \/>\n<meta property=\"og:description\" content=\"Miles Edgeworth Phoenix Wright Ace Attorney Nendoroid Figura 10 cm  Good Smile Company, dentro de su linea de figuras Nendoroid, presenta la figura de Miles Edgeworth, Har\u00e9 que todos los acusados \u200b\u200bsean declarados culpables.\u00a0Esa es mi pol\u00edtica.\" \/>\n<meta property=\"og:url\" content=\"https:\/\/endormoonstore.com\/en\/miles-edgeworth-phoenix-wright-ace-attorney-nendoroid\/\" \/>\n<meta property=\"og:site_name\" content=\"EndormoonStore\" \/>\n<meta property=\"article:modified_time\" content=\"2022-10-21T09:02:33+00:00\" \/>\n<meta property=\"og:image\" content=\"https:\/\/endormoonstore.com\/wp-content\/uploads\/2022\/01\/Miles-Edgeworth-Phoenix-Wright-Ace-Attorney-Nendoroid-1.jpeg\" \/>\n\t<meta property=\"og:image:width\" content=\"730\" \/>\n\t<meta property=\"og:image:height\" content=\"900\" \/>\n\t<meta property=\"og:image:type\" content=\"image\/jpeg\" \/>\n<meta name=\"twitter:card\" content=\"summary_large_image\" \/>\n<meta name=\"twitter:label1\" content=\"Est. reading time\" \/>\n\t<meta name=\"twitter:data1\" content=\"1 minute\" \/>\n<script type=\"application\/ld+json\" class=\"yoast-schema-graph\">{\"@context\":\"https:\/\/schema.org\",\"@graph\":[{\"@type\":\"WebPage\",\"@id\":\"https:\/\/endormoonstore.com\/en\/miles-edgeworth-phoenix-wright-ace-attorney-nendoroid\/\",\"url\":\"https:\/\/endormoonstore.com\/en\/miles-edgeworth-phoenix-wright-ace-attorney-nendoroid\/\",\"name\":\"Miles Edgeworth Phoenix Wright Ace Attorney Nendoroid - EndormoonStore\",\"isPartOf\":{\"@id\":\"https:\/\/endormoonstore.com\/#website\"},\"primaryImageOfPage\":{\"@id\":\"https:\/\/endormoonstore.com\/en\/miles-edgeworth-phoenix-wright-ace-attorney-nendoroid\/#primaryimage\"},\"image\":{\"@id\":\"https:\/\/endormoonstore.com\/en\/miles-edgeworth-phoenix-wright-ace-attorney-nendoroid\/#primaryimage\"},\"thumbnailUrl\":\"https:\/\/endormoonstore.com\/wp-content\/uploads\/2022\/01\/Miles-Edgeworth-Phoenix-Wright-Ace-Attorney-Nendoroid-1.jpeg\",\"datePublished\":\"2022-01-21T20:10:37+00:00\",\"dateModified\":\"2022-10-21T09:02:33+00:00\",\"breadcrumb\":{\"@id\":\"https:\/\/endormoonstore.com\/en\/miles-edgeworth-phoenix-wright-ace-attorney-nendoroid\/#breadcrumb\"},\"inLanguage\":\"en-US\",\"potentialAction\":[{\"@type\":\"ReadAction\",\"target\":[\"https:\/\/endormoonstore.com\/en\/miles-edgeworth-phoenix-wright-ace-attorney-nendoroid\/\"]}]},{\"@type\":\"ImageObject\",\"inLanguage\":\"en-US\",\"@id\":\"https:\/\/endormoonstore.com\/en\/miles-edgeworth-phoenix-wright-ace-attorney-nendoroid\/#primaryimage\",\"url\":\"https:\/\/endormoonstore.com\/wp-content\/uploads\/2022\/01\/Miles-Edgeworth-Phoenix-Wright-Ace-Attorney-Nendoroid-1.jpeg\",\"contentUrl\":\"https:\/\/endormoonstore.com\/wp-content\/uploads\/2022\/01\/Miles-Edgeworth-Phoenix-Wright-Ace-Attorney-Nendoroid-1.jpeg\",\"width\":730,\"height\":900},{\"@type\":\"BreadcrumbList\",\"@id\":\"https:\/\/endormoonstore.com\/en\/miles-edgeworth-phoenix-wright-ace-attorney-nendoroid\/#breadcrumb\",\"itemListElement\":[{\"@type\":\"ListItem\",\"position\":1,\"name\":\"Shop\",\"item\":\"https:\/\/endormoonstore.com\/en\/shop\/\"},{\"@type\":\"ListItem\",\"position\":2,\"name\":\"Miles Edgeworth Phoenix Wright Ace Attorney Nendoroid\"}]},{\"@type\":\"WebSite\",\"@id\":\"https:\/\/endormoonstore.com\/#website\",\"url\":\"https:\/\/endormoonstore.com\/\",\"name\":\"EndormoonStore\",\"description\":\"\",\"potentialAction\":[{\"@type\":\"SearchAction\",\"target\":{\"@type\":\"EntryPoint\",\"urlTemplate\":\"https:\/\/endormoonstore.com\/?s={search_term_string}\"},\"query-input\":{\"@type\":\"PropertyValueSpecification\",\"valueRequired\":true,\"valueName\":\"search_term_string\"}}],\"inLanguage\":\"en-US\"}]}<\/script>\n<!-- \/ Yoast SEO plugin. -->","yoast_head_json":{"title":"Miles Edgeworth Phoenix Wright Ace Attorney Nendoroid - EndormoonStore","robots":{"index":"index","follow":"follow","max-snippet":"max-snippet:-1","max-image-preview":"max-image-preview:large","max-video-preview":"max-video-preview:-1"},"canonical":"https:\/\/endormoonstore.com\/en\/miles-edgeworth-phoenix-wright-ace-attorney-nendoroid\/","og_locale":"en_US","og_type":"article","og_title":"Miles Edgeworth Phoenix Wright Ace Attorney Nendoroid - EndormoonStore","og_description":"Miles Edgeworth Phoenix Wright Ace Attorney Nendoroid Figura 10 cm  Good Smile Company, dentro de su linea de figuras Nendoroid, presenta la figura de Miles Edgeworth, Har\u00e9 que todos los acusados \u200b\u200bsean declarados culpables.\u00a0Esa es mi pol\u00edtica.","og_url":"https:\/\/endormoonstore.com\/en\/miles-edgeworth-phoenix-wright-ace-attorney-nendoroid\/","og_site_name":"EndormoonStore","article_modified_time":"2022-10-21T09:02:33+00:00","og_image":[{"width":730,"height":900,"url":"https:\/\/endormoonstore.com\/wp-content\/uploads\/2022\/01\/Miles-Edgeworth-Phoenix-Wright-Ace-Attorney-Nendoroid-1.jpeg","type":"image\/jpeg"}],"twitter_card":"summary_large_image","twitter_misc":{"Est. reading time":"1 minute"},"schema":{"@context":"https:\/\/schema.org","@graph":[{"@type":"WebPage","@id":"https:\/\/endormoonstore.com\/en\/miles-edgeworth-phoenix-wright-ace-attorney-nendoroid\/","url":"https:\/\/endormoonstore.com\/en\/miles-edgeworth-phoenix-wright-ace-attorney-nendoroid\/","name":"Miles Edgeworth Phoenix Wright Ace Attorney Nendoroid - EndormoonStore","isPartOf":{"@id":"https:\/\/endormoonstore.com\/#website"},"primaryImageOfPage":{"@id":"https:\/\/endormoonstore.com\/en\/miles-edgeworth-phoenix-wright-ace-attorney-nendoroid\/#primaryimage"},"image":{"@id":"https:\/\/endormoonstore.com\/en\/miles-edgeworth-phoenix-wright-ace-attorney-nendoroid\/#primaryimage"},"thumbnailUrl":"https:\/\/endormoonstore.com\/wp-content\/uploads\/2022\/01\/Miles-Edgeworth-Phoenix-Wright-Ace-Attorney-Nendoroid-1.jpeg","datePublished":"2022-01-21T20:10:37+00:00","dateModified":"2022-10-21T09:02:33+00:00","breadcrumb":{"@id":"https:\/\/endormoonstore.com\/en\/miles-edgeworth-phoenix-wright-ace-attorney-nendoroid\/#breadcrumb"},"inLanguage":"en-US","potentialAction":[{"@type":"ReadAction","target":["https:\/\/endormoonstore.com\/en\/miles-edgeworth-phoenix-wright-ace-attorney-nendoroid\/"]}]},{"@type":"ImageObject","inLanguage":"en-US","@id":"https:\/\/endormoonstore.com\/en\/miles-edgeworth-phoenix-wright-ace-attorney-nendoroid\/#primaryimage","url":"https:\/\/endormoonstore.com\/wp-content\/uploads\/2022\/01\/Miles-Edgeworth-Phoenix-Wright-Ace-Attorney-Nendoroid-1.jpeg","contentUrl":"https:\/\/endormoonstore.com\/wp-content\/uploads\/2022\/01\/Miles-Edgeworth-Phoenix-Wright-Ace-Attorney-Nendoroid-1.jpeg","width":730,"height":900},{"@type":"BreadcrumbList","@id":"https:\/\/endormoonstore.com\/en\/miles-edgeworth-phoenix-wright-ace-attorney-nendoroid\/#breadcrumb","itemListElement":[{"@type":"ListItem","position":1,"name":"Shop","item":"https:\/\/endormoonstore.com\/en\/shop\/"},{"@type":"ListItem","position":2,"name":"Miles Edgeworth Phoenix Wright Ace Attorney Nendoroid"}]},{"@type":"WebSite","@id":"https:\/\/endormoonstore.com\/#website","url":"https:\/\/endormoonstore.com\/","name":"EndormoonStore","description":"","potentialAction":[{"@type":"SearchAction","target":{"@type":"EntryPoint","urlTemplate":"https:\/\/endormoonstore.com\/?s={search_term_string}"},"query-input":{"@type":"PropertyValueSpecification","valueRequired":true,"valueName":"search_term_string"}}],"inLanguage":"en-US"}]}},"taxonomy_info":{"product_cat":[{"value":1390,"label":"Figures"}],"pa_brand":[{"value":2081,"label":"Good Smile Company"}],"pa_character":[{"value":10989,"label":"Miles Edgeworth"}],"pa_license":[{"value":10977,"label":"Phoenix Wright: Ace Attorney"}],"pa_product-type":[{"value":2387,"label":"Figure"}],"pa_theme":[{"value":1861,"label":"Nendoroid"}]},"featured_image_src_large":["https:\/\/endormoonstore.com\/wp-content\/uploads\/2022\/01\/Miles-Edgeworth-Phoenix-Wright-Ace-Attorney-Nendoroid-1.jpeg",730,900,false],"author_info":[],"comment_info":"","_links":{"self":[{"href":"https:\/\/endormoonstore.com\/en\/wp-json\/wp\/v2\/product\/122508","targetHints":{"allow":["GET"]}}],"collection":[{"href":"https:\/\/endormoonstore.com\/en\/wp-json\/wp\/v2\/product"}],"about":[{"href":"https:\/\/endormoonstore.com\/en\/wp-json\/wp\/v2\/types\/product"}],"wp:featuredmedia":[{"embeddable":true,"href":"https:\/\/endormoonstore.com\/en\/wp-json\/wp\/v2\/media\/122493"}],"wp:attachment":[{"href":"https:\/\/endormoonstore.com\/en\/wp-json\/wp\/v2\/media?parent=122508"}],"wp:term":[{"taxonomy":"product_cat","embeddable":true,"href":"https:\/\/endormoonstore.com\/en\/wp-json\/wp\/v2\/product_cat?post=122508"},{"taxonomy":"product_tag","embeddable":true,"href":"https:\/\/endormoonstore.com\/en\/wp-json\/wp\/v2\/product_tag?post=122508"}],"curies":[{"name":"wp","href":"https:\/\/api.w.org\/{rel}","templated":true}]}}