{"id":122044,"date":"2022-01-11T20:19:22","date_gmt":"2022-01-11T19:19:22","guid":{"rendered":"https:\/\/endormoonstore.com\/kyojuro-rengoku-demon-slayer-kimetsu-no-yaiba-freeing-1-4-scale\/"},"modified":"2023-08-05T21:32:05","modified_gmt":"2023-08-05T19:32:05","slug":"kyojuro-rengoku-demon-slayer-kimetsu-no-yaiba-freeing-1-4-scale","status":"publish","type":"product","link":"https:\/\/endormoonstore.com\/en\/kyojuro-rengoku-demon-slayer-kimetsu-no-yaiba-freeing-1-4-scale\/","title":{"rendered":"Kyojuro Rengoku Demon Slayer: Kimetsu no Yaiba FREEing 1\/4 Scale"},"content":{"rendered":"<p><strong>Kyojuro Rengoku Demon Slayer: Kimetsu no Yaiba FREEing 1\/4 Scale Estatua 42 cm<\/strong><\/p>\n<div class=\"pull-left margenDatosSecundarios\">\n<div id=\"ctl00_MainContent_dvSinopsis\" class=\"pull-left w100\">\n<ul>\n<li><em>\u00a1Cumplir\u00e9 con mi deber!\u00a0\u00a1No permitir\u00e9 que muera nadie aqu\u00ed! <\/em><\/li>\n<li>Good Smile Company nos trae a Espa\u00f1a del fabricante FREEing esta espectacular estatua a escala 1\/4 de Kyojuro Rengoku, personaje de la serie anime Kimetsu no Yaiba: Demon Slayer.<\/li>\n<li>De la serie de anime &#8220;Demon Slayer: Kimetsu no Yaiba&#8221; viene una figura a escala 1\/4 de Kyojuro Rengoku, el Flame Hashira! Kyojuro capturado en forma de figura en el instante antes de que desate su ataque &#8220;Novena Forma de Arte Esot\u00e9rico de Respiraci\u00f3n de Llamas: Rengoku&#8221;.<\/li>\n<li>Las heridas de Kyojuro en el abdomen y la cara sufridas mientras estaba atrapado en una lucha de vida o muerte, su abrigo haori usado en combate y el uniforme del Demon Slayer Corps se han conservado fielmente en forma de figura.<\/li>\n<li>Con una impresionante cantidad de detalles debido al impresionante tama\u00f1o de escala 1\/4,<\/li>\n<li>Esta figura es una visita obligada para los fan\u00e1ticos de la serie<\/li>\n<\/ul>\n<\/div>\n<\/div>\n<p>&nbsp;<\/p>\n","protected":false},"excerpt":{"rendered":"<p><strong>Kyojuro Rengoku Demon Slayer: Kimetsu no Yaiba FREEing 1\/4 Scale Estatua 42 cm<\/strong><\/p>\n<p><em>\u00a1Cumplir\u00e9 con mi deber!\u00a0\u00a1No permitir\u00e9 que muera nadie aqu\u00ed!<\/em><\/p>\n<p class=\"p2\"><b>*** NOTA IMPORTANTE: El precio de la oferta es valido solo para pagos por Trasferencia, Bizum ( Solo en Espa\u00f1a) o Tarjeta de Debito o cr\u00e9dito. Para el pago por paypal se puede poner en contacto con nosotros antes de comprar.\u00a0<\/b><\/p>\n<p class=\"p2\"><b>Las ventas que se realicen por paypal sin autorizaci\u00f3n expresa de la empresa ser\u00e1n notificadas al comprador y canceladas<\/b>.<b> Devolviendo el dinero al comprador de inmediato.<\/b><\/p>\n<p class=\"p2\"><strong>Nota: NO se sabe el peso exacto de la estatua. Debido a su gran tama\u00f1o pregunte antes de comprar.\u00a0<\/strong><\/p>\n","protected":false},"featured_media":122027,"template":"","meta":{"_acf_changed":false,"_kad_blocks_custom_css":"","_kad_blocks_head_custom_js":"","_kad_blocks_body_custom_js":"","_kad_blocks_footer_custom_js":""},"product_cat":[1390],"product_tag":[],"class_list":{"0":"post-122044","1":"product","2":"type-product","3":"status-publish","4":"has-post-thumbnail","6":"product_cat-figures","7":"pa_brand-freeing-en","8":"pa_brand-good-smile-company-en","9":"pa_character-kyojuro-rengoku-en","10":"pa_license-kimetsu-no-yaiba-demon-slayer-en","11":"pa_product-type-statue","12":"pa_theme-1-4-scale-figure-en","14":"first","15":"outofstock","16":"taxable","17":"shipping-taxable","18":"purchasable","19":"product-type-simple"},"acf":[],"yoast_head":"<!-- This site is optimized with the Yoast SEO plugin v26.1.1 - https:\/\/yoast.com\/wordpress\/plugins\/seo\/ -->\n<title>Kyojuro Rengoku Demon Slayer: Kimetsu no Yaiba FREEing 1\/4 Scale - EndormoonStore<\/title>\n<meta name=\"robots\" content=\"index, follow, max-snippet:-1, max-image-preview:large, max-video-preview:-1\" \/>\n<link rel=\"canonical\" href=\"https:\/\/endormoonstore.com\/en\/kyojuro-rengoku-demon-slayer-kimetsu-no-yaiba-freeing-1-4-scale\/\" \/>\n<meta property=\"og:locale\" content=\"en_US\" \/>\n<meta property=\"og:type\" content=\"article\" \/>\n<meta property=\"og:title\" content=\"Kyojuro Rengoku Demon Slayer: Kimetsu no Yaiba FREEing 1\/4 Scale - EndormoonStore\" \/>\n<meta property=\"og:description\" content=\"Kyojuro Rengoku Demon Slayer: Kimetsu no Yaiba FREEing 1\/4 Scale Estatua 42 cm  \u00a1Cumplir\u00e9 con mi deber!\u00a0\u00a1No permitir\u00e9 que muera nadie aqu\u00ed! *** NOTA IMPORTANTE: El precio de la oferta es valido solo para pagos por Trasferencia, Bizum ( Solo en Espa\u00f1a) o Tarjeta de Debito o cr\u00e9dito. Para el pago por paypal se puede poner en contacto con nosotros antes de comprar.\u00a0 Las ventas que se realicen por paypal sin autorizaci\u00f3n expresa de la empresa ser\u00e1n notificadas al comprador y canceladas. Devolviendo el dinero al comprador de inmediato. Nota: NO se sabe el peso exacto de la estatua. Debido a su gran tama\u00f1o pregunte antes de comprar.\u00a0\" \/>\n<meta property=\"og:url\" content=\"https:\/\/endormoonstore.com\/en\/kyojuro-rengoku-demon-slayer-kimetsu-no-yaiba-freeing-1-4-scale\/\" \/>\n<meta property=\"og:site_name\" content=\"EndormoonStore\" \/>\n<meta property=\"article:modified_time\" content=\"2023-08-05T19:32:05+00:00\" \/>\n<meta property=\"og:image\" content=\"https:\/\/endormoonstore.com\/wp-content\/uploads\/2022\/01\/Kyojuro-Rengoku-Demon-Slayer-Kimetsu-no-Yaiba-FREEing-1-4-Scale-1.jpeg\" \/>\n\t<meta property=\"og:image:width\" content=\"800\" \/>\n\t<meta property=\"og:image:height\" content=\"645\" \/>\n\t<meta property=\"og:image:type\" content=\"image\/jpeg\" \/>\n<meta name=\"twitter:card\" content=\"summary_large_image\" \/>\n<meta name=\"twitter:label1\" content=\"Est. reading time\" \/>\n\t<meta name=\"twitter:data1\" content=\"1 minute\" \/>\n<script type=\"application\/ld+json\" class=\"yoast-schema-graph\">{\"@context\":\"https:\/\/schema.org\",\"@graph\":[{\"@type\":\"WebPage\",\"@id\":\"https:\/\/endormoonstore.com\/en\/kyojuro-rengoku-demon-slayer-kimetsu-no-yaiba-freeing-1-4-scale\/\",\"url\":\"https:\/\/endormoonstore.com\/en\/kyojuro-rengoku-demon-slayer-kimetsu-no-yaiba-freeing-1-4-scale\/\",\"name\":\"Kyojuro Rengoku Demon Slayer: Kimetsu no Yaiba FREEing 1\/4 Scale - EndormoonStore\",\"isPartOf\":{\"@id\":\"https:\/\/endormoonstore.com\/#website\"},\"primaryImageOfPage\":{\"@id\":\"https:\/\/endormoonstore.com\/en\/kyojuro-rengoku-demon-slayer-kimetsu-no-yaiba-freeing-1-4-scale\/#primaryimage\"},\"image\":{\"@id\":\"https:\/\/endormoonstore.com\/en\/kyojuro-rengoku-demon-slayer-kimetsu-no-yaiba-freeing-1-4-scale\/#primaryimage\"},\"thumbnailUrl\":\"https:\/\/endormoonstore.com\/wp-content\/uploads\/2022\/01\/Kyojuro-Rengoku-Demon-Slayer-Kimetsu-no-Yaiba-FREEing-1-4-Scale-1.jpeg\",\"datePublished\":\"2022-01-11T19:19:22+00:00\",\"dateModified\":\"2023-08-05T19:32:05+00:00\",\"breadcrumb\":{\"@id\":\"https:\/\/endormoonstore.com\/en\/kyojuro-rengoku-demon-slayer-kimetsu-no-yaiba-freeing-1-4-scale\/#breadcrumb\"},\"inLanguage\":\"en-US\",\"potentialAction\":[{\"@type\":\"ReadAction\",\"target\":[\"https:\/\/endormoonstore.com\/en\/kyojuro-rengoku-demon-slayer-kimetsu-no-yaiba-freeing-1-4-scale\/\"]}]},{\"@type\":\"ImageObject\",\"inLanguage\":\"en-US\",\"@id\":\"https:\/\/endormoonstore.com\/en\/kyojuro-rengoku-demon-slayer-kimetsu-no-yaiba-freeing-1-4-scale\/#primaryimage\",\"url\":\"https:\/\/endormoonstore.com\/wp-content\/uploads\/2022\/01\/Kyojuro-Rengoku-Demon-Slayer-Kimetsu-no-Yaiba-FREEing-1-4-Scale-1.jpeg\",\"contentUrl\":\"https:\/\/endormoonstore.com\/wp-content\/uploads\/2022\/01\/Kyojuro-Rengoku-Demon-Slayer-Kimetsu-no-Yaiba-FREEing-1-4-Scale-1.jpeg\",\"width\":800,\"height\":645},{\"@type\":\"BreadcrumbList\",\"@id\":\"https:\/\/endormoonstore.com\/en\/kyojuro-rengoku-demon-slayer-kimetsu-no-yaiba-freeing-1-4-scale\/#breadcrumb\",\"itemListElement\":[{\"@type\":\"ListItem\",\"position\":1,\"name\":\"Shop\",\"item\":\"https:\/\/endormoonstore.com\/en\/shop\/\"},{\"@type\":\"ListItem\",\"position\":2,\"name\":\"Kyojuro Rengoku Demon Slayer: Kimetsu no Yaiba FREEing 1\/4 Scale\"}]},{\"@type\":\"WebSite\",\"@id\":\"https:\/\/endormoonstore.com\/#website\",\"url\":\"https:\/\/endormoonstore.com\/\",\"name\":\"EndormoonStore\",\"description\":\"\",\"potentialAction\":[{\"@type\":\"SearchAction\",\"target\":{\"@type\":\"EntryPoint\",\"urlTemplate\":\"https:\/\/endormoonstore.com\/?s={search_term_string}\"},\"query-input\":{\"@type\":\"PropertyValueSpecification\",\"valueRequired\":true,\"valueName\":\"search_term_string\"}}],\"inLanguage\":\"en-US\"}]}<\/script>\n<!-- \/ Yoast SEO plugin. -->","yoast_head_json":{"title":"Kyojuro Rengoku Demon Slayer: Kimetsu no Yaiba FREEing 1\/4 Scale - EndormoonStore","robots":{"index":"index","follow":"follow","max-snippet":"max-snippet:-1","max-image-preview":"max-image-preview:large","max-video-preview":"max-video-preview:-1"},"canonical":"https:\/\/endormoonstore.com\/en\/kyojuro-rengoku-demon-slayer-kimetsu-no-yaiba-freeing-1-4-scale\/","og_locale":"en_US","og_type":"article","og_title":"Kyojuro Rengoku Demon Slayer: Kimetsu no Yaiba FREEing 1\/4 Scale - EndormoonStore","og_description":"Kyojuro Rengoku Demon Slayer: Kimetsu no Yaiba FREEing 1\/4 Scale Estatua 42 cm  \u00a1Cumplir\u00e9 con mi deber!\u00a0\u00a1No permitir\u00e9 que muera nadie aqu\u00ed! *** NOTA IMPORTANTE: El precio de la oferta es valido solo para pagos por Trasferencia, Bizum ( Solo en Espa\u00f1a) o Tarjeta de Debito o cr\u00e9dito. Para el pago por paypal se puede poner en contacto con nosotros antes de comprar.\u00a0 Las ventas que se realicen por paypal sin autorizaci\u00f3n expresa de la empresa ser\u00e1n notificadas al comprador y canceladas. Devolviendo el dinero al comprador de inmediato. Nota: NO se sabe el peso exacto de la estatua. Debido a su gran tama\u00f1o pregunte antes de comprar.\u00a0","og_url":"https:\/\/endormoonstore.com\/en\/kyojuro-rengoku-demon-slayer-kimetsu-no-yaiba-freeing-1-4-scale\/","og_site_name":"EndormoonStore","article_modified_time":"2023-08-05T19:32:05+00:00","og_image":[{"width":800,"height":645,"url":"https:\/\/endormoonstore.com\/wp-content\/uploads\/2022\/01\/Kyojuro-Rengoku-Demon-Slayer-Kimetsu-no-Yaiba-FREEing-1-4-Scale-1.jpeg","type":"image\/jpeg"}],"twitter_card":"summary_large_image","twitter_misc":{"Est. reading time":"1 minute"},"schema":{"@context":"https:\/\/schema.org","@graph":[{"@type":"WebPage","@id":"https:\/\/endormoonstore.com\/en\/kyojuro-rengoku-demon-slayer-kimetsu-no-yaiba-freeing-1-4-scale\/","url":"https:\/\/endormoonstore.com\/en\/kyojuro-rengoku-demon-slayer-kimetsu-no-yaiba-freeing-1-4-scale\/","name":"Kyojuro Rengoku Demon Slayer: Kimetsu no Yaiba FREEing 1\/4 Scale - EndormoonStore","isPartOf":{"@id":"https:\/\/endormoonstore.com\/#website"},"primaryImageOfPage":{"@id":"https:\/\/endormoonstore.com\/en\/kyojuro-rengoku-demon-slayer-kimetsu-no-yaiba-freeing-1-4-scale\/#primaryimage"},"image":{"@id":"https:\/\/endormoonstore.com\/en\/kyojuro-rengoku-demon-slayer-kimetsu-no-yaiba-freeing-1-4-scale\/#primaryimage"},"thumbnailUrl":"https:\/\/endormoonstore.com\/wp-content\/uploads\/2022\/01\/Kyojuro-Rengoku-Demon-Slayer-Kimetsu-no-Yaiba-FREEing-1-4-Scale-1.jpeg","datePublished":"2022-01-11T19:19:22+00:00","dateModified":"2023-08-05T19:32:05+00:00","breadcrumb":{"@id":"https:\/\/endormoonstore.com\/en\/kyojuro-rengoku-demon-slayer-kimetsu-no-yaiba-freeing-1-4-scale\/#breadcrumb"},"inLanguage":"en-US","potentialAction":[{"@type":"ReadAction","target":["https:\/\/endormoonstore.com\/en\/kyojuro-rengoku-demon-slayer-kimetsu-no-yaiba-freeing-1-4-scale\/"]}]},{"@type":"ImageObject","inLanguage":"en-US","@id":"https:\/\/endormoonstore.com\/en\/kyojuro-rengoku-demon-slayer-kimetsu-no-yaiba-freeing-1-4-scale\/#primaryimage","url":"https:\/\/endormoonstore.com\/wp-content\/uploads\/2022\/01\/Kyojuro-Rengoku-Demon-Slayer-Kimetsu-no-Yaiba-FREEing-1-4-Scale-1.jpeg","contentUrl":"https:\/\/endormoonstore.com\/wp-content\/uploads\/2022\/01\/Kyojuro-Rengoku-Demon-Slayer-Kimetsu-no-Yaiba-FREEing-1-4-Scale-1.jpeg","width":800,"height":645},{"@type":"BreadcrumbList","@id":"https:\/\/endormoonstore.com\/en\/kyojuro-rengoku-demon-slayer-kimetsu-no-yaiba-freeing-1-4-scale\/#breadcrumb","itemListElement":[{"@type":"ListItem","position":1,"name":"Shop","item":"https:\/\/endormoonstore.com\/en\/shop\/"},{"@type":"ListItem","position":2,"name":"Kyojuro Rengoku Demon Slayer: Kimetsu no Yaiba FREEing 1\/4 Scale"}]},{"@type":"WebSite","@id":"https:\/\/endormoonstore.com\/#website","url":"https:\/\/endormoonstore.com\/","name":"EndormoonStore","description":"","potentialAction":[{"@type":"SearchAction","target":{"@type":"EntryPoint","urlTemplate":"https:\/\/endormoonstore.com\/?s={search_term_string}"},"query-input":{"@type":"PropertyValueSpecification","valueRequired":true,"valueName":"search_term_string"}}],"inLanguage":"en-US"}]}},"taxonomy_info":{"product_cat":[{"value":1390,"label":"Figures"}],"pa_brand":[{"value":10941,"label":"FREEing"},{"value":2081,"label":"Good Smile Company"}],"pa_character":[{"value":2603,"label":"Kyojuro Rengoku"}],"pa_license":[{"value":2609,"label":"Kimetsu no Yaiba: Demon Slayer"}],"pa_product-type":[{"value":2357,"label":"Statue"}],"pa_theme":[{"value":10935,"label":"1\/4 Scale Figure"}]},"featured_image_src_large":["https:\/\/endormoonstore.com\/wp-content\/uploads\/2022\/01\/Kyojuro-Rengoku-Demon-Slayer-Kimetsu-no-Yaiba-FREEing-1-4-Scale-1.jpeg",800,645,false],"author_info":[],"comment_info":"","_links":{"self":[{"href":"https:\/\/endormoonstore.com\/en\/wp-json\/wp\/v2\/product\/122044","targetHints":{"allow":["GET"]}}],"collection":[{"href":"https:\/\/endormoonstore.com\/en\/wp-json\/wp\/v2\/product"}],"about":[{"href":"https:\/\/endormoonstore.com\/en\/wp-json\/wp\/v2\/types\/product"}],"wp:featuredmedia":[{"embeddable":true,"href":"https:\/\/endormoonstore.com\/en\/wp-json\/wp\/v2\/media\/122027"}],"wp:attachment":[{"href":"https:\/\/endormoonstore.com\/en\/wp-json\/wp\/v2\/media?parent=122044"}],"wp:term":[{"taxonomy":"product_cat","embeddable":true,"href":"https:\/\/endormoonstore.com\/en\/wp-json\/wp\/v2\/product_cat?post=122044"},{"taxonomy":"product_tag","embeddable":true,"href":"https:\/\/endormoonstore.com\/en\/wp-json\/wp\/v2\/product_tag?post=122044"}],"curies":[{"name":"wp","href":"https:\/\/api.w.org\/{rel}","templated":true}]}}