{"id":122010,"date":"2022-01-11T18:29:41","date_gmt":"2022-01-11T17:29:41","guid":{"rendered":"https:\/\/endormoonstore.com\/heroquest-el-retorno-del-senor-de-los-brujos-pack-de-mision-expansion\/"},"modified":"2022-08-27T01:13:00","modified_gmt":"2022-08-26T23:13:00","slug":"heroquest-el-retorno-del-senor-de-los-brujos-pack-de-mision-expansion","status":"publish","type":"product","link":"https:\/\/endormoonstore.com\/en\/heroquest-el-retorno-del-senor-de-los-brujos-pack-de-mision-expansion\/","title":{"rendered":"Heroquest El Retorno del Se\u00f1or de los Brujos Pack de Misi\u00f3n Expansi\u00f3n"},"content":{"rendered":"<p><strong>Heroquest El Retorno del Se\u00f1or de los Brujos Pack de Misi\u00f3n Expansi\u00f3n ( Espa\u00f1ol)<\/strong><\/p>\n<ul>\n<li>Hasbro presenta dentro de la marca Avalon Hill la expansi\u00f3n Heroquest &#8211; El Retorno del Se\u00f1or de los Brujos<\/li>\n<li>El cruel Se\u00f1or de los Brujos sobrevivi\u00f3 a la gran batalla y se refugi\u00f3 en su fortaleza subterr\u00e1nea.<\/li>\n<li>Pronto habr\u00e1 recuperado las fuerzas suficientes para dirigir su ej\u00e9rcito mutante en su venganza contra el Reino.<\/li>\n<li>Deb\u00e9is viajar a trav\u00e9s de las tierras inh\u00f3spitas y enfrentaros al Se\u00f1or de los Brujos.<\/li>\n<li>Tened cuidado! Su fortaleza est\u00e1 plagada de legiones de monstruos y trampas mortales.<\/li>\n<li>Se trata de un pack de 10 nuevas misiones, nuevos monstruos y nuevas fichas a todo color.<\/li>\n<li>Contenido: 1 libro de diez misiones 16 Miniaturas: 8 Esqueletos, 4 momias y 4 zombies 1 Hoja de Ficha de cart\u00f3n 2 Puertas de Mazmorra 14 cartas de Juego<\/li>\n<li><strong>*Se necesita el Juego B\u00e1sico de Heroquest para jugar (se vende por separado)<\/strong><\/li>\n<\/ul>\n<p>&nbsp;<\/p>\n","protected":false},"excerpt":{"rendered":"<p><strong>Heroquest El Retorno del Se\u00f1or de los Brujos Pack de Misi\u00f3n Expansi\u00f3n ( Espa\u00f1ol)<\/strong><\/p>\n<p>Hasbro presenta dentro de la marca Avalon Hill la expansi\u00f3n Heroquest &#8211; El Retorno del Se\u00f1or de los Brujos<\/p>\n<p><strong>*** NOTA IMPORTANTE: El precio de la oferta es valido solo para pagos por Trasferencia, Bizum ( Solo en Espa\u00f1a) o Tarjeta de Debito o cr\u00e9dito. Para el pago por paypal consultar. Nos reservamos el derecho de cancelar la compra por paypal si antes no ha consultado con nosotros.<\/strong><\/p>\n","protected":false},"featured_media":122003,"template":"","meta":{"_acf_changed":false,"_kad_blocks_custom_css":"","_kad_blocks_head_custom_js":"","_kad_blocks_body_custom_js":"","_kad_blocks_footer_custom_js":""},"product_cat":[1386],"product_tag":[],"class_list":{"0":"post-122010","1":"product","2":"type-product","3":"status-publish","4":"has-post-thumbnail","6":"product_cat-miniatures","7":"pa_brand-hasbro-en","8":"pa_license-heroquest-en","9":"pa_product-type-expansion-en","10":"pa_theme-heroquest-en","12":"first","13":"outofstock","14":"taxable","15":"shipping-taxable","16":"purchasable","17":"product-type-simple"},"acf":[],"yoast_head":"<!-- This site is optimized with the Yoast SEO plugin v26.1.1 - https:\/\/yoast.com\/wordpress\/plugins\/seo\/ -->\n<title>Heroquest El Retorno del Se\u00f1or de los Brujos Pack de Misi\u00f3n Expansi\u00f3n - EndormoonStore<\/title>\n<meta name=\"robots\" content=\"index, follow, max-snippet:-1, max-image-preview:large, max-video-preview:-1\" \/>\n<link rel=\"canonical\" href=\"https:\/\/endormoonstore.com\/heroquest-el-retorno-del-senor-de-los-brujos-pack-de-mision-expansion\/\" \/>\n<meta property=\"og:locale\" content=\"en_US\" \/>\n<meta property=\"og:type\" content=\"article\" \/>\n<meta property=\"og:title\" content=\"Heroquest El Retorno del Se\u00f1or de los Brujos Pack de Misi\u00f3n Expansi\u00f3n - EndormoonStore\" \/>\n<meta property=\"og:description\" content=\"Heroquest El Retorno del Se\u00f1or de los Brujos Pack de Misi\u00f3n Expansi\u00f3n ( Espa\u00f1ol)  Hasbro presenta dentro de la marca Avalon Hill la expansi\u00f3n Heroquest - El Retorno del Se\u00f1or de los Brujos  *** NOTA IMPORTANTE: El precio de la oferta es valido solo para pagos por Trasferencia, Bizum ( Solo en Espa\u00f1a) o Tarjeta de Debito o cr\u00e9dito. Para el pago por paypal consultar. Nos reservamos el derecho de cancelar la compra por paypal si antes no ha consultado con nosotros.\" \/>\n<meta property=\"og:url\" content=\"https:\/\/endormoonstore.com\/heroquest-el-retorno-del-senor-de-los-brujos-pack-de-mision-expansion\/\" \/>\n<meta property=\"og:site_name\" content=\"EndormoonStore\" \/>\n<meta property=\"article:modified_time\" content=\"2022-08-26T23:13:00+00:00\" \/>\n<meta property=\"og:image\" content=\"https:\/\/endormoonstore.com\/wp-content\/uploads\/2022\/01\/Heroquest-El-Retorno-del-Sen\u0303or-de-los-Brujos-Pack-de-Misio\u0301n-Expancio\u0301n-1.jpg\" \/>\n\t<meta property=\"og:image:width\" content=\"1000\" \/>\n\t<meta property=\"og:image:height\" content=\"1000\" \/>\n\t<meta property=\"og:image:type\" content=\"image\/jpeg\" \/>\n<meta name=\"twitter:card\" content=\"summary_large_image\" \/>\n<meta name=\"twitter:label1\" content=\"Est. reading time\" \/>\n\t<meta name=\"twitter:data1\" content=\"1 minute\" \/>\n<script type=\"application\/ld+json\" class=\"yoast-schema-graph\">{\"@context\":\"https:\/\/schema.org\",\"@graph\":[{\"@type\":\"WebPage\",\"@id\":\"https:\/\/endormoonstore.com\/heroquest-el-retorno-del-senor-de-los-brujos-pack-de-mision-expansion\/\",\"url\":\"https:\/\/endormoonstore.com\/heroquest-el-retorno-del-senor-de-los-brujos-pack-de-mision-expansion\/\",\"name\":\"Heroquest El Retorno del Se\u00f1or de los Brujos Pack de Misi\u00f3n Expansi\u00f3n - EndormoonStore\",\"isPartOf\":{\"@id\":\"https:\/\/endormoonstore.com\/#website\"},\"primaryImageOfPage\":{\"@id\":\"https:\/\/endormoonstore.com\/heroquest-el-retorno-del-senor-de-los-brujos-pack-de-mision-expansion\/#primaryimage\"},\"image\":{\"@id\":\"https:\/\/endormoonstore.com\/heroquest-el-retorno-del-senor-de-los-brujos-pack-de-mision-expansion\/#primaryimage\"},\"thumbnailUrl\":\"https:\/\/endormoonstore.com\/wp-content\/uploads\/2022\/01\/Heroquest-El-Retorno-del-Sen\u0303or-de-los-Brujos-Pack-de-Misio\u0301n-Expancio\u0301n-1.jpg\",\"datePublished\":\"2022-01-11T17:29:41+00:00\",\"dateModified\":\"2022-08-26T23:13:00+00:00\",\"breadcrumb\":{\"@id\":\"https:\/\/endormoonstore.com\/heroquest-el-retorno-del-senor-de-los-brujos-pack-de-mision-expansion\/#breadcrumb\"},\"inLanguage\":\"en-US\",\"potentialAction\":[{\"@type\":\"ReadAction\",\"target\":[\"https:\/\/endormoonstore.com\/heroquest-el-retorno-del-senor-de-los-brujos-pack-de-mision-expansion\/\"]}]},{\"@type\":\"ImageObject\",\"inLanguage\":\"en-US\",\"@id\":\"https:\/\/endormoonstore.com\/heroquest-el-retorno-del-senor-de-los-brujos-pack-de-mision-expansion\/#primaryimage\",\"url\":\"https:\/\/endormoonstore.com\/wp-content\/uploads\/2022\/01\/Heroquest-El-Retorno-del-Sen\u0303or-de-los-Brujos-Pack-de-Misio\u0301n-Expancio\u0301n-1.jpg\",\"contentUrl\":\"https:\/\/endormoonstore.com\/wp-content\/uploads\/2022\/01\/Heroquest-El-Retorno-del-Sen\u0303or-de-los-Brujos-Pack-de-Misio\u0301n-Expancio\u0301n-1.jpg\",\"width\":1000,\"height\":1000},{\"@type\":\"BreadcrumbList\",\"@id\":\"https:\/\/endormoonstore.com\/heroquest-el-retorno-del-senor-de-los-brujos-pack-de-mision-expansion\/#breadcrumb\",\"itemListElement\":[{\"@type\":\"ListItem\",\"position\":1,\"name\":\"Shop\",\"item\":\"https:\/\/endormoonstore.com\/en\/shop\/\"},{\"@type\":\"ListItem\",\"position\":2,\"name\":\"Heroquest El Retorno del Se\u00f1or de los Brujos Pack de Misi\u00f3n Expansi\u00f3n\"}]},{\"@type\":\"WebSite\",\"@id\":\"https:\/\/endormoonstore.com\/#website\",\"url\":\"https:\/\/endormoonstore.com\/\",\"name\":\"EndormoonStore\",\"description\":\"\",\"potentialAction\":[{\"@type\":\"SearchAction\",\"target\":{\"@type\":\"EntryPoint\",\"urlTemplate\":\"https:\/\/endormoonstore.com\/?s={search_term_string}\"},\"query-input\":{\"@type\":\"PropertyValueSpecification\",\"valueRequired\":true,\"valueName\":\"search_term_string\"}}],\"inLanguage\":\"en-US\"}]}<\/script>\n<!-- \/ Yoast SEO plugin. -->","yoast_head_json":{"title":"Heroquest El Retorno del Se\u00f1or de los Brujos Pack de Misi\u00f3n Expansi\u00f3n - EndormoonStore","robots":{"index":"index","follow":"follow","max-snippet":"max-snippet:-1","max-image-preview":"max-image-preview:large","max-video-preview":"max-video-preview:-1"},"canonical":"https:\/\/endormoonstore.com\/heroquest-el-retorno-del-senor-de-los-brujos-pack-de-mision-expansion\/","og_locale":"en_US","og_type":"article","og_title":"Heroquest El Retorno del Se\u00f1or de los Brujos Pack de Misi\u00f3n Expansi\u00f3n - EndormoonStore","og_description":"Heroquest El Retorno del Se\u00f1or de los Brujos Pack de Misi\u00f3n Expansi\u00f3n ( Espa\u00f1ol)  Hasbro presenta dentro de la marca Avalon Hill la expansi\u00f3n Heroquest - El Retorno del Se\u00f1or de los Brujos  *** NOTA IMPORTANTE: El precio de la oferta es valido solo para pagos por Trasferencia, Bizum ( Solo en Espa\u00f1a) o Tarjeta de Debito o cr\u00e9dito. Para el pago por paypal consultar. Nos reservamos el derecho de cancelar la compra por paypal si antes no ha consultado con nosotros.","og_url":"https:\/\/endormoonstore.com\/heroquest-el-retorno-del-senor-de-los-brujos-pack-de-mision-expansion\/","og_site_name":"EndormoonStore","article_modified_time":"2022-08-26T23:13:00+00:00","og_image":[{"width":1000,"height":1000,"url":"https:\/\/endormoonstore.com\/wp-content\/uploads\/2022\/01\/Heroquest-El-Retorno-del-Sen\u0303or-de-los-Brujos-Pack-de-Misio\u0301n-Expancio\u0301n-1.jpg","type":"image\/jpeg"}],"twitter_card":"summary_large_image","twitter_misc":{"Est. reading time":"1 minute"},"schema":{"@context":"https:\/\/schema.org","@graph":[{"@type":"WebPage","@id":"https:\/\/endormoonstore.com\/heroquest-el-retorno-del-senor-de-los-brujos-pack-de-mision-expansion\/","url":"https:\/\/endormoonstore.com\/heroquest-el-retorno-del-senor-de-los-brujos-pack-de-mision-expansion\/","name":"Heroquest El Retorno del Se\u00f1or de los Brujos Pack de Misi\u00f3n Expansi\u00f3n - EndormoonStore","isPartOf":{"@id":"https:\/\/endormoonstore.com\/#website"},"primaryImageOfPage":{"@id":"https:\/\/endormoonstore.com\/heroquest-el-retorno-del-senor-de-los-brujos-pack-de-mision-expansion\/#primaryimage"},"image":{"@id":"https:\/\/endormoonstore.com\/heroquest-el-retorno-del-senor-de-los-brujos-pack-de-mision-expansion\/#primaryimage"},"thumbnailUrl":"https:\/\/endormoonstore.com\/wp-content\/uploads\/2022\/01\/Heroquest-El-Retorno-del-Sen\u0303or-de-los-Brujos-Pack-de-Misio\u0301n-Expancio\u0301n-1.jpg","datePublished":"2022-01-11T17:29:41+00:00","dateModified":"2022-08-26T23:13:00+00:00","breadcrumb":{"@id":"https:\/\/endormoonstore.com\/heroquest-el-retorno-del-senor-de-los-brujos-pack-de-mision-expansion\/#breadcrumb"},"inLanguage":"en-US","potentialAction":[{"@type":"ReadAction","target":["https:\/\/endormoonstore.com\/heroquest-el-retorno-del-senor-de-los-brujos-pack-de-mision-expansion\/"]}]},{"@type":"ImageObject","inLanguage":"en-US","@id":"https:\/\/endormoonstore.com\/heroquest-el-retorno-del-senor-de-los-brujos-pack-de-mision-expansion\/#primaryimage","url":"https:\/\/endormoonstore.com\/wp-content\/uploads\/2022\/01\/Heroquest-El-Retorno-del-Sen\u0303or-de-los-Brujos-Pack-de-Misio\u0301n-Expancio\u0301n-1.jpg","contentUrl":"https:\/\/endormoonstore.com\/wp-content\/uploads\/2022\/01\/Heroquest-El-Retorno-del-Sen\u0303or-de-los-Brujos-Pack-de-Misio\u0301n-Expancio\u0301n-1.jpg","width":1000,"height":1000},{"@type":"BreadcrumbList","@id":"https:\/\/endormoonstore.com\/heroquest-el-retorno-del-senor-de-los-brujos-pack-de-mision-expansion\/#breadcrumb","itemListElement":[{"@type":"ListItem","position":1,"name":"Shop","item":"https:\/\/endormoonstore.com\/en\/shop\/"},{"@type":"ListItem","position":2,"name":"Heroquest El Retorno del Se\u00f1or de los Brujos Pack de Misi\u00f3n Expansi\u00f3n"}]},{"@type":"WebSite","@id":"https:\/\/endormoonstore.com\/#website","url":"https:\/\/endormoonstore.com\/","name":"EndormoonStore","description":"","potentialAction":[{"@type":"SearchAction","target":{"@type":"EntryPoint","urlTemplate":"https:\/\/endormoonstore.com\/?s={search_term_string}"},"query-input":{"@type":"PropertyValueSpecification","valueRequired":true,"valueName":"search_term_string"}}],"inLanguage":"en-US"}]}},"taxonomy_info":{"product_cat":[{"value":1386,"label":"Miniatures"}],"pa_brand":[{"value":2084,"label":"Hasbro"}],"pa_license":[{"value":10521,"label":"HeroQuest"}],"pa_product-type":[{"value":10929,"label":"Expansi\u00f3n"}],"pa_theme":[{"value":10515,"label":"HeroQuest"}]},"featured_image_src_large":["https:\/\/endormoonstore.com\/wp-content\/uploads\/2022\/01\/Heroquest-El-Retorno-del-Sen\u0303or-de-los-Brujos-Pack-de-Misio\u0301n-Expancio\u0301n-1.jpg",1000,1000,false],"author_info":[],"comment_info":"","_links":{"self":[{"href":"https:\/\/endormoonstore.com\/en\/wp-json\/wp\/v2\/product\/122010","targetHints":{"allow":["GET"]}}],"collection":[{"href":"https:\/\/endormoonstore.com\/en\/wp-json\/wp\/v2\/product"}],"about":[{"href":"https:\/\/endormoonstore.com\/en\/wp-json\/wp\/v2\/types\/product"}],"wp:featuredmedia":[{"embeddable":true,"href":"https:\/\/endormoonstore.com\/en\/wp-json\/wp\/v2\/media\/122003"}],"wp:attachment":[{"href":"https:\/\/endormoonstore.com\/en\/wp-json\/wp\/v2\/media?parent=122010"}],"wp:term":[{"taxonomy":"product_cat","embeddable":true,"href":"https:\/\/endormoonstore.com\/en\/wp-json\/wp\/v2\/product_cat?post=122010"},{"taxonomy":"product_tag","embeddable":true,"href":"https:\/\/endormoonstore.com\/en\/wp-json\/wp\/v2\/product_tag?post=122010"}],"curies":[{"name":"wp","href":"https:\/\/api.w.org\/{rel}","templated":true}]}}