{"id":121826,"date":"2022-01-09T15:45:23","date_gmt":"2022-01-09T14:45:23","guid":{"rendered":"https:\/\/endormoonstore.com\/satoru-gojo-jujutsu-kaisen-0-ver-nendoroid\/"},"modified":"2023-01-25T22:23:15","modified_gmt":"2023-01-25T21:23:15","slug":"satoru-gojo-jujutsu-kaisen-0-ver-nendoroid","status":"publish","type":"product","link":"https:\/\/endormoonstore.com\/en\/satoru-gojo-jujutsu-kaisen-0-ver-nendoroid\/","title":{"rendered":"Satoru Gojo Jujutsu Kaisen 0 Ver. Nendoroid"},"content":{"rendered":"<p class=\"p1\"><b>Satoru Gojo Jujutsu Kaisen 0 Ver. Nendoroid Figura 10 cm<\/b><\/p>\n<ul class=\"ul1\">\n<li class=\"li1\">Esta es solo una teor\u00eda personal, pero &#8230; el amor es la maldici\u00f3n m\u00e1s retorcida de todas. Good Smile Company presenta la figura Nendoroid de Satoru Gojo, de la pelicula anime &#8220;Jujutsu Kaisen&#8221;<\/li>\n<li class=\"li1\">Se trata de una figura hecha en ABS\/PVC de unos 10 cm de alto.<\/li>\n<li class=\"li1\">Viene con tres placas faciales que incluyen una expresi\u00f3n est\u00e1ndar, una expresi\u00f3n de concentraci\u00f3n y una expresi\u00f3n de sonrisa.<\/li>\n<li class=\"li1\">Se incluyen las partes delanteras del cabello con el cabello suelto para que tambi\u00e9n puedas exhibirlo sin la venda de los ojos<\/li>\n<li class=\"li1\">Tambi\u00e9n viene con varias partes opcionales, lo que le permite crear todo tipo de escenas de la pel\u00edcula en forma Nendoroid<\/li>\n<li class=\"li1\">Incluye una base soporte para su exposici\u00f3n.<\/li>\n<li class=\"li1\">\u00a1Aseg\u00farate de agregarlo a tu colecci\u00f3n!<\/li>\n<\/ul>\n","protected":false},"excerpt":{"rendered":"<p><strong>Satoru Gojo Jujutsu Kaisen 0 Ver. Nendoroid Figura 10 cm<\/strong><\/p>\n<p>Esta es solo una teor\u00eda personal, pero &#8230; el amor es la maldici\u00f3n m\u00e1s retorcida de todas. Good Smile Company presenta la figura Nendoroid de Satoru Gojo, de la pelicula anime &#8220;Jujutsu Kaisen&#8221;<\/p>\n","protected":false},"featured_media":143299,"template":"","meta":{"_acf_changed":false,"_kad_blocks_custom_css":"","_kad_blocks_head_custom_js":"","_kad_blocks_body_custom_js":"","_kad_blocks_footer_custom_js":""},"product_cat":[1390],"product_tag":[],"class_list":{"0":"post-121826","1":"product","2":"type-product","3":"status-publish","4":"has-post-thumbnail","6":"product_cat-figures","7":"pa_brand-good-smile-company-en","8":"pa_character-satoru-gojo-en","9":"pa_episode-jujutsu-kaisen-0-the-movie-en","10":"pa_license-jujutsu-kaisen-en","11":"pa_product-type-figure","12":"pa_theme-nendoroid-en","14":"first","15":"instock","16":"sale","17":"taxable","18":"shipping-taxable","19":"purchasable","20":"product-type-simple"},"acf":[],"yoast_head":"<!-- This site is optimized with the Yoast SEO plugin v26.1.1 - https:\/\/yoast.com\/wordpress\/plugins\/seo\/ -->\n<title>Satoru Gojo Jujutsu Kaisen 0 Ver. Nendoroid - EndormoonStore<\/title>\n<meta name=\"robots\" content=\"index, follow, max-snippet:-1, max-image-preview:large, max-video-preview:-1\" \/>\n<link rel=\"canonical\" href=\"https:\/\/endormoonstore.com\/en\/satoru-gojo-jujutsu-kaisen-0-ver-nendoroid\/\" \/>\n<meta property=\"og:locale\" content=\"en_US\" \/>\n<meta property=\"og:type\" content=\"article\" \/>\n<meta property=\"og:title\" content=\"Satoru Gojo Jujutsu Kaisen 0 Ver. Nendoroid - EndormoonStore\" \/>\n<meta property=\"og:description\" content=\"Satoru Gojo Jujutsu Kaisen 0 Ver. Nendoroid Figura 10 cm  Esta es solo una teor\u00eda personal, pero ... el amor es la maldici\u00f3n m\u00e1s retorcida de todas. Good Smile Company presenta la figura Nendoroid de Satoru Gojo, de la pelicula anime &quot;Jujutsu Kaisen&quot;\" \/>\n<meta property=\"og:url\" content=\"https:\/\/endormoonstore.com\/en\/satoru-gojo-jujutsu-kaisen-0-ver-nendoroid\/\" \/>\n<meta property=\"og:site_name\" content=\"EndormoonStore\" \/>\n<meta property=\"article:modified_time\" content=\"2023-01-25T21:23:15+00:00\" \/>\n<meta property=\"og:image\" content=\"https:\/\/endormoonstore.com\/wp-content\/uploads\/2022\/01\/Satoru-Gojo-Jujutsu-Kaisen-0-Ver.-Nendoroid-1new.jpeg\" \/>\n\t<meta property=\"og:image:width\" content=\"730\" \/>\n\t<meta property=\"og:image:height\" content=\"900\" \/>\n\t<meta property=\"og:image:type\" content=\"image\/jpeg\" \/>\n<meta name=\"twitter:card\" content=\"summary_large_image\" \/>\n<meta name=\"twitter:label1\" content=\"Est. reading time\" \/>\n\t<meta name=\"twitter:data1\" content=\"1 minute\" \/>\n<script type=\"application\/ld+json\" class=\"yoast-schema-graph\">{\"@context\":\"https:\/\/schema.org\",\"@graph\":[{\"@type\":\"WebPage\",\"@id\":\"https:\/\/endormoonstore.com\/en\/satoru-gojo-jujutsu-kaisen-0-ver-nendoroid\/\",\"url\":\"https:\/\/endormoonstore.com\/en\/satoru-gojo-jujutsu-kaisen-0-ver-nendoroid\/\",\"name\":\"Satoru Gojo Jujutsu Kaisen 0 Ver. Nendoroid - EndormoonStore\",\"isPartOf\":{\"@id\":\"https:\/\/endormoonstore.com\/#website\"},\"primaryImageOfPage\":{\"@id\":\"https:\/\/endormoonstore.com\/en\/satoru-gojo-jujutsu-kaisen-0-ver-nendoroid\/#primaryimage\"},\"image\":{\"@id\":\"https:\/\/endormoonstore.com\/en\/satoru-gojo-jujutsu-kaisen-0-ver-nendoroid\/#primaryimage\"},\"thumbnailUrl\":\"https:\/\/endormoonstore.com\/wp-content\/uploads\/2022\/01\/Satoru-Gojo-Jujutsu-Kaisen-0-Ver.-Nendoroid-1new.jpeg\",\"datePublished\":\"2022-01-09T14:45:23+00:00\",\"dateModified\":\"2023-01-25T21:23:15+00:00\",\"breadcrumb\":{\"@id\":\"https:\/\/endormoonstore.com\/en\/satoru-gojo-jujutsu-kaisen-0-ver-nendoroid\/#breadcrumb\"},\"inLanguage\":\"en-US\",\"potentialAction\":[{\"@type\":\"ReadAction\",\"target\":[\"https:\/\/endormoonstore.com\/en\/satoru-gojo-jujutsu-kaisen-0-ver-nendoroid\/\"]}]},{\"@type\":\"ImageObject\",\"inLanguage\":\"en-US\",\"@id\":\"https:\/\/endormoonstore.com\/en\/satoru-gojo-jujutsu-kaisen-0-ver-nendoroid\/#primaryimage\",\"url\":\"https:\/\/endormoonstore.com\/wp-content\/uploads\/2022\/01\/Satoru-Gojo-Jujutsu-Kaisen-0-Ver.-Nendoroid-1new.jpeg\",\"contentUrl\":\"https:\/\/endormoonstore.com\/wp-content\/uploads\/2022\/01\/Satoru-Gojo-Jujutsu-Kaisen-0-Ver.-Nendoroid-1new.jpeg\",\"width\":730,\"height\":900},{\"@type\":\"BreadcrumbList\",\"@id\":\"https:\/\/endormoonstore.com\/en\/satoru-gojo-jujutsu-kaisen-0-ver-nendoroid\/#breadcrumb\",\"itemListElement\":[{\"@type\":\"ListItem\",\"position\":1,\"name\":\"Shop\",\"item\":\"https:\/\/endormoonstore.com\/en\/shop\/\"},{\"@type\":\"ListItem\",\"position\":2,\"name\":\"Satoru Gojo Jujutsu Kaisen 0 Ver. Nendoroid\"}]},{\"@type\":\"WebSite\",\"@id\":\"https:\/\/endormoonstore.com\/#website\",\"url\":\"https:\/\/endormoonstore.com\/\",\"name\":\"EndormoonStore\",\"description\":\"\",\"potentialAction\":[{\"@type\":\"SearchAction\",\"target\":{\"@type\":\"EntryPoint\",\"urlTemplate\":\"https:\/\/endormoonstore.com\/?s={search_term_string}\"},\"query-input\":{\"@type\":\"PropertyValueSpecification\",\"valueRequired\":true,\"valueName\":\"search_term_string\"}}],\"inLanguage\":\"en-US\"}]}<\/script>\n<!-- \/ Yoast SEO plugin. -->","yoast_head_json":{"title":"Satoru Gojo Jujutsu Kaisen 0 Ver. Nendoroid - EndormoonStore","robots":{"index":"index","follow":"follow","max-snippet":"max-snippet:-1","max-image-preview":"max-image-preview:large","max-video-preview":"max-video-preview:-1"},"canonical":"https:\/\/endormoonstore.com\/en\/satoru-gojo-jujutsu-kaisen-0-ver-nendoroid\/","og_locale":"en_US","og_type":"article","og_title":"Satoru Gojo Jujutsu Kaisen 0 Ver. Nendoroid - EndormoonStore","og_description":"Satoru Gojo Jujutsu Kaisen 0 Ver. Nendoroid Figura 10 cm  Esta es solo una teor\u00eda personal, pero ... el amor es la maldici\u00f3n m\u00e1s retorcida de todas. Good Smile Company presenta la figura Nendoroid de Satoru Gojo, de la pelicula anime \"Jujutsu Kaisen\"","og_url":"https:\/\/endormoonstore.com\/en\/satoru-gojo-jujutsu-kaisen-0-ver-nendoroid\/","og_site_name":"EndormoonStore","article_modified_time":"2023-01-25T21:23:15+00:00","og_image":[{"width":730,"height":900,"url":"https:\/\/endormoonstore.com\/wp-content\/uploads\/2022\/01\/Satoru-Gojo-Jujutsu-Kaisen-0-Ver.-Nendoroid-1new.jpeg","type":"image\/jpeg"}],"twitter_card":"summary_large_image","twitter_misc":{"Est. reading time":"1 minute"},"schema":{"@context":"https:\/\/schema.org","@graph":[{"@type":"WebPage","@id":"https:\/\/endormoonstore.com\/en\/satoru-gojo-jujutsu-kaisen-0-ver-nendoroid\/","url":"https:\/\/endormoonstore.com\/en\/satoru-gojo-jujutsu-kaisen-0-ver-nendoroid\/","name":"Satoru Gojo Jujutsu Kaisen 0 Ver. Nendoroid - EndormoonStore","isPartOf":{"@id":"https:\/\/endormoonstore.com\/#website"},"primaryImageOfPage":{"@id":"https:\/\/endormoonstore.com\/en\/satoru-gojo-jujutsu-kaisen-0-ver-nendoroid\/#primaryimage"},"image":{"@id":"https:\/\/endormoonstore.com\/en\/satoru-gojo-jujutsu-kaisen-0-ver-nendoroid\/#primaryimage"},"thumbnailUrl":"https:\/\/endormoonstore.com\/wp-content\/uploads\/2022\/01\/Satoru-Gojo-Jujutsu-Kaisen-0-Ver.-Nendoroid-1new.jpeg","datePublished":"2022-01-09T14:45:23+00:00","dateModified":"2023-01-25T21:23:15+00:00","breadcrumb":{"@id":"https:\/\/endormoonstore.com\/en\/satoru-gojo-jujutsu-kaisen-0-ver-nendoroid\/#breadcrumb"},"inLanguage":"en-US","potentialAction":[{"@type":"ReadAction","target":["https:\/\/endormoonstore.com\/en\/satoru-gojo-jujutsu-kaisen-0-ver-nendoroid\/"]}]},{"@type":"ImageObject","inLanguage":"en-US","@id":"https:\/\/endormoonstore.com\/en\/satoru-gojo-jujutsu-kaisen-0-ver-nendoroid\/#primaryimage","url":"https:\/\/endormoonstore.com\/wp-content\/uploads\/2022\/01\/Satoru-Gojo-Jujutsu-Kaisen-0-Ver.-Nendoroid-1new.jpeg","contentUrl":"https:\/\/endormoonstore.com\/wp-content\/uploads\/2022\/01\/Satoru-Gojo-Jujutsu-Kaisen-0-Ver.-Nendoroid-1new.jpeg","width":730,"height":900},{"@type":"BreadcrumbList","@id":"https:\/\/endormoonstore.com\/en\/satoru-gojo-jujutsu-kaisen-0-ver-nendoroid\/#breadcrumb","itemListElement":[{"@type":"ListItem","position":1,"name":"Shop","item":"https:\/\/endormoonstore.com\/en\/shop\/"},{"@type":"ListItem","position":2,"name":"Satoru Gojo Jujutsu Kaisen 0 Ver. Nendoroid"}]},{"@type":"WebSite","@id":"https:\/\/endormoonstore.com\/#website","url":"https:\/\/endormoonstore.com\/","name":"EndormoonStore","description":"","potentialAction":[{"@type":"SearchAction","target":{"@type":"EntryPoint","urlTemplate":"https:\/\/endormoonstore.com\/?s={search_term_string}"},"query-input":{"@type":"PropertyValueSpecification","valueRequired":true,"valueName":"search_term_string"}}],"inLanguage":"en-US"}]}},"taxonomy_info":{"product_cat":[{"value":1390,"label":"Figures"}],"pa_brand":[{"value":2081,"label":"Good Smile Company"}],"pa_character":[{"value":10881,"label":"Satoru Gojo"}],"pa_episode":[{"value":12856,"label":"Jujutsu Kaisen 0: The Movie"}],"pa_license":[{"value":8133,"label":"Jujutsu Kaisen"}],"pa_product-type":[{"value":2387,"label":"Figure"}],"pa_theme":[{"value":1861,"label":"Nendoroid"}]},"featured_image_src_large":["https:\/\/endormoonstore.com\/wp-content\/uploads\/2022\/01\/Satoru-Gojo-Jujutsu-Kaisen-0-Ver.-Nendoroid-1new.jpeg",730,900,false],"author_info":[],"comment_info":"","_links":{"self":[{"href":"https:\/\/endormoonstore.com\/en\/wp-json\/wp\/v2\/product\/121826","targetHints":{"allow":["GET"]}}],"collection":[{"href":"https:\/\/endormoonstore.com\/en\/wp-json\/wp\/v2\/product"}],"about":[{"href":"https:\/\/endormoonstore.com\/en\/wp-json\/wp\/v2\/types\/product"}],"wp:featuredmedia":[{"embeddable":true,"href":"https:\/\/endormoonstore.com\/en\/wp-json\/wp\/v2\/media\/143299"}],"wp:attachment":[{"href":"https:\/\/endormoonstore.com\/en\/wp-json\/wp\/v2\/media?parent=121826"}],"wp:term":[{"taxonomy":"product_cat","embeddable":true,"href":"https:\/\/endormoonstore.com\/en\/wp-json\/wp\/v2\/product_cat?post=121826"},{"taxonomy":"product_tag","embeddable":true,"href":"https:\/\/endormoonstore.com\/en\/wp-json\/wp\/v2\/product_tag?post=121826"}],"curies":[{"name":"wp","href":"https:\/\/api.w.org\/{rel}","templated":true}]}}