{"id":121658,"date":"2021-12-31T21:54:34","date_gmt":"2021-12-31T20:54:34","guid":{"rendered":"https:\/\/endormoonstore.com\/scarface-tony-montana-disparando-sd-toys-movie-icons\/"},"modified":"2025-08-21T22:09:03","modified_gmt":"2025-08-21T20:09:03","slug":"scarface-tony-montana-disparando-sd-toys-movie-icons","status":"publish","type":"product","link":"https:\/\/endormoonstore.com\/en\/scarface-tony-montana-disparando-sd-toys-movie-icons\/","title":{"rendered":"Scarface Tony Montana Disparando Sd Toys Movie Icons"},"content":{"rendered":"<p><strong>Scarface Tony Montana Disparando Sd Toys Movie Icons Figura 16 cm<\/strong><\/p>\n<div class=\"pull-left margenDatosSecundarios\">\n<div id=\"ctl00_MainContent_dvSinopsis\" class=\"pull-left w100\">\n<ul>\n<li class=\"p1\">\u00a1Decir hola a mi peque\u00f1o amigo! SD Toys se enorgullece de presentar de su colecci\u00f3n de figuras Movie Icons ni m\u00e1s ni menos, que de la figura en PVC y de aproximadamente 16 cm, de Tony Montana disparando su fusil.<\/li>\n<li class=\"p1\">Basada en una de las escenas m\u00e1s m\u00edticas del pel\u00edcula &#8220;Scarface&#8221; (&#8220;El precio del poder&#8221;).<\/li>\n<li class=\"p1\">Esta pel\u00edcula estadounidense de 1983 y ya de culto, fue dirigida por Brian De Palma y protagonizada por Al Pacino.<\/li>\n<li class=\"p1\">Un \u00edcono inolvidable de dinero, poder y extravagancia, uno de los g\u00e1nsteres m\u00e1s despiadados jam\u00e1s representados en una pel\u00edcula.<\/li>\n<li class=\"p1\">La figura, modelada y pintada con todo lujo de detalles, se presenta en caja con ventana.<\/li>\n<\/ul>\n<\/div>\n<\/div>\n<p>&nbsp;<\/p>\n<p>&nbsp;<\/p>\n","protected":false},"excerpt":{"rendered":"<p><strong>Scarface Tony Montana Disparando Sd Toys Movie Icons Figura 16 cm<\/strong><\/p>\n<p><span id=\"ctl00_MainContent_txtSinpsis\">\u00a1Decir hola a mi peque\u00f1o amigo!\u00a0<\/span><\/p>\n","protected":false},"featured_media":121651,"template":"","meta":{"_acf_changed":false,"_kad_blocks_custom_css":"","_kad_blocks_head_custom_js":"","_kad_blocks_body_custom_js":"","_kad_blocks_footer_custom_js":""},"product_cat":[1390],"product_tag":[],"class_list":{"0":"post-121658","1":"product","2":"type-product","3":"status-publish","4":"has-post-thumbnail","6":"product_cat-figures","7":"pa_brand-sd-toys-en","8":"pa_character-tony-montana-en","9":"pa_license-scarface-en","10":"pa_product-type-figure","11":"pa_theme-movie-icons-en","13":"first","14":"instock","15":"taxable","16":"shipping-taxable","17":"purchasable","18":"product-type-simple"},"acf":[],"yoast_head":"<!-- This site is optimized with the Yoast SEO plugin v26.1.1 - https:\/\/yoast.com\/wordpress\/plugins\/seo\/ -->\n<title>Scarface Tony Montana Disparando Sd Toys Movie Icons - EndormoonStore<\/title>\n<meta name=\"robots\" content=\"index, follow, max-snippet:-1, max-image-preview:large, max-video-preview:-1\" \/>\n<link rel=\"canonical\" href=\"https:\/\/endormoonstore.com\/en\/scarface-tony-montana-disparando-sd-toys-movie-icons\/\" \/>\n<meta property=\"og:locale\" content=\"en_US\" \/>\n<meta property=\"og:type\" content=\"article\" \/>\n<meta property=\"og:title\" content=\"Scarface Tony Montana Disparando Sd Toys Movie Icons - EndormoonStore\" \/>\n<meta property=\"og:description\" content=\"Scarface Tony Montana Disparando Sd Toys Movie Icons Figura 16 cm  \u00a1Decir hola a mi peque\u00f1o amigo!\u00a0\" \/>\n<meta property=\"og:url\" content=\"https:\/\/endormoonstore.com\/en\/scarface-tony-montana-disparando-sd-toys-movie-icons\/\" \/>\n<meta property=\"og:site_name\" content=\"EndormoonStore\" \/>\n<meta property=\"article:modified_time\" content=\"2025-08-21T20:09:03+00:00\" \/>\n<meta property=\"og:image\" content=\"https:\/\/endormoonstore.com\/wp-content\/uploads\/2021\/12\/Scarface-Tony-Montana-Disparando-Sd-Toys-Movie-Icons-1-1.jpg\" \/>\n\t<meta property=\"og:image:width\" content=\"1000\" \/>\n\t<meta property=\"og:image:height\" content=\"1000\" \/>\n\t<meta property=\"og:image:type\" content=\"image\/jpeg\" \/>\n<meta name=\"twitter:card\" content=\"summary_large_image\" \/>\n<meta name=\"twitter:label1\" content=\"Est. reading time\" \/>\n\t<meta name=\"twitter:data1\" content=\"1 minute\" \/>\n<script type=\"application\/ld+json\" class=\"yoast-schema-graph\">{\"@context\":\"https:\/\/schema.org\",\"@graph\":[{\"@type\":\"WebPage\",\"@id\":\"https:\/\/endormoonstore.com\/en\/scarface-tony-montana-disparando-sd-toys-movie-icons\/\",\"url\":\"https:\/\/endormoonstore.com\/en\/scarface-tony-montana-disparando-sd-toys-movie-icons\/\",\"name\":\"Scarface Tony Montana Disparando Sd Toys Movie Icons - EndormoonStore\",\"isPartOf\":{\"@id\":\"https:\/\/endormoonstore.com\/#website\"},\"primaryImageOfPage\":{\"@id\":\"https:\/\/endormoonstore.com\/en\/scarface-tony-montana-disparando-sd-toys-movie-icons\/#primaryimage\"},\"image\":{\"@id\":\"https:\/\/endormoonstore.com\/en\/scarface-tony-montana-disparando-sd-toys-movie-icons\/#primaryimage\"},\"thumbnailUrl\":\"https:\/\/endormoonstore.com\/wp-content\/uploads\/2021\/12\/Scarface-Tony-Montana-Disparando-Sd-Toys-Movie-Icons-1-1.jpg\",\"datePublished\":\"2021-12-31T20:54:34+00:00\",\"dateModified\":\"2025-08-21T20:09:03+00:00\",\"breadcrumb\":{\"@id\":\"https:\/\/endormoonstore.com\/en\/scarface-tony-montana-disparando-sd-toys-movie-icons\/#breadcrumb\"},\"inLanguage\":\"en-US\",\"potentialAction\":[{\"@type\":\"ReadAction\",\"target\":[\"https:\/\/endormoonstore.com\/en\/scarface-tony-montana-disparando-sd-toys-movie-icons\/\"]}]},{\"@type\":\"ImageObject\",\"inLanguage\":\"en-US\",\"@id\":\"https:\/\/endormoonstore.com\/en\/scarface-tony-montana-disparando-sd-toys-movie-icons\/#primaryimage\",\"url\":\"https:\/\/endormoonstore.com\/wp-content\/uploads\/2021\/12\/Scarface-Tony-Montana-Disparando-Sd-Toys-Movie-Icons-1-1.jpg\",\"contentUrl\":\"https:\/\/endormoonstore.com\/wp-content\/uploads\/2021\/12\/Scarface-Tony-Montana-Disparando-Sd-Toys-Movie-Icons-1-1.jpg\",\"width\":1000,\"height\":1000},{\"@type\":\"BreadcrumbList\",\"@id\":\"https:\/\/endormoonstore.com\/en\/scarface-tony-montana-disparando-sd-toys-movie-icons\/#breadcrumb\",\"itemListElement\":[{\"@type\":\"ListItem\",\"position\":1,\"name\":\"Shop\",\"item\":\"https:\/\/endormoonstore.com\/en\/shop\/\"},{\"@type\":\"ListItem\",\"position\":2,\"name\":\"Scarface Tony Montana Disparando Sd Toys Movie Icons\"}]},{\"@type\":\"WebSite\",\"@id\":\"https:\/\/endormoonstore.com\/#website\",\"url\":\"https:\/\/endormoonstore.com\/\",\"name\":\"EndormoonStore\",\"description\":\"\",\"potentialAction\":[{\"@type\":\"SearchAction\",\"target\":{\"@type\":\"EntryPoint\",\"urlTemplate\":\"https:\/\/endormoonstore.com\/?s={search_term_string}\"},\"query-input\":{\"@type\":\"PropertyValueSpecification\",\"valueRequired\":true,\"valueName\":\"search_term_string\"}}],\"inLanguage\":\"en-US\"}]}<\/script>\n<!-- \/ Yoast SEO plugin. -->","yoast_head_json":{"title":"Scarface Tony Montana Disparando Sd Toys Movie Icons - EndormoonStore","robots":{"index":"index","follow":"follow","max-snippet":"max-snippet:-1","max-image-preview":"max-image-preview:large","max-video-preview":"max-video-preview:-1"},"canonical":"https:\/\/endormoonstore.com\/en\/scarface-tony-montana-disparando-sd-toys-movie-icons\/","og_locale":"en_US","og_type":"article","og_title":"Scarface Tony Montana Disparando Sd Toys Movie Icons - EndormoonStore","og_description":"Scarface Tony Montana Disparando Sd Toys Movie Icons Figura 16 cm  \u00a1Decir hola a mi peque\u00f1o amigo!\u00a0","og_url":"https:\/\/endormoonstore.com\/en\/scarface-tony-montana-disparando-sd-toys-movie-icons\/","og_site_name":"EndormoonStore","article_modified_time":"2025-08-21T20:09:03+00:00","og_image":[{"width":1000,"height":1000,"url":"https:\/\/endormoonstore.com\/wp-content\/uploads\/2021\/12\/Scarface-Tony-Montana-Disparando-Sd-Toys-Movie-Icons-1-1.jpg","type":"image\/jpeg"}],"twitter_card":"summary_large_image","twitter_misc":{"Est. reading time":"1 minute"},"schema":{"@context":"https:\/\/schema.org","@graph":[{"@type":"WebPage","@id":"https:\/\/endormoonstore.com\/en\/scarface-tony-montana-disparando-sd-toys-movie-icons\/","url":"https:\/\/endormoonstore.com\/en\/scarface-tony-montana-disparando-sd-toys-movie-icons\/","name":"Scarface Tony Montana Disparando Sd Toys Movie Icons - EndormoonStore","isPartOf":{"@id":"https:\/\/endormoonstore.com\/#website"},"primaryImageOfPage":{"@id":"https:\/\/endormoonstore.com\/en\/scarface-tony-montana-disparando-sd-toys-movie-icons\/#primaryimage"},"image":{"@id":"https:\/\/endormoonstore.com\/en\/scarface-tony-montana-disparando-sd-toys-movie-icons\/#primaryimage"},"thumbnailUrl":"https:\/\/endormoonstore.com\/wp-content\/uploads\/2021\/12\/Scarface-Tony-Montana-Disparando-Sd-Toys-Movie-Icons-1-1.jpg","datePublished":"2021-12-31T20:54:34+00:00","dateModified":"2025-08-21T20:09:03+00:00","breadcrumb":{"@id":"https:\/\/endormoonstore.com\/en\/scarface-tony-montana-disparando-sd-toys-movie-icons\/#breadcrumb"},"inLanguage":"en-US","potentialAction":[{"@type":"ReadAction","target":["https:\/\/endormoonstore.com\/en\/scarface-tony-montana-disparando-sd-toys-movie-icons\/"]}]},{"@type":"ImageObject","inLanguage":"en-US","@id":"https:\/\/endormoonstore.com\/en\/scarface-tony-montana-disparando-sd-toys-movie-icons\/#primaryimage","url":"https:\/\/endormoonstore.com\/wp-content\/uploads\/2021\/12\/Scarface-Tony-Montana-Disparando-Sd-Toys-Movie-Icons-1-1.jpg","contentUrl":"https:\/\/endormoonstore.com\/wp-content\/uploads\/2021\/12\/Scarface-Tony-Montana-Disparando-Sd-Toys-Movie-Icons-1-1.jpg","width":1000,"height":1000},{"@type":"BreadcrumbList","@id":"https:\/\/endormoonstore.com\/en\/scarface-tony-montana-disparando-sd-toys-movie-icons\/#breadcrumb","itemListElement":[{"@type":"ListItem","position":1,"name":"Shop","item":"https:\/\/endormoonstore.com\/en\/shop\/"},{"@type":"ListItem","position":2,"name":"Scarface Tony Montana Disparando Sd Toys Movie Icons"}]},{"@type":"WebSite","@id":"https:\/\/endormoonstore.com\/#website","url":"https:\/\/endormoonstore.com\/","name":"EndormoonStore","description":"","potentialAction":[{"@type":"SearchAction","target":{"@type":"EntryPoint","urlTemplate":"https:\/\/endormoonstore.com\/?s={search_term_string}"},"query-input":{"@type":"PropertyValueSpecification","valueRequired":true,"valueName":"search_term_string"}}],"inLanguage":"en-US"}]}},"taxonomy_info":{"product_cat":[{"value":1390,"label":"Figures"}],"pa_brand":[{"value":2005,"label":"SD Toys"}],"pa_character":[{"value":10087,"label":"Tony Montana"}],"pa_license":[{"value":10093,"label":"Scarface"}],"pa_product-type":[{"value":2387,"label":"Figure"}],"pa_theme":[{"value":10099,"label":"Movie Icons"}]},"featured_image_src_large":["https:\/\/endormoonstore.com\/wp-content\/uploads\/2021\/12\/Scarface-Tony-Montana-Disparando-Sd-Toys-Movie-Icons-1-1.jpg",1000,1000,false],"author_info":[],"comment_info":"","_links":{"self":[{"href":"https:\/\/endormoonstore.com\/en\/wp-json\/wp\/v2\/product\/121658","targetHints":{"allow":["GET"]}}],"collection":[{"href":"https:\/\/endormoonstore.com\/en\/wp-json\/wp\/v2\/product"}],"about":[{"href":"https:\/\/endormoonstore.com\/en\/wp-json\/wp\/v2\/types\/product"}],"wp:featuredmedia":[{"embeddable":true,"href":"https:\/\/endormoonstore.com\/en\/wp-json\/wp\/v2\/media\/121651"}],"wp:attachment":[{"href":"https:\/\/endormoonstore.com\/en\/wp-json\/wp\/v2\/media?parent=121658"}],"wp:term":[{"taxonomy":"product_cat","embeddable":true,"href":"https:\/\/endormoonstore.com\/en\/wp-json\/wp\/v2\/product_cat?post=121658"},{"taxonomy":"product_tag","embeddable":true,"href":"https:\/\/endormoonstore.com\/en\/wp-json\/wp\/v2\/product_tag?post=121658"}],"curies":[{"name":"wp","href":"https:\/\/api.w.org\/{rel}","templated":true}]}}