{"id":121382,"date":"2021-12-26T22:55:51","date_gmt":"2021-12-26T21:55:51","guid":{"rendered":"https:\/\/endormoonstore.com\/italeri-fiat-131-abarth-1977-sanremo-rally-winner-ref-3621-escala-124\/"},"modified":"2021-12-26T23:04:46","modified_gmt":"2021-12-26T22:04:46","slug":"italeri-fiat-131-abarth-1977-sanremo-rally-winner-ref-3621-escala-124","status":"publish","type":"product","link":"https:\/\/endormoonstore.com\/en\/italeri-fiat-131-abarth-1977-sanremo-rally-winner-ref-3621-escala-124\/","title":{"rendered":"Italeri Fiat 131 Abarth 1977 Sanremo Rally Winner Ref 3621 Escala 1:24"},"content":{"rendered":"<p><strong>Italeri Fiat 131 Abarth 1977 Sanremo Rally Winner Ref 3621 Escala 1:24 <\/strong><\/p>\n<ul>\n<li>El Fiat 131 Abarth se construy\u00f3 sobre el marco del sed\u00e1n Fiat de dos puertas.\u00a0El desarrollo realizado por Abarth consider\u00f3 varias modificaciones y mejoras a partir de la reducci\u00f3n del peso corporal utilizando materiales m\u00e1s ligeros.<\/li>\n<li>\u00a0Luego se instalaron algunos guardabarros nuevos, para permitir la adopci\u00f3n de ruedas m\u00e1s grandes, y se dise\u00f1aron nuevas tomas de aire en el cap\u00f3 y en los laterales para optimizar la refrigeraci\u00f3n de la mec\u00e1nica.<\/li>\n<li>\u00a0El motor era un motor longitudinal de 4 cilindros caracterizado por el uso de culata de aleaci\u00f3n ligera y 4 v\u00e1lvulas por cilindro.<\/li>\n<li>\u00a0El Fiat 131 Abarth fue construido a partir de 1976 y fue utilizado en el Campeonato del Mundo de Rally donde logr\u00f3 importantes resultados como tres campeonatos de constructores, un campeonato de pilotos y un trofeo FIA.<\/li>\n<li>\u00a0Particip\u00f3 en competiciones internacionales hasta 1982 cuando fue sustituido por los coches de la marca Lancia.<\/li>\n<li>\u00a0Una de las victorias m\u00e1s famosas fue el prestigioso Rally de San Remo de 1977.<\/li>\n<li>El autom\u00f3vil Fiat logr\u00f3 su \u00e9xito con conductores notables como JC Andruet y C. Delferrier.<\/li>\n<li>La maqueta viene sin montar (necesita ensamblaje, pegamento y pintura no incluidas)<\/li>\n<li>Material: Plastico.<\/li>\n<\/ul>\n<p>&nbsp;<\/p>\n","protected":false},"excerpt":{"rendered":"<p><strong>Italeri Fiat 131 Abarth 1977 Sanremo Rally Winner Ref 3621 Escala 1:24 <\/strong><\/p>\n<p>El Fiat 131 Abarth se construy\u00f3 sobre el marco del sed\u00e1n Fiat de dos puertas.\u00a0El desarrollo realizado por Abarth consider\u00f3 varias modificaciones y mejoras a partir de la reducci\u00f3n del peso corporal utilizando materiales m\u00e1s ligeros.<\/p>\n","protected":false},"featured_media":121361,"template":"","meta":{"_acf_changed":false,"_kad_blocks_custom_css":"","_kad_blocks_head_custom_js":"","_kad_blocks_body_custom_js":"","_kad_blocks_footer_custom_js":""},"product_cat":[1388],"product_tag":[],"class_list":{"0":"post-121382","1":"product","2":"type-product","3":"status-publish","4":"has-post-thumbnail","6":"product_cat-modelism","7":"pa_brand-italeri-en","8":"pa_manufacturer-fiat-en","9":"pa_theme-model-kit-car","11":"first","12":"instock","13":"taxable","14":"shipping-taxable","15":"purchasable","16":"product-type-simple"},"acf":[],"yoast_head":"<!-- This site is optimized with the Yoast SEO plugin v26.1.1 - https:\/\/yoast.com\/wordpress\/plugins\/seo\/ -->\n<title>Italeri Fiat 131 Abarth 1977 Sanremo Rally Winner Ref 3621 Escala 1:24 - EndormoonStore<\/title>\n<meta name=\"robots\" content=\"index, follow, max-snippet:-1, max-image-preview:large, max-video-preview:-1\" \/>\n<link rel=\"canonical\" href=\"https:\/\/endormoonstore.com\/en\/italeri-fiat-131-abarth-1977-sanremo-rally-winner-ref-3621-escala-124\/\" \/>\n<meta property=\"og:locale\" content=\"en_US\" \/>\n<meta property=\"og:type\" content=\"article\" \/>\n<meta property=\"og:title\" content=\"Italeri Fiat 131 Abarth 1977 Sanremo Rally Winner Ref 3621 Escala 1:24 - EndormoonStore\" \/>\n<meta property=\"og:description\" content=\"Italeri Fiat 131 Abarth 1977 Sanremo Rally Winner Ref 3621 Escala 1:24   El Fiat 131 Abarth se construy\u00f3 sobre el marco del sed\u00e1n Fiat de dos puertas.\u00a0El desarrollo realizado por Abarth consider\u00f3 varias modificaciones y mejoras a partir de la reducci\u00f3n del peso corporal utilizando materiales m\u00e1s ligeros.\" \/>\n<meta property=\"og:url\" content=\"https:\/\/endormoonstore.com\/en\/italeri-fiat-131-abarth-1977-sanremo-rally-winner-ref-3621-escala-124\/\" \/>\n<meta property=\"og:site_name\" content=\"EndormoonStore\" \/>\n<meta property=\"article:modified_time\" content=\"2021-12-26T22:04:46+00:00\" \/>\n<meta property=\"og:image\" content=\"https:\/\/endormoonstore.com\/wp-content\/uploads\/2021\/12\/Italeri-Fiat-131-Abarth-1977-Sanremo-Rally-Winner-Ref-3621-1.jpeg\" \/>\n\t<meta property=\"og:image:width\" content=\"800\" \/>\n\t<meta property=\"og:image:height\" content=\"554\" \/>\n\t<meta property=\"og:image:type\" content=\"image\/jpeg\" \/>\n<meta name=\"twitter:card\" content=\"summary_large_image\" \/>\n<meta name=\"twitter:label1\" content=\"Est. reading time\" \/>\n\t<meta name=\"twitter:data1\" content=\"1 minute\" \/>\n<script type=\"application\/ld+json\" class=\"yoast-schema-graph\">{\"@context\":\"https:\/\/schema.org\",\"@graph\":[{\"@type\":\"WebPage\",\"@id\":\"https:\/\/endormoonstore.com\/en\/italeri-fiat-131-abarth-1977-sanremo-rally-winner-ref-3621-escala-124\/\",\"url\":\"https:\/\/endormoonstore.com\/en\/italeri-fiat-131-abarth-1977-sanremo-rally-winner-ref-3621-escala-124\/\",\"name\":\"Italeri Fiat 131 Abarth 1977 Sanremo Rally Winner Ref 3621 Escala 1:24 - EndormoonStore\",\"isPartOf\":{\"@id\":\"https:\/\/endormoonstore.com\/#website\"},\"primaryImageOfPage\":{\"@id\":\"https:\/\/endormoonstore.com\/en\/italeri-fiat-131-abarth-1977-sanremo-rally-winner-ref-3621-escala-124\/#primaryimage\"},\"image\":{\"@id\":\"https:\/\/endormoonstore.com\/en\/italeri-fiat-131-abarth-1977-sanremo-rally-winner-ref-3621-escala-124\/#primaryimage\"},\"thumbnailUrl\":\"https:\/\/endormoonstore.com\/wp-content\/uploads\/2021\/12\/Italeri-Fiat-131-Abarth-1977-Sanremo-Rally-Winner-Ref-3621-1.jpeg\",\"datePublished\":\"2021-12-26T21:55:51+00:00\",\"dateModified\":\"2021-12-26T22:04:46+00:00\",\"breadcrumb\":{\"@id\":\"https:\/\/endormoonstore.com\/en\/italeri-fiat-131-abarth-1977-sanremo-rally-winner-ref-3621-escala-124\/#breadcrumb\"},\"inLanguage\":\"en-US\",\"potentialAction\":[{\"@type\":\"ReadAction\",\"target\":[\"https:\/\/endormoonstore.com\/en\/italeri-fiat-131-abarth-1977-sanremo-rally-winner-ref-3621-escala-124\/\"]}]},{\"@type\":\"ImageObject\",\"inLanguage\":\"en-US\",\"@id\":\"https:\/\/endormoonstore.com\/en\/italeri-fiat-131-abarth-1977-sanremo-rally-winner-ref-3621-escala-124\/#primaryimage\",\"url\":\"https:\/\/endormoonstore.com\/wp-content\/uploads\/2021\/12\/Italeri-Fiat-131-Abarth-1977-Sanremo-Rally-Winner-Ref-3621-1.jpeg\",\"contentUrl\":\"https:\/\/endormoonstore.com\/wp-content\/uploads\/2021\/12\/Italeri-Fiat-131-Abarth-1977-Sanremo-Rally-Winner-Ref-3621-1.jpeg\",\"width\":800,\"height\":554},{\"@type\":\"BreadcrumbList\",\"@id\":\"https:\/\/endormoonstore.com\/en\/italeri-fiat-131-abarth-1977-sanremo-rally-winner-ref-3621-escala-124\/#breadcrumb\",\"itemListElement\":[{\"@type\":\"ListItem\",\"position\":1,\"name\":\"Shop\",\"item\":\"https:\/\/endormoonstore.com\/en\/shop\/\"},{\"@type\":\"ListItem\",\"position\":2,\"name\":\"Italeri Fiat 131 Abarth 1977 Sanremo Rally Winner Ref 3621 Escala 1:24\"}]},{\"@type\":\"WebSite\",\"@id\":\"https:\/\/endormoonstore.com\/#website\",\"url\":\"https:\/\/endormoonstore.com\/\",\"name\":\"EndormoonStore\",\"description\":\"\",\"potentialAction\":[{\"@type\":\"SearchAction\",\"target\":{\"@type\":\"EntryPoint\",\"urlTemplate\":\"https:\/\/endormoonstore.com\/?s={search_term_string}\"},\"query-input\":{\"@type\":\"PropertyValueSpecification\",\"valueRequired\":true,\"valueName\":\"search_term_string\"}}],\"inLanguage\":\"en-US\"}]}<\/script>\n<!-- \/ Yoast SEO plugin. -->","yoast_head_json":{"title":"Italeri Fiat 131 Abarth 1977 Sanremo Rally Winner Ref 3621 Escala 1:24 - EndormoonStore","robots":{"index":"index","follow":"follow","max-snippet":"max-snippet:-1","max-image-preview":"max-image-preview:large","max-video-preview":"max-video-preview:-1"},"canonical":"https:\/\/endormoonstore.com\/en\/italeri-fiat-131-abarth-1977-sanremo-rally-winner-ref-3621-escala-124\/","og_locale":"en_US","og_type":"article","og_title":"Italeri Fiat 131 Abarth 1977 Sanremo Rally Winner Ref 3621 Escala 1:24 - EndormoonStore","og_description":"Italeri Fiat 131 Abarth 1977 Sanremo Rally Winner Ref 3621 Escala 1:24   El Fiat 131 Abarth se construy\u00f3 sobre el marco del sed\u00e1n Fiat de dos puertas.\u00a0El desarrollo realizado por Abarth consider\u00f3 varias modificaciones y mejoras a partir de la reducci\u00f3n del peso corporal utilizando materiales m\u00e1s ligeros.","og_url":"https:\/\/endormoonstore.com\/en\/italeri-fiat-131-abarth-1977-sanremo-rally-winner-ref-3621-escala-124\/","og_site_name":"EndormoonStore","article_modified_time":"2021-12-26T22:04:46+00:00","og_image":[{"width":800,"height":554,"url":"https:\/\/endormoonstore.com\/wp-content\/uploads\/2021\/12\/Italeri-Fiat-131-Abarth-1977-Sanremo-Rally-Winner-Ref-3621-1.jpeg","type":"image\/jpeg"}],"twitter_card":"summary_large_image","twitter_misc":{"Est. reading time":"1 minute"},"schema":{"@context":"https:\/\/schema.org","@graph":[{"@type":"WebPage","@id":"https:\/\/endormoonstore.com\/en\/italeri-fiat-131-abarth-1977-sanremo-rally-winner-ref-3621-escala-124\/","url":"https:\/\/endormoonstore.com\/en\/italeri-fiat-131-abarth-1977-sanremo-rally-winner-ref-3621-escala-124\/","name":"Italeri Fiat 131 Abarth 1977 Sanremo Rally Winner Ref 3621 Escala 1:24 - EndormoonStore","isPartOf":{"@id":"https:\/\/endormoonstore.com\/#website"},"primaryImageOfPage":{"@id":"https:\/\/endormoonstore.com\/en\/italeri-fiat-131-abarth-1977-sanremo-rally-winner-ref-3621-escala-124\/#primaryimage"},"image":{"@id":"https:\/\/endormoonstore.com\/en\/italeri-fiat-131-abarth-1977-sanremo-rally-winner-ref-3621-escala-124\/#primaryimage"},"thumbnailUrl":"https:\/\/endormoonstore.com\/wp-content\/uploads\/2021\/12\/Italeri-Fiat-131-Abarth-1977-Sanremo-Rally-Winner-Ref-3621-1.jpeg","datePublished":"2021-12-26T21:55:51+00:00","dateModified":"2021-12-26T22:04:46+00:00","breadcrumb":{"@id":"https:\/\/endormoonstore.com\/en\/italeri-fiat-131-abarth-1977-sanremo-rally-winner-ref-3621-escala-124\/#breadcrumb"},"inLanguage":"en-US","potentialAction":[{"@type":"ReadAction","target":["https:\/\/endormoonstore.com\/en\/italeri-fiat-131-abarth-1977-sanremo-rally-winner-ref-3621-escala-124\/"]}]},{"@type":"ImageObject","inLanguage":"en-US","@id":"https:\/\/endormoonstore.com\/en\/italeri-fiat-131-abarth-1977-sanremo-rally-winner-ref-3621-escala-124\/#primaryimage","url":"https:\/\/endormoonstore.com\/wp-content\/uploads\/2021\/12\/Italeri-Fiat-131-Abarth-1977-Sanremo-Rally-Winner-Ref-3621-1.jpeg","contentUrl":"https:\/\/endormoonstore.com\/wp-content\/uploads\/2021\/12\/Italeri-Fiat-131-Abarth-1977-Sanremo-Rally-Winner-Ref-3621-1.jpeg","width":800,"height":554},{"@type":"BreadcrumbList","@id":"https:\/\/endormoonstore.com\/en\/italeri-fiat-131-abarth-1977-sanremo-rally-winner-ref-3621-escala-124\/#breadcrumb","itemListElement":[{"@type":"ListItem","position":1,"name":"Shop","item":"https:\/\/endormoonstore.com\/en\/shop\/"},{"@type":"ListItem","position":2,"name":"Italeri Fiat 131 Abarth 1977 Sanremo Rally Winner Ref 3621 Escala 1:24"}]},{"@type":"WebSite","@id":"https:\/\/endormoonstore.com\/#website","url":"https:\/\/endormoonstore.com\/","name":"EndormoonStore","description":"","potentialAction":[{"@type":"SearchAction","target":{"@type":"EntryPoint","urlTemplate":"https:\/\/endormoonstore.com\/?s={search_term_string}"},"query-input":{"@type":"PropertyValueSpecification","valueRequired":true,"valueName":"search_term_string"}}],"inLanguage":"en-US"}]}},"taxonomy_info":{"product_cat":[{"value":1388,"label":"Modelism"}],"pa_brand":[{"value":1759,"label":"Italeri"}],"pa_manufacturer":[{"value":12131,"label":"Fiat"}],"pa_theme":[{"value":5336,"label":"Model Kit Car"}]},"featured_image_src_large":["https:\/\/endormoonstore.com\/wp-content\/uploads\/2021\/12\/Italeri-Fiat-131-Abarth-1977-Sanremo-Rally-Winner-Ref-3621-1.jpeg",800,554,false],"author_info":[],"comment_info":"","_links":{"self":[{"href":"https:\/\/endormoonstore.com\/en\/wp-json\/wp\/v2\/product\/121382","targetHints":{"allow":["GET"]}}],"collection":[{"href":"https:\/\/endormoonstore.com\/en\/wp-json\/wp\/v2\/product"}],"about":[{"href":"https:\/\/endormoonstore.com\/en\/wp-json\/wp\/v2\/types\/product"}],"wp:featuredmedia":[{"embeddable":true,"href":"https:\/\/endormoonstore.com\/en\/wp-json\/wp\/v2\/media\/121361"}],"wp:attachment":[{"href":"https:\/\/endormoonstore.com\/en\/wp-json\/wp\/v2\/media?parent=121382"}],"wp:term":[{"taxonomy":"product_cat","embeddable":true,"href":"https:\/\/endormoonstore.com\/en\/wp-json\/wp\/v2\/product_cat?post=121382"},{"taxonomy":"product_tag","embeddable":true,"href":"https:\/\/endormoonstore.com\/en\/wp-json\/wp\/v2\/product_tag?post=121382"}],"curies":[{"name":"wp","href":"https:\/\/api.w.org\/{rel}","templated":true}]}}