{"id":120950,"date":"2021-12-18T13:56:09","date_gmt":"2021-12-18T12:56:09","guid":{"rendered":"https:\/\/endormoonstore.com\/power-rangers-lightning-collection-zord-ascension-project-mighty-morphin-dino-megazord\/"},"modified":"2022-10-25T20:17:55","modified_gmt":"2022-10-25T18:17:55","slug":"power-rangers-lightning-collection-zord-ascension-project-mighty-morphin-dino-megazord","status":"publish","type":"product","link":"https:\/\/endormoonstore.com\/en\/power-rangers-lightning-collection-zord-ascension-project-mighty-morphin-dino-megazord\/","title":{"rendered":"Power Rangers Lightning Collection Zord Ascension Project Mighty Morphin Dino Megazord"},"content":{"rendered":"<p><strong>Power Rangers Lightning Collection Zord Ascension Project Mighty Morphin Dino Megazord Escala 1:144<\/strong><\/p>\n<ul>\n<li>El crujir de una energ\u00eda in\u00e9dita. El olor a ozono. La sensaci\u00f3n de que algo grande est\u00e1 a punto de suceder, cuando sabes que est\u00e1s en la calma antes de la tormenta.<\/li>\n<li>Bienvenido a Zord Ascension Project, la pr\u00f3xima evoluci\u00f3n de Lightning Collection.<\/li>\n<li>\u00a0Estamos aportando nuestra experiencia en robots gigantes y experiencia con incre\u00edbles figuras de coleccionista en esta expresi\u00f3n nunca antes hecha de algunos de los robots m\u00e1s ic\u00f3nicos que jam\u00e1s hayan aparecido en la pantalla.<\/li>\n<li>Esta colecci\u00f3n Lightning Zord Ascension Dino Megazord (MZ-0101) es una figura coleccionable de primera calidad hecha con una incre\u00edble atenci\u00f3n al detalle y el amor de los verdaderos fan de sentai, Power Rangers y asombrosos robots gigantes.<\/li>\n<li>Con 5 figuras individuales de Zord que se pueden combinar para formar el Dino Megazord, tanto en modo tanque como en modo batalla, esta figura es una adici\u00f3n verdaderamente morfinominal al estante de cualquier fan.<\/li>\n<li>Combina los 5 Dinozords y monta a Megazord de unos 30 cm de altura.<\/li>\n<\/ul>\n","protected":false},"excerpt":{"rendered":"<p><strong>Power Rangers Lightning Collection Zord Ascension Project Mighty Morphin Dino Megazord Escala 1:144<\/strong><\/p>\n<p>El crujir de una energ\u00eda in\u00e9dita. El olor a ozono. La sensaci\u00f3n de que algo grande est\u00e1 a punto de suceder, cuando sabes que est\u00e1s en la calma antes de la tormenta<\/p>\n<p>&nbsp;<\/p>\n","protected":false},"featured_media":120907,"template":"","meta":{"_acf_changed":false,"_kad_blocks_custom_css":"","_kad_blocks_head_custom_js":"","_kad_blocks_body_custom_js":"","_kad_blocks_footer_custom_js":""},"product_cat":[1390],"product_tag":[],"class_list":{"0":"post-120950","1":"product","2":"type-product","3":"status-publish","4":"has-post-thumbnail","6":"product_cat-figures","7":"pa_brand-hasbro-en","8":"pa_character-dino-megazord-en","9":"pa_license-power-rangers-en","10":"pa_product-type-figure","11":"pa_theme-lightning-collection-en","13":"first","14":"outofstock","15":"taxable","16":"shipping-taxable","17":"purchasable","18":"product-type-simple"},"acf":[],"yoast_head":"<!-- This site is optimized with the Yoast SEO plugin v26.1.1 - https:\/\/yoast.com\/wordpress\/plugins\/seo\/ -->\n<title>Power Rangers Lightning Collection Zord Ascension Project Mighty Morphin Dino Megazord - EndormoonStore<\/title>\n<meta name=\"robots\" content=\"index, follow, max-snippet:-1, max-image-preview:large, max-video-preview:-1\" \/>\n<link rel=\"canonical\" href=\"https:\/\/endormoonstore.com\/power-rangers-lightning-collection-zord-ascension-project-mighty-morphin-dino-megazord\/\" \/>\n<meta property=\"og:locale\" content=\"en_US\" \/>\n<meta property=\"og:type\" content=\"article\" \/>\n<meta property=\"og:title\" content=\"Power Rangers Lightning Collection Zord Ascension Project Mighty Morphin Dino Megazord - EndormoonStore\" \/>\n<meta property=\"og:description\" content=\"Power Rangers Lightning Collection Zord Ascension Project Mighty Morphin Dino Megazord Escala 1:144  El crujir de una energ\u00eda in\u00e9dita. El olor a ozono. La sensaci\u00f3n de que algo grande est\u00e1 a punto de suceder, cuando sabes que est\u00e1s en la calma antes de la tormenta  &nbsp;\" \/>\n<meta property=\"og:url\" content=\"https:\/\/endormoonstore.com\/power-rangers-lightning-collection-zord-ascension-project-mighty-morphin-dino-megazord\/\" \/>\n<meta property=\"og:site_name\" content=\"EndormoonStore\" \/>\n<meta property=\"article:modified_time\" content=\"2022-10-25T18:17:55+00:00\" \/>\n<meta property=\"og:image\" content=\"https:\/\/endormoonstore.com\/wp-content\/uploads\/2021\/12\/Power-Rangers-Lightning-Collection-Zord-Ascension-Project-Mighty-Morphin-Dino-Megazord-1-1.jpg\" \/>\n\t<meta property=\"og:image:width\" content=\"1000\" \/>\n\t<meta property=\"og:image:height\" content=\"1000\" \/>\n\t<meta property=\"og:image:type\" content=\"image\/jpeg\" \/>\n<meta name=\"twitter:card\" content=\"summary_large_image\" \/>\n<meta name=\"twitter:label1\" content=\"Est. reading time\" \/>\n\t<meta name=\"twitter:data1\" content=\"1 minute\" \/>\n<script type=\"application\/ld+json\" class=\"yoast-schema-graph\">{\"@context\":\"https:\/\/schema.org\",\"@graph\":[{\"@type\":\"WebPage\",\"@id\":\"https:\/\/endormoonstore.com\/power-rangers-lightning-collection-zord-ascension-project-mighty-morphin-dino-megazord\/\",\"url\":\"https:\/\/endormoonstore.com\/power-rangers-lightning-collection-zord-ascension-project-mighty-morphin-dino-megazord\/\",\"name\":\"Power Rangers Lightning Collection Zord Ascension Project Mighty Morphin Dino Megazord - EndormoonStore\",\"isPartOf\":{\"@id\":\"https:\/\/endormoonstore.com\/#website\"},\"primaryImageOfPage\":{\"@id\":\"https:\/\/endormoonstore.com\/power-rangers-lightning-collection-zord-ascension-project-mighty-morphin-dino-megazord\/#primaryimage\"},\"image\":{\"@id\":\"https:\/\/endormoonstore.com\/power-rangers-lightning-collection-zord-ascension-project-mighty-morphin-dino-megazord\/#primaryimage\"},\"thumbnailUrl\":\"https:\/\/endormoonstore.com\/wp-content\/uploads\/2021\/12\/Power-Rangers-Lightning-Collection-Zord-Ascension-Project-Mighty-Morphin-Dino-Megazord-1-1.jpg\",\"datePublished\":\"2021-12-18T12:56:09+00:00\",\"dateModified\":\"2022-10-25T18:17:55+00:00\",\"breadcrumb\":{\"@id\":\"https:\/\/endormoonstore.com\/power-rangers-lightning-collection-zord-ascension-project-mighty-morphin-dino-megazord\/#breadcrumb\"},\"inLanguage\":\"en-US\",\"potentialAction\":[{\"@type\":\"ReadAction\",\"target\":[\"https:\/\/endormoonstore.com\/power-rangers-lightning-collection-zord-ascension-project-mighty-morphin-dino-megazord\/\"]}]},{\"@type\":\"ImageObject\",\"inLanguage\":\"en-US\",\"@id\":\"https:\/\/endormoonstore.com\/power-rangers-lightning-collection-zord-ascension-project-mighty-morphin-dino-megazord\/#primaryimage\",\"url\":\"https:\/\/endormoonstore.com\/wp-content\/uploads\/2021\/12\/Power-Rangers-Lightning-Collection-Zord-Ascension-Project-Mighty-Morphin-Dino-Megazord-1-1.jpg\",\"contentUrl\":\"https:\/\/endormoonstore.com\/wp-content\/uploads\/2021\/12\/Power-Rangers-Lightning-Collection-Zord-Ascension-Project-Mighty-Morphin-Dino-Megazord-1-1.jpg\",\"width\":1000,\"height\":1000},{\"@type\":\"BreadcrumbList\",\"@id\":\"https:\/\/endormoonstore.com\/power-rangers-lightning-collection-zord-ascension-project-mighty-morphin-dino-megazord\/#breadcrumb\",\"itemListElement\":[{\"@type\":\"ListItem\",\"position\":1,\"name\":\"Shop\",\"item\":\"https:\/\/endormoonstore.com\/en\/shop\/\"},{\"@type\":\"ListItem\",\"position\":2,\"name\":\"Power Rangers Lightning Collection Zord Ascension Project Mighty Morphin Dino Megazord\"}]},{\"@type\":\"WebSite\",\"@id\":\"https:\/\/endormoonstore.com\/#website\",\"url\":\"https:\/\/endormoonstore.com\/\",\"name\":\"EndormoonStore\",\"description\":\"\",\"potentialAction\":[{\"@type\":\"SearchAction\",\"target\":{\"@type\":\"EntryPoint\",\"urlTemplate\":\"https:\/\/endormoonstore.com\/?s={search_term_string}\"},\"query-input\":{\"@type\":\"PropertyValueSpecification\",\"valueRequired\":true,\"valueName\":\"search_term_string\"}}],\"inLanguage\":\"en-US\"}]}<\/script>\n<!-- \/ Yoast SEO plugin. -->","yoast_head_json":{"title":"Power Rangers Lightning Collection Zord Ascension Project Mighty Morphin Dino Megazord - EndormoonStore","robots":{"index":"index","follow":"follow","max-snippet":"max-snippet:-1","max-image-preview":"max-image-preview:large","max-video-preview":"max-video-preview:-1"},"canonical":"https:\/\/endormoonstore.com\/power-rangers-lightning-collection-zord-ascension-project-mighty-morphin-dino-megazord\/","og_locale":"en_US","og_type":"article","og_title":"Power Rangers Lightning Collection Zord Ascension Project Mighty Morphin Dino Megazord - EndormoonStore","og_description":"Power Rangers Lightning Collection Zord Ascension Project Mighty Morphin Dino Megazord Escala 1:144  El crujir de una energ\u00eda in\u00e9dita. El olor a ozono. La sensaci\u00f3n de que algo grande est\u00e1 a punto de suceder, cuando sabes que est\u00e1s en la calma antes de la tormenta  &nbsp;","og_url":"https:\/\/endormoonstore.com\/power-rangers-lightning-collection-zord-ascension-project-mighty-morphin-dino-megazord\/","og_site_name":"EndormoonStore","article_modified_time":"2022-10-25T18:17:55+00:00","og_image":[{"width":1000,"height":1000,"url":"https:\/\/endormoonstore.com\/wp-content\/uploads\/2021\/12\/Power-Rangers-Lightning-Collection-Zord-Ascension-Project-Mighty-Morphin-Dino-Megazord-1-1.jpg","type":"image\/jpeg"}],"twitter_card":"summary_large_image","twitter_misc":{"Est. reading time":"1 minute"},"schema":{"@context":"https:\/\/schema.org","@graph":[{"@type":"WebPage","@id":"https:\/\/endormoonstore.com\/power-rangers-lightning-collection-zord-ascension-project-mighty-morphin-dino-megazord\/","url":"https:\/\/endormoonstore.com\/power-rangers-lightning-collection-zord-ascension-project-mighty-morphin-dino-megazord\/","name":"Power Rangers Lightning Collection Zord Ascension Project Mighty Morphin Dino Megazord - EndormoonStore","isPartOf":{"@id":"https:\/\/endormoonstore.com\/#website"},"primaryImageOfPage":{"@id":"https:\/\/endormoonstore.com\/power-rangers-lightning-collection-zord-ascension-project-mighty-morphin-dino-megazord\/#primaryimage"},"image":{"@id":"https:\/\/endormoonstore.com\/power-rangers-lightning-collection-zord-ascension-project-mighty-morphin-dino-megazord\/#primaryimage"},"thumbnailUrl":"https:\/\/endormoonstore.com\/wp-content\/uploads\/2021\/12\/Power-Rangers-Lightning-Collection-Zord-Ascension-Project-Mighty-Morphin-Dino-Megazord-1-1.jpg","datePublished":"2021-12-18T12:56:09+00:00","dateModified":"2022-10-25T18:17:55+00:00","breadcrumb":{"@id":"https:\/\/endormoonstore.com\/power-rangers-lightning-collection-zord-ascension-project-mighty-morphin-dino-megazord\/#breadcrumb"},"inLanguage":"en-US","potentialAction":[{"@type":"ReadAction","target":["https:\/\/endormoonstore.com\/power-rangers-lightning-collection-zord-ascension-project-mighty-morphin-dino-megazord\/"]}]},{"@type":"ImageObject","inLanguage":"en-US","@id":"https:\/\/endormoonstore.com\/power-rangers-lightning-collection-zord-ascension-project-mighty-morphin-dino-megazord\/#primaryimage","url":"https:\/\/endormoonstore.com\/wp-content\/uploads\/2021\/12\/Power-Rangers-Lightning-Collection-Zord-Ascension-Project-Mighty-Morphin-Dino-Megazord-1-1.jpg","contentUrl":"https:\/\/endormoonstore.com\/wp-content\/uploads\/2021\/12\/Power-Rangers-Lightning-Collection-Zord-Ascension-Project-Mighty-Morphin-Dino-Megazord-1-1.jpg","width":1000,"height":1000},{"@type":"BreadcrumbList","@id":"https:\/\/endormoonstore.com\/power-rangers-lightning-collection-zord-ascension-project-mighty-morphin-dino-megazord\/#breadcrumb","itemListElement":[{"@type":"ListItem","position":1,"name":"Shop","item":"https:\/\/endormoonstore.com\/en\/shop\/"},{"@type":"ListItem","position":2,"name":"Power Rangers Lightning Collection Zord Ascension Project Mighty Morphin Dino Megazord"}]},{"@type":"WebSite","@id":"https:\/\/endormoonstore.com\/#website","url":"https:\/\/endormoonstore.com\/","name":"EndormoonStore","description":"","potentialAction":[{"@type":"SearchAction","target":{"@type":"EntryPoint","urlTemplate":"https:\/\/endormoonstore.com\/?s={search_term_string}"},"query-input":{"@type":"PropertyValueSpecification","valueRequired":true,"valueName":"search_term_string"}}],"inLanguage":"en-US"}]}},"taxonomy_info":{"product_cat":[{"value":1390,"label":"Figures"}],"pa_brand":[{"value":2084,"label":"Hasbro"}],"pa_character":[{"value":10785,"label":"Dino Megazord"}],"pa_license":[{"value":6783,"label":"Power Rangers"}],"pa_product-type":[{"value":2387,"label":"Figure"}],"pa_theme":[{"value":7965,"label":"Lightning Collection"}]},"featured_image_src_large":["https:\/\/endormoonstore.com\/wp-content\/uploads\/2021\/12\/Power-Rangers-Lightning-Collection-Zord-Ascension-Project-Mighty-Morphin-Dino-Megazord-1-1.jpg",1000,1000,false],"author_info":[],"comment_info":"","_links":{"self":[{"href":"https:\/\/endormoonstore.com\/en\/wp-json\/wp\/v2\/product\/120950","targetHints":{"allow":["GET"]}}],"collection":[{"href":"https:\/\/endormoonstore.com\/en\/wp-json\/wp\/v2\/product"}],"about":[{"href":"https:\/\/endormoonstore.com\/en\/wp-json\/wp\/v2\/types\/product"}],"wp:featuredmedia":[{"embeddable":true,"href":"https:\/\/endormoonstore.com\/en\/wp-json\/wp\/v2\/media\/120907"}],"wp:attachment":[{"href":"https:\/\/endormoonstore.com\/en\/wp-json\/wp\/v2\/media?parent=120950"}],"wp:term":[{"taxonomy":"product_cat","embeddable":true,"href":"https:\/\/endormoonstore.com\/en\/wp-json\/wp\/v2\/product_cat?post=120950"},{"taxonomy":"product_tag","embeddable":true,"href":"https:\/\/endormoonstore.com\/en\/wp-json\/wp\/v2\/product_tag?post=120950"}],"curies":[{"name":"wp","href":"https:\/\/api.w.org\/{rel}","templated":true}]}}