{"id":120240,"date":"2021-12-06T22:21:36","date_gmt":"2021-12-06T21:21:36","guid":{"rendered":"https:\/\/endormoonstore.com\/eva-00-00-proto-type-unit-neon-genesis-evangelion-metal-build\/"},"modified":"2022-09-13T20:44:43","modified_gmt":"2022-09-13T18:44:43","slug":"eva-00-00-proto-type-unit-neon-genesis-evangelion-metal-build","status":"publish","type":"product","link":"https:\/\/endormoonstore.com\/en\/eva-00-00-proto-type-unit-neon-genesis-evangelion-metal-build\/","title":{"rendered":"Eva-00\/00 Proto Type Unit Neon Genesis Evangelion Metal Build"},"content":{"rendered":"<p><strong>Eva-00\/00 Proto Type Unit Neon Genesis Evangelion Metal Build Figura 22 Cm<\/strong><\/p>\n<div class=\"pull-left margenDatosSecundarios\">\n<div id=\"ctl00_MainContent_dvSinopsis\" class=\"pull-left w100\">\n<ul class=\"ul1\">\n<li class=\"li1\">Tamashii Nations presenta la figura del Eva-00\/00 Ptoto Type para la serie Metal build de &#8220;Neon Genesis Evangelion&#8221;.<\/li>\n<li class=\"li1\">La figura mide unos 22 cm de alto y esta hecha en Pvc.<\/li>\n<li class=\"li1\">Cuenta con accesorios compatibles con Metal Build Unidades Evangelion Type-01 y Type-02( Unidades se venden a parte).<\/li>\n<li class=\"li1\">La tecnolog\u00eda Metal Build captura el 00 con toda su musculatura met\u00e1lica y monstruosas dimensiones.<\/li>\n<li class=\"li1\">El dise\u00f1ador Ikuto Yamashita prepar\u00f3 nuevos accesorios de &#8220;bater\u00eda port\u00e1til&#8221; y &#8220;rifle sin retroceso&#8221; solo para esta figura, adem\u00e1s de nuevos partes de los hombros que replican la apariencia sin pilones &#8211; se incluyen tres versiones, para 00, 01 y 02. Metal Build.<\/li>\n<li class=\"li1\">Contenido: Cuerpo principal, cuatro pares de manos opcionales, rifle de paleta y cargador, pilones de muslo, cuchillo progresivo y vaina, bater\u00edas port\u00e1tiles x4, soporte de bater\u00eda port\u00e1til, rifle sin retroceso L \/ R, Unidad 00 Partes del hombro L \/ R, Visera de batalla, Juego de juntas, Cable umbilical, Soporte, Soporte, Unidad 01\/02 Piezas de hombro L \/ R.<\/li>\n<\/ul>\n<\/div>\n<\/div>\n<p>&nbsp;<\/p>\n<p>&nbsp;<\/p>\n","protected":false},"excerpt":{"rendered":"<p><strong>Eva-00\/00 Proto Type Unit Neon Genesis Evangelion Metal Build Figura 22 Cm<\/strong><\/p>\n<p>Tamashii Nations presenta la figura del Eva-00\/00 Ptoto Type para la serie Metal build de &#8220;Neon Genesis Evangelion&#8221;.<\/p>\n","protected":false},"featured_media":120219,"template":"","meta":{"_acf_changed":false,"_kad_blocks_custom_css":"","_kad_blocks_head_custom_js":"","_kad_blocks_body_custom_js":"","_kad_blocks_footer_custom_js":""},"product_cat":[1390],"product_tag":[],"class_list":{"0":"post-120240","1":"product","2":"type-product","3":"status-publish","4":"has-post-thumbnail","6":"product_cat-figures","7":"pa_brand-tamashii-nations-en","8":"pa_character-eva-00-00-proto-type-en","9":"pa_license-evangelion-en","10":"pa_product-type-figure","11":"pa_theme-metal-build-en","13":"first","14":"outofstock","15":"taxable","16":"shipping-taxable","17":"purchasable","18":"product-type-simple"},"acf":[],"yoast_head":"<!-- This site is optimized with the Yoast SEO plugin v26.1.1 - https:\/\/yoast.com\/wordpress\/plugins\/seo\/ -->\n<title>Eva-00\/00 Proto Type Unit Neon Genesis Evangelion Metal Build - EndormoonStore<\/title>\n<meta name=\"robots\" content=\"index, follow, max-snippet:-1, max-image-preview:large, max-video-preview:-1\" \/>\n<link rel=\"canonical\" href=\"https:\/\/endormoonstore.com\/en\/eva-00-00-proto-type-unit-neon-genesis-evangelion-metal-build\/\" \/>\n<meta property=\"og:locale\" content=\"en_US\" \/>\n<meta property=\"og:type\" content=\"article\" \/>\n<meta property=\"og:title\" content=\"Eva-00\/00 Proto Type Unit Neon Genesis Evangelion Metal Build - EndormoonStore\" \/>\n<meta property=\"og:description\" content=\"Eva-00\/00 Proto Type Unit Neon Genesis Evangelion Metal Build Figura 22 Cm  Tamashii Nations presenta la figura del Eva-00\/00 Ptoto Type para la serie Metal build de &quot;Neon Genesis Evangelion&quot;.\" \/>\n<meta property=\"og:url\" content=\"https:\/\/endormoonstore.com\/en\/eva-00-00-proto-type-unit-neon-genesis-evangelion-metal-build\/\" \/>\n<meta property=\"og:site_name\" content=\"EndormoonStore\" \/>\n<meta property=\"article:modified_time\" content=\"2022-09-13T18:44:43+00:00\" \/>\n<meta property=\"og:image\" content=\"https:\/\/endormoonstore.com\/wp-content\/uploads\/2021\/12\/Eva-00-00-Proto-Type-Unit-Neon-Genesis-Evangelion-Metal-Build-1.jpg\" \/>\n\t<meta property=\"og:image:width\" content=\"714\" \/>\n\t<meta property=\"og:image:height\" content=\"1000\" \/>\n\t<meta property=\"og:image:type\" content=\"image\/jpeg\" \/>\n<meta name=\"twitter:card\" content=\"summary_large_image\" \/>\n<meta name=\"twitter:label1\" content=\"Est. reading time\" \/>\n\t<meta name=\"twitter:data1\" content=\"1 minute\" \/>\n<script type=\"application\/ld+json\" class=\"yoast-schema-graph\">{\"@context\":\"https:\/\/schema.org\",\"@graph\":[{\"@type\":\"WebPage\",\"@id\":\"https:\/\/endormoonstore.com\/en\/eva-00-00-proto-type-unit-neon-genesis-evangelion-metal-build\/\",\"url\":\"https:\/\/endormoonstore.com\/en\/eva-00-00-proto-type-unit-neon-genesis-evangelion-metal-build\/\",\"name\":\"Eva-00\/00 Proto Type Unit Neon Genesis Evangelion Metal Build - EndormoonStore\",\"isPartOf\":{\"@id\":\"https:\/\/endormoonstore.com\/#website\"},\"primaryImageOfPage\":{\"@id\":\"https:\/\/endormoonstore.com\/en\/eva-00-00-proto-type-unit-neon-genesis-evangelion-metal-build\/#primaryimage\"},\"image\":{\"@id\":\"https:\/\/endormoonstore.com\/en\/eva-00-00-proto-type-unit-neon-genesis-evangelion-metal-build\/#primaryimage\"},\"thumbnailUrl\":\"https:\/\/endormoonstore.com\/wp-content\/uploads\/2021\/12\/Eva-00-00-Proto-Type-Unit-Neon-Genesis-Evangelion-Metal-Build-1.jpg\",\"datePublished\":\"2021-12-06T21:21:36+00:00\",\"dateModified\":\"2022-09-13T18:44:43+00:00\",\"breadcrumb\":{\"@id\":\"https:\/\/endormoonstore.com\/en\/eva-00-00-proto-type-unit-neon-genesis-evangelion-metal-build\/#breadcrumb\"},\"inLanguage\":\"en-US\",\"potentialAction\":[{\"@type\":\"ReadAction\",\"target\":[\"https:\/\/endormoonstore.com\/en\/eva-00-00-proto-type-unit-neon-genesis-evangelion-metal-build\/\"]}]},{\"@type\":\"ImageObject\",\"inLanguage\":\"en-US\",\"@id\":\"https:\/\/endormoonstore.com\/en\/eva-00-00-proto-type-unit-neon-genesis-evangelion-metal-build\/#primaryimage\",\"url\":\"https:\/\/endormoonstore.com\/wp-content\/uploads\/2021\/12\/Eva-00-00-Proto-Type-Unit-Neon-Genesis-Evangelion-Metal-Build-1.jpg\",\"contentUrl\":\"https:\/\/endormoonstore.com\/wp-content\/uploads\/2021\/12\/Eva-00-00-Proto-Type-Unit-Neon-Genesis-Evangelion-Metal-Build-1.jpg\",\"width\":714,\"height\":1000},{\"@type\":\"BreadcrumbList\",\"@id\":\"https:\/\/endormoonstore.com\/en\/eva-00-00-proto-type-unit-neon-genesis-evangelion-metal-build\/#breadcrumb\",\"itemListElement\":[{\"@type\":\"ListItem\",\"position\":1,\"name\":\"Shop\",\"item\":\"https:\/\/endormoonstore.com\/en\/shop\/\"},{\"@type\":\"ListItem\",\"position\":2,\"name\":\"Eva-00\/00 Proto Type Unit Neon Genesis Evangelion Metal Build\"}]},{\"@type\":\"WebSite\",\"@id\":\"https:\/\/endormoonstore.com\/#website\",\"url\":\"https:\/\/endormoonstore.com\/\",\"name\":\"EndormoonStore\",\"description\":\"\",\"potentialAction\":[{\"@type\":\"SearchAction\",\"target\":{\"@type\":\"EntryPoint\",\"urlTemplate\":\"https:\/\/endormoonstore.com\/?s={search_term_string}\"},\"query-input\":{\"@type\":\"PropertyValueSpecification\",\"valueRequired\":true,\"valueName\":\"search_term_string\"}}],\"inLanguage\":\"en-US\"}]}<\/script>\n<!-- \/ Yoast SEO plugin. -->","yoast_head_json":{"title":"Eva-00\/00 Proto Type Unit Neon Genesis Evangelion Metal Build - EndormoonStore","robots":{"index":"index","follow":"follow","max-snippet":"max-snippet:-1","max-image-preview":"max-image-preview:large","max-video-preview":"max-video-preview:-1"},"canonical":"https:\/\/endormoonstore.com\/en\/eva-00-00-proto-type-unit-neon-genesis-evangelion-metal-build\/","og_locale":"en_US","og_type":"article","og_title":"Eva-00\/00 Proto Type Unit Neon Genesis Evangelion Metal Build - EndormoonStore","og_description":"Eva-00\/00 Proto Type Unit Neon Genesis Evangelion Metal Build Figura 22 Cm  Tamashii Nations presenta la figura del Eva-00\/00 Ptoto Type para la serie Metal build de \"Neon Genesis Evangelion\".","og_url":"https:\/\/endormoonstore.com\/en\/eva-00-00-proto-type-unit-neon-genesis-evangelion-metal-build\/","og_site_name":"EndormoonStore","article_modified_time":"2022-09-13T18:44:43+00:00","og_image":[{"width":714,"height":1000,"url":"https:\/\/endormoonstore.com\/wp-content\/uploads\/2021\/12\/Eva-00-00-Proto-Type-Unit-Neon-Genesis-Evangelion-Metal-Build-1.jpg","type":"image\/jpeg"}],"twitter_card":"summary_large_image","twitter_misc":{"Est. reading time":"1 minute"},"schema":{"@context":"https:\/\/schema.org","@graph":[{"@type":"WebPage","@id":"https:\/\/endormoonstore.com\/en\/eva-00-00-proto-type-unit-neon-genesis-evangelion-metal-build\/","url":"https:\/\/endormoonstore.com\/en\/eva-00-00-proto-type-unit-neon-genesis-evangelion-metal-build\/","name":"Eva-00\/00 Proto Type Unit Neon Genesis Evangelion Metal Build - EndormoonStore","isPartOf":{"@id":"https:\/\/endormoonstore.com\/#website"},"primaryImageOfPage":{"@id":"https:\/\/endormoonstore.com\/en\/eva-00-00-proto-type-unit-neon-genesis-evangelion-metal-build\/#primaryimage"},"image":{"@id":"https:\/\/endormoonstore.com\/en\/eva-00-00-proto-type-unit-neon-genesis-evangelion-metal-build\/#primaryimage"},"thumbnailUrl":"https:\/\/endormoonstore.com\/wp-content\/uploads\/2021\/12\/Eva-00-00-Proto-Type-Unit-Neon-Genesis-Evangelion-Metal-Build-1.jpg","datePublished":"2021-12-06T21:21:36+00:00","dateModified":"2022-09-13T18:44:43+00:00","breadcrumb":{"@id":"https:\/\/endormoonstore.com\/en\/eva-00-00-proto-type-unit-neon-genesis-evangelion-metal-build\/#breadcrumb"},"inLanguage":"en-US","potentialAction":[{"@type":"ReadAction","target":["https:\/\/endormoonstore.com\/en\/eva-00-00-proto-type-unit-neon-genesis-evangelion-metal-build\/"]}]},{"@type":"ImageObject","inLanguage":"en-US","@id":"https:\/\/endormoonstore.com\/en\/eva-00-00-proto-type-unit-neon-genesis-evangelion-metal-build\/#primaryimage","url":"https:\/\/endormoonstore.com\/wp-content\/uploads\/2021\/12\/Eva-00-00-Proto-Type-Unit-Neon-Genesis-Evangelion-Metal-Build-1.jpg","contentUrl":"https:\/\/endormoonstore.com\/wp-content\/uploads\/2021\/12\/Eva-00-00-Proto-Type-Unit-Neon-Genesis-Evangelion-Metal-Build-1.jpg","width":714,"height":1000},{"@type":"BreadcrumbList","@id":"https:\/\/endormoonstore.com\/en\/eva-00-00-proto-type-unit-neon-genesis-evangelion-metal-build\/#breadcrumb","itemListElement":[{"@type":"ListItem","position":1,"name":"Shop","item":"https:\/\/endormoonstore.com\/en\/shop\/"},{"@type":"ListItem","position":2,"name":"Eva-00\/00 Proto Type Unit Neon Genesis Evangelion Metal Build"}]},{"@type":"WebSite","@id":"https:\/\/endormoonstore.com\/#website","url":"https:\/\/endormoonstore.com\/","name":"EndormoonStore","description":"","potentialAction":[{"@type":"SearchAction","target":{"@type":"EntryPoint","urlTemplate":"https:\/\/endormoonstore.com\/?s={search_term_string}"},"query-input":{"@type":"PropertyValueSpecification","valueRequired":true,"valueName":"search_term_string"}}],"inLanguage":"en-US"}]}},"taxonomy_info":{"product_cat":[{"value":1390,"label":"Figures"}],"pa_brand":[{"value":2096,"label":"Tamashii Nations"}],"pa_character":[{"value":10677,"label":"Eva-00\/00 Proto Type"}],"pa_license":[{"value":5875,"label":"Evangelion"}],"pa_product-type":[{"value":2387,"label":"Figure"}],"pa_theme":[{"value":5899,"label":"Metal Build"}]},"featured_image_src_large":["https:\/\/endormoonstore.com\/wp-content\/uploads\/2021\/12\/Eva-00-00-Proto-Type-Unit-Neon-Genesis-Evangelion-Metal-Build-1.jpg",714,1000,false],"author_info":[],"comment_info":"","_links":{"self":[{"href":"https:\/\/endormoonstore.com\/en\/wp-json\/wp\/v2\/product\/120240","targetHints":{"allow":["GET"]}}],"collection":[{"href":"https:\/\/endormoonstore.com\/en\/wp-json\/wp\/v2\/product"}],"about":[{"href":"https:\/\/endormoonstore.com\/en\/wp-json\/wp\/v2\/types\/product"}],"wp:featuredmedia":[{"embeddable":true,"href":"https:\/\/endormoonstore.com\/en\/wp-json\/wp\/v2\/media\/120219"}],"wp:attachment":[{"href":"https:\/\/endormoonstore.com\/en\/wp-json\/wp\/v2\/media?parent=120240"}],"wp:term":[{"taxonomy":"product_cat","embeddable":true,"href":"https:\/\/endormoonstore.com\/en\/wp-json\/wp\/v2\/product_cat?post=120240"},{"taxonomy":"product_tag","embeddable":true,"href":"https:\/\/endormoonstore.com\/en\/wp-json\/wp\/v2\/product_tag?post=120240"}],"curies":[{"name":"wp","href":"https:\/\/api.w.org\/{rel}","templated":true}]}}