{"id":119948,"date":"2023-05-15T01:40:26","date_gmt":"2021-12-04T13:53:26","guid":{"rendered":"https:\/\/endormoonstore.com\/jace-beleren-magic-the-gathering-nendoroid\/"},"modified":"2023-05-23T23:15:05","modified_gmt":"2023-05-23T21:15:05","slug":"jace-beleren-magic-the-gathering-nendoroid","status":"publish","type":"product","link":"https:\/\/endormoonstore.com\/en\/jace-beleren-magic-the-gathering-nendoroid\/","title":{"rendered":"Jace Beleren Magic: The Gathering Nendoroid"},"content":{"rendered":"<p><strong>Jace Beleren Magic: The Gathering Nendoroid Figura 10 cm<\/strong><\/p>\n<ul>\n<li>Good Smile Company, dentro de su linea de figuras Nendoroid, presenta la figura de Jace Beleren del popular juego de cartas &#8220;Magic: The Gathering&#8221;.<\/li>\n<li>Se trata de una figura de 10 cm de alto que viene con tres placas frontales intercambiables que incluyen una expresi\u00f3n mirando hacia adelante, una expresi\u00f3n con ojos brillantes y una expresi\u00f3n sonriente.<\/li>\n<li>Se incluyen tanto las partes est\u00e1ndar de la mano como las partes de la mano lanzadora de hechizos junto con dos partes de efectos m\u00e1gicos que se pueden usar con las partes de la mano lanzadora de hechizos.<\/li>\n<li>Tambi\u00e9n viene con una parte de capa alternativa que se hace parecer como si fluyera en el viento, lo que permite opciones de poses din\u00e1micas.<\/li>\n<li>Viene tambi\u00e9n con una base soporte para exposici\u00f3n.<\/li>\n<\/ul>\n<p>&nbsp;<\/p>\n","protected":false},"excerpt":{"rendered":"<p><strong>Jace Beleren Magic: The Gathering Nendoroid Figura 10 cm<\/strong><\/p>\n<p>Good Smile Company, dentro de su linea de figuras Nendoroid, presenta la figura de Jace Beleren del popular juego de cartas &#8220;Magic: The Gathering&#8221;.<\/p>\n","protected":false},"featured_media":119939,"template":"","meta":{"_acf_changed":false,"_kad_blocks_custom_css":"","_kad_blocks_head_custom_js":"","_kad_blocks_body_custom_js":"","_kad_blocks_footer_custom_js":""},"product_cat":[1390,13511],"product_tag":[],"class_list":{"0":"post-119948","1":"product","2":"type-product","3":"status-publish","4":"has-post-thumbnail","6":"product_cat-figures","7":"product_cat-new-arrivals","8":"pa_brand-good-smile-company-en","9":"pa_character-jace-beleren-en","10":"pa_license-magic-the-gathering-en","11":"pa_product-type-figure","12":"pa_theme-nendoroid-en","14":"first","15":"instock","16":"sale","17":"taxable","18":"shipping-taxable","19":"purchasable","20":"product-type-simple"},"acf":[],"yoast_head":"<!-- This site is optimized with the Yoast SEO plugin v26.1.1 - https:\/\/yoast.com\/wordpress\/plugins\/seo\/ -->\n<title>Jace Beleren Magic: The Gathering Nendoroid - EndormoonStore<\/title>\n<meta name=\"robots\" content=\"index, follow, max-snippet:-1, max-image-preview:large, max-video-preview:-1\" \/>\n<link rel=\"canonical\" href=\"https:\/\/endormoonstore.com\/en\/jace-beleren-magic-the-gathering-nendoroid\/\" \/>\n<meta property=\"og:locale\" content=\"en_US\" \/>\n<meta property=\"og:type\" content=\"article\" \/>\n<meta property=\"og:title\" content=\"Jace Beleren Magic: The Gathering Nendoroid - EndormoonStore\" \/>\n<meta property=\"og:description\" content=\"Jace Beleren Magic: The Gathering Nendoroid Figura 10 cm  Good Smile Company, dentro de su linea de figuras Nendoroid, presenta la figura de Jace Beleren del popular juego de cartas &quot;Magic: The Gathering&quot;.\" \/>\n<meta property=\"og:url\" content=\"https:\/\/endormoonstore.com\/en\/jace-beleren-magic-the-gathering-nendoroid\/\" \/>\n<meta property=\"og:site_name\" content=\"EndormoonStore\" \/>\n<meta property=\"article:modified_time\" content=\"2023-05-23T21:15:05+00:00\" \/>\n<meta property=\"og:image\" content=\"https:\/\/endormoonstore.com\/wp-content\/uploads\/2021\/12\/Jace-Beleren-Magic-The-Gathering-Nendoroid-1.jpeg\" \/>\n\t<meta property=\"og:image:width\" content=\"730\" \/>\n\t<meta property=\"og:image:height\" content=\"900\" \/>\n\t<meta property=\"og:image:type\" content=\"image\/jpeg\" \/>\n<meta name=\"twitter:card\" content=\"summary_large_image\" \/>\n<meta name=\"twitter:label1\" content=\"Est. reading time\" \/>\n\t<meta name=\"twitter:data1\" content=\"1 minute\" \/>\n<script type=\"application\/ld+json\" class=\"yoast-schema-graph\">{\"@context\":\"https:\/\/schema.org\",\"@graph\":[{\"@type\":\"WebPage\",\"@id\":\"https:\/\/endormoonstore.com\/en\/jace-beleren-magic-the-gathering-nendoroid\/\",\"url\":\"https:\/\/endormoonstore.com\/en\/jace-beleren-magic-the-gathering-nendoroid\/\",\"name\":\"Jace Beleren Magic: The Gathering Nendoroid - EndormoonStore\",\"isPartOf\":{\"@id\":\"https:\/\/endormoonstore.com\/#website\"},\"primaryImageOfPage\":{\"@id\":\"https:\/\/endormoonstore.com\/en\/jace-beleren-magic-the-gathering-nendoroid\/#primaryimage\"},\"image\":{\"@id\":\"https:\/\/endormoonstore.com\/en\/jace-beleren-magic-the-gathering-nendoroid\/#primaryimage\"},\"thumbnailUrl\":\"https:\/\/endormoonstore.com\/wp-content\/uploads\/2021\/12\/Jace-Beleren-Magic-The-Gathering-Nendoroid-1.jpeg\",\"datePublished\":\"2021-12-04T13:53:26+00:00\",\"dateModified\":\"2023-05-23T21:15:05+00:00\",\"breadcrumb\":{\"@id\":\"https:\/\/endormoonstore.com\/en\/jace-beleren-magic-the-gathering-nendoroid\/#breadcrumb\"},\"inLanguage\":\"en-US\",\"potentialAction\":[{\"@type\":\"ReadAction\",\"target\":[\"https:\/\/endormoonstore.com\/en\/jace-beleren-magic-the-gathering-nendoroid\/\"]}]},{\"@type\":\"ImageObject\",\"inLanguage\":\"en-US\",\"@id\":\"https:\/\/endormoonstore.com\/en\/jace-beleren-magic-the-gathering-nendoroid\/#primaryimage\",\"url\":\"https:\/\/endormoonstore.com\/wp-content\/uploads\/2021\/12\/Jace-Beleren-Magic-The-Gathering-Nendoroid-1.jpeg\",\"contentUrl\":\"https:\/\/endormoonstore.com\/wp-content\/uploads\/2021\/12\/Jace-Beleren-Magic-The-Gathering-Nendoroid-1.jpeg\",\"width\":730,\"height\":900},{\"@type\":\"BreadcrumbList\",\"@id\":\"https:\/\/endormoonstore.com\/en\/jace-beleren-magic-the-gathering-nendoroid\/#breadcrumb\",\"itemListElement\":[{\"@type\":\"ListItem\",\"position\":1,\"name\":\"Shop\",\"item\":\"https:\/\/endormoonstore.com\/en\/shop\/\"},{\"@type\":\"ListItem\",\"position\":2,\"name\":\"Jace Beleren Magic: The Gathering Nendoroid\"}]},{\"@type\":\"WebSite\",\"@id\":\"https:\/\/endormoonstore.com\/#website\",\"url\":\"https:\/\/endormoonstore.com\/\",\"name\":\"EndormoonStore\",\"description\":\"\",\"potentialAction\":[{\"@type\":\"SearchAction\",\"target\":{\"@type\":\"EntryPoint\",\"urlTemplate\":\"https:\/\/endormoonstore.com\/?s={search_term_string}\"},\"query-input\":{\"@type\":\"PropertyValueSpecification\",\"valueRequired\":true,\"valueName\":\"search_term_string\"}}],\"inLanguage\":\"en-US\"}]}<\/script>\n<!-- \/ Yoast SEO plugin. -->","yoast_head_json":{"title":"Jace Beleren Magic: The Gathering Nendoroid - EndormoonStore","robots":{"index":"index","follow":"follow","max-snippet":"max-snippet:-1","max-image-preview":"max-image-preview:large","max-video-preview":"max-video-preview:-1"},"canonical":"https:\/\/endormoonstore.com\/en\/jace-beleren-magic-the-gathering-nendoroid\/","og_locale":"en_US","og_type":"article","og_title":"Jace Beleren Magic: The Gathering Nendoroid - EndormoonStore","og_description":"Jace Beleren Magic: The Gathering Nendoroid Figura 10 cm  Good Smile Company, dentro de su linea de figuras Nendoroid, presenta la figura de Jace Beleren del popular juego de cartas \"Magic: The Gathering\".","og_url":"https:\/\/endormoonstore.com\/en\/jace-beleren-magic-the-gathering-nendoroid\/","og_site_name":"EndormoonStore","article_modified_time":"2023-05-23T21:15:05+00:00","og_image":[{"width":730,"height":900,"url":"https:\/\/endormoonstore.com\/wp-content\/uploads\/2021\/12\/Jace-Beleren-Magic-The-Gathering-Nendoroid-1.jpeg","type":"image\/jpeg"}],"twitter_card":"summary_large_image","twitter_misc":{"Est. reading time":"1 minute"},"schema":{"@context":"https:\/\/schema.org","@graph":[{"@type":"WebPage","@id":"https:\/\/endormoonstore.com\/en\/jace-beleren-magic-the-gathering-nendoroid\/","url":"https:\/\/endormoonstore.com\/en\/jace-beleren-magic-the-gathering-nendoroid\/","name":"Jace Beleren Magic: The Gathering Nendoroid - EndormoonStore","isPartOf":{"@id":"https:\/\/endormoonstore.com\/#website"},"primaryImageOfPage":{"@id":"https:\/\/endormoonstore.com\/en\/jace-beleren-magic-the-gathering-nendoroid\/#primaryimage"},"image":{"@id":"https:\/\/endormoonstore.com\/en\/jace-beleren-magic-the-gathering-nendoroid\/#primaryimage"},"thumbnailUrl":"https:\/\/endormoonstore.com\/wp-content\/uploads\/2021\/12\/Jace-Beleren-Magic-The-Gathering-Nendoroid-1.jpeg","datePublished":"2021-12-04T13:53:26+00:00","dateModified":"2023-05-23T21:15:05+00:00","breadcrumb":{"@id":"https:\/\/endormoonstore.com\/en\/jace-beleren-magic-the-gathering-nendoroid\/#breadcrumb"},"inLanguage":"en-US","potentialAction":[{"@type":"ReadAction","target":["https:\/\/endormoonstore.com\/en\/jace-beleren-magic-the-gathering-nendoroid\/"]}]},{"@type":"ImageObject","inLanguage":"en-US","@id":"https:\/\/endormoonstore.com\/en\/jace-beleren-magic-the-gathering-nendoroid\/#primaryimage","url":"https:\/\/endormoonstore.com\/wp-content\/uploads\/2021\/12\/Jace-Beleren-Magic-The-Gathering-Nendoroid-1.jpeg","contentUrl":"https:\/\/endormoonstore.com\/wp-content\/uploads\/2021\/12\/Jace-Beleren-Magic-The-Gathering-Nendoroid-1.jpeg","width":730,"height":900},{"@type":"BreadcrumbList","@id":"https:\/\/endormoonstore.com\/en\/jace-beleren-magic-the-gathering-nendoroid\/#breadcrumb","itemListElement":[{"@type":"ListItem","position":1,"name":"Shop","item":"https:\/\/endormoonstore.com\/en\/shop\/"},{"@type":"ListItem","position":2,"name":"Jace Beleren Magic: The Gathering Nendoroid"}]},{"@type":"WebSite","@id":"https:\/\/endormoonstore.com\/#website","url":"https:\/\/endormoonstore.com\/","name":"EndormoonStore","description":"","potentialAction":[{"@type":"SearchAction","target":{"@type":"EntryPoint","urlTemplate":"https:\/\/endormoonstore.com\/?s={search_term_string}"},"query-input":{"@type":"PropertyValueSpecification","valueRequired":true,"valueName":"search_term_string"}}],"inLanguage":"en-US"}]}},"taxonomy_info":{"product_cat":[{"value":1390,"label":"Figures"},{"value":13511,"label":"New Arrivals"}],"pa_brand":[{"value":2081,"label":"Good Smile Company"}],"pa_character":[{"value":10641,"label":"Jace Beleren"}],"pa_license":[{"value":10635,"label":"Magic: The Gathering"}],"pa_product-type":[{"value":2387,"label":"Figure"}],"pa_theme":[{"value":1861,"label":"Nendoroid"}]},"featured_image_src_large":["https:\/\/endormoonstore.com\/wp-content\/uploads\/2021\/12\/Jace-Beleren-Magic-The-Gathering-Nendoroid-1.jpeg",730,900,false],"author_info":[],"comment_info":"","_links":{"self":[{"href":"https:\/\/endormoonstore.com\/en\/wp-json\/wp\/v2\/product\/119948","targetHints":{"allow":["GET"]}}],"collection":[{"href":"https:\/\/endormoonstore.com\/en\/wp-json\/wp\/v2\/product"}],"about":[{"href":"https:\/\/endormoonstore.com\/en\/wp-json\/wp\/v2\/types\/product"}],"wp:featuredmedia":[{"embeddable":true,"href":"https:\/\/endormoonstore.com\/en\/wp-json\/wp\/v2\/media\/119939"}],"wp:attachment":[{"href":"https:\/\/endormoonstore.com\/en\/wp-json\/wp\/v2\/media?parent=119948"}],"wp:term":[{"taxonomy":"product_cat","embeddable":true,"href":"https:\/\/endormoonstore.com\/en\/wp-json\/wp\/v2\/product_cat?post=119948"},{"taxonomy":"product_tag","embeddable":true,"href":"https:\/\/endormoonstore.com\/en\/wp-json\/wp\/v2\/product_tag?post=119948"}],"curies":[{"name":"wp","href":"https:\/\/api.w.org\/{rel}","templated":true}]}}