{"id":119362,"date":"2021-11-23T16:30:36","date_gmt":"2021-11-23T15:30:36","guid":{"rendered":"https:\/\/endormoonstore.com\/swordfish-ii-cowboy-bebop-scale-model-kit\/"},"modified":"2023-06-23T14:50:34","modified_gmt":"2023-06-23T12:50:34","slug":"swordfish-ii-cowboy-bebop-scale-model-kit","status":"publish","type":"product","link":"https:\/\/endormoonstore.com\/en\/swordfish-ii-cowboy-bebop-scale-model-kit\/","title":{"rendered":"Swordfish II Cowboy Bebop Scale Model Kit"},"content":{"rendered":"<p><strong>Swordfish II Cowboy Bebop Scale Model Kit 1:48<\/strong><\/p>\n<ul>\n<li>Para los vaqueros que no han despertado del sue\u00f1o, el modelo conmemorativo definitivo de Swordfish II.<\/li>\n<li>De la serie de anime &#8220;Cowboy Bebop&#8221; viene un modelo a escala 1\/48 del Swordfish II de Spike Spiegel.<\/li>\n<li>Bajo la supervisi\u00f3n del dise\u00f1ador mec\u00e1nico Kimitoshi Yamane, el dise\u00f1o \u00fanico del Swordfish II ha sido capturado fielmente con piezas totalmente articuladas, elementos iluminados y pintura muy detallada.<\/li>\n<li>El modelo cuenta con alas plegables articuladas, tren de aterrizaje que se puede mostrar tanto retra\u00eddo como desplegado, alerones giratorios, un ca\u00f1\u00f3n de plasma telesc\u00f3pico y giratorio, un freno de aire articulado, una unidad de cabina extra\u00edble, un dosel que se puede abrir y cerrar.<\/li>\n<li>Incluye figura de piloto y un soporte especial.<\/li>\n<li>El modelo presenta una construcci\u00f3n en ABS y otras en aleaci\u00f3n de Zinc, con partes como el tren de aterrizaje fabricado con aleaci\u00f3n.<\/li>\n<li>Utilizando t\u00e9cnicas avanzadas de intemperismo, el modelo se ha creado con una apariencia vintage realista.<\/li>\n<li>Tambi\u00e9n se incluyen piezas extra\u00edbles e intercambiables para mostrar las escotillas de mantenimiento abiertas.<\/li>\n<li>Las luces del barco y el inversor de empuje del motor se iluminan mediante los LED incluidos.<\/li>\n<li>Requiere 3 LR44 (no incluidas)<\/li>\n<li>Tama\u00f1o: Aproximadamente 360 mm de largo y 300 mm de ancho<\/li>\n<\/ul>\n<p>&nbsp;<\/p>\n","protected":false},"excerpt":{"rendered":"<p><strong>Swordfish II Cowboy Bebop Scale Model Kit 1:48<\/strong><\/p>\n<p>Para los vaqueros que no han despertado del sue\u00f1o, el modelo conmemorativo definitivo de Swordfish II.<\/p>\n<p><strong>*** NOTA IMPORTANTE: El precio de la oferta es valido solo para pagos por Trasferencia, Bizum ( Solo en Espa\u00f1a) o Tarjeta de Debito o cr\u00e9dito. Para el pago por paypal consultar. Nos reservamos el derecho de cancelar la compra por paypal si antes no ha consultado con nosotros.<\/strong><\/p>\n","protected":false},"featured_media":119330,"template":"","meta":{"_acf_changed":false,"_kad_blocks_custom_css":"","_kad_blocks_head_custom_js":"","_kad_blocks_body_custom_js":"","_kad_blocks_footer_custom_js":""},"product_cat":[1390],"product_tag":[],"class_list":{"0":"post-119362","1":"product","2":"type-product","3":"status-publish","4":"has-post-thumbnail","6":"product_cat-figures","7":"pa_brand-good-smile-company-en","8":"pa_character-spike-spiegel-en","9":"pa_license-cowboy-bebop-en","10":"pa_product-type-model-kit-en","11":"pa_theme-swordfish-ii-en","13":"first","14":"outofstock","15":"taxable","16":"shipping-taxable","17":"purchasable","18":"product-type-simple"},"acf":[],"yoast_head":"<!-- This site is optimized with the Yoast SEO plugin v26.1.1 - https:\/\/yoast.com\/wordpress\/plugins\/seo\/ -->\n<title>Swordfish II Cowboy Bebop Scale Model Kit - EndormoonStore<\/title>\n<meta name=\"robots\" content=\"index, follow, max-snippet:-1, max-image-preview:large, max-video-preview:-1\" \/>\n<link rel=\"canonical\" href=\"https:\/\/endormoonstore.com\/en\/swordfish-ii-cowboy-bebop-scale-model-kit\/\" \/>\n<meta property=\"og:locale\" content=\"en_US\" \/>\n<meta property=\"og:type\" content=\"article\" \/>\n<meta property=\"og:title\" content=\"Swordfish II Cowboy Bebop Scale Model Kit - EndormoonStore\" \/>\n<meta property=\"og:description\" content=\"Swordfish II Cowboy Bebop Scale Model Kit 1:48  Para los vaqueros que no han despertado del sue\u00f1o, el modelo conmemorativo definitivo de Swordfish II.  *** NOTA IMPORTANTE: El precio de la oferta es valido solo para pagos por Trasferencia, Bizum ( Solo en Espa\u00f1a) o Tarjeta de Debito o cr\u00e9dito. Para el pago por paypal consultar. Nos reservamos el derecho de cancelar la compra por paypal si antes no ha consultado con nosotros.\" \/>\n<meta property=\"og:url\" content=\"https:\/\/endormoonstore.com\/en\/swordfish-ii-cowboy-bebop-scale-model-kit\/\" \/>\n<meta property=\"og:site_name\" content=\"EndormoonStore\" \/>\n<meta property=\"article:modified_time\" content=\"2023-06-23T12:50:34+00:00\" \/>\n<meta property=\"og:image\" content=\"https:\/\/endormoonstore.com\/wp-content\/uploads\/2021\/11\/Swordfish-II-Cowboy-Bebop-MOdel-Kit-Scale-1-48-1.jpg\" \/>\n\t<meta property=\"og:image:width\" content=\"1000\" \/>\n\t<meta property=\"og:image:height\" content=\"662\" \/>\n\t<meta property=\"og:image:type\" content=\"image\/jpeg\" \/>\n<meta name=\"twitter:card\" content=\"summary_large_image\" \/>\n<meta name=\"twitter:label1\" content=\"Est. reading time\" \/>\n\t<meta name=\"twitter:data1\" content=\"1 minute\" \/>\n<script type=\"application\/ld+json\" class=\"yoast-schema-graph\">{\"@context\":\"https:\/\/schema.org\",\"@graph\":[{\"@type\":\"WebPage\",\"@id\":\"https:\/\/endormoonstore.com\/en\/swordfish-ii-cowboy-bebop-scale-model-kit\/\",\"url\":\"https:\/\/endormoonstore.com\/en\/swordfish-ii-cowboy-bebop-scale-model-kit\/\",\"name\":\"Swordfish II Cowboy Bebop Scale Model Kit - EndormoonStore\",\"isPartOf\":{\"@id\":\"https:\/\/endormoonstore.com\/#website\"},\"primaryImageOfPage\":{\"@id\":\"https:\/\/endormoonstore.com\/en\/swordfish-ii-cowboy-bebop-scale-model-kit\/#primaryimage\"},\"image\":{\"@id\":\"https:\/\/endormoonstore.com\/en\/swordfish-ii-cowboy-bebop-scale-model-kit\/#primaryimage\"},\"thumbnailUrl\":\"https:\/\/endormoonstore.com\/wp-content\/uploads\/2021\/11\/Swordfish-II-Cowboy-Bebop-MOdel-Kit-Scale-1-48-1.jpg\",\"datePublished\":\"2021-11-23T15:30:36+00:00\",\"dateModified\":\"2023-06-23T12:50:34+00:00\",\"breadcrumb\":{\"@id\":\"https:\/\/endormoonstore.com\/en\/swordfish-ii-cowboy-bebop-scale-model-kit\/#breadcrumb\"},\"inLanguage\":\"en-US\",\"potentialAction\":[{\"@type\":\"ReadAction\",\"target\":[\"https:\/\/endormoonstore.com\/en\/swordfish-ii-cowboy-bebop-scale-model-kit\/\"]}]},{\"@type\":\"ImageObject\",\"inLanguage\":\"en-US\",\"@id\":\"https:\/\/endormoonstore.com\/en\/swordfish-ii-cowboy-bebop-scale-model-kit\/#primaryimage\",\"url\":\"https:\/\/endormoonstore.com\/wp-content\/uploads\/2021\/11\/Swordfish-II-Cowboy-Bebop-MOdel-Kit-Scale-1-48-1.jpg\",\"contentUrl\":\"https:\/\/endormoonstore.com\/wp-content\/uploads\/2021\/11\/Swordfish-II-Cowboy-Bebop-MOdel-Kit-Scale-1-48-1.jpg\",\"width\":1000,\"height\":662},{\"@type\":\"BreadcrumbList\",\"@id\":\"https:\/\/endormoonstore.com\/en\/swordfish-ii-cowboy-bebop-scale-model-kit\/#breadcrumb\",\"itemListElement\":[{\"@type\":\"ListItem\",\"position\":1,\"name\":\"Shop\",\"item\":\"https:\/\/endormoonstore.com\/en\/shop\/\"},{\"@type\":\"ListItem\",\"position\":2,\"name\":\"Swordfish II Cowboy Bebop Scale Model Kit\"}]},{\"@type\":\"WebSite\",\"@id\":\"https:\/\/endormoonstore.com\/#website\",\"url\":\"https:\/\/endormoonstore.com\/\",\"name\":\"EndormoonStore\",\"description\":\"\",\"potentialAction\":[{\"@type\":\"SearchAction\",\"target\":{\"@type\":\"EntryPoint\",\"urlTemplate\":\"https:\/\/endormoonstore.com\/?s={search_term_string}\"},\"query-input\":{\"@type\":\"PropertyValueSpecification\",\"valueRequired\":true,\"valueName\":\"search_term_string\"}}],\"inLanguage\":\"en-US\"}]}<\/script>\n<!-- \/ Yoast SEO plugin. -->","yoast_head_json":{"title":"Swordfish II Cowboy Bebop Scale Model Kit - EndormoonStore","robots":{"index":"index","follow":"follow","max-snippet":"max-snippet:-1","max-image-preview":"max-image-preview:large","max-video-preview":"max-video-preview:-1"},"canonical":"https:\/\/endormoonstore.com\/en\/swordfish-ii-cowboy-bebop-scale-model-kit\/","og_locale":"en_US","og_type":"article","og_title":"Swordfish II Cowboy Bebop Scale Model Kit - EndormoonStore","og_description":"Swordfish II Cowboy Bebop Scale Model Kit 1:48  Para los vaqueros que no han despertado del sue\u00f1o, el modelo conmemorativo definitivo de Swordfish II.  *** NOTA IMPORTANTE: El precio de la oferta es valido solo para pagos por Trasferencia, Bizum ( Solo en Espa\u00f1a) o Tarjeta de Debito o cr\u00e9dito. Para el pago por paypal consultar. Nos reservamos el derecho de cancelar la compra por paypal si antes no ha consultado con nosotros.","og_url":"https:\/\/endormoonstore.com\/en\/swordfish-ii-cowboy-bebop-scale-model-kit\/","og_site_name":"EndormoonStore","article_modified_time":"2023-06-23T12:50:34+00:00","og_image":[{"width":1000,"height":662,"url":"https:\/\/endormoonstore.com\/wp-content\/uploads\/2021\/11\/Swordfish-II-Cowboy-Bebop-MOdel-Kit-Scale-1-48-1.jpg","type":"image\/jpeg"}],"twitter_card":"summary_large_image","twitter_misc":{"Est. reading time":"1 minute"},"schema":{"@context":"https:\/\/schema.org","@graph":[{"@type":"WebPage","@id":"https:\/\/endormoonstore.com\/en\/swordfish-ii-cowboy-bebop-scale-model-kit\/","url":"https:\/\/endormoonstore.com\/en\/swordfish-ii-cowboy-bebop-scale-model-kit\/","name":"Swordfish II Cowboy Bebop Scale Model Kit - EndormoonStore","isPartOf":{"@id":"https:\/\/endormoonstore.com\/#website"},"primaryImageOfPage":{"@id":"https:\/\/endormoonstore.com\/en\/swordfish-ii-cowboy-bebop-scale-model-kit\/#primaryimage"},"image":{"@id":"https:\/\/endormoonstore.com\/en\/swordfish-ii-cowboy-bebop-scale-model-kit\/#primaryimage"},"thumbnailUrl":"https:\/\/endormoonstore.com\/wp-content\/uploads\/2021\/11\/Swordfish-II-Cowboy-Bebop-MOdel-Kit-Scale-1-48-1.jpg","datePublished":"2021-11-23T15:30:36+00:00","dateModified":"2023-06-23T12:50:34+00:00","breadcrumb":{"@id":"https:\/\/endormoonstore.com\/en\/swordfish-ii-cowboy-bebop-scale-model-kit\/#breadcrumb"},"inLanguage":"en-US","potentialAction":[{"@type":"ReadAction","target":["https:\/\/endormoonstore.com\/en\/swordfish-ii-cowboy-bebop-scale-model-kit\/"]}]},{"@type":"ImageObject","inLanguage":"en-US","@id":"https:\/\/endormoonstore.com\/en\/swordfish-ii-cowboy-bebop-scale-model-kit\/#primaryimage","url":"https:\/\/endormoonstore.com\/wp-content\/uploads\/2021\/11\/Swordfish-II-Cowboy-Bebop-MOdel-Kit-Scale-1-48-1.jpg","contentUrl":"https:\/\/endormoonstore.com\/wp-content\/uploads\/2021\/11\/Swordfish-II-Cowboy-Bebop-MOdel-Kit-Scale-1-48-1.jpg","width":1000,"height":662},{"@type":"BreadcrumbList","@id":"https:\/\/endormoonstore.com\/en\/swordfish-ii-cowboy-bebop-scale-model-kit\/#breadcrumb","itemListElement":[{"@type":"ListItem","position":1,"name":"Shop","item":"https:\/\/endormoonstore.com\/en\/shop\/"},{"@type":"ListItem","position":2,"name":"Swordfish II Cowboy Bebop Scale Model Kit"}]},{"@type":"WebSite","@id":"https:\/\/endormoonstore.com\/#website","url":"https:\/\/endormoonstore.com\/","name":"EndormoonStore","description":"","potentialAction":[{"@type":"SearchAction","target":{"@type":"EntryPoint","urlTemplate":"https:\/\/endormoonstore.com\/?s={search_term_string}"},"query-input":{"@type":"PropertyValueSpecification","valueRequired":true,"valueName":"search_term_string"}}],"inLanguage":"en-US"}]}},"taxonomy_info":{"product_cat":[{"value":1390,"label":"Figures"}],"pa_brand":[{"value":2081,"label":"Good Smile Company"}],"pa_character":[{"value":10539,"label":"Spike Spiegel"}],"pa_license":[{"value":5728,"label":"Cowboy Bebop"}],"pa_product-type":[{"value":7302,"label":"Model Kit"}],"pa_theme":[{"value":10545,"label":"Swordfish II"}]},"featured_image_src_large":["https:\/\/endormoonstore.com\/wp-content\/uploads\/2021\/11\/Swordfish-II-Cowboy-Bebop-MOdel-Kit-Scale-1-48-1.jpg",1000,662,false],"author_info":[],"comment_info":"","_links":{"self":[{"href":"https:\/\/endormoonstore.com\/en\/wp-json\/wp\/v2\/product\/119362","targetHints":{"allow":["GET"]}}],"collection":[{"href":"https:\/\/endormoonstore.com\/en\/wp-json\/wp\/v2\/product"}],"about":[{"href":"https:\/\/endormoonstore.com\/en\/wp-json\/wp\/v2\/types\/product"}],"wp:featuredmedia":[{"embeddable":true,"href":"https:\/\/endormoonstore.com\/en\/wp-json\/wp\/v2\/media\/119330"}],"wp:attachment":[{"href":"https:\/\/endormoonstore.com\/en\/wp-json\/wp\/v2\/media?parent=119362"}],"wp:term":[{"taxonomy":"product_cat","embeddable":true,"href":"https:\/\/endormoonstore.com\/en\/wp-json\/wp\/v2\/product_cat?post=119362"},{"taxonomy":"product_tag","embeddable":true,"href":"https:\/\/endormoonstore.com\/en\/wp-json\/wp\/v2\/product_tag?post=119362"}],"curies":[{"name":"wp","href":"https:\/\/api.w.org\/{rel}","templated":true}]}}