{"id":119266,"date":"2021-11-21T20:50:00","date_gmt":"2021-11-21T19:50:00","guid":{"rendered":"https:\/\/endormoonstore.com\/heroquest-game-system\/"},"modified":"2023-03-09T12:02:41","modified_gmt":"2023-03-09T11:02:41","slug":"heroquest-game-system","status":"publish","type":"product","link":"https:\/\/endormoonstore.com\/en\/heroquest-game-system\/","title":{"rendered":"HeroQuest Game System"},"content":{"rendered":"<p><strong>HeroQuest Game System ( Espa\u00f1ol)<\/strong><\/p>\n<ul>\n<li>Hasbro presenta dentro de la marca Avalon Hill uno de los juegos de mesa m\u00e1s esperado de las \u00faltimas d\u00e9cadas: &#8220;Heroquest B\u00e1sico&#8221;.<\/li>\n<li>En HeroQuest, los h\u00e9roes trabajan juntos para completar misiones \u00e9picas, encontrar tesoros y derrotar a las fuerzas del mal.<\/li>\n<li>En este juego de mesa semi-cooperativo, un jugador asume el papel de Zargon, el controlador del juego, mientras que 4 h\u00e9roes m\u00edticos -B\u00e1rbaro, Enano, Elfa y Mago- se unen en su b\u00fasqueda de aventuras en un laberinto de monstruos y oscuras mazmorras.<\/li>\n<li>Incluye tablero de juego, 31 miniaturas de monstruos, 4 miniaturas de h\u00e9roes, 15 muebles, 10 piezas de calaveras, 4 piezas de rata de pl\u00e1stico.<\/li>\n<li>21 puertas de mazmorras, 93 cartas de juego, 4 cartas de orden de turno, fichas de cart\u00f3n, Libro de misiones, 4 cartas de personajes, Game Master pantalla, bloc de hojas de personajes, 6 dados de combate blancos, 2 dados rojos y libro de reglas<\/li>\n<li>Las cartas y folletos de HeroQuest cuentan con incre\u00edbles ilustraciones que ayudan a llevar la imaginaci\u00f3n de los jugadores a un mundo fant\u00e1stico lleno de horribles monstruos, trampas mortales y m\u00e1s.<\/li>\n<li>El juego viene con 14 misiones y puede jugarse muchas veces porque los jugadores tambi\u00e9n pueden construir sus propias misiones y crear sus propias historias.<\/li>\n<li>Re\u00fane a tus amigos para una emocionante noche de juego de mesa en una \u00e9pica batalla del bien contra el mal.<\/li>\n<li>El juego es para 2 a 5 jugadores, a partir de 14 a\u00f1os.<\/li>\n<\/ul>\n<p>&nbsp;<\/p>\n","protected":false},"excerpt":{"rendered":"<p><strong>HeroQuest Game System ( Espa\u00f1ol)<\/strong><\/p>\n<p>Hasbro presenta dentro de la marca Avalon Hill uno de los juegos de mesa m\u00e1s esperado de las \u00faltimas d\u00e9cadas: &#8220;Heroquest B\u00e1sico&#8221;.<\/p>\n<p>&nbsp;<\/p>\n","protected":false},"featured_media":119235,"template":"","meta":{"_acf_changed":false,"_kad_blocks_custom_css":"","_kad_blocks_head_custom_js":"","_kad_blocks_body_custom_js":"","_kad_blocks_footer_custom_js":""},"product_cat":[1386,15769],"product_tag":[],"class_list":{"0":"post-119266","1":"product","2":"type-product","3":"status-publish","4":"has-post-thumbnail","6":"product_cat-miniatures","7":"product_cat-sales","8":"pa_brand-hasbro-en","9":"pa_license-heroquest-en","10":"pa_product-type-start-box","11":"pa_theme-heroquest-en","13":"first","14":"instock","15":"taxable","16":"shipping-taxable","17":"purchasable","18":"product-type-simple"},"acf":[],"yoast_head":"<!-- This site is optimized with the Yoast SEO plugin v26.1.1 - https:\/\/yoast.com\/wordpress\/plugins\/seo\/ -->\n<title>HeroQuest Game System - EndormoonStore<\/title>\n<meta name=\"robots\" content=\"index, follow, max-snippet:-1, max-image-preview:large, max-video-preview:-1\" \/>\n<link rel=\"canonical\" href=\"https:\/\/endormoonstore.com\/en\/heroquest-game-system\/\" \/>\n<meta property=\"og:locale\" content=\"en_US\" \/>\n<meta property=\"og:type\" content=\"article\" \/>\n<meta property=\"og:title\" content=\"HeroQuest Game System - EndormoonStore\" \/>\n<meta property=\"og:description\" content=\"HeroQuest Game System ( Espa\u00f1ol)  Hasbro presenta dentro de la marca Avalon Hill uno de los juegos de mesa m\u00e1s esperado de las \u00faltimas d\u00e9cadas: &quot;Heroquest B\u00e1sico&quot;.  &nbsp;\" \/>\n<meta property=\"og:url\" content=\"https:\/\/endormoonstore.com\/en\/heroquest-game-system\/\" \/>\n<meta property=\"og:site_name\" content=\"EndormoonStore\" \/>\n<meta property=\"article:modified_time\" content=\"2023-03-09T11:02:41+00:00\" \/>\n<meta property=\"og:image\" content=\"https:\/\/endormoonstore.com\/wp-content\/uploads\/2021\/11\/Heroquest-Game-Sysstem-2.jpg\" \/>\n\t<meta property=\"og:image:width\" content=\"1000\" \/>\n\t<meta property=\"og:image:height\" content=\"731\" \/>\n\t<meta property=\"og:image:type\" content=\"image\/jpeg\" \/>\n<meta name=\"twitter:card\" content=\"summary_large_image\" \/>\n<meta name=\"twitter:label1\" content=\"Est. reading time\" \/>\n\t<meta name=\"twitter:data1\" content=\"2 minutes\" \/>\n<script type=\"application\/ld+json\" class=\"yoast-schema-graph\">{\"@context\":\"https:\/\/schema.org\",\"@graph\":[{\"@type\":\"WebPage\",\"@id\":\"https:\/\/endormoonstore.com\/en\/heroquest-game-system\/\",\"url\":\"https:\/\/endormoonstore.com\/en\/heroquest-game-system\/\",\"name\":\"HeroQuest Game System - EndormoonStore\",\"isPartOf\":{\"@id\":\"https:\/\/endormoonstore.com\/#website\"},\"primaryImageOfPage\":{\"@id\":\"https:\/\/endormoonstore.com\/en\/heroquest-game-system\/#primaryimage\"},\"image\":{\"@id\":\"https:\/\/endormoonstore.com\/en\/heroquest-game-system\/#primaryimage\"},\"thumbnailUrl\":\"https:\/\/endormoonstore.com\/wp-content\/uploads\/2021\/11\/Heroquest-Game-Sysstem-2.jpg\",\"datePublished\":\"2021-11-21T19:50:00+00:00\",\"dateModified\":\"2023-03-09T11:02:41+00:00\",\"breadcrumb\":{\"@id\":\"https:\/\/endormoonstore.com\/en\/heroquest-game-system\/#breadcrumb\"},\"inLanguage\":\"en-US\",\"potentialAction\":[{\"@type\":\"ReadAction\",\"target\":[\"https:\/\/endormoonstore.com\/en\/heroquest-game-system\/\"]}]},{\"@type\":\"ImageObject\",\"inLanguage\":\"en-US\",\"@id\":\"https:\/\/endormoonstore.com\/en\/heroquest-game-system\/#primaryimage\",\"url\":\"https:\/\/endormoonstore.com\/wp-content\/uploads\/2021\/11\/Heroquest-Game-Sysstem-2.jpg\",\"contentUrl\":\"https:\/\/endormoonstore.com\/wp-content\/uploads\/2021\/11\/Heroquest-Game-Sysstem-2.jpg\",\"width\":1000,\"height\":731},{\"@type\":\"BreadcrumbList\",\"@id\":\"https:\/\/endormoonstore.com\/en\/heroquest-game-system\/#breadcrumb\",\"itemListElement\":[{\"@type\":\"ListItem\",\"position\":1,\"name\":\"Shop\",\"item\":\"https:\/\/endormoonstore.com\/en\/shop\/\"},{\"@type\":\"ListItem\",\"position\":2,\"name\":\"HeroQuest Game System\"}]},{\"@type\":\"WebSite\",\"@id\":\"https:\/\/endormoonstore.com\/#website\",\"url\":\"https:\/\/endormoonstore.com\/\",\"name\":\"EndormoonStore\",\"description\":\"\",\"potentialAction\":[{\"@type\":\"SearchAction\",\"target\":{\"@type\":\"EntryPoint\",\"urlTemplate\":\"https:\/\/endormoonstore.com\/?s={search_term_string}\"},\"query-input\":{\"@type\":\"PropertyValueSpecification\",\"valueRequired\":true,\"valueName\":\"search_term_string\"}}],\"inLanguage\":\"en-US\"}]}<\/script>\n<!-- \/ Yoast SEO plugin. -->","yoast_head_json":{"title":"HeroQuest Game System - EndormoonStore","robots":{"index":"index","follow":"follow","max-snippet":"max-snippet:-1","max-image-preview":"max-image-preview:large","max-video-preview":"max-video-preview:-1"},"canonical":"https:\/\/endormoonstore.com\/en\/heroquest-game-system\/","og_locale":"en_US","og_type":"article","og_title":"HeroQuest Game System - EndormoonStore","og_description":"HeroQuest Game System ( Espa\u00f1ol)  Hasbro presenta dentro de la marca Avalon Hill uno de los juegos de mesa m\u00e1s esperado de las \u00faltimas d\u00e9cadas: \"Heroquest B\u00e1sico\".  &nbsp;","og_url":"https:\/\/endormoonstore.com\/en\/heroquest-game-system\/","og_site_name":"EndormoonStore","article_modified_time":"2023-03-09T11:02:41+00:00","og_image":[{"width":1000,"height":731,"url":"https:\/\/endormoonstore.com\/wp-content\/uploads\/2021\/11\/Heroquest-Game-Sysstem-2.jpg","type":"image\/jpeg"}],"twitter_card":"summary_large_image","twitter_misc":{"Est. reading time":"2 minutes"},"schema":{"@context":"https:\/\/schema.org","@graph":[{"@type":"WebPage","@id":"https:\/\/endormoonstore.com\/en\/heroquest-game-system\/","url":"https:\/\/endormoonstore.com\/en\/heroquest-game-system\/","name":"HeroQuest Game System - EndormoonStore","isPartOf":{"@id":"https:\/\/endormoonstore.com\/#website"},"primaryImageOfPage":{"@id":"https:\/\/endormoonstore.com\/en\/heroquest-game-system\/#primaryimage"},"image":{"@id":"https:\/\/endormoonstore.com\/en\/heroquest-game-system\/#primaryimage"},"thumbnailUrl":"https:\/\/endormoonstore.com\/wp-content\/uploads\/2021\/11\/Heroquest-Game-Sysstem-2.jpg","datePublished":"2021-11-21T19:50:00+00:00","dateModified":"2023-03-09T11:02:41+00:00","breadcrumb":{"@id":"https:\/\/endormoonstore.com\/en\/heroquest-game-system\/#breadcrumb"},"inLanguage":"en-US","potentialAction":[{"@type":"ReadAction","target":["https:\/\/endormoonstore.com\/en\/heroquest-game-system\/"]}]},{"@type":"ImageObject","inLanguage":"en-US","@id":"https:\/\/endormoonstore.com\/en\/heroquest-game-system\/#primaryimage","url":"https:\/\/endormoonstore.com\/wp-content\/uploads\/2021\/11\/Heroquest-Game-Sysstem-2.jpg","contentUrl":"https:\/\/endormoonstore.com\/wp-content\/uploads\/2021\/11\/Heroquest-Game-Sysstem-2.jpg","width":1000,"height":731},{"@type":"BreadcrumbList","@id":"https:\/\/endormoonstore.com\/en\/heroquest-game-system\/#breadcrumb","itemListElement":[{"@type":"ListItem","position":1,"name":"Shop","item":"https:\/\/endormoonstore.com\/en\/shop\/"},{"@type":"ListItem","position":2,"name":"HeroQuest Game System"}]},{"@type":"WebSite","@id":"https:\/\/endormoonstore.com\/#website","url":"https:\/\/endormoonstore.com\/","name":"EndormoonStore","description":"","potentialAction":[{"@type":"SearchAction","target":{"@type":"EntryPoint","urlTemplate":"https:\/\/endormoonstore.com\/?s={search_term_string}"},"query-input":{"@type":"PropertyValueSpecification","valueRequired":true,"valueName":"search_term_string"}}],"inLanguage":"en-US"}]}},"taxonomy_info":{"product_cat":[{"value":1386,"label":"Miniatures"},{"value":15769,"label":"Sales"}],"pa_brand":[{"value":2084,"label":"Hasbro"}],"pa_license":[{"value":10521,"label":"HeroQuest"}],"pa_product-type":[{"value":4046,"label":"Start Box"}],"pa_theme":[{"value":10515,"label":"HeroQuest"}]},"featured_image_src_large":["https:\/\/endormoonstore.com\/wp-content\/uploads\/2021\/11\/Heroquest-Game-Sysstem-2.jpg",1000,731,false],"author_info":[],"comment_info":"","_links":{"self":[{"href":"https:\/\/endormoonstore.com\/en\/wp-json\/wp\/v2\/product\/119266","targetHints":{"allow":["GET"]}}],"collection":[{"href":"https:\/\/endormoonstore.com\/en\/wp-json\/wp\/v2\/product"}],"about":[{"href":"https:\/\/endormoonstore.com\/en\/wp-json\/wp\/v2\/types\/product"}],"wp:featuredmedia":[{"embeddable":true,"href":"https:\/\/endormoonstore.com\/en\/wp-json\/wp\/v2\/media\/119235"}],"wp:attachment":[{"href":"https:\/\/endormoonstore.com\/en\/wp-json\/wp\/v2\/media?parent=119266"}],"wp:term":[{"taxonomy":"product_cat","embeddable":true,"href":"https:\/\/endormoonstore.com\/en\/wp-json\/wp\/v2\/product_cat?post=119266"},{"taxonomy":"product_tag","embeddable":true,"href":"https:\/\/endormoonstore.com\/en\/wp-json\/wp\/v2\/product_tag?post=119266"}],"curies":[{"name":"wp","href":"https:\/\/api.w.org\/{rel}","templated":true}]}}