{"id":119182,"date":"2021-11-20T23:01:29","date_gmt":"2021-11-20T22:01:29","guid":{"rendered":"https:\/\/endormoonstore.com\/power-rangers-lightning-collection-mighty-morphin-pudgy-pig\/"},"modified":"2021-12-10T22:01:28","modified_gmt":"2021-12-10T21:01:28","slug":"power-rangers-lightning-collection-mighty-morphin-pudgy-pig","status":"publish","type":"product","link":"https:\/\/endormoonstore.com\/en\/power-rangers-lightning-collection-mighty-morphin-pudgy-pig\/","title":{"rendered":"Power Rangers Lightning Collection Mighty Morphin Pudgy Pig"},"content":{"rendered":"<p><strong>Power Rangers Lightning Collection Mighty Morphin Pudgy Pig Figure 15 cm<\/strong><\/p>\n<ul>\n<li>Hasbro presenta dentro de la colecci\u00f3n Power Rangers Lightning Collection esta figura de Pudgy Pig.<\/li>\n<li>Se trata de una figura articulada de unos 15 cm hechas en PVC.<\/li>\n<li>Esta figura de acci\u00f3n de Power Rangers Lightning Collection Pudgy Pig tiene detalles pintados de primera calidad y dise\u00f1o inspirado en la serie Mighty Morphin Power Rangers.<\/li>\n<li>\u00bfQui\u00e9n puede olvidar la ic\u00f3nica primera aparici\u00f3n de Pudgy Pig?\u00a0Cuando el Centro Juvenil organiza un Festival de Comida Cultural, Rita env\u00eda a Pudgy Pig para arruinar las festividades.<\/li>\n<li>La figura trae 1x cuchillo, 1x tenedor, 2x manos alternativas, 3x comida variada.<\/li>\n<li>El embalaje de la figura es una lunchbox con la imagen de Pudgy Pig y los Power Rangers.<\/li>\n<\/ul>\n<p>&nbsp;<\/p>\n<p>&nbsp;<\/p>\n<p>&nbsp;<\/p>\n","protected":false},"excerpt":{"rendered":"<p><strong>Power Rangers Lightning Collection Mighty Morphin Pudgy Pig Figure 15 cm<\/strong><\/p>\n<p>Hasbro presenta dentro de la colecci\u00f3n Power Rangers Lightning Collection esta figura de Pudgy Pig.<\/p>\n","protected":false},"featured_media":119181,"template":"","meta":{"_acf_changed":false,"_kad_blocks_custom_css":"","_kad_blocks_head_custom_js":"","_kad_blocks_body_custom_js":"","_kad_blocks_footer_custom_js":""},"product_cat":[1390],"product_tag":[],"class_list":{"0":"post-119182","1":"product","2":"type-product","3":"status-publish","4":"has-post-thumbnail","6":"product_cat-figures","7":"pa_brand-hasbro-en","8":"pa_character-pudgy-pig-en","9":"pa_license-power-rangers-en","10":"pa_product-type-figure","11":"pa_theme-lightning-collection-en","13":"first","14":"instock","15":"taxable","16":"shipping-taxable","17":"purchasable","18":"product-type-simple"},"acf":[],"yoast_head":"<!-- This site is optimized with the Yoast SEO plugin v26.1.1 - https:\/\/yoast.com\/wordpress\/plugins\/seo\/ -->\n<title>Power Rangers Lightning Collection Mighty Morphin Pudgy Pig - EndormoonStore<\/title>\n<meta name=\"robots\" content=\"index, follow, max-snippet:-1, max-image-preview:large, max-video-preview:-1\" \/>\n<link rel=\"canonical\" href=\"https:\/\/endormoonstore.com\/en\/power-rangers-lightning-collection-mighty-morphin-pudgy-pig\/\" \/>\n<meta property=\"og:locale\" content=\"en_US\" \/>\n<meta property=\"og:type\" content=\"article\" \/>\n<meta property=\"og:title\" content=\"Power Rangers Lightning Collection Mighty Morphin Pudgy Pig - EndormoonStore\" \/>\n<meta property=\"og:description\" content=\"Power Rangers Lightning Collection Mighty Morphin Pudgy Pig Figure 15 cm  Hasbro presenta dentro de la colecci\u00f3n Power Rangers Lightning Collection esta figura de Pudgy Pig.\" \/>\n<meta property=\"og:url\" content=\"https:\/\/endormoonstore.com\/en\/power-rangers-lightning-collection-mighty-morphin-pudgy-pig\/\" \/>\n<meta property=\"og:site_name\" content=\"EndormoonStore\" \/>\n<meta property=\"article:modified_time\" content=\"2021-12-10T21:01:28+00:00\" \/>\n<meta property=\"og:image\" content=\"https:\/\/endormoonstore.com\/wp-content\/uploads\/2021\/11\/Power-Rangers-Lightning-Collection-Mighty-Morphin-Pudgy-Pig-21.jpg\" \/>\n\t<meta property=\"og:image:width\" content=\"1000\" \/>\n\t<meta property=\"og:image:height\" content=\"1000\" \/>\n\t<meta property=\"og:image:type\" content=\"image\/jpeg\" \/>\n<meta name=\"twitter:card\" content=\"summary_large_image\" \/>\n<meta name=\"twitter:label1\" content=\"Est. reading time\" \/>\n\t<meta name=\"twitter:data1\" content=\"1 minute\" \/>\n<script type=\"application\/ld+json\" class=\"yoast-schema-graph\">{\"@context\":\"https:\/\/schema.org\",\"@graph\":[{\"@type\":\"WebPage\",\"@id\":\"https:\/\/endormoonstore.com\/en\/power-rangers-lightning-collection-mighty-morphin-pudgy-pig\/\",\"url\":\"https:\/\/endormoonstore.com\/en\/power-rangers-lightning-collection-mighty-morphin-pudgy-pig\/\",\"name\":\"Power Rangers Lightning Collection Mighty Morphin Pudgy Pig - EndormoonStore\",\"isPartOf\":{\"@id\":\"https:\/\/endormoonstore.com\/#website\"},\"primaryImageOfPage\":{\"@id\":\"https:\/\/endormoonstore.com\/en\/power-rangers-lightning-collection-mighty-morphin-pudgy-pig\/#primaryimage\"},\"image\":{\"@id\":\"https:\/\/endormoonstore.com\/en\/power-rangers-lightning-collection-mighty-morphin-pudgy-pig\/#primaryimage\"},\"thumbnailUrl\":\"https:\/\/endormoonstore.com\/wp-content\/uploads\/2021\/11\/Power-Rangers-Lightning-Collection-Mighty-Morphin-Pudgy-Pig-21.jpg\",\"datePublished\":\"2021-11-20T22:01:29+00:00\",\"dateModified\":\"2021-12-10T21:01:28+00:00\",\"breadcrumb\":{\"@id\":\"https:\/\/endormoonstore.com\/en\/power-rangers-lightning-collection-mighty-morphin-pudgy-pig\/#breadcrumb\"},\"inLanguage\":\"en-US\",\"potentialAction\":[{\"@type\":\"ReadAction\",\"target\":[\"https:\/\/endormoonstore.com\/en\/power-rangers-lightning-collection-mighty-morphin-pudgy-pig\/\"]}]},{\"@type\":\"ImageObject\",\"inLanguage\":\"en-US\",\"@id\":\"https:\/\/endormoonstore.com\/en\/power-rangers-lightning-collection-mighty-morphin-pudgy-pig\/#primaryimage\",\"url\":\"https:\/\/endormoonstore.com\/wp-content\/uploads\/2021\/11\/Power-Rangers-Lightning-Collection-Mighty-Morphin-Pudgy-Pig-21.jpg\",\"contentUrl\":\"https:\/\/endormoonstore.com\/wp-content\/uploads\/2021\/11\/Power-Rangers-Lightning-Collection-Mighty-Morphin-Pudgy-Pig-21.jpg\",\"width\":1000,\"height\":1000},{\"@type\":\"BreadcrumbList\",\"@id\":\"https:\/\/endormoonstore.com\/en\/power-rangers-lightning-collection-mighty-morphin-pudgy-pig\/#breadcrumb\",\"itemListElement\":[{\"@type\":\"ListItem\",\"position\":1,\"name\":\"Shop\",\"item\":\"https:\/\/endormoonstore.com\/en\/shop\/\"},{\"@type\":\"ListItem\",\"position\":2,\"name\":\"Power Rangers Lightning Collection Mighty Morphin Pudgy Pig\"}]},{\"@type\":\"WebSite\",\"@id\":\"https:\/\/endormoonstore.com\/#website\",\"url\":\"https:\/\/endormoonstore.com\/\",\"name\":\"EndormoonStore\",\"description\":\"\",\"potentialAction\":[{\"@type\":\"SearchAction\",\"target\":{\"@type\":\"EntryPoint\",\"urlTemplate\":\"https:\/\/endormoonstore.com\/?s={search_term_string}\"},\"query-input\":{\"@type\":\"PropertyValueSpecification\",\"valueRequired\":true,\"valueName\":\"search_term_string\"}}],\"inLanguage\":\"en-US\"}]}<\/script>\n<!-- \/ Yoast SEO plugin. -->","yoast_head_json":{"title":"Power Rangers Lightning Collection Mighty Morphin Pudgy Pig - EndormoonStore","robots":{"index":"index","follow":"follow","max-snippet":"max-snippet:-1","max-image-preview":"max-image-preview:large","max-video-preview":"max-video-preview:-1"},"canonical":"https:\/\/endormoonstore.com\/en\/power-rangers-lightning-collection-mighty-morphin-pudgy-pig\/","og_locale":"en_US","og_type":"article","og_title":"Power Rangers Lightning Collection Mighty Morphin Pudgy Pig - EndormoonStore","og_description":"Power Rangers Lightning Collection Mighty Morphin Pudgy Pig Figure 15 cm  Hasbro presenta dentro de la colecci\u00f3n Power Rangers Lightning Collection esta figura de Pudgy Pig.","og_url":"https:\/\/endormoonstore.com\/en\/power-rangers-lightning-collection-mighty-morphin-pudgy-pig\/","og_site_name":"EndormoonStore","article_modified_time":"2021-12-10T21:01:28+00:00","og_image":[{"width":1000,"height":1000,"url":"https:\/\/endormoonstore.com\/wp-content\/uploads\/2021\/11\/Power-Rangers-Lightning-Collection-Mighty-Morphin-Pudgy-Pig-21.jpg","type":"image\/jpeg"}],"twitter_card":"summary_large_image","twitter_misc":{"Est. reading time":"1 minute"},"schema":{"@context":"https:\/\/schema.org","@graph":[{"@type":"WebPage","@id":"https:\/\/endormoonstore.com\/en\/power-rangers-lightning-collection-mighty-morphin-pudgy-pig\/","url":"https:\/\/endormoonstore.com\/en\/power-rangers-lightning-collection-mighty-morphin-pudgy-pig\/","name":"Power Rangers Lightning Collection Mighty Morphin Pudgy Pig - EndormoonStore","isPartOf":{"@id":"https:\/\/endormoonstore.com\/#website"},"primaryImageOfPage":{"@id":"https:\/\/endormoonstore.com\/en\/power-rangers-lightning-collection-mighty-morphin-pudgy-pig\/#primaryimage"},"image":{"@id":"https:\/\/endormoonstore.com\/en\/power-rangers-lightning-collection-mighty-morphin-pudgy-pig\/#primaryimage"},"thumbnailUrl":"https:\/\/endormoonstore.com\/wp-content\/uploads\/2021\/11\/Power-Rangers-Lightning-Collection-Mighty-Morphin-Pudgy-Pig-21.jpg","datePublished":"2021-11-20T22:01:29+00:00","dateModified":"2021-12-10T21:01:28+00:00","breadcrumb":{"@id":"https:\/\/endormoonstore.com\/en\/power-rangers-lightning-collection-mighty-morphin-pudgy-pig\/#breadcrumb"},"inLanguage":"en-US","potentialAction":[{"@type":"ReadAction","target":["https:\/\/endormoonstore.com\/en\/power-rangers-lightning-collection-mighty-morphin-pudgy-pig\/"]}]},{"@type":"ImageObject","inLanguage":"en-US","@id":"https:\/\/endormoonstore.com\/en\/power-rangers-lightning-collection-mighty-morphin-pudgy-pig\/#primaryimage","url":"https:\/\/endormoonstore.com\/wp-content\/uploads\/2021\/11\/Power-Rangers-Lightning-Collection-Mighty-Morphin-Pudgy-Pig-21.jpg","contentUrl":"https:\/\/endormoonstore.com\/wp-content\/uploads\/2021\/11\/Power-Rangers-Lightning-Collection-Mighty-Morphin-Pudgy-Pig-21.jpg","width":1000,"height":1000},{"@type":"BreadcrumbList","@id":"https:\/\/endormoonstore.com\/en\/power-rangers-lightning-collection-mighty-morphin-pudgy-pig\/#breadcrumb","itemListElement":[{"@type":"ListItem","position":1,"name":"Shop","item":"https:\/\/endormoonstore.com\/en\/shop\/"},{"@type":"ListItem","position":2,"name":"Power Rangers Lightning Collection Mighty Morphin Pudgy Pig"}]},{"@type":"WebSite","@id":"https:\/\/endormoonstore.com\/#website","url":"https:\/\/endormoonstore.com\/","name":"EndormoonStore","description":"","potentialAction":[{"@type":"SearchAction","target":{"@type":"EntryPoint","urlTemplate":"https:\/\/endormoonstore.com\/?s={search_term_string}"},"query-input":{"@type":"PropertyValueSpecification","valueRequired":true,"valueName":"search_term_string"}}],"inLanguage":"en-US"}]}},"taxonomy_info":{"product_cat":[{"value":1390,"label":"Figures"}],"pa_brand":[{"value":2084,"label":"Hasbro"}],"pa_character":[{"value":10497,"label":"Pudgy Pig"}],"pa_license":[{"value":6783,"label":"Power Rangers"}],"pa_product-type":[{"value":2387,"label":"Figure"}],"pa_theme":[{"value":7965,"label":"Lightning Collection"}]},"featured_image_src_large":["https:\/\/endormoonstore.com\/wp-content\/uploads\/2021\/11\/Power-Rangers-Lightning-Collection-Mighty-Morphin-Pudgy-Pig-21.jpg",1000,1000,false],"author_info":[],"comment_info":"","_links":{"self":[{"href":"https:\/\/endormoonstore.com\/en\/wp-json\/wp\/v2\/product\/119182","targetHints":{"allow":["GET"]}}],"collection":[{"href":"https:\/\/endormoonstore.com\/en\/wp-json\/wp\/v2\/product"}],"about":[{"href":"https:\/\/endormoonstore.com\/en\/wp-json\/wp\/v2\/types\/product"}],"wp:featuredmedia":[{"embeddable":true,"href":"https:\/\/endormoonstore.com\/en\/wp-json\/wp\/v2\/media\/119181"}],"wp:attachment":[{"href":"https:\/\/endormoonstore.com\/en\/wp-json\/wp\/v2\/media?parent=119182"}],"wp:term":[{"taxonomy":"product_cat","embeddable":true,"href":"https:\/\/endormoonstore.com\/en\/wp-json\/wp\/v2\/product_cat?post=119182"},{"taxonomy":"product_tag","embeddable":true,"href":"https:\/\/endormoonstore.com\/en\/wp-json\/wp\/v2\/product_tag?post=119182"}],"curies":[{"name":"wp","href":"https:\/\/api.w.org\/{rel}","templated":true}]}}