{"id":119074,"date":"2021-11-19T21:39:48","date_gmt":"2021-11-19T20:39:48","guid":{"rendered":"https:\/\/endormoonstore.com\/star-wars-the-vintage-collection-emperors-throne-room-figure\/"},"modified":"2021-12-11T00:04:50","modified_gmt":"2021-12-10T23:04:50","slug":"star-wars-the-vintage-collection-emperors-throne-room-figure","status":"publish","type":"product","link":"https:\/\/endormoonstore.com\/en\/star-wars-the-vintage-collection-emperors-throne-room-figure\/","title":{"rendered":"Star Wars The Vintage Collection Emperor\u2019s Throne Room Figure"},"content":{"rendered":"<p><strong>Star Wars The Vintage Collection Emperor\u2019s Throne Room Figure 9,5 cm<\/strong><\/p>\n<ul>\n<li>La sala del trono de la Estrella de la Muerte del Emperador. El escenario de un enfrentamiento culminante entre Jedi y Sith en la Batalla de Endor.<\/li>\n<li>Hasbro presenta dentro de su colecci\u00f3n Vintage esta figura de Palpatine en la sala del trono de la Estrella de la Muerte, con detalles y dise\u00f1o premium y figura con m\u00faltiples puntos de articulaci\u00f3n<\/li>\n<li>Sheev Palpatine manipul\u00f3 el sistema pol\u00edtico del Imperio Gal\u00e1ctico hasta que fue nombrado Canciller Supremo y, finalmente, Emperador.<\/li>\n<li>Vienen presentadas en una caja que har\u00e1 las delicias de cualquier coleccionista de Star Wars.<\/li>\n<li>Incluye: figura, trono, fondo de ventana de la sala del trono y 4 accesorios.<\/li>\n<\/ul>\n","protected":false},"excerpt":{"rendered":"<p><strong>Star Wars The Vintage Collection Emperor\u2019s Throne Room Figure 9,5 cm<\/strong><\/p>\n<p>La sala del trono de la Estrella de la Muerte del Emperador. El escenario de un enfrentamiento culminante entre Jedi y Sith en la Batalla de Endor.<\/p>\n","protected":false},"featured_media":119048,"template":"","meta":{"_acf_changed":false,"_kad_blocks_custom_css":"","_kad_blocks_head_custom_js":"","_kad_blocks_body_custom_js":"","_kad_blocks_footer_custom_js":""},"product_cat":[1390],"product_tag":[],"class_list":{"0":"post-119074","1":"product","2":"type-product","3":"status-publish","4":"has-post-thumbnail","6":"product_cat-figures","7":"pa_brand-hasbro-en","8":"pa_character-emperor-palpatine","9":"pa_license-star-wars-en","10":"pa_product-type-diorama-en","11":"pa_theme-the-vintage-collection-en","13":"first","14":"outofstock","15":"taxable","16":"shipping-taxable","17":"purchasable","18":"product-type-simple"},"acf":[],"yoast_head":"<!-- This site is optimized with the Yoast SEO plugin v26.1.1 - https:\/\/yoast.com\/wordpress\/plugins\/seo\/ -->\n<title>Star Wars The Vintage Collection Emperor\u2019s Throne Room Figure - EndormoonStore<\/title>\n<meta name=\"robots\" content=\"index, follow, max-snippet:-1, max-image-preview:large, max-video-preview:-1\" \/>\n<link rel=\"canonical\" href=\"https:\/\/endormoonstore.com\/star-wars-the-vintage-collection-emperors-throne-room-figure\/\" \/>\n<meta property=\"og:locale\" content=\"en_US\" \/>\n<meta property=\"og:type\" content=\"article\" \/>\n<meta property=\"og:title\" content=\"Star Wars The Vintage Collection Emperor\u2019s Throne Room Figure - EndormoonStore\" \/>\n<meta property=\"og:description\" content=\"Star Wars The Vintage Collection Emperor\u2019s Throne Room Figure 9,5 cm  La sala del trono de la Estrella de la Muerte del Emperador. El escenario de un enfrentamiento culminante entre Jedi y Sith en la Batalla de Endor.\" \/>\n<meta property=\"og:url\" content=\"https:\/\/endormoonstore.com\/star-wars-the-vintage-collection-emperors-throne-room-figure\/\" \/>\n<meta property=\"og:site_name\" content=\"EndormoonStore\" \/>\n<meta property=\"article:modified_time\" content=\"2021-12-10T23:04:50+00:00\" \/>\n<meta property=\"og:image\" content=\"https:\/\/endormoonstore.com\/wp-content\/uploads\/2021\/11\/Star-Wars-The-Vintage-Collection-Emperors-Throne-Room-Figure-1.jpg\" \/>\n\t<meta property=\"og:image:width\" content=\"1000\" \/>\n\t<meta property=\"og:image:height\" content=\"1000\" \/>\n\t<meta property=\"og:image:type\" content=\"image\/jpeg\" \/>\n<meta name=\"twitter:card\" content=\"summary_large_image\" \/>\n<meta name=\"twitter:label1\" content=\"Est. reading time\" \/>\n\t<meta name=\"twitter:data1\" content=\"1 minute\" \/>\n<script type=\"application\/ld+json\" class=\"yoast-schema-graph\">{\"@context\":\"https:\/\/schema.org\",\"@graph\":[{\"@type\":\"WebPage\",\"@id\":\"https:\/\/endormoonstore.com\/star-wars-the-vintage-collection-emperors-throne-room-figure\/\",\"url\":\"https:\/\/endormoonstore.com\/star-wars-the-vintage-collection-emperors-throne-room-figure\/\",\"name\":\"Star Wars The Vintage Collection Emperor\u2019s Throne Room Figure - EndormoonStore\",\"isPartOf\":{\"@id\":\"https:\/\/endormoonstore.com\/#website\"},\"primaryImageOfPage\":{\"@id\":\"https:\/\/endormoonstore.com\/star-wars-the-vintage-collection-emperors-throne-room-figure\/#primaryimage\"},\"image\":{\"@id\":\"https:\/\/endormoonstore.com\/star-wars-the-vintage-collection-emperors-throne-room-figure\/#primaryimage\"},\"thumbnailUrl\":\"https:\/\/endormoonstore.com\/wp-content\/uploads\/2021\/11\/Star-Wars-The-Vintage-Collection-Emperors-Throne-Room-Figure-1.jpg\",\"datePublished\":\"2021-11-19T20:39:48+00:00\",\"dateModified\":\"2021-12-10T23:04:50+00:00\",\"breadcrumb\":{\"@id\":\"https:\/\/endormoonstore.com\/star-wars-the-vintage-collection-emperors-throne-room-figure\/#breadcrumb\"},\"inLanguage\":\"en-US\",\"potentialAction\":[{\"@type\":\"ReadAction\",\"target\":[\"https:\/\/endormoonstore.com\/star-wars-the-vintage-collection-emperors-throne-room-figure\/\"]}]},{\"@type\":\"ImageObject\",\"inLanguage\":\"en-US\",\"@id\":\"https:\/\/endormoonstore.com\/star-wars-the-vintage-collection-emperors-throne-room-figure\/#primaryimage\",\"url\":\"https:\/\/endormoonstore.com\/wp-content\/uploads\/2021\/11\/Star-Wars-The-Vintage-Collection-Emperors-Throne-Room-Figure-1.jpg\",\"contentUrl\":\"https:\/\/endormoonstore.com\/wp-content\/uploads\/2021\/11\/Star-Wars-The-Vintage-Collection-Emperors-Throne-Room-Figure-1.jpg\",\"width\":1000,\"height\":1000},{\"@type\":\"BreadcrumbList\",\"@id\":\"https:\/\/endormoonstore.com\/star-wars-the-vintage-collection-emperors-throne-room-figure\/#breadcrumb\",\"itemListElement\":[{\"@type\":\"ListItem\",\"position\":1,\"name\":\"Shop\",\"item\":\"https:\/\/endormoonstore.com\/en\/shop\/\"},{\"@type\":\"ListItem\",\"position\":2,\"name\":\"Star Wars The Vintage Collection Emperor\u2019s Throne Room Figure\"}]},{\"@type\":\"WebSite\",\"@id\":\"https:\/\/endormoonstore.com\/#website\",\"url\":\"https:\/\/endormoonstore.com\/\",\"name\":\"EndormoonStore\",\"description\":\"\",\"potentialAction\":[{\"@type\":\"SearchAction\",\"target\":{\"@type\":\"EntryPoint\",\"urlTemplate\":\"https:\/\/endormoonstore.com\/?s={search_term_string}\"},\"query-input\":{\"@type\":\"PropertyValueSpecification\",\"valueRequired\":true,\"valueName\":\"search_term_string\"}}],\"inLanguage\":\"en-US\"}]}<\/script>\n<!-- \/ Yoast SEO plugin. -->","yoast_head_json":{"title":"Star Wars The Vintage Collection Emperor\u2019s Throne Room Figure - EndormoonStore","robots":{"index":"index","follow":"follow","max-snippet":"max-snippet:-1","max-image-preview":"max-image-preview:large","max-video-preview":"max-video-preview:-1"},"canonical":"https:\/\/endormoonstore.com\/star-wars-the-vintage-collection-emperors-throne-room-figure\/","og_locale":"en_US","og_type":"article","og_title":"Star Wars The Vintage Collection Emperor\u2019s Throne Room Figure - EndormoonStore","og_description":"Star Wars The Vintage Collection Emperor\u2019s Throne Room Figure 9,5 cm  La sala del trono de la Estrella de la Muerte del Emperador. El escenario de un enfrentamiento culminante entre Jedi y Sith en la Batalla de Endor.","og_url":"https:\/\/endormoonstore.com\/star-wars-the-vintage-collection-emperors-throne-room-figure\/","og_site_name":"EndormoonStore","article_modified_time":"2021-12-10T23:04:50+00:00","og_image":[{"width":1000,"height":1000,"url":"https:\/\/endormoonstore.com\/wp-content\/uploads\/2021\/11\/Star-Wars-The-Vintage-Collection-Emperors-Throne-Room-Figure-1.jpg","type":"image\/jpeg"}],"twitter_card":"summary_large_image","twitter_misc":{"Est. reading time":"1 minute"},"schema":{"@context":"https:\/\/schema.org","@graph":[{"@type":"WebPage","@id":"https:\/\/endormoonstore.com\/star-wars-the-vintage-collection-emperors-throne-room-figure\/","url":"https:\/\/endormoonstore.com\/star-wars-the-vintage-collection-emperors-throne-room-figure\/","name":"Star Wars The Vintage Collection Emperor\u2019s Throne Room Figure - EndormoonStore","isPartOf":{"@id":"https:\/\/endormoonstore.com\/#website"},"primaryImageOfPage":{"@id":"https:\/\/endormoonstore.com\/star-wars-the-vintage-collection-emperors-throne-room-figure\/#primaryimage"},"image":{"@id":"https:\/\/endormoonstore.com\/star-wars-the-vintage-collection-emperors-throne-room-figure\/#primaryimage"},"thumbnailUrl":"https:\/\/endormoonstore.com\/wp-content\/uploads\/2021\/11\/Star-Wars-The-Vintage-Collection-Emperors-Throne-Room-Figure-1.jpg","datePublished":"2021-11-19T20:39:48+00:00","dateModified":"2021-12-10T23:04:50+00:00","breadcrumb":{"@id":"https:\/\/endormoonstore.com\/star-wars-the-vintage-collection-emperors-throne-room-figure\/#breadcrumb"},"inLanguage":"en-US","potentialAction":[{"@type":"ReadAction","target":["https:\/\/endormoonstore.com\/star-wars-the-vintage-collection-emperors-throne-room-figure\/"]}]},{"@type":"ImageObject","inLanguage":"en-US","@id":"https:\/\/endormoonstore.com\/star-wars-the-vintage-collection-emperors-throne-room-figure\/#primaryimage","url":"https:\/\/endormoonstore.com\/wp-content\/uploads\/2021\/11\/Star-Wars-The-Vintage-Collection-Emperors-Throne-Room-Figure-1.jpg","contentUrl":"https:\/\/endormoonstore.com\/wp-content\/uploads\/2021\/11\/Star-Wars-The-Vintage-Collection-Emperors-Throne-Room-Figure-1.jpg","width":1000,"height":1000},{"@type":"BreadcrumbList","@id":"https:\/\/endormoonstore.com\/star-wars-the-vintage-collection-emperors-throne-room-figure\/#breadcrumb","itemListElement":[{"@type":"ListItem","position":1,"name":"Shop","item":"https:\/\/endormoonstore.com\/en\/shop\/"},{"@type":"ListItem","position":2,"name":"Star Wars The Vintage Collection Emperor\u2019s Throne Room Figure"}]},{"@type":"WebSite","@id":"https:\/\/endormoonstore.com\/#website","url":"https:\/\/endormoonstore.com\/","name":"EndormoonStore","description":"","potentialAction":[{"@type":"SearchAction","target":{"@type":"EntryPoint","urlTemplate":"https:\/\/endormoonstore.com\/?s={search_term_string}"},"query-input":{"@type":"PropertyValueSpecification","valueRequired":true,"valueName":"search_term_string"}}],"inLanguage":"en-US"}]}},"taxonomy_info":{"product_cat":[{"value":1390,"label":"Figures"}],"pa_brand":[{"value":2084,"label":"Hasbro"}],"pa_character":[{"value":6609,"label":"Emperor Palpatine"}],"pa_license":[{"value":1644,"label":"Star Wars"}],"pa_product-type":[{"value":6603,"label":"Diorama"}],"pa_theme":[{"value":1660,"label":"The Vintage Collection"}]},"featured_image_src_large":["https:\/\/endormoonstore.com\/wp-content\/uploads\/2021\/11\/Star-Wars-The-Vintage-Collection-Emperors-Throne-Room-Figure-1.jpg",1000,1000,false],"author_info":[],"comment_info":"","_links":{"self":[{"href":"https:\/\/endormoonstore.com\/en\/wp-json\/wp\/v2\/product\/119074","targetHints":{"allow":["GET"]}}],"collection":[{"href":"https:\/\/endormoonstore.com\/en\/wp-json\/wp\/v2\/product"}],"about":[{"href":"https:\/\/endormoonstore.com\/en\/wp-json\/wp\/v2\/types\/product"}],"wp:featuredmedia":[{"embeddable":true,"href":"https:\/\/endormoonstore.com\/en\/wp-json\/wp\/v2\/media\/119048"}],"wp:attachment":[{"href":"https:\/\/endormoonstore.com\/en\/wp-json\/wp\/v2\/media?parent=119074"}],"wp:term":[{"taxonomy":"product_cat","embeddable":true,"href":"https:\/\/endormoonstore.com\/en\/wp-json\/wp\/v2\/product_cat?post=119074"},{"taxonomy":"product_tag","embeddable":true,"href":"https:\/\/endormoonstore.com\/en\/wp-json\/wp\/v2\/product_tag?post=119074"}],"curies":[{"name":"wp","href":"https:\/\/api.w.org\/{rel}","templated":true}]}}