{"id":118949,"date":"2021-11-18T20:47:25","date_gmt":"2021-11-18T19:47:25","guid":{"rendered":"https:\/\/endormoonstore.com\/spenglers-neutrona-wand-ghostbusters-plasma-series\/"},"modified":"2021-11-18T21:32:34","modified_gmt":"2021-11-18T20:32:34","slug":"spenglers-neutrona-wand-ghostbusters-plasma-series","status":"publish","type":"product","link":"https:\/\/endormoonstore.com\/en\/spenglers-neutrona-wand-ghostbusters-plasma-series\/","title":{"rendered":"Spengler\u2019s Neutrona Wand Ghostbusters Plasma Series"},"content":{"rendered":"<p><strong>Spengler\u2019s Neutrona Wand Ghostbusters Plasma Series Replica Escala 1:1<\/strong><\/p>\n<ul>\n<li>\u00bfExperimenta sentimientos de pavor en su s\u00f3tano o \u00e1tico? Eso es lamentable, porque este elemento la Neutrona Wand roleplay no puede realmente capturar fantasmas. Ni siquiera estamos seguros de que los fantasmas sean reales. Ah\u00ed lo dejamos.<\/li>\n<li>Real o no, con esta Neutrona Wand roleplay de la serie de plasma de los Cazafantasmas, los fan pueden vestirse como parte del equipo de los Cazafantasmas e imaginarse capturando todo tipo de fantasmas aterradores y entidades ectopl\u00e1smicas espeluznantes.<\/li>\n<li>Con dise\u00f1o y decoraci\u00f3n de primera calidad, LED, efectos de sonido aut\u00e9nticos, ajuste de intensidad de vibraciones motorizadas, extensi\u00f3n de flujo con cuatro modos de bustin &#8216;\u00fanicos y soporte de pantalla, esta Neutrona Wand roleplay es tan divertida que da miedo.<\/li>\n<li>Hasbro Fans presenta la r\u00e9plica de la Spengler&#8217;s Neutrona Wand (pistola de neutrones) dentro de la Ghostbusters Plasma series.<\/li>\n<li>Se trata de una reproducci\u00f3n de alta calidad basado en el dise\u00f1o del artilugio creado por el Doctor Spengler para cazar espeluznantes fantasmas y horripilantes esp\u00edritus tal y como aparece en la pr\u00f3xima pel\u00edcula de la franquicia en &#8220;Ghostbusters: Afterlife (2021).<\/li>\n<li>Un objeto de de coleccionismo que los fans de Cazafantasmas sabr\u00e1n apreciar.<\/li>\n<li>Se requieren pilas Alcalinas X3 1.5V AA. No incluidas<\/li>\n<\/ul>\n","protected":false},"excerpt":{"rendered":"<p><strong>Spengler\u2019s Neutrona Wand Ghostbusters Plasma Series Replica Escala 1:1<\/strong><\/p>\n<p>\u00bfExperimenta sentimientos de pavor en su s\u00f3tano o \u00e1tico? Eso es lamentable, porque este elemento la Neutrona Wand roleplay no puede realmente capturar fantasmas. Ni siquiera estamos seguros de que los fantasmas sean reales. Ah\u00ed lo dejamos.<\/p>\n<p>&nbsp;<\/p>\n","protected":false},"featured_media":118931,"template":"","meta":{"_acf_changed":false,"_kad_blocks_custom_css":"","_kad_blocks_head_custom_js":"","_kad_blocks_body_custom_js":"","_kad_blocks_footer_custom_js":""},"product_cat":[1390],"product_tag":[],"class_list":{"0":"post-118949","1":"product","2":"type-product","3":"status-publish","4":"has-post-thumbnail","6":"product_cat-figures","7":"pa_brand-hasbro-en","8":"pa_character-spenglers-neutrona-wand-en","9":"pa_license-ghostbusters-en","10":"pa_product-type-replica-en","11":"pa_theme-serie-plasma-en","13":"first","14":"outofstock","15":"taxable","16":"shipping-taxable","17":"purchasable","18":"product-type-simple"},"acf":[],"yoast_head":"<!-- This site is optimized with the Yoast SEO plugin v26.1.1 - https:\/\/yoast.com\/wordpress\/plugins\/seo\/ -->\n<title>Spengler\u2019s Neutrona Wand Ghostbusters Plasma Series - EndormoonStore<\/title>\n<meta name=\"robots\" content=\"index, follow, max-snippet:-1, max-image-preview:large, max-video-preview:-1\" \/>\n<link rel=\"canonical\" href=\"https:\/\/endormoonstore.com\/en\/spenglers-neutrona-wand-ghostbusters-plasma-series\/\" \/>\n<meta property=\"og:locale\" content=\"en_US\" \/>\n<meta property=\"og:type\" content=\"article\" \/>\n<meta property=\"og:title\" content=\"Spengler\u2019s Neutrona Wand Ghostbusters Plasma Series - EndormoonStore\" \/>\n<meta property=\"og:description\" content=\"Spengler\u2019s Neutrona Wand Ghostbusters Plasma Series Replica Escala 1:1  \u00bfExperimenta sentimientos de pavor en su s\u00f3tano o \u00e1tico? Eso es lamentable, porque este elemento la Neutrona Wand roleplay no puede realmente capturar fantasmas. Ni siquiera estamos seguros de que los fantasmas sean reales. Ah\u00ed lo dejamos.  &nbsp;\" \/>\n<meta property=\"og:url\" content=\"https:\/\/endormoonstore.com\/en\/spenglers-neutrona-wand-ghostbusters-plasma-series\/\" \/>\n<meta property=\"og:site_name\" content=\"EndormoonStore\" \/>\n<meta property=\"article:modified_time\" content=\"2021-11-18T20:32:34+00:00\" \/>\n<meta property=\"og:image\" content=\"https:\/\/endormoonstore.com\/wp-content\/uploads\/2021\/11\/Spenglers-Neutrona-Wand-Ghostbusters-Plasma-Series-2.jpg\" \/>\n\t<meta property=\"og:image:width\" content=\"1000\" \/>\n\t<meta property=\"og:image:height\" content=\"1000\" \/>\n\t<meta property=\"og:image:type\" content=\"image\/jpeg\" \/>\n<meta name=\"twitter:card\" content=\"summary_large_image\" \/>\n<meta name=\"twitter:label1\" content=\"Est. reading time\" \/>\n\t<meta name=\"twitter:data1\" content=\"1 minute\" \/>\n<script type=\"application\/ld+json\" class=\"yoast-schema-graph\">{\"@context\":\"https:\/\/schema.org\",\"@graph\":[{\"@type\":\"WebPage\",\"@id\":\"https:\/\/endormoonstore.com\/en\/spenglers-neutrona-wand-ghostbusters-plasma-series\/\",\"url\":\"https:\/\/endormoonstore.com\/en\/spenglers-neutrona-wand-ghostbusters-plasma-series\/\",\"name\":\"Spengler\u2019s Neutrona Wand Ghostbusters Plasma Series - EndormoonStore\",\"isPartOf\":{\"@id\":\"https:\/\/endormoonstore.com\/#website\"},\"primaryImageOfPage\":{\"@id\":\"https:\/\/endormoonstore.com\/en\/spenglers-neutrona-wand-ghostbusters-plasma-series\/#primaryimage\"},\"image\":{\"@id\":\"https:\/\/endormoonstore.com\/en\/spenglers-neutrona-wand-ghostbusters-plasma-series\/#primaryimage\"},\"thumbnailUrl\":\"https:\/\/endormoonstore.com\/wp-content\/uploads\/2021\/11\/Spenglers-Neutrona-Wand-Ghostbusters-Plasma-Series-2.jpg\",\"datePublished\":\"2021-11-18T19:47:25+00:00\",\"dateModified\":\"2021-11-18T20:32:34+00:00\",\"breadcrumb\":{\"@id\":\"https:\/\/endormoonstore.com\/en\/spenglers-neutrona-wand-ghostbusters-plasma-series\/#breadcrumb\"},\"inLanguage\":\"en-US\",\"potentialAction\":[{\"@type\":\"ReadAction\",\"target\":[\"https:\/\/endormoonstore.com\/en\/spenglers-neutrona-wand-ghostbusters-plasma-series\/\"]}]},{\"@type\":\"ImageObject\",\"inLanguage\":\"en-US\",\"@id\":\"https:\/\/endormoonstore.com\/en\/spenglers-neutrona-wand-ghostbusters-plasma-series\/#primaryimage\",\"url\":\"https:\/\/endormoonstore.com\/wp-content\/uploads\/2021\/11\/Spenglers-Neutrona-Wand-Ghostbusters-Plasma-Series-2.jpg\",\"contentUrl\":\"https:\/\/endormoonstore.com\/wp-content\/uploads\/2021\/11\/Spenglers-Neutrona-Wand-Ghostbusters-Plasma-Series-2.jpg\",\"width\":1000,\"height\":1000},{\"@type\":\"BreadcrumbList\",\"@id\":\"https:\/\/endormoonstore.com\/en\/spenglers-neutrona-wand-ghostbusters-plasma-series\/#breadcrumb\",\"itemListElement\":[{\"@type\":\"ListItem\",\"position\":1,\"name\":\"Shop\",\"item\":\"https:\/\/endormoonstore.com\/en\/shop\/\"},{\"@type\":\"ListItem\",\"position\":2,\"name\":\"Spengler\u2019s Neutrona Wand Ghostbusters Plasma Series\"}]},{\"@type\":\"WebSite\",\"@id\":\"https:\/\/endormoonstore.com\/#website\",\"url\":\"https:\/\/endormoonstore.com\/\",\"name\":\"EndormoonStore\",\"description\":\"\",\"potentialAction\":[{\"@type\":\"SearchAction\",\"target\":{\"@type\":\"EntryPoint\",\"urlTemplate\":\"https:\/\/endormoonstore.com\/?s={search_term_string}\"},\"query-input\":{\"@type\":\"PropertyValueSpecification\",\"valueRequired\":true,\"valueName\":\"search_term_string\"}}],\"inLanguage\":\"en-US\"}]}<\/script>\n<!-- \/ Yoast SEO plugin. -->","yoast_head_json":{"title":"Spengler\u2019s Neutrona Wand Ghostbusters Plasma Series - EndormoonStore","robots":{"index":"index","follow":"follow","max-snippet":"max-snippet:-1","max-image-preview":"max-image-preview:large","max-video-preview":"max-video-preview:-1"},"canonical":"https:\/\/endormoonstore.com\/en\/spenglers-neutrona-wand-ghostbusters-plasma-series\/","og_locale":"en_US","og_type":"article","og_title":"Spengler\u2019s Neutrona Wand Ghostbusters Plasma Series - EndormoonStore","og_description":"Spengler\u2019s Neutrona Wand Ghostbusters Plasma Series Replica Escala 1:1  \u00bfExperimenta sentimientos de pavor en su s\u00f3tano o \u00e1tico? Eso es lamentable, porque este elemento la Neutrona Wand roleplay no puede realmente capturar fantasmas. Ni siquiera estamos seguros de que los fantasmas sean reales. Ah\u00ed lo dejamos.  &nbsp;","og_url":"https:\/\/endormoonstore.com\/en\/spenglers-neutrona-wand-ghostbusters-plasma-series\/","og_site_name":"EndormoonStore","article_modified_time":"2021-11-18T20:32:34+00:00","og_image":[{"width":1000,"height":1000,"url":"https:\/\/endormoonstore.com\/wp-content\/uploads\/2021\/11\/Spenglers-Neutrona-Wand-Ghostbusters-Plasma-Series-2.jpg","type":"image\/jpeg"}],"twitter_card":"summary_large_image","twitter_misc":{"Est. reading time":"1 minute"},"schema":{"@context":"https:\/\/schema.org","@graph":[{"@type":"WebPage","@id":"https:\/\/endormoonstore.com\/en\/spenglers-neutrona-wand-ghostbusters-plasma-series\/","url":"https:\/\/endormoonstore.com\/en\/spenglers-neutrona-wand-ghostbusters-plasma-series\/","name":"Spengler\u2019s Neutrona Wand Ghostbusters Plasma Series - EndormoonStore","isPartOf":{"@id":"https:\/\/endormoonstore.com\/#website"},"primaryImageOfPage":{"@id":"https:\/\/endormoonstore.com\/en\/spenglers-neutrona-wand-ghostbusters-plasma-series\/#primaryimage"},"image":{"@id":"https:\/\/endormoonstore.com\/en\/spenglers-neutrona-wand-ghostbusters-plasma-series\/#primaryimage"},"thumbnailUrl":"https:\/\/endormoonstore.com\/wp-content\/uploads\/2021\/11\/Spenglers-Neutrona-Wand-Ghostbusters-Plasma-Series-2.jpg","datePublished":"2021-11-18T19:47:25+00:00","dateModified":"2021-11-18T20:32:34+00:00","breadcrumb":{"@id":"https:\/\/endormoonstore.com\/en\/spenglers-neutrona-wand-ghostbusters-plasma-series\/#breadcrumb"},"inLanguage":"en-US","potentialAction":[{"@type":"ReadAction","target":["https:\/\/endormoonstore.com\/en\/spenglers-neutrona-wand-ghostbusters-plasma-series\/"]}]},{"@type":"ImageObject","inLanguage":"en-US","@id":"https:\/\/endormoonstore.com\/en\/spenglers-neutrona-wand-ghostbusters-plasma-series\/#primaryimage","url":"https:\/\/endormoonstore.com\/wp-content\/uploads\/2021\/11\/Spenglers-Neutrona-Wand-Ghostbusters-Plasma-Series-2.jpg","contentUrl":"https:\/\/endormoonstore.com\/wp-content\/uploads\/2021\/11\/Spenglers-Neutrona-Wand-Ghostbusters-Plasma-Series-2.jpg","width":1000,"height":1000},{"@type":"BreadcrumbList","@id":"https:\/\/endormoonstore.com\/en\/spenglers-neutrona-wand-ghostbusters-plasma-series\/#breadcrumb","itemListElement":[{"@type":"ListItem","position":1,"name":"Shop","item":"https:\/\/endormoonstore.com\/en\/shop\/"},{"@type":"ListItem","position":2,"name":"Spengler\u2019s Neutrona Wand Ghostbusters Plasma Series"}]},{"@type":"WebSite","@id":"https:\/\/endormoonstore.com\/#website","url":"https:\/\/endormoonstore.com\/","name":"EndormoonStore","description":"","potentialAction":[{"@type":"SearchAction","target":{"@type":"EntryPoint","urlTemplate":"https:\/\/endormoonstore.com\/?s={search_term_string}"},"query-input":{"@type":"PropertyValueSpecification","valueRequired":true,"valueName":"search_term_string"}}],"inLanguage":"en-US"}]}},"taxonomy_info":{"product_cat":[{"value":1390,"label":"Figures"}],"pa_brand":[{"value":2084,"label":"Hasbro"}],"pa_character":[{"value":10455,"label":"Spengler's Neutrona Wand"}],"pa_license":[{"value":4937,"label":"Ghostbusters"}],"pa_product-type":[{"value":4076,"label":"Replica"}],"pa_theme":[{"value":4964,"label":"Serie Plasma"}]},"featured_image_src_large":["https:\/\/endormoonstore.com\/wp-content\/uploads\/2021\/11\/Spenglers-Neutrona-Wand-Ghostbusters-Plasma-Series-2.jpg",1000,1000,false],"author_info":[],"comment_info":"","_links":{"self":[{"href":"https:\/\/endormoonstore.com\/en\/wp-json\/wp\/v2\/product\/118949","targetHints":{"allow":["GET"]}}],"collection":[{"href":"https:\/\/endormoonstore.com\/en\/wp-json\/wp\/v2\/product"}],"about":[{"href":"https:\/\/endormoonstore.com\/en\/wp-json\/wp\/v2\/types\/product"}],"wp:featuredmedia":[{"embeddable":true,"href":"https:\/\/endormoonstore.com\/en\/wp-json\/wp\/v2\/media\/118931"}],"wp:attachment":[{"href":"https:\/\/endormoonstore.com\/en\/wp-json\/wp\/v2\/media?parent=118949"}],"wp:term":[{"taxonomy":"product_cat","embeddable":true,"href":"https:\/\/endormoonstore.com\/en\/wp-json\/wp\/v2\/product_cat?post=118949"},{"taxonomy":"product_tag","embeddable":true,"href":"https:\/\/endormoonstore.com\/en\/wp-json\/wp\/v2\/product_tag?post=118949"}],"curies":[{"name":"wp","href":"https:\/\/api.w.org\/{rel}","templated":true}]}}