{"id":118736,"date":"2021-11-12T21:05:10","date_gmt":"2021-11-12T20:05:10","guid":{"rendered":"https:\/\/endormoonstore.com\/super-saiyan-god-super-saiyan-goku-super-dragon-ball-super-broly-s-h-figuarts\/"},"modified":"2022-06-22T10:07:38","modified_gmt":"2022-06-22T08:07:38","slug":"super-saiyan-god-super-saiyan-goku-super-dragon-ball-super-broly-s-h-figuarts","status":"publish","type":"product","link":"https:\/\/endormoonstore.com\/en\/super-saiyan-god-super-saiyan-goku-super-dragon-ball-super-broly-s-h-figuarts\/","title":{"rendered":"Super Saiyan God Super Saiyan Goku Super Dragon Ball Super Broly S.H Figuarts"},"content":{"rendered":"<p><strong>Super Saiyan God Super Saiyan Goku Super Dragon Ball Super Broly S.H Figuarts Figura 14 cm<\/strong><\/p>\n<ul>\n<li>Tamashii Nations relanza la nueva versi\u00f3n de Super Saiyan God Super Saiyan Son Goku en la versi\u00f3n de la nueva pel\u00edcula Dragon Ball Super: Broly, para la colecci\u00f3n de figuras S.H. Figuarts.<\/li>\n<li>La figura totalmente articulada mide unos 14 cm y esta hecha en PVC.<\/li>\n<li>Incluye como accesorios manos intercambiables (3 x Izquierda, 4 x derecha) y 3 expresiones faciales.<\/li>\n<\/ul>\n<p>&nbsp;<\/p>\n","protected":false},"excerpt":{"rendered":"<p><strong>Super Saiyan God Super Saiyan Goku Super Dragon Ball Super Broly S.H Figuarts Figura 14 cm<\/strong><\/p>\n<p>Tamashii Nations relanza la nueva versi\u00f3n de Super Saiyan God Super Saiyan Son Goku en la versi\u00f3n de la nueva pel\u00edcula Dragon Ball Super: Broly, para la colecci\u00f3n de figuras S.H. Figuarts.<\/p>\n","protected":false},"featured_media":70808,"template":"","meta":{"_acf_changed":false,"_kad_blocks_custom_css":"","_kad_blocks_head_custom_js":"","_kad_blocks_body_custom_js":"","_kad_blocks_footer_custom_js":""},"product_cat":[1390],"product_tag":[],"class_list":{"0":"post-118736","1":"product","2":"type-product","3":"status-publish","4":"has-post-thumbnail","6":"product_cat-figures","7":"pa_brand-tamashii-nations-en","8":"pa_character-son-goku-en","9":"pa_license-dragon-ball-en","10":"pa_product-type-figure","11":"pa_theme-s-h-figuarts-en","13":"first","14":"outofstock","15":"taxable","16":"shipping-taxable","17":"purchasable","18":"product-type-simple"},"acf":[],"yoast_head":"<!-- This site is optimized with the Yoast SEO plugin v26.1.1 - https:\/\/yoast.com\/wordpress\/plugins\/seo\/ -->\n<title>Super Saiyan God Super Saiyan Goku Super Dragon Ball Super Broly S.H Figuarts - EndormoonStore<\/title>\n<meta name=\"robots\" content=\"index, follow, max-snippet:-1, max-image-preview:large, max-video-preview:-1\" \/>\n<link rel=\"canonical\" href=\"https:\/\/endormoonstore.com\/en\/super-saiyan-god-super-saiyan-goku-super-dragon-ball-super-broly-s-h-figuarts\/\" \/>\n<meta property=\"og:locale\" content=\"en_US\" \/>\n<meta property=\"og:type\" content=\"article\" \/>\n<meta property=\"og:title\" content=\"Super Saiyan God Super Saiyan Goku Super Dragon Ball Super Broly S.H Figuarts - EndormoonStore\" \/>\n<meta property=\"og:description\" content=\"Super Saiyan God Super Saiyan Goku Super Dragon Ball Super Broly S.H Figuarts Figura 14 cm  Tamashii Nations relanza la nueva versi\u00f3n de Super Saiyan God Super Saiyan Son Goku en la versi\u00f3n de la nueva pel\u00edcula Dragon Ball Super: Broly, para la colecci\u00f3n de figuras S.H. Figuarts.\" \/>\n<meta property=\"og:url\" content=\"https:\/\/endormoonstore.com\/en\/super-saiyan-god-super-saiyan-goku-super-dragon-ball-super-broly-s-h-figuarts\/\" \/>\n<meta property=\"og:site_name\" content=\"EndormoonStore\" \/>\n<meta property=\"article:modified_time\" content=\"2022-06-22T08:07:38+00:00\" \/>\n<meta property=\"og:image\" content=\"https:\/\/endormoonstore.com\/wp-content\/uploads\/2019\/02\/super_saiyan_god_super_saiyan_goku_super_figura_14_cm_dragon_ball_super_broly_sh_figuarts-1.jpg\" \/>\n\t<meta property=\"og:image:width\" content=\"849\" \/>\n\t<meta property=\"og:image:height\" content=\"1200\" \/>\n\t<meta property=\"og:image:type\" content=\"image\/jpeg\" \/>\n<meta name=\"twitter:card\" content=\"summary_large_image\" \/>\n<meta name=\"twitter:label1\" content=\"Est. reading time\" \/>\n\t<meta name=\"twitter:data1\" content=\"1 minute\" \/>\n<script type=\"application\/ld+json\" class=\"yoast-schema-graph\">{\"@context\":\"https:\/\/schema.org\",\"@graph\":[{\"@type\":\"WebPage\",\"@id\":\"https:\/\/endormoonstore.com\/en\/super-saiyan-god-super-saiyan-goku-super-dragon-ball-super-broly-s-h-figuarts\/\",\"url\":\"https:\/\/endormoonstore.com\/en\/super-saiyan-god-super-saiyan-goku-super-dragon-ball-super-broly-s-h-figuarts\/\",\"name\":\"Super Saiyan God Super Saiyan Goku Super Dragon Ball Super Broly S.H Figuarts - EndormoonStore\",\"isPartOf\":{\"@id\":\"https:\/\/endormoonstore.com\/#website\"},\"primaryImageOfPage\":{\"@id\":\"https:\/\/endormoonstore.com\/en\/super-saiyan-god-super-saiyan-goku-super-dragon-ball-super-broly-s-h-figuarts\/#primaryimage\"},\"image\":{\"@id\":\"https:\/\/endormoonstore.com\/en\/super-saiyan-god-super-saiyan-goku-super-dragon-ball-super-broly-s-h-figuarts\/#primaryimage\"},\"thumbnailUrl\":\"https:\/\/endormoonstore.com\/wp-content\/uploads\/2019\/02\/super_saiyan_god_super_saiyan_goku_super_figura_14_cm_dragon_ball_super_broly_sh_figuarts-1.jpg\",\"datePublished\":\"2021-11-12T20:05:10+00:00\",\"dateModified\":\"2022-06-22T08:07:38+00:00\",\"breadcrumb\":{\"@id\":\"https:\/\/endormoonstore.com\/en\/super-saiyan-god-super-saiyan-goku-super-dragon-ball-super-broly-s-h-figuarts\/#breadcrumb\"},\"inLanguage\":\"en-US\",\"potentialAction\":[{\"@type\":\"ReadAction\",\"target\":[\"https:\/\/endormoonstore.com\/en\/super-saiyan-god-super-saiyan-goku-super-dragon-ball-super-broly-s-h-figuarts\/\"]}]},{\"@type\":\"ImageObject\",\"inLanguage\":\"en-US\",\"@id\":\"https:\/\/endormoonstore.com\/en\/super-saiyan-god-super-saiyan-goku-super-dragon-ball-super-broly-s-h-figuarts\/#primaryimage\",\"url\":\"https:\/\/endormoonstore.com\/wp-content\/uploads\/2019\/02\/super_saiyan_god_super_saiyan_goku_super_figura_14_cm_dragon_ball_super_broly_sh_figuarts-1.jpg\",\"contentUrl\":\"https:\/\/endormoonstore.com\/wp-content\/uploads\/2019\/02\/super_saiyan_god_super_saiyan_goku_super_figura_14_cm_dragon_ball_super_broly_sh_figuarts-1.jpg\",\"width\":849,\"height\":1200},{\"@type\":\"BreadcrumbList\",\"@id\":\"https:\/\/endormoonstore.com\/en\/super-saiyan-god-super-saiyan-goku-super-dragon-ball-super-broly-s-h-figuarts\/#breadcrumb\",\"itemListElement\":[{\"@type\":\"ListItem\",\"position\":1,\"name\":\"Shop\",\"item\":\"https:\/\/endormoonstore.com\/en\/shop\/\"},{\"@type\":\"ListItem\",\"position\":2,\"name\":\"Super Saiyan God Super Saiyan Goku Super Dragon Ball Super Broly S.H Figuarts\"}]},{\"@type\":\"WebSite\",\"@id\":\"https:\/\/endormoonstore.com\/#website\",\"url\":\"https:\/\/endormoonstore.com\/\",\"name\":\"EndormoonStore\",\"description\":\"\",\"potentialAction\":[{\"@type\":\"SearchAction\",\"target\":{\"@type\":\"EntryPoint\",\"urlTemplate\":\"https:\/\/endormoonstore.com\/?s={search_term_string}\"},\"query-input\":{\"@type\":\"PropertyValueSpecification\",\"valueRequired\":true,\"valueName\":\"search_term_string\"}}],\"inLanguage\":\"en-US\"}]}<\/script>\n<!-- \/ Yoast SEO plugin. -->","yoast_head_json":{"title":"Super Saiyan God Super Saiyan Goku Super Dragon Ball Super Broly S.H Figuarts - EndormoonStore","robots":{"index":"index","follow":"follow","max-snippet":"max-snippet:-1","max-image-preview":"max-image-preview:large","max-video-preview":"max-video-preview:-1"},"canonical":"https:\/\/endormoonstore.com\/en\/super-saiyan-god-super-saiyan-goku-super-dragon-ball-super-broly-s-h-figuarts\/","og_locale":"en_US","og_type":"article","og_title":"Super Saiyan God Super Saiyan Goku Super Dragon Ball Super Broly S.H Figuarts - EndormoonStore","og_description":"Super Saiyan God Super Saiyan Goku Super Dragon Ball Super Broly S.H Figuarts Figura 14 cm  Tamashii Nations relanza la nueva versi\u00f3n de Super Saiyan God Super Saiyan Son Goku en la versi\u00f3n de la nueva pel\u00edcula Dragon Ball Super: Broly, para la colecci\u00f3n de figuras S.H. Figuarts.","og_url":"https:\/\/endormoonstore.com\/en\/super-saiyan-god-super-saiyan-goku-super-dragon-ball-super-broly-s-h-figuarts\/","og_site_name":"EndormoonStore","article_modified_time":"2022-06-22T08:07:38+00:00","og_image":[{"width":849,"height":1200,"url":"https:\/\/endormoonstore.com\/wp-content\/uploads\/2019\/02\/super_saiyan_god_super_saiyan_goku_super_figura_14_cm_dragon_ball_super_broly_sh_figuarts-1.jpg","type":"image\/jpeg"}],"twitter_card":"summary_large_image","twitter_misc":{"Est. reading time":"1 minute"},"schema":{"@context":"https:\/\/schema.org","@graph":[{"@type":"WebPage","@id":"https:\/\/endormoonstore.com\/en\/super-saiyan-god-super-saiyan-goku-super-dragon-ball-super-broly-s-h-figuarts\/","url":"https:\/\/endormoonstore.com\/en\/super-saiyan-god-super-saiyan-goku-super-dragon-ball-super-broly-s-h-figuarts\/","name":"Super Saiyan God Super Saiyan Goku Super Dragon Ball Super Broly S.H Figuarts - EndormoonStore","isPartOf":{"@id":"https:\/\/endormoonstore.com\/#website"},"primaryImageOfPage":{"@id":"https:\/\/endormoonstore.com\/en\/super-saiyan-god-super-saiyan-goku-super-dragon-ball-super-broly-s-h-figuarts\/#primaryimage"},"image":{"@id":"https:\/\/endormoonstore.com\/en\/super-saiyan-god-super-saiyan-goku-super-dragon-ball-super-broly-s-h-figuarts\/#primaryimage"},"thumbnailUrl":"https:\/\/endormoonstore.com\/wp-content\/uploads\/2019\/02\/super_saiyan_god_super_saiyan_goku_super_figura_14_cm_dragon_ball_super_broly_sh_figuarts-1.jpg","datePublished":"2021-11-12T20:05:10+00:00","dateModified":"2022-06-22T08:07:38+00:00","breadcrumb":{"@id":"https:\/\/endormoonstore.com\/en\/super-saiyan-god-super-saiyan-goku-super-dragon-ball-super-broly-s-h-figuarts\/#breadcrumb"},"inLanguage":"en-US","potentialAction":[{"@type":"ReadAction","target":["https:\/\/endormoonstore.com\/en\/super-saiyan-god-super-saiyan-goku-super-dragon-ball-super-broly-s-h-figuarts\/"]}]},{"@type":"ImageObject","inLanguage":"en-US","@id":"https:\/\/endormoonstore.com\/en\/super-saiyan-god-super-saiyan-goku-super-dragon-ball-super-broly-s-h-figuarts\/#primaryimage","url":"https:\/\/endormoonstore.com\/wp-content\/uploads\/2019\/02\/super_saiyan_god_super_saiyan_goku_super_figura_14_cm_dragon_ball_super_broly_sh_figuarts-1.jpg","contentUrl":"https:\/\/endormoonstore.com\/wp-content\/uploads\/2019\/02\/super_saiyan_god_super_saiyan_goku_super_figura_14_cm_dragon_ball_super_broly_sh_figuarts-1.jpg","width":849,"height":1200},{"@type":"BreadcrumbList","@id":"https:\/\/endormoonstore.com\/en\/super-saiyan-god-super-saiyan-goku-super-dragon-ball-super-broly-s-h-figuarts\/#breadcrumb","itemListElement":[{"@type":"ListItem","position":1,"name":"Shop","item":"https:\/\/endormoonstore.com\/en\/shop\/"},{"@type":"ListItem","position":2,"name":"Super Saiyan God Super Saiyan Goku Super Dragon Ball Super Broly S.H Figuarts"}]},{"@type":"WebSite","@id":"https:\/\/endormoonstore.com\/#website","url":"https:\/\/endormoonstore.com\/","name":"EndormoonStore","description":"","potentialAction":[{"@type":"SearchAction","target":{"@type":"EntryPoint","urlTemplate":"https:\/\/endormoonstore.com\/?s={search_term_string}"},"query-input":{"@type":"PropertyValueSpecification","valueRequired":true,"valueName":"search_term_string"}}],"inLanguage":"en-US"}]}},"taxonomy_info":{"product_cat":[{"value":1390,"label":"Figures"}],"pa_brand":[{"value":2096,"label":"Tamashii Nations"}],"pa_character":[{"value":2234,"label":"Son Goku"}],"pa_license":[{"value":2240,"label":"Dragon Ball"}],"pa_product-type":[{"value":2387,"label":"Figure"}],"pa_theme":[{"value":1813,"label":"S.H. Figuarts"}]},"featured_image_src_large":["https:\/\/endormoonstore.com\/wp-content\/uploads\/2019\/02\/super_saiyan_god_super_saiyan_goku_super_figura_14_cm_dragon_ball_super_broly_sh_figuarts-1-724x1024.jpg",724,1024,true],"author_info":[],"comment_info":"","_links":{"self":[{"href":"https:\/\/endormoonstore.com\/en\/wp-json\/wp\/v2\/product\/118736","targetHints":{"allow":["GET"]}}],"collection":[{"href":"https:\/\/endormoonstore.com\/en\/wp-json\/wp\/v2\/product"}],"about":[{"href":"https:\/\/endormoonstore.com\/en\/wp-json\/wp\/v2\/types\/product"}],"wp:featuredmedia":[{"embeddable":true,"href":"https:\/\/endormoonstore.com\/en\/wp-json\/wp\/v2\/media\/70808"}],"wp:attachment":[{"href":"https:\/\/endormoonstore.com\/en\/wp-json\/wp\/v2\/media?parent=118736"}],"wp:term":[{"taxonomy":"product_cat","embeddable":true,"href":"https:\/\/endormoonstore.com\/en\/wp-json\/wp\/v2\/product_cat?post=118736"},{"taxonomy":"product_tag","embeddable":true,"href":"https:\/\/endormoonstore.com\/en\/wp-json\/wp\/v2\/product_tag?post=118736"}],"curies":[{"name":"wp","href":"https:\/\/api.w.org\/{rel}","templated":true}]}}