{"id":118336,"date":"2021-11-07T22:37:04","date_gmt":"2021-11-07T21:37:04","guid":{"rendered":"https:\/\/endormoonstore.com\/star-wars-the-black-series-princess-leia-organa-yavin-4-the-power-of-the-force-50th-lucasfilm\/"},"modified":"2022-01-03T22:32:34","modified_gmt":"2022-01-03T21:32:34","slug":"star-wars-the-black-series-princess-leia-organa-yavin-4-the-power-of-the-force-50th-lucasfilm","status":"publish","type":"product","link":"https:\/\/endormoonstore.com\/en\/star-wars-the-black-series-princess-leia-organa-yavin-4-the-power-of-the-force-50th-lucasfilm\/","title":{"rendered":"Star Wars The Black Series Princess Leia Organa (Yavin 4) The Power Of The Force 50th LucasFilm"},"content":{"rendered":"<div class=\"pull-left margenDatosSecundarios\">\n<div id=\"ctl00_MainContent_dvSinopsis\" class=\"pull-left w100\">\n<p><strong>Star Wars The Black Series Princess Leia Organa (Yavin 4) The Power Of The Force 50th LucasFilm Figure 15 cm<\/strong><\/p>\n<ul>\n<li>Hasbro presenta dentro de su colecci\u00f3n Black Series The Power of The Force, y celebrando el 50 aniversario de Lucasfilm, la figura de Princess Leia Organa (Yavin 4), basada en el universo Star Wars.<\/li>\n<li>Tal y como sale al final de la pel\u00edcula Star Wars: Una Nueva Eperanza<\/li>\n<li>Leia Organa fue una de las l\u00edderes m\u00e1s importantes de la Alianza Rebelde, intr\u00e9pida en el campo de batalla y dedicada a acabar con la tiran\u00eda del Imperio.\u00a0.<\/li>\n<li>Se trata de una figura articulada premiun de unos 15 cm hecha en PVC.<\/li>\n<li>Incluye una figura y una medalla de la Valent\u00eda.<\/li>\n<\/ul>\n<\/div>\n<\/div>\n<p>&nbsp;<\/p>\n<p>&nbsp;<\/p>\n<p>&nbsp;<\/p>\n<p>&nbsp;<\/p>\n","protected":false},"excerpt":{"rendered":"<p><strong>Star Wars The Black Series Princess Leia Organa (Yavin 4) The Power Of The Force 50th LucasFilm Figure 15 cm<\/strong><\/p>\n<p>Hasbro presenta dentro de su colecci\u00f3n Black Series The Power of The Force, y celebrando el 50 aniversario de Lucasfilm, la figura de Princess Leia Organa (Yavin 4), basada en el universo Star Wars.<\/p>\n","protected":false},"featured_media":118321,"template":"","meta":{"_acf_changed":false,"_kad_blocks_custom_css":"","_kad_blocks_head_custom_js":"","_kad_blocks_body_custom_js":"","_kad_blocks_footer_custom_js":""},"product_cat":[1390],"product_tag":[],"class_list":{"0":"post-118336","1":"product","2":"type-product","3":"status-publish","4":"has-post-thumbnail","6":"product_cat-figures","7":"pa_brand-hasbro-en","8":"pa_character-leia-organa-en","9":"pa_episode-star-wars-a-new-hope","10":"pa_license-star-wars-en","11":"pa_product-type-figure","12":"pa_theme-the-black-series-50th-lucasfilm-en","14":"first","15":"instock","16":"taxable","17":"shipping-taxable","18":"purchasable","19":"product-type-simple"},"acf":[],"yoast_head":"<!-- This site is optimized with the Yoast SEO plugin v26.1.1 - https:\/\/yoast.com\/wordpress\/plugins\/seo\/ -->\n<title>Star Wars The Black Series Princess Leia Organa (Yavin 4) The Power Of The Force 50th LucasFilm - EndormoonStore<\/title>\n<meta name=\"robots\" content=\"index, follow, max-snippet:-1, max-image-preview:large, max-video-preview:-1\" \/>\n<link rel=\"canonical\" href=\"https:\/\/endormoonstore.com\/star-wars-the-black-series-princess-leia-organa-yavin-4-the-power-of-the-force-50th-lucasfilm\/\" \/>\n<meta property=\"og:locale\" content=\"en_US\" \/>\n<meta property=\"og:type\" content=\"article\" \/>\n<meta property=\"og:title\" content=\"Star Wars The Black Series Princess Leia Organa (Yavin 4) The Power Of The Force 50th LucasFilm - EndormoonStore\" \/>\n<meta property=\"og:description\" content=\"Star Wars The Black Series Princess Leia Organa (Yavin 4) The Power Of The Force 50th LucasFilm Figure 15 cm  Hasbro presenta dentro de su colecci\u00f3n Black Series The Power of The Force, y celebrando el 50 aniversario de Lucasfilm, la figura de Princess Leia Organa (Yavin 4), basada en el universo Star Wars.\" \/>\n<meta property=\"og:url\" content=\"https:\/\/endormoonstore.com\/star-wars-the-black-series-princess-leia-organa-yavin-4-the-power-of-the-force-50th-lucasfilm\/\" \/>\n<meta property=\"og:site_name\" content=\"EndormoonStore\" \/>\n<meta property=\"article:modified_time\" content=\"2022-01-03T21:32:34+00:00\" \/>\n<meta property=\"og:image\" content=\"https:\/\/endormoonstore.com\/wp-content\/uploads\/2021\/11\/Star-Wars-The-Black-Series-Princess-Leia-Organa-Yavin-4-Lucasfilm-50th-Anniversary-The-Power-of-the-Force-Figura-1.jpg\" \/>\n\t<meta property=\"og:image:width\" content=\"1000\" \/>\n\t<meta property=\"og:image:height\" content=\"1000\" \/>\n\t<meta property=\"og:image:type\" content=\"image\/jpeg\" \/>\n<meta name=\"twitter:card\" content=\"summary_large_image\" \/>\n<meta name=\"twitter:label1\" content=\"Est. reading time\" \/>\n\t<meta name=\"twitter:data1\" content=\"1 minute\" \/>\n<script type=\"application\/ld+json\" class=\"yoast-schema-graph\">{\"@context\":\"https:\/\/schema.org\",\"@graph\":[{\"@type\":\"WebPage\",\"@id\":\"https:\/\/endormoonstore.com\/star-wars-the-black-series-princess-leia-organa-yavin-4-the-power-of-the-force-50th-lucasfilm\/\",\"url\":\"https:\/\/endormoonstore.com\/star-wars-the-black-series-princess-leia-organa-yavin-4-the-power-of-the-force-50th-lucasfilm\/\",\"name\":\"Star Wars The Black Series Princess Leia Organa (Yavin 4) The Power Of The Force 50th LucasFilm - EndormoonStore\",\"isPartOf\":{\"@id\":\"https:\/\/endormoonstore.com\/#website\"},\"primaryImageOfPage\":{\"@id\":\"https:\/\/endormoonstore.com\/star-wars-the-black-series-princess-leia-organa-yavin-4-the-power-of-the-force-50th-lucasfilm\/#primaryimage\"},\"image\":{\"@id\":\"https:\/\/endormoonstore.com\/star-wars-the-black-series-princess-leia-organa-yavin-4-the-power-of-the-force-50th-lucasfilm\/#primaryimage\"},\"thumbnailUrl\":\"https:\/\/endormoonstore.com\/wp-content\/uploads\/2021\/11\/Star-Wars-The-Black-Series-Princess-Leia-Organa-Yavin-4-Lucasfilm-50th-Anniversary-The-Power-of-the-Force-Figura-1.jpg\",\"datePublished\":\"2021-11-07T21:37:04+00:00\",\"dateModified\":\"2022-01-03T21:32:34+00:00\",\"breadcrumb\":{\"@id\":\"https:\/\/endormoonstore.com\/star-wars-the-black-series-princess-leia-organa-yavin-4-the-power-of-the-force-50th-lucasfilm\/#breadcrumb\"},\"inLanguage\":\"en-US\",\"potentialAction\":[{\"@type\":\"ReadAction\",\"target\":[\"https:\/\/endormoonstore.com\/star-wars-the-black-series-princess-leia-organa-yavin-4-the-power-of-the-force-50th-lucasfilm\/\"]}]},{\"@type\":\"ImageObject\",\"inLanguage\":\"en-US\",\"@id\":\"https:\/\/endormoonstore.com\/star-wars-the-black-series-princess-leia-organa-yavin-4-the-power-of-the-force-50th-lucasfilm\/#primaryimage\",\"url\":\"https:\/\/endormoonstore.com\/wp-content\/uploads\/2021\/11\/Star-Wars-The-Black-Series-Princess-Leia-Organa-Yavin-4-Lucasfilm-50th-Anniversary-The-Power-of-the-Force-Figura-1.jpg\",\"contentUrl\":\"https:\/\/endormoonstore.com\/wp-content\/uploads\/2021\/11\/Star-Wars-The-Black-Series-Princess-Leia-Organa-Yavin-4-Lucasfilm-50th-Anniversary-The-Power-of-the-Force-Figura-1.jpg\",\"width\":1000,\"height\":1000},{\"@type\":\"BreadcrumbList\",\"@id\":\"https:\/\/endormoonstore.com\/star-wars-the-black-series-princess-leia-organa-yavin-4-the-power-of-the-force-50th-lucasfilm\/#breadcrumb\",\"itemListElement\":[{\"@type\":\"ListItem\",\"position\":1,\"name\":\"Shop\",\"item\":\"https:\/\/endormoonstore.com\/en\/shop\/\"},{\"@type\":\"ListItem\",\"position\":2,\"name\":\"Star Wars The Black Series Princess Leia Organa (Yavin 4) The Power Of The Force 50th LucasFilm\"}]},{\"@type\":\"WebSite\",\"@id\":\"https:\/\/endormoonstore.com\/#website\",\"url\":\"https:\/\/endormoonstore.com\/\",\"name\":\"EndormoonStore\",\"description\":\"\",\"potentialAction\":[{\"@type\":\"SearchAction\",\"target\":{\"@type\":\"EntryPoint\",\"urlTemplate\":\"https:\/\/endormoonstore.com\/?s={search_term_string}\"},\"query-input\":{\"@type\":\"PropertyValueSpecification\",\"valueRequired\":true,\"valueName\":\"search_term_string\"}}],\"inLanguage\":\"en-US\"}]}<\/script>\n<!-- \/ Yoast SEO plugin. -->","yoast_head_json":{"title":"Star Wars The Black Series Princess Leia Organa (Yavin 4) The Power Of The Force 50th LucasFilm - EndormoonStore","robots":{"index":"index","follow":"follow","max-snippet":"max-snippet:-1","max-image-preview":"max-image-preview:large","max-video-preview":"max-video-preview:-1"},"canonical":"https:\/\/endormoonstore.com\/star-wars-the-black-series-princess-leia-organa-yavin-4-the-power-of-the-force-50th-lucasfilm\/","og_locale":"en_US","og_type":"article","og_title":"Star Wars The Black Series Princess Leia Organa (Yavin 4) The Power Of The Force 50th LucasFilm - EndormoonStore","og_description":"Star Wars The Black Series Princess Leia Organa (Yavin 4) The Power Of The Force 50th LucasFilm Figure 15 cm  Hasbro presenta dentro de su colecci\u00f3n Black Series The Power of The Force, y celebrando el 50 aniversario de Lucasfilm, la figura de Princess Leia Organa (Yavin 4), basada en el universo Star Wars.","og_url":"https:\/\/endormoonstore.com\/star-wars-the-black-series-princess-leia-organa-yavin-4-the-power-of-the-force-50th-lucasfilm\/","og_site_name":"EndormoonStore","article_modified_time":"2022-01-03T21:32:34+00:00","og_image":[{"width":1000,"height":1000,"url":"https:\/\/endormoonstore.com\/wp-content\/uploads\/2021\/11\/Star-Wars-The-Black-Series-Princess-Leia-Organa-Yavin-4-Lucasfilm-50th-Anniversary-The-Power-of-the-Force-Figura-1.jpg","type":"image\/jpeg"}],"twitter_card":"summary_large_image","twitter_misc":{"Est. reading time":"1 minute"},"schema":{"@context":"https:\/\/schema.org","@graph":[{"@type":"WebPage","@id":"https:\/\/endormoonstore.com\/star-wars-the-black-series-princess-leia-organa-yavin-4-the-power-of-the-force-50th-lucasfilm\/","url":"https:\/\/endormoonstore.com\/star-wars-the-black-series-princess-leia-organa-yavin-4-the-power-of-the-force-50th-lucasfilm\/","name":"Star Wars The Black Series Princess Leia Organa (Yavin 4) The Power Of The Force 50th LucasFilm - EndormoonStore","isPartOf":{"@id":"https:\/\/endormoonstore.com\/#website"},"primaryImageOfPage":{"@id":"https:\/\/endormoonstore.com\/star-wars-the-black-series-princess-leia-organa-yavin-4-the-power-of-the-force-50th-lucasfilm\/#primaryimage"},"image":{"@id":"https:\/\/endormoonstore.com\/star-wars-the-black-series-princess-leia-organa-yavin-4-the-power-of-the-force-50th-lucasfilm\/#primaryimage"},"thumbnailUrl":"https:\/\/endormoonstore.com\/wp-content\/uploads\/2021\/11\/Star-Wars-The-Black-Series-Princess-Leia-Organa-Yavin-4-Lucasfilm-50th-Anniversary-The-Power-of-the-Force-Figura-1.jpg","datePublished":"2021-11-07T21:37:04+00:00","dateModified":"2022-01-03T21:32:34+00:00","breadcrumb":{"@id":"https:\/\/endormoonstore.com\/star-wars-the-black-series-princess-leia-organa-yavin-4-the-power-of-the-force-50th-lucasfilm\/#breadcrumb"},"inLanguage":"en-US","potentialAction":[{"@type":"ReadAction","target":["https:\/\/endormoonstore.com\/star-wars-the-black-series-princess-leia-organa-yavin-4-the-power-of-the-force-50th-lucasfilm\/"]}]},{"@type":"ImageObject","inLanguage":"en-US","@id":"https:\/\/endormoonstore.com\/star-wars-the-black-series-princess-leia-organa-yavin-4-the-power-of-the-force-50th-lucasfilm\/#primaryimage","url":"https:\/\/endormoonstore.com\/wp-content\/uploads\/2021\/11\/Star-Wars-The-Black-Series-Princess-Leia-Organa-Yavin-4-Lucasfilm-50th-Anniversary-The-Power-of-the-Force-Figura-1.jpg","contentUrl":"https:\/\/endormoonstore.com\/wp-content\/uploads\/2021\/11\/Star-Wars-The-Black-Series-Princess-Leia-Organa-Yavin-4-Lucasfilm-50th-Anniversary-The-Power-of-the-Force-Figura-1.jpg","width":1000,"height":1000},{"@type":"BreadcrumbList","@id":"https:\/\/endormoonstore.com\/star-wars-the-black-series-princess-leia-organa-yavin-4-the-power-of-the-force-50th-lucasfilm\/#breadcrumb","itemListElement":[{"@type":"ListItem","position":1,"name":"Shop","item":"https:\/\/endormoonstore.com\/en\/shop\/"},{"@type":"ListItem","position":2,"name":"Star Wars The Black Series Princess Leia Organa (Yavin 4) The Power Of The Force 50th LucasFilm"}]},{"@type":"WebSite","@id":"https:\/\/endormoonstore.com\/#website","url":"https:\/\/endormoonstore.com\/","name":"EndormoonStore","description":"","potentialAction":[{"@type":"SearchAction","target":{"@type":"EntryPoint","urlTemplate":"https:\/\/endormoonstore.com\/?s={search_term_string}"},"query-input":{"@type":"PropertyValueSpecification","valueRequired":true,"valueName":"search_term_string"}}],"inLanguage":"en-US"}]}},"taxonomy_info":{"product_cat":[{"value":1390,"label":"Figures"}],"pa_brand":[{"value":2084,"label":"Hasbro"}],"pa_character":[{"value":3404,"label":"Leia Organa"}],"pa_episode":[{"value":2405,"label":"Star Wars: A New Hope"}],"pa_license":[{"value":1644,"label":"Star Wars"}],"pa_product-type":[{"value":2387,"label":"Figure"}],"pa_theme":[{"value":4682,"label":"The Black Series 50Th LucasFilm"}]},"featured_image_src_large":["https:\/\/endormoonstore.com\/wp-content\/uploads\/2021\/11\/Star-Wars-The-Black-Series-Princess-Leia-Organa-Yavin-4-Lucasfilm-50th-Anniversary-The-Power-of-the-Force-Figura-1.jpg",1000,1000,false],"author_info":[],"comment_info":"","_links":{"self":[{"href":"https:\/\/endormoonstore.com\/en\/wp-json\/wp\/v2\/product\/118336","targetHints":{"allow":["GET"]}}],"collection":[{"href":"https:\/\/endormoonstore.com\/en\/wp-json\/wp\/v2\/product"}],"about":[{"href":"https:\/\/endormoonstore.com\/en\/wp-json\/wp\/v2\/types\/product"}],"wp:featuredmedia":[{"embeddable":true,"href":"https:\/\/endormoonstore.com\/en\/wp-json\/wp\/v2\/media\/118321"}],"wp:attachment":[{"href":"https:\/\/endormoonstore.com\/en\/wp-json\/wp\/v2\/media?parent=118336"}],"wp:term":[{"taxonomy":"product_cat","embeddable":true,"href":"https:\/\/endormoonstore.com\/en\/wp-json\/wp\/v2\/product_cat?post=118336"},{"taxonomy":"product_tag","embeddable":true,"href":"https:\/\/endormoonstore.com\/en\/wp-json\/wp\/v2\/product_tag?post=118336"}],"curies":[{"name":"wp","href":"https:\/\/api.w.org\/{rel}","templated":true}]}}